{"id":104,"date":"2015-06-24T15:56:03","date_gmt":"2015-06-24T15:56:03","guid":{"rendered":"http:\/\/blog.espol.edu.ec\/rabasco\/?page_id=104"},"modified":"2015-06-24T15:56:40","modified_gmt":"2015-06-24T15:56:40","slug":"nueva-build-de-windows-10-para-moviles-esta-casi-lista","status":"publish","type":"page","link":"https:\/\/blog.espol.edu.ec\/rabasco\/nueva-build-de-windows-10-para-moviles-esta-casi-lista\/","title":{"rendered":"Windows 10"},"content":{"rendered":"<div class=\"embed-container\"><iframe loading=\"lazy\" width=\"750\" height=\"422\" src=\"https:\/\/www.youtube.com\/embed\/bEzcQ1pZZ0g?feature=oembed\" frameborder=\"0\" allow=\"autoplay; encrypted-media\" allowfullscreen><\/iframe><\/div>\n<p>Te encantar\u00e1 esta noticia. Microsoft ha liberado\u00a0<strong>nueva informaci\u00f3n sobre la pr\u00f3xima actualizaci\u00f3n de Windows 10 para\u00a0<\/strong><b>m\u00f3viles<\/b>\u00a0<strong>y la lista de tel\u00e9fonos que supuestamente ser\u00e1n soportados<\/strong>, lista extensa y que alegrar\u00e1 a muchos lectores.<\/p>\n<p><a href=\"http:\/\/blogs.windows.com\/bloggingwindows\/2015\/03\/27\/a-quick-update-on-windows-10-builds-for-phones-for-windows-insiders\/\" target=\"_blank\">A trav\u00e9s de su blog<\/a>, Microsoft ha colocado varios cambios que vendr\u00e1n con el sistema operativo en beta y que estar\u00e1 orientado mas que todo a la soluci\u00f3n de errores y a <a title=\"Nuevas imagenes filtradas de una pr\u00f3xima Build de Windows 10 para m\u00f3viles\" href=\"http:\/\/windowsphoneapps.es\/2015\/03\/nuevas-imagenes-filtradas-de-una-proxima-buiild-de-windows-10-para-moviles\/\" target=\"_blank\">cambios de la interfaz gr\u00e1fica<\/a>. En un breve resumen, te listamos a continuaci\u00f3n cuales son esos cambios:<!--more--><\/p>\n<ul>\n<li>El <em>Partition Stitching<\/em> finalmente ha sido solucionado y ha pasado todas las pruebas pertinentes para su inclusi\u00f3n en la compilaci\u00f3n principal.<\/li>\n<li>Se ha probado esta ultima build una semana completa en dispositivos que previamente no han sido soportados en el primer <em>release<\/em>.<\/li>\n<li>Muchos tel\u00e9fonos ser\u00e1n soportado (Muchos es MUCHOS) y podemos decir que ya estamos listos para que funcionen en nuestra pr\u00f3xima liberaci\u00f3n.<\/li>\n<li>Hemos dado soporte tambi\u00e9n a tel\u00e9fonos de China Mobile que previamente no lo ten\u00edan.<\/li>\n<li>Aun se est\u00e1 haciendo el test en tel\u00e9fonos individuales, as\u00ed como se est\u00e1n probando internamente. No se sabe una fecha en lo que liberaremos la build, pero si podemos decir que necesitamos una semana mas de desarrollo.<\/li>\n<\/ul>\n<p>Sobre la lista de tel\u00e9fonos que podr\u00edan recibir la pr\u00f3xima build de Windows 10 para m\u00f3viles, Microsoft\u00a0tiene como condici\u00f3n que:<\/p>\n<ul>\n<li>Si durante el testeo se encuentra un bug, el tel\u00e9fono ser\u00e1 sacado de la lista.<\/li>\n<li>Si no aparece un tel\u00e9fono en esta lista, es porque hemos encontrado que la build <strong>a\u00fan\u00a0<\/strong>no esta lista para dichos tel\u00e9fonos. No os preocup\u00e9is, puede ser arreglado en la pr\u00f3xima compilaci\u00f3n.<\/li>\n<\/ul>\n<p>Finalmente, esta podr\u00eda ser la<strong> lista completa de tel\u00e9fonos<\/strong> que se esperan reciban la actualizaci\u00f3n:<\/p>\n<ul>\n<li><strong><em>Lumia 1020<\/em><\/strong><\/li>\n<li><strong><em>Lumia 1320<\/em><\/strong><\/li>\n<li><strong><em>Lumia 1520<\/em><\/strong><\/li>\n<li><strong><em>Lumia 520<\/em><\/strong><\/li>\n<li><strong><em>Lumia 525<\/em><\/strong><\/li>\n<li><strong><em>Lumia 526<\/em><\/strong><\/li>\n<li><strong><em>Lumia 530<\/em><\/strong><\/li>\n<li><strong><em>Lumia 530 Dual Sim<\/em><\/strong><\/li>\n<li><strong><em>Lumia 535<\/em><\/strong><\/li>\n<li><strong><em>Lumia 620<\/em><\/strong><\/li>\n<li><strong><em>Lumia 625<\/em><\/strong><\/li>\n<li><strong><em>Lumia 630<\/em><\/strong><\/li>\n<li><strong><em>Lumia 630 Dual Sim<\/em><\/strong><\/li>\n<li><strong><em>Lumia 635<\/em><\/strong><\/li>\n<li><strong><em>Lumia 636<\/em><\/strong><\/li>\n<li><strong><em>Lumia 638<\/em><\/strong><\/li>\n<li><strong><em>Lumia 720<\/em><\/strong><\/li>\n<li><strong><em>Lumia 730<\/em><\/strong><\/li>\n<li><strong><em>Lumia 730 Dual SIM<\/em><\/strong><\/li>\n<li><strong><em>Lumia 735<\/em><\/strong><\/li>\n<li><strong><em>Lumia 810<\/em><\/strong><\/li>\n<li><strong><em>Lumia 820<\/em><\/strong><\/li>\n<li><strong><em>Lumia 822<\/em><\/strong><\/li>\n<li><strong><em>Lumia 830<\/em><\/strong><\/li>\n<li><strong><em>Lumia 920<\/em><\/strong><\/li>\n<li><strong><em>Lumia 925<\/em><\/strong><\/li>\n<li><strong><em>Lumia 928<\/em><\/strong><\/li>\n<li><strong><em>Lumia ICON<\/em><\/strong><\/li>\n<li><strong><em>Microsoft Lumia 430<\/em><\/strong><\/li>\n<li><strong><em>Microsoft Lumia 435<\/em><\/strong><\/li>\n<li><strong><em>Microsoft Lumia 435 Dual SIM<\/em><\/strong><\/li>\n<li><strong><em>Microsoft Lumia 435 Dual SIM DTV<\/em><\/strong><\/li>\n<li><strong><em>Microsoft Lumia 532<\/em><\/strong><\/li>\n<li><strong><em>Microsoft Lumia 532 Dual SIM<\/em><\/strong><\/li>\n<li><strong><em>Microsoft Lumia 640 Dual SIM<\/em><\/strong><\/li>\n<li><strong><em>Microsoft Lumia 535 Dual SIM<\/em><\/strong><\/li>\n<\/ul>\n<p>Como decimos nuevamente, no es 100% final, pero esperemos que sea as\u00ed y los usuarios que tengamos un tel\u00e9fono de la lista lo puedan disfrutar apenas Microsoft lo tenga listo.<\/p>\n<p>Se espera que las pr\u00f3ximas liberaciones se hagan con la misma frecuencia que se comenz\u00f3 a hacer como en la versi\u00f3n PC. \u00bfEmocionado? \u00bfQuieres instalarlo? \u00a1Cu\u00e9ntanos!<\/p>\n<form id=\"vozme_form_c76263be0ad41cb93db3bcfb54845b10\" method=\"post\" name=\"vozme_form_c76263be0ad41cb93db3bcfb54845b10\" target=\"c76263be0ad41cb93db3bcfb54845b10\" action=\"http:\/\/vozme.com\/text2voice.php\"><input name=\"text\" type=\"hidden\" value=\"Windows 10. \nTe encantar\u00e1 esta noticia. Microsoft ha liberado\u00a0nueva informaci\u00f3n sobre la pr\u00f3xima actualizaci\u00f3n de Windows 10 para\u00a0m\u00f3viles\u00a0y la lista de tel\u00e9fonos que supuestamente ser\u00e1n soportados, lista extensa y que alegrar\u00e1 a muchos lectores.\nA trav\u00e9s de su blog, Microsoft ha colocado varios cambios que vendr\u00e1n con el sistema operativo en beta y que estar\u00e1 orientado mas que todo a la soluci\u00f3n de errores y a cambios de la interfaz gr\u00e1fica. En un breve resumen, te listamos a continuaci\u00f3n cuales son esos cambios:\n\nEl Partition Stitching finalmente ha sido solucionado y ha pasado todas las pruebas pertinentes para su inclusi\u00f3n en la compilaci\u00f3n principal.\nSe ha probado esta ultima build una semana completa en dispositivos que previamente no han sido soportados en el primer release.\nMuchos tel\u00e9fonos ser\u00e1n soportado (Muchos es MUCHOS) y podemos decir que ya estamos listos para que funcionen en nuestra pr\u00f3xima liberaci\u00f3n.\nHemos dado soporte tambi\u00e9n a tel\u00e9fonos de China Mobile que previamente no lo ten\u00edan.\nAun se est\u00e1 haciendo el test en tel\u00e9fonos individuales, as\u00ed como se est\u00e1n probando internamente. No se sabe una fecha en lo que liberaremos la build, pero si podemos decir que necesitamos una semana mas de desarrollo.\n\nSobre la lista de tel\u00e9fonos que podr\u00edan recibir la pr\u00f3xima build de Windows 10 para m\u00f3viles, Microsoft\u00a0tiene como condici\u00f3n que:\n\nSi durante el testeo se encuentra un bug, el tel\u00e9fono ser\u00e1 sacado de la lista.\nSi no aparece un tel\u00e9fono en esta lista, es porque hemos encontrado que la build a\u00fan\u00a0no esta lista para dichos tel\u00e9fonos. No os preocup\u00e9is, puede ser arreglado en la pr\u00f3xima compilaci\u00f3n.\n\nFinalmente, esta podr\u00eda ser la lista completa de tel\u00e9fonos que se esperan reciban la actualizaci\u00f3n:\n\nLumia 1020\nLumia 1320\nLumia 1520\nLumia 520\nLumia 525\nLumia 526\nLumia 530\nLumia 530 Dual Sim\nLumia 535\nLumia 620\nLumia 625\nLumia 630\nLumia 630 Dual Sim\nLumia 635\nLumia 636\nLumia 638\nLumia 720\nLumia 730\nLumia 730 Dual SIM\nLumia 735\nLumia 810\nLumia 820\nLumia 822\nLumia 830\nLumia 920\nLumia 925\nLumia 928\nLumia ICON\nMicrosoft Lumia 430\nMicrosoft Lumia 435\nMicrosoft Lumia 435 Dual SIM\nMicrosoft Lumia 435 Dual SIM DTV\nMicrosoft Lumia 532\nMicrosoft Lumia 532 Dual SIM\nMicrosoft Lumia 640 Dual SIM\nMicrosoft Lumia 535 Dual SIM\n\nComo decimos nuevamente, no es 100% final, pero esperemos que sea as\u00ed y los usuarios que tengamos un tel\u00e9fono de la lista lo puedan disfrutar apenas Microsoft lo tenga listo.\nSe espera que las pr\u00f3ximas liberaciones se hagan con la misma frecuencia que se comenz\u00f3 a hacer como en la versi\u00f3n PC. \u00bfEmocionado? \u00bfQuieres instalarlo? \u00a1Cu\u00e9ntanos!\n\" \/><input name=\"lang\" type=\"hidden\" value=\"en\" \/><input name=\"gn\" type=\"hidden\" value=\"ml\" \/><input type=\"hidden\" id=\"interface\" name=\"interface\" value=\"full\" \/>\n\t\t\t<div style=\"margin-left:40%;\">\n\t\t\t\n\t\t\t\t<input style=\"float:left;\" type=\"image\" width=\"40\" height=\"40\" src=\"http:\/\/blog.espol.edu.ec\/rabasco\/wp-content\/plugins\/vozme\/img\/megaphone40x40w.gif\" alt=\"Hear this post\" onclick=\"window.open('', 'c76263be0ad41cb93db3bcfb54845b10', 'width=600,height=370,scrollbars=yes,location=yes,menubar=yes,resizable=yes,status=yes,toolbar=yes');\">\n\t\t\t\t<div style=\"margin-left:48px; text-align:left;\"><a style=\"font-size:12px;\" href=\"javascript:void(0);\" onclick=\"window.open('', 'c76263be0ad41cb93db3bcfb54845b10', 'width=600,height=370,scrollbars=yes,location=yes,menubar=yes,resizable=yes,status=yes,toolbar=yes'); document.getElementById('vozme_form_c76263be0ad41cb93db3bcfb54845b10').submit();\">Hear<br\/>this post<\/a><\/div>\n\t\t\t<\/div><\/form>","protected":false},"excerpt":{"rendered":"<p>Te encantar\u00e1 esta noticia. Microsoft ha liberado\u00a0nueva informaci\u00f3n sobre la pr\u00f3xima actualizaci\u00f3n de Windows 10 para\u00a0m\u00f3viles\u00a0y la lista de tel\u00e9fonos que supuestamente ser\u00e1n soportados, lista extensa y que alegrar\u00e1 a muchos lectores. A trav\u00e9s de su blog, Microsoft ha colocado varios cambios que vendr\u00e1n con el sistema operativo en beta y que estar\u00e1 orientado mas &hellip; <\/p>\n<p><a class=\"more-link btn\" href=\"https:\/\/blog.espol.edu.ec\/rabasco\/nueva-build-de-windows-10-para-moviles-esta-casi-lista\/\">Seguir leyendo<\/a><\/p>\n","protected":false},"author":9687,"featured_media":0,"parent":0,"menu_order":0,"comment_status":"open","ping_status":"open","template":"","meta":{"footnotes":""},"class_list":["post-104","page","type-page","status-publish","hentry","nodate","item-wrap"],"_links":{"self":[{"href":"https:\/\/blog.espol.edu.ec\/rabasco\/wp-json\/wp\/v2\/pages\/104","targetHints":{"allow":["GET"]}}],"collection":[{"href":"https:\/\/blog.espol.edu.ec\/rabasco\/wp-json\/wp\/v2\/pages"}],"about":[{"href":"https:\/\/blog.espol.edu.ec\/rabasco\/wp-json\/wp\/v2\/types\/page"}],"author":[{"embeddable":true,"href":"https:\/\/blog.espol.edu.ec\/rabasco\/wp-json\/wp\/v2\/users\/9687"}],"replies":[{"embeddable":true,"href":"https:\/\/blog.espol.edu.ec\/rabasco\/wp-json\/wp\/v2\/comments?post=104"}],"version-history":[{"count":2,"href":"https:\/\/blog.espol.edu.ec\/rabasco\/wp-json\/wp\/v2\/pages\/104\/revisions"}],"predecessor-version":[{"id":108,"href":"https:\/\/blog.espol.edu.ec\/rabasco\/wp-json\/wp\/v2\/pages\/104\/revisions\/108"}],"wp:attachment":[{"href":"https:\/\/blog.espol.edu.ec\/rabasco\/wp-json\/wp\/v2\/media?parent=104"}],"curies":[{"name":"wp","href":"https:\/\/api.w.org\/{rel}","templated":true}]}}