{"id":23,"date":"2011-01-23T03:17:14","date_gmt":"2011-01-23T03:17:14","guid":{"rendered":"http:\/\/blog.espol.edu.ec\/raicecream\/?page_id=23"},"modified":"2011-01-23T03:17:14","modified_gmt":"2011-01-23T03:17:14","slug":"objetivos","status":"publish","type":"page","link":"https:\/\/blog.espol.edu.ec\/raicecream\/objetivos\/","title":{"rendered":"Objetivos"},"content":{"rendered":"<p><strong>Objetivo\u00a0 General:<\/strong><\/p>\n<p>Crear nuestra microempresa, productora de crema aclarante a base del destilado de arroz\u00a0 para as\u00ed ayudar a la poblaci\u00f3n con sus problemas de piel.<\/p>\n<p><strong>Objetivos Espec\u00edficos:<\/strong><\/p>\n<p>v\u00a0 Investigar acerca del factor que influya nuestro proyecto<\/p>\n<p>v\u00a0 Analizar el nivel de conocimiento al respecto<\/p>\n<p>v\u00a0 Hacer charlas sobre el producto<\/p>\n<p>v\u00a0 Dise\u00f1ar una imagen al producto para convencer m\u00e1s a los clientes<\/p>\n<p>v\u00a0 Evaluar el costo de la producci\u00f3n de la crema<\/p>\n<p>v\u00a0 Capacitarnos como vendedores<\/p>\n","protected":false},"excerpt":{"rendered":"<p>Objetivo\u00a0 General: Crear nuestra microempresa, productora de crema aclarante a base del destilado de arroz\u00a0 para as\u00ed ayudar a la poblaci\u00f3n con sus problemas de piel. Objetivos Espec\u00edficos: v\u00a0 Investigar acerca del factor que influya nuestro proyecto v\u00a0 Analizar el nivel de conocimiento al respecto v\u00a0 Hacer charlas sobre el producto v\u00a0 Dise\u00f1ar una imagen [&hellip;]<\/p>\n","protected":false},"author":5179,"featured_media":0,"parent":0,"menu_order":0,"comment_status":"open","ping_status":"open","template":"","meta":{"footnotes":""},"class_list":["post-23","page","type-page","status-publish","hentry"],"_links":{"self":[{"href":"https:\/\/blog.espol.edu.ec\/raicecream\/wp-json\/wp\/v2\/pages\/23","targetHints":{"allow":["GET"]}}],"collection":[{"href":"https:\/\/blog.espol.edu.ec\/raicecream\/wp-json\/wp\/v2\/pages"}],"about":[{"href":"https:\/\/blog.espol.edu.ec\/raicecream\/wp-json\/wp\/v2\/types\/page"}],"author":[{"embeddable":true,"href":"https:\/\/blog.espol.edu.ec\/raicecream\/wp-json\/wp\/v2\/users\/5179"}],"replies":[{"embeddable":true,"href":"https:\/\/blog.espol.edu.ec\/raicecream\/wp-json\/wp\/v2\/comments?post=23"}],"version-history":[{"count":1,"href":"https:\/\/blog.espol.edu.ec\/raicecream\/wp-json\/wp\/v2\/pages\/23\/revisions"}],"predecessor-version":[{"id":24,"href":"https:\/\/blog.espol.edu.ec\/raicecream\/wp-json\/wp\/v2\/pages\/23\/revisions\/24"}],"wp:attachment":[{"href":"https:\/\/blog.espol.edu.ec\/raicecream\/wp-json\/wp\/v2\/media?parent=23"}],"curies":[{"name":"wp","href":"https:\/\/api.w.org\/{rel}","templated":true}]}}