{"id":25,"date":"2011-01-23T03:30:44","date_gmt":"2011-01-23T03:30:44","guid":{"rendered":"http:\/\/blog.espol.edu.ec\/raicecream\/?page_id=25"},"modified":"2011-01-23T03:30:44","modified_gmt":"2011-01-23T03:30:44","slug":"beneficios-del-arroz","status":"publish","type":"page","link":"https:\/\/blog.espol.edu.ec\/raicecream\/beneficios-del-arroz\/","title":{"rendered":"Beneficios del arroz"},"content":{"rendered":"<p>El arroz adem\u00e1s de ser una de las principales fuentes de energ\u00eda alimentar\u00eda, constituye una medicina natural bastante utilizada, sobre todo como remedio popular.<\/p>\n<p><strong><span style=\"text-decoration: underline\">Agua de Arroz?<\/span><\/strong><\/p>\n<p>El arroz sobre todo el integral es rico en fibras lo que facilita el transito intestinal. El agua de arroz ayuda a rehidratar a las personas cuando est\u00e1n con diarrea.<\/p>\n<p>Para las am\u00edgdalas inflamadas se hacen gargarismos con agua de arroz ala que se le agrega una cucharada de vinagre por cada vaso.<\/p>\n<p>En caso de manchas en la piel, granos y piel delicada se hace el siguiente preparado 60 gramos de polvo de arroz, una clara de huevo y una botella de aguardiente de cana. se revuelven bien los ingredientes se dejan reposar durante 24 horas y se unta sobre la piel en las noches, por la ma\u00f1ana siguiente se lava bien la cara.<\/p>\n<p style=\"text-align: center\"><a href=\"http:\/\/blog.espol.edu.ec\/raicecream\/files\/2011\/01\/arroz.jpg\"><img loading=\"lazy\" decoding=\"async\" class=\"size-thumbnail wp-image-26 aligncenter\" src=\"http:\/\/blog.espol.edu.ec\/raicecream\/files\/2011\/01\/arroz-150x150.jpg\" alt=\"\" width=\"617\" height=\"617\" \/><\/a><\/p>\n","protected":false},"excerpt":{"rendered":"<p>El arroz adem\u00e1s de ser una de las principales fuentes de energ\u00eda alimentar\u00eda, constituye una medicina natural bastante utilizada, sobre todo como remedio popular. Agua de Arroz? El arroz sobre todo el integral es rico en fibras lo que facilita el transito intestinal. El agua de arroz ayuda a rehidratar a las personas cuando est\u00e1n [&hellip;]<\/p>\n","protected":false},"author":5179,"featured_media":0,"parent":0,"menu_order":0,"comment_status":"open","ping_status":"open","template":"","meta":{"footnotes":""},"class_list":["post-25","page","type-page","status-publish","hentry"],"_links":{"self":[{"href":"https:\/\/blog.espol.edu.ec\/raicecream\/wp-json\/wp\/v2\/pages\/25","targetHints":{"allow":["GET"]}}],"collection":[{"href":"https:\/\/blog.espol.edu.ec\/raicecream\/wp-json\/wp\/v2\/pages"}],"about":[{"href":"https:\/\/blog.espol.edu.ec\/raicecream\/wp-json\/wp\/v2\/types\/page"}],"author":[{"embeddable":true,"href":"https:\/\/blog.espol.edu.ec\/raicecream\/wp-json\/wp\/v2\/users\/5179"}],"replies":[{"embeddable":true,"href":"https:\/\/blog.espol.edu.ec\/raicecream\/wp-json\/wp\/v2\/comments?post=25"}],"version-history":[{"count":1,"href":"https:\/\/blog.espol.edu.ec\/raicecream\/wp-json\/wp\/v2\/pages\/25\/revisions"}],"predecessor-version":[{"id":27,"href":"https:\/\/blog.espol.edu.ec\/raicecream\/wp-json\/wp\/v2\/pages\/25\/revisions\/27"}],"wp:attachment":[{"href":"https:\/\/blog.espol.edu.ec\/raicecream\/wp-json\/wp\/v2\/media?parent=25"}],"curies":[{"name":"wp","href":"https:\/\/api.w.org\/{rel}","templated":true}]}}