{"id":29,"date":"2011-01-23T03:32:10","date_gmt":"2011-01-23T03:32:10","guid":{"rendered":"http:\/\/blog.espol.edu.ec\/raicecream\/?page_id=29"},"modified":"2011-01-23T03:32:10","modified_gmt":"2011-01-23T03:32:10","slug":"procedimiento","status":"publish","type":"page","link":"https:\/\/blog.espol.edu.ec\/raicecream\/procedimiento\/","title":{"rendered":"Procedimiento"},"content":{"rendered":"<ul>\n<li>En un vaso precipitado se pone a hervir 100 ml de agua a 100 grados cent\u00edgrados.<\/li>\n<li>En otro vaso precipitado se pone el dehycuart, la cera, el alcohol Cet\u00edlico.<\/li>\n<li>Cuando ya est\u00e9 el agua hirviendo a 100 grados cent\u00edgrados, le agregamos medio pu\u00f1ado del almid\u00f3n de arroz\u00a0 lo dejamos 10 min.<\/li>\n<li>Mientras ponemos a hervir el otro vaso precipitado con los ingredientes hasta que se haga l\u00edquido, eso es en cuesti\u00f3n de minutos.<\/li>\n<li>Cernimos el agua con arroz, y esa agua la mezclamos con el liquido obtenido del otro recipiente, ponemos a hervir unos 5 min y lo sacamos del fuego y lo dejamos enfriar.<\/li>\n<li>Cuando este frio le colocamos una gotita de olorizante\u00a0 mezclamos y listo.<\/li>\n<\/ul>\n","protected":false},"excerpt":{"rendered":"<p>En un vaso precipitado se pone a hervir 100 ml de agua a 100 grados cent\u00edgrados. En otro vaso precipitado se pone el dehycuart, la cera, el alcohol Cet\u00edlico. Cuando ya est\u00e9 el agua hirviendo a 100 grados cent\u00edgrados, le agregamos medio pu\u00f1ado del almid\u00f3n de arroz\u00a0 lo dejamos 10 min. Mientras ponemos a hervir [&hellip;]<\/p>\n","protected":false},"author":5179,"featured_media":0,"parent":0,"menu_order":0,"comment_status":"open","ping_status":"open","template":"","meta":{"footnotes":""},"class_list":["post-29","page","type-page","status-publish","hentry"],"_links":{"self":[{"href":"https:\/\/blog.espol.edu.ec\/raicecream\/wp-json\/wp\/v2\/pages\/29","targetHints":{"allow":["GET"]}}],"collection":[{"href":"https:\/\/blog.espol.edu.ec\/raicecream\/wp-json\/wp\/v2\/pages"}],"about":[{"href":"https:\/\/blog.espol.edu.ec\/raicecream\/wp-json\/wp\/v2\/types\/page"}],"author":[{"embeddable":true,"href":"https:\/\/blog.espol.edu.ec\/raicecream\/wp-json\/wp\/v2\/users\/5179"}],"replies":[{"embeddable":true,"href":"https:\/\/blog.espol.edu.ec\/raicecream\/wp-json\/wp\/v2\/comments?post=29"}],"version-history":[{"count":1,"href":"https:\/\/blog.espol.edu.ec\/raicecream\/wp-json\/wp\/v2\/pages\/29\/revisions"}],"predecessor-version":[{"id":30,"href":"https:\/\/blog.espol.edu.ec\/raicecream\/wp-json\/wp\/v2\/pages\/29\/revisions\/30"}],"wp:attachment":[{"href":"https:\/\/blog.espol.edu.ec\/raicecream\/wp-json\/wp\/v2\/media?parent=29"}],"curies":[{"name":"wp","href":"https:\/\/api.w.org\/{rel}","templated":true}]}}