{"id":116,"date":"2009-08-09T16:06:53","date_gmt":"2009-08-09T20:06:53","guid":{"rendered":"http:\/\/blog.espol.edu.ec\/raisa\/?page_id=116"},"modified":"2009-08-10T15:48:36","modified_gmt":"2009-08-10T19:48:36","slug":"galapagos","status":"publish","type":"page","link":"https:\/\/blog.espol.edu.ec\/raisa\/galapagos\/","title":{"rendered":"Gal\u00e1pagos"},"content":{"rendered":"<p class=\"MsoNormal\" style=\"margin: 0cm 0cm 0pt\"><span style=\"font-size: 11pt;font-family: &quot;Kristen ITC&amp;quot\">Luego de haber elegido las siete maravillas del mundo moderno, obras creadas por el ser humano, la empresa suiza New Open World Corporation (NOWC), organizadora del evento inicial, est\u00e1 en busca de las siete maravillas que la naturaleza nos ha regalado, aquellas creadas por Dios.<\/span><\/p>\n<p class=\"MsoNormal\" style=\"margin: 0cm 0cm 0pt\"><span style=\"font-size: 11pt;font-family: &quot;Kristen ITC&amp;quot\">\u00a0<\/span><\/p>\n<p class=\"MsoNormal\" style=\"margin: 0cm 0cm 0pt\"><span style=\"font-size: 11pt;font-family: &quot;Kristen ITC&amp;quot\">De un total inicial de 454 nominados, en este momento son 28 los finalistas, de los\u00a0cuales un panel de expertos elegir\u00e1 a los 21 candidatos que competir\u00e1n para ser los ganadores.<\/span><\/p>\n<p class=\"MsoNormal\" style=\"margin: 0cm 0cm 0pt\"><span style=\"font-size: 11pt;font-family: &quot;Kristen ITC&amp;quot\">El cierre de la campa\u00f1a de votaci\u00f3n se realizar\u00e1 en el 2011, a\u00f1o en cual se har\u00e1 la <span style=\"color: #151515\">Declaraci\u00f3n Oficial<\/span><span style=\"color: #151515\"> de las 7 Maravillas Naturales del Mundo.<\/span><\/span><\/p>\n<p class=\"MsoNormal\" style=\"margin: 0cm 0cm 0pt\"><span style=\"font-size: 11pt;color: #151515;font-family: &quot;Kristen ITC&amp;quot\">\u00a0<\/span><\/p>\n<p class=\"MsoNormal\" style=\"margin: 0cm 0cm 0pt\"><span style=\"font-size: 11pt;color: #151515;font-family: &quot;Kristen ITC&amp;quot\">Adem\u00e1s de ser orgullosamente ecuatorianas, las Islas Gal\u00e1pagos poseen atributos magn\u00edficos y \u00fanicos para ser consideradas maravilla del mundo natural. <span>\u00a0<\/span>Son un conjunto de <\/span><span style=\"font-size: 11pt;font-family: &quot;Kristen ITC&amp;quot\">13 grandes islas volc\u00e1nicas. <\/span><span style=\"font-size: 11pt;color: #151515;font-family: &quot;Kristen ITC&amp;quot\">Entre las especies m\u00e1s importantes encontramos a la tortuga gigante o Gal\u00e1pago de la cual proviene el nombre de las Islas, la iguana terrestre y marina, la gaviota de lava, los piqueros de patas azules, entre otros. La UNESCO las declar\u00f3 Patrimonio de la Humanidad en 1978.<\/span><\/p>\n<p class=\"MsoNormal\" style=\"margin: 0cm 0cm 0pt\"><span style=\"font-size: 11pt;color: #151515;font-family: &quot;Kristen ITC&amp;quot\">La belleza de este archipi\u00e9lago es tal que son denominadas \u201cLas Islas Encantadas\u201d. Las fotos hablan por s\u00ed solas\u2026. <span>\u00a0<\/span>As\u00ed que ya saben chicos a votar!!!!!!!!<\/span><\/p>\n<p class=\"MsoNormal\" style=\"margin: 0cm 0cm 0pt\"><span style=\"font-size: 11pt;color: #151515;font-family: &quot;Kristen ITC&amp;quot\">\u00a0<\/span><\/p>\n<p class=\"MsoNormal\" style=\"margin: 0cm 0cm 0pt\">\u00a0<\/p>\n<p class=\"MsoNormal\" style=\"margin: 0cm 0cm 0pt\"><a title=\"Elige las nuevas siete maravillas naturales, Vota por Gal\u00e1pagos!\" href=\"http:\/\/new7wonders.com\" target=\"_blank\">http:\/\/new7wonders.com<\/a>\u00a0<\/p>\n<p class=\"MsoNormal\" style=\"margin: 0cm 0cm 0pt\">\u00a0<\/p>\n<p><object width=\"445\" height=\"364\" data=\"http:\/\/www.youtube.com\/v\/p5n2MWEz7Wk&amp;hl=es&amp;fs=1&amp;color1=0x234900&amp;color2=0x4e9e00&amp;border=1\" type=\"application\/x-shockwave-flash\"><param name=\"allowFullScreen\" value=\"true\" \/><param name=\"allowscriptaccess\" value=\"always\" \/><param name=\"src\" value=\"http:\/\/www.youtube.com\/v\/p5n2MWEz7Wk&amp;hl=es&amp;fs=1&amp;color1=0x234900&amp;color2=0x4e9e00&amp;border=1\" \/><param name=\"allowfullscreen\" value=\"true\" \/><\/object><\/p>\n","protected":false},"excerpt":{"rendered":"<p>Luego de haber elegido las siete maravillas del mundo moderno, obras creadas por el ser humano, la empresa suiza New Open World Corporation (NOWC), organizadora del evento inicial, est\u00e1 en busca de las siete maravillas que la naturaleza nos ha regalado, aquellas creadas por Dios. \u00a0 De un total inicial de 454 nominados, en este [&hellip;]<\/p>\n","protected":false},"author":1817,"featured_media":0,"parent":0,"menu_order":0,"comment_status":"open","ping_status":"open","template":"","meta":{"footnotes":""},"class_list":["post-116","page","type-page","status-publish","hentry"],"_links":{"self":[{"href":"https:\/\/blog.espol.edu.ec\/raisa\/wp-json\/wp\/v2\/pages\/116","targetHints":{"allow":["GET"]}}],"collection":[{"href":"https:\/\/blog.espol.edu.ec\/raisa\/wp-json\/wp\/v2\/pages"}],"about":[{"href":"https:\/\/blog.espol.edu.ec\/raisa\/wp-json\/wp\/v2\/types\/page"}],"author":[{"embeddable":true,"href":"https:\/\/blog.espol.edu.ec\/raisa\/wp-json\/wp\/v2\/users\/1817"}],"replies":[{"embeddable":true,"href":"https:\/\/blog.espol.edu.ec\/raisa\/wp-json\/wp\/v2\/comments?post=116"}],"version-history":[{"count":9,"href":"https:\/\/blog.espol.edu.ec\/raisa\/wp-json\/wp\/v2\/pages\/116\/revisions"}],"predecessor-version":[{"id":119,"href":"https:\/\/blog.espol.edu.ec\/raisa\/wp-json\/wp\/v2\/pages\/116\/revisions\/119"}],"wp:attachment":[{"href":"https:\/\/blog.espol.edu.ec\/raisa\/wp-json\/wp\/v2\/media?parent=116"}],"curies":[{"name":"wp","href":"https:\/\/api.w.org\/{rel}","templated":true}]}}