{"id":159,"date":"2009-08-29T14:11:26","date_gmt":"2009-08-29T18:11:26","guid":{"rendered":"http:\/\/blog.espol.edu.ec\/raisa\/?page_id=159"},"modified":"2009-08-29T14:11:26","modified_gmt":"2009-08-29T18:11:26","slug":"%c2%bfpor-que-escogi-este-tema","status":"publish","type":"page","link":"https:\/\/blog.espol.edu.ec\/raisa\/%c2%bfpor-que-escogi-este-tema\/","title":{"rendered":"\u00bfPor qu\u00e9 escog\u00ed este tema?"},"content":{"rendered":"<p><span style=\"font-size: 10pt;color: black;font-family: Verdana\">Viajar es una de las cosas que m\u00e1s me gusta hacer. En este mundo, y en especial en todo nuestro pa\u00eds, hay cientos de lugares maravillosos, los cuales son dignos de ser admirados y elogiados. Unos son creados por nosotros mismos, los seres humanos, y otros, seg\u00fan mi opini\u00f3n los m\u00e1s hermosos, son los creados por Dios, los que nos brinda la madre naturaleza. <\/span><\/p>\n<p><span style=\"font-size: 10pt;color: black;font-family: Verdana\">Podemos observar en todos estos grandes monumentos esfuerzo, trabajo, historia. Sin duda alguna, son sitios que impresionan por su magnificencia, por su arquitectura, por lo que representaron, o por lo q representan para toda una civilizaci\u00f3n. Es por eso, que alg\u00fan d\u00eda me gustar\u00eda poder viajar y conocer estos siete espectaculares lugares, no sin antes conocer primero aquellos que se encuentran en nuestro pa\u00eds, como las Islas Gal\u00e1pagos, denominadas a ser maravilla del mundo natural. <\/span><\/p>\n<p>\u00a0<\/p>\n<p style=\"text-align: center\"><span style=\"font-size: 10pt;color: black;font-family: Verdana\"><a href=\"http:\/\/blog.espol.edu.ec\/raisa\/files\/2009\/08\/galapagos.jpg\"><img loading=\"lazy\" decoding=\"async\" class=\"size-thumbnail wp-image-161 aligncenter\" src=\"http:\/\/blog.espol.edu.ec\/raisa\/files\/2009\/08\/galapagos-150x150.jpg\" alt=\"galapagos\" width=\"150\" height=\"150\" \/><\/a><\/span><\/p>\n","protected":false},"excerpt":{"rendered":"<p>Viajar es una de las cosas que m\u00e1s me gusta hacer. En este mundo, y en especial en todo nuestro pa\u00eds, hay cientos de lugares maravillosos, los cuales son dignos de ser admirados y elogiados. Unos son creados por nosotros mismos, los seres humanos, y otros, seg\u00fan mi opini\u00f3n los m\u00e1s hermosos, son los creados [&hellip;]<\/p>\n","protected":false},"author":1817,"featured_media":0,"parent":0,"menu_order":0,"comment_status":"open","ping_status":"open","template":"","meta":{"footnotes":""},"class_list":["post-159","page","type-page","status-publish","hentry"],"_links":{"self":[{"href":"https:\/\/blog.espol.edu.ec\/raisa\/wp-json\/wp\/v2\/pages\/159","targetHints":{"allow":["GET"]}}],"collection":[{"href":"https:\/\/blog.espol.edu.ec\/raisa\/wp-json\/wp\/v2\/pages"}],"about":[{"href":"https:\/\/blog.espol.edu.ec\/raisa\/wp-json\/wp\/v2\/types\/page"}],"author":[{"embeddable":true,"href":"https:\/\/blog.espol.edu.ec\/raisa\/wp-json\/wp\/v2\/users\/1817"}],"replies":[{"embeddable":true,"href":"https:\/\/blog.espol.edu.ec\/raisa\/wp-json\/wp\/v2\/comments?post=159"}],"version-history":[{"count":3,"href":"https:\/\/blog.espol.edu.ec\/raisa\/wp-json\/wp\/v2\/pages\/159\/revisions"}],"predecessor-version":[{"id":164,"href":"https:\/\/blog.espol.edu.ec\/raisa\/wp-json\/wp\/v2\/pages\/159\/revisions\/164"}],"wp:attachment":[{"href":"https:\/\/blog.espol.edu.ec\/raisa\/wp-json\/wp\/v2\/media?parent=159"}],"curies":[{"name":"wp","href":"https:\/\/api.w.org\/{rel}","templated":true}]}}