{"id":36,"date":"2009-06-10T17:24:43","date_gmt":"2009-06-10T21:24:43","guid":{"rendered":"http:\/\/blog.espol.edu.ec\/raisa\/?page_id=36"},"modified":"2009-08-10T15:42:02","modified_gmt":"2009-08-10T19:42:02","slug":"yopi","status":"publish","type":"page","link":"https:\/\/blog.espol.edu.ec\/raisa\/yopi\/","title":{"rendered":"Yopi..."},"content":{"rendered":"<p><span style=\"color: black;font-family: Verdana\"><span style=\"font-size: small\">Hola a todos!!!! Mi nombre es Raisa Vera, tengo 17 a\u00f1os (en pocos d\u00edas 18). Estudio en la Escuela Superior Polit\u00e9cnica del Litoral la carrera de Ingenier\u00eda en Auditor\u00eda y Contadur\u00eda P\u00fablica Autorizada, en el Instituto de Ciencias Matem\u00e1ticas.\u00a0Actualmente estoy cursando mi primer t\u00e9rmino. <\/span><\/span><\/p>\n<p><span style=\"color: black;font-family: Verdana\"><span style=\"font-size: small\">Mis estudios primarios los realic\u00e9 en distintos colegios: De 1997 a 1998 en el Colegio \"San Francisco de Asis\", y de 1999 al 2002 en el Instituo Particular \"Abd\u00f3n Calder\u00f3n\". Los siguientes seis a\u00f1os estudi\u00e9 en la Unidad Educativa \"Mar\u00eda Auxiliadora\", en la cual a pesar de todo, conoc\u00ed a personas maravillosas y aprend\u00ed much\u00edsimo. <\/span><\/span><\/p>\n<p><span style=\"font-size: small\"><span style=\"color: black;font-family: Verdana\">Vivo con mis padres Emilio y Cecilia\u00a0y con mis hermanos Kevin (16 a\u00f1os) y Melissa (13 a\u00f1os).\u00a0Gracias a Dios,\u00a0a lo largo de mi vida he encontrado a muchas personas\u00a0que me han\u00a0ense\u00f1ado que la amistad verdaderamente existe y con quienes he compartido mucho. Les agradezco mill\u00f3n por todo!!! Los quiero!!! \ud83d\ude42<\/span><\/span><\/p>\n<p><span style=\"font-size: small\"><span style=\"color: black;font-family: Verdana\">Entre las cosas que me gusta hacer est\u00e1 tomar fotos jajajaja, las improvisadas son mis favoritas. Tambi\u00e9n me gusta mucho escuchar m\u00fasica, escucho de todo: pop, rom\u00e1nticas, salsa, merengue, m\u00fasica disco, m\u00fasica en ingl\u00e9s y mucho m\u00e1s\u2026 Me encanta irme de viaje con mi familia porque siempre guardo recuerdos bonitos y tomo muchas fotos jijijiji. Sue\u00f1o con viajar a muchos lugares del mundo, tal vez alg\u00fan d\u00eda a las siete maravillas jijijijiji \ud83d\ude42<\/span><\/span><\/p>\n<p><span style=\"color: black;font-family: Verdana\"><span style=\"font-size: small\">Bueno, espero que les guste mucho mi blog y que conozcan un poquito m\u00e1s sobre estos siete maravillosos lugares que hay en el mundo. Chauu!!!!<\/span><\/span><\/p>\n","protected":false},"excerpt":{"rendered":"<p>Hola a todos!!!! Mi nombre es Raisa Vera, tengo 17 a\u00f1os (en pocos d\u00edas 18). Estudio en la Escuela Superior Polit\u00e9cnica del Litoral la carrera de Ingenier\u00eda en Auditor\u00eda y Contadur\u00eda P\u00fablica Autorizada, en el Instituto de Ciencias Matem\u00e1ticas.\u00a0Actualmente estoy cursando mi primer t\u00e9rmino. Mis estudios primarios los realic\u00e9 en distintos colegios: De 1997 a [&hellip;]<\/p>\n","protected":false},"author":1817,"featured_media":0,"parent":0,"menu_order":0,"comment_status":"open","ping_status":"open","template":"","meta":{"footnotes":""},"class_list":["post-36","page","type-page","status-publish","hentry"],"_links":{"self":[{"href":"https:\/\/blog.espol.edu.ec\/raisa\/wp-json\/wp\/v2\/pages\/36","targetHints":{"allow":["GET"]}}],"collection":[{"href":"https:\/\/blog.espol.edu.ec\/raisa\/wp-json\/wp\/v2\/pages"}],"about":[{"href":"https:\/\/blog.espol.edu.ec\/raisa\/wp-json\/wp\/v2\/types\/page"}],"author":[{"embeddable":true,"href":"https:\/\/blog.espol.edu.ec\/raisa\/wp-json\/wp\/v2\/users\/1817"}],"replies":[{"embeddable":true,"href":"https:\/\/blog.espol.edu.ec\/raisa\/wp-json\/wp\/v2\/comments?post=36"}],"version-history":[{"count":6,"href":"https:\/\/blog.espol.edu.ec\/raisa\/wp-json\/wp\/v2\/pages\/36\/revisions"}],"predecessor-version":[{"id":39,"href":"https:\/\/blog.espol.edu.ec\/raisa\/wp-json\/wp\/v2\/pages\/36\/revisions\/39"}],"wp:attachment":[{"href":"https:\/\/blog.espol.edu.ec\/raisa\/wp-json\/wp\/v2\/media?parent=36"}],"curies":[{"name":"wp","href":"https:\/\/api.w.org\/{rel}","templated":true}]}}