{"id":55,"date":"2015-05-26T16:04:27","date_gmt":"2015-05-26T16:04:27","guid":{"rendered":"http:\/\/blog.espol.edu.ec\/rargudo\/?page_id=55"},"modified":"2015-05-30T15:56:30","modified_gmt":"2015-05-30T15:56:30","slug":"poemas","status":"publish","type":"page","link":"https:\/\/blog.espol.edu.ec\/rargudo\/poemas\/","title":{"rendered":"POEMAS"},"content":{"rendered":"<p style=\"text-align: center\">* <em><strong>Dolores Veintimilla de Galindo-Quejas<\/strong><\/em><\/p>\n<div class=\"cuerpoPoema\">\n<p style=\"text-align: center\">\u00a1Y amarle pude! Al sol de la existencia<br \/>\nse abr\u00eda apenas so\u00f1adora el alma\u2026<br \/>\nPerdi\u00f3 mi pobre coraz\u00f3n su calma<br \/>\ndesde el fatal instante en que le hall\u00e9.<br \/>\nSus palabras sonaron en mi o\u00eddo<br \/>\ncomo m\u00fasica blanda y deliciosa;<br \/>\nsubi\u00f3 a mi rostro el tinte de la rosa;<br \/>\ncomo l ahoja en el \u00e1rbol vacil\u00e9.<\/p>\n<p style=\"text-align: center\">Su imagen en el sue\u00f1o me acosaba<br \/>\nsiempre halag\u00fce\u00f1a, siempre enamorada;<br \/>\nmil veces sorprendiste, madre amada,<br \/>\nen mi boca un suspiro abrasador;<br \/>\ny era \u00e9l quien lo arrancaba de mi pecho;<br \/>\n\u00e9l, la fascinaci\u00f3n de mis sentidos;<br \/>\n\u00e9l, ideal de mis sue\u00f1os m\u00e1s queridos;<br \/>\n\u00e9l, mi primero, mi ferviente amor.<\/p>\n<p style=\"text-align: center\">Sin \u00e9l, para m\u00ed el campo placentero<br \/>\nen vez de flores me obsequiaba abrojos;<br \/>\nsin \u00e9l eran sombr\u00edos a mis ojos<br \/>\ndel sol los rayos en el mes de abril.<br \/>\nViv\u00eda de su vida apasionada;<br \/>\nera el centro de mi alma el amor suyo;<br \/>\nera mi aspiraci\u00f3n, era mi orgullo\u2026<br \/>\n\u00bfPor qu\u00e9 tan presto me olvidaba el vil?<\/p>\n<p style=\"text-align: center\">No es m\u00edo ya su amor, que a otra prefiere.<br \/>\nSus caricias son fr\u00edas como el hielo;<br \/>\nes mentira su fe, finge desvelo\u2026<br \/>\nMas no me enga\u00f1ar\u00e1 con su ficci\u00f3n\u2026<br \/>\n\u00a1Y amarle pude, delirante, loca!<br \/>\n\u00a1No, mi altivez no sufre su maltrato!<br \/>\nY si a olvidar no alcanzas al ingrato,<br \/>\n\u00a1te arrancar\u00e9 del pecho, coraz\u00f3n!<\/p>\n<p style=\"text-align: center\">_______________________________________________________________<\/p>\n<p style=\"text-align: center\"><strong>*Matilde Hidalgo de Pr\u00f3cel-El deber de la Mujer<\/strong><\/p>\n<p style=\"text-align: center\">\"La mujer es templo m\u00edstico<br \/>\ndonde se encierra la esperanza<br \/>\nque la patria en lontananza<br \/>\nha alcanzado a divisar<\/p>\n<p style=\"text-align: center\">Mas, para que sabiamente<br \/>\nllene su misi\u00f3n divina,<br \/>\ndebe vagar peregreso<br \/>\npor la azul inmensidad...<\/p>\n<p style=\"text-align: center\">No contentarse tan s\u00f3lo<br \/>\ncon el rosaio en la mano<br \/>\ny el breviario del cristiano<br \/>\nquerer la vida pasar.<\/p>\n<p style=\"text-align: center\">Es preciso abrirse paso<br \/>\nentre envidia y mezquindades<br \/>\ny burlando tempestades<br \/>\ndedicarse ya a estudiar<\/p>\n<p style=\"text-align: center\">El estudio sublimiza<br \/>\nenaltece y dignifica;<br \/>\nes la Ciencia la que indica<br \/>\nlos medios de progresar<\/p>\n<p style=\"text-align: center\">Con ella podr\u00e1 cumplirse<br \/>\nmisi\u00f3n tan noble y sagrada<br \/>\ny ofrecer mejor morada<br \/>\na Dios, la Patria y Hogar\"<\/p>\n<p style=\"text-align: left\">_______________________________________________________________<\/p>\n<h4 style=\"text-align: center\" align=\"left\"><span style=\"font-family: Verdana\">*Jos\u00e9 Joaqu\u00edn de Olmedo-La Victoria de Jun\u00edn Canto a Bol\u00edvar<\/span><\/h4>\n<p style=\"text-align: center\">Fragmento<\/p>\n<p style=\"text-align: center\">1<\/p>\n<p style=\"text-align: center\">El trueno horrendo que en el fragor revienta<br \/>\ny sordo retumbando se dilata<br \/>\npor la inflamada esfera,<br \/>\nal Dios anuncia que en el cielo impera.<\/p>\n<p style=\"text-align: center\">2<br \/>\nY el rayo que en Jun\u00edn rompe y ahuyenta<br \/>\nla hispana muchedumbre<br \/>\nque, m\u00e1s feroz que nunca , amenazaba,<br \/>\na sangre y fuego, eterna servidumbre,<br \/>\ny el canto de victoria<br \/>\nque en ecos mil discurre, ensordeciendo<br \/>\nel hondo valle y enriscada cumbre,<br \/>\nproclaman a Bol\u00edvar en la tierra<br \/>\n\u00e1rbitro de la paz y de la guerra.<\/p>\n<p style=\"text-align: center\">3<br \/>\nLas soberbias pir\u00e1mides que al cielo<br \/>\nel arte humano osado levantaba<br \/>\npara hablar a los siglos y naciones,<br \/>\n-templos do esclavas manos<br \/>\ndeificaban en pompa a sus tiranos-<br \/>\nludibrio son del tiempo, que con su ala<br \/>\nd\u00e9bil las toca y las derriba al suelo,<br \/>\ndespu\u00e9s que en f\u00e1cil juego el fugaz viento<br \/>\nborr\u00f3 sus mentirosas inscripciones;<br \/>\ny bajo los escombros, confundido<br \/>\nentre la sombra del eterno olvido,<br \/>\n-\u00bfoh de ambici\u00f3n y de miseria ejemplo!-<br \/>\nel sacerdote yace, el dios y el templo.<\/p>\n<p>El poema completo lo podr\u00e1 encontrar en:\u00a0http:\/\/www.efemerides.ec\/1\/marzo\/junin.htm<\/p>\n<p style=\"text-align: center\">\n<\/div>\n","protected":false},"excerpt":{"rendered":"<p>* Dolores Veintimilla de Galindo-Quejas \u00a1Y amarle pude! Al sol de la existencia se abr\u00eda apenas so\u00f1adora el alma\u2026 Perdi\u00f3 mi pobre coraz\u00f3n su calma desde el fatal instante en que le hall\u00e9. Sus palabras sonaron en mi o\u00eddo como m\u00fasica blanda y deliciosa; subi\u00f3 a mi rostro el tinte de la rosa; como l [&hellip;]<\/p>\n","protected":false},"author":9619,"featured_media":0,"parent":0,"menu_order":0,"comment_status":"open","ping_status":"open","template":"","meta":{"footnotes":""},"class_list":["post-55","page","type-page","status-publish","hentry"],"_links":{"self":[{"href":"https:\/\/blog.espol.edu.ec\/rargudo\/wp-json\/wp\/v2\/pages\/55","targetHints":{"allow":["GET"]}}],"collection":[{"href":"https:\/\/blog.espol.edu.ec\/rargudo\/wp-json\/wp\/v2\/pages"}],"about":[{"href":"https:\/\/blog.espol.edu.ec\/rargudo\/wp-json\/wp\/v2\/types\/page"}],"author":[{"embeddable":true,"href":"https:\/\/blog.espol.edu.ec\/rargudo\/wp-json\/wp\/v2\/users\/9619"}],"replies":[{"embeddable":true,"href":"https:\/\/blog.espol.edu.ec\/rargudo\/wp-json\/wp\/v2\/comments?post=55"}],"version-history":[{"count":7,"href":"https:\/\/blog.espol.edu.ec\/rargudo\/wp-json\/wp\/v2\/pages\/55\/revisions"}],"predecessor-version":[{"id":89,"href":"https:\/\/blog.espol.edu.ec\/rargudo\/wp-json\/wp\/v2\/pages\/55\/revisions\/89"}],"wp:attachment":[{"href":"https:\/\/blog.espol.edu.ec\/rargudo\/wp-json\/wp\/v2\/media?parent=55"}],"curies":[{"name":"wp","href":"https:\/\/api.w.org\/{rel}","templated":true}]}}