{"id":156,"date":"2010-03-01T13:24:11","date_gmt":"2010-03-01T17:24:11","guid":{"rendered":"http:\/\/blog.espol.edu.ec\/raui\/?page_id=156"},"modified":"2010-08-09T15:40:39","modified_gmt":"2010-08-09T20:40:39","slug":"paquete-de-viajes","status":"publish","type":"page","link":"https:\/\/blog.espol.edu.ec\/raui\/sede\/paquete-de-viajes\/","title":{"rendered":"Paquetes Tur\u00edsticos"},"content":{"rendered":"<p>Para informaci\u00f3n y contratos de paquetes tur\u00edsticos a diferentes destinos del Ecuador (Quito, Cuenca, Islas  Gal\u00e1pagos, entre otros) contactarse con:<\/p>\n<p><strong><em>Lcda. Samantha Ortiz<\/em><\/strong><\/p>\n<p>M\u00f3vil: 593-8-8789388<\/p>\n<p>e-mail: <a href=\"mailto:traveldosmil@hotmail.com\" target=\"_blank\">traveldosmil@hotmail.com<\/a><\/p>\n<p>.<\/p>\n","protected":false},"excerpt":{"rendered":"Para informaci\u00f3n y contratos de paquetes tur\u00edsticos a diferentes destinos del Ecuador (Quito, Cuenca, Islas Gal\u00e1pagos, entre otros) contactarse con: Lcda. Samantha Ortiz M\u00f3vil: 593-8-8789388 e-mail: traveldosmil@hotmail.com .\n","protected":false},"author":62,"featured_media":0,"parent":80,"menu_order":4,"comment_status":"open","ping_status":"open","template":"","meta":{"footnotes":""},"class_list":["post-156","page","type-page","status-publish","hentry"],"aioseo_notices":[],"_links":{"self":[{"href":"https:\/\/blog.espol.edu.ec\/raui\/wp-json\/wp\/v2\/pages\/156","targetHints":{"allow":["GET"]}}],"collection":[{"href":"https:\/\/blog.espol.edu.ec\/raui\/wp-json\/wp\/v2\/pages"}],"about":[{"href":"https:\/\/blog.espol.edu.ec\/raui\/wp-json\/wp\/v2\/types\/page"}],"author":[{"embeddable":true,"href":"https:\/\/blog.espol.edu.ec\/raui\/wp-json\/wp\/v2\/users\/62"}],"replies":[{"embeddable":true,"href":"https:\/\/blog.espol.edu.ec\/raui\/wp-json\/wp\/v2\/comments?post=156"}],"version-history":[{"count":42,"href":"https:\/\/blog.espol.edu.ec\/raui\/wp-json\/wp\/v2\/pages\/156\/revisions"}],"predecessor-version":[{"id":505,"href":"https:\/\/blog.espol.edu.ec\/raui\/wp-json\/wp\/v2\/pages\/156\/revisions\/505"}],"up":[{"embeddable":true,"href":"https:\/\/blog.espol.edu.ec\/raui\/wp-json\/wp\/v2\/pages\/80"}],"wp:attachment":[{"href":"https:\/\/blog.espol.edu.ec\/raui\/wp-json\/wp\/v2\/media?parent=156"}],"curies":[{"name":"wp","href":"https:\/\/api.w.org\/{rel}","templated":true}]}}