{"id":226,"date":"2010-04-29T22:44:10","date_gmt":"2010-04-30T02:44:10","guid":{"rendered":"http:\/\/blog.espol.edu.ec\/raui\/?page_id=226"},"modified":"2010-08-05T01:13:29","modified_gmt":"2010-08-05T05:13:29","slug":"comite-organizador","status":"publish","type":"page","link":"https:\/\/blog.espol.edu.ec\/raui\/comite-organizador\/","title":{"rendered":"\u00bfQui\u00e9nes somos?"},"content":{"rendered":"<p style=\"text-align: center\"><a class=\"highslide\" href=\"http:\/\/blog.espol.edu.ec\/raui\/files\/2010\/04\/raui2.jpg\"><img loading=\"lazy\" decoding=\"async\" class=\"size-medium wp-image-228 aligncenter\" title=\"Comit\u00e9 Organizador Raui 2010\" src=\"http:\/\/blog.espol.edu.ec\/raui\/files\/2010\/04\/raui2-300x152.jpg\" alt=\"\" width=\"380\" height=\"212\" \/><\/a><\/p>\n<p style=\"text-align: center\"><strong>Presidente Comit\u00e9 <\/strong><\/p>\n<p style=\"text-align: center\">Ing. Crist\u00f3bal Mariscal<\/p>\n<p><strong>Miembros Comit\u00e9 Organizador<\/strong><\/p>\n<table style=\"margin: 0pt auto;width: 400px;height: 100px\" width=\"500px\">\n<tbody>\n<tr>\n<td>Ec. Federico Bocca<\/td>\n<td>Mae. Julia Bravo<\/td>\n<\/tr>\n<tr>\n<td>Ing. Pedro Vargas<\/td>\n<td>Ing. Teresa Meza<\/td>\n<\/tr>\n<tr>\n<td>Ing. Gustavo Guerrero<\/td>\n<td>Sra. Lupe Viteri<\/td>\n<\/tr>\n<tr>\n<td>Ing. Jorge Faytong<\/td>\n<td>M.Sc.  Julio Gavilanez<\/td>\n<\/tr>\n<tr>\n<td>Ing. Eduardo Cervantes<\/td>\n<td>Ing. Martha Zavala<\/td>\n<\/tr>\n<tr>\n<td>Ing. Alejandro Chanab\u00e1<\/td>\n<td>Lic. Mery Barzola<\/td>\n<\/tr>\n<tr>\n<td>Mae. Mar\u00eda del Carmen Figueroa<\/td>\n<td>Lic. Angelo Calder\u00f3n<\/td>\n<\/tr>\n<tr>\n<td>Lic. Melissa Sanahuano<\/td>\n<\/tr>\n<\/tbody>\n<\/table>\n<p><strong>Colaboradores<\/strong><\/p>\n<ul>\n<li>Sr. Henry Meza<\/li>\n<li>Sr. Alejandro Vinueza<\/li>\n<li>Sr. F\u00e9lix Rivas<\/li>\n<\/ul>\n","protected":false},"excerpt":{"rendered":"Presidente Comit\u00e9 Ing. Crist\u00f3bal Mariscal Miembros Comit\u00e9 Organizador Ec. Federico Bocca Mae. Julia Bravo Ing. Pedro Vargas Ing. Teresa Meza Ing. Gustavo Guerrero Sra. Lupe Viteri Ing. Jorge Faytong M.Sc. Julio Gavilanez Ing. Eduardo Cervantes Ing. Martha Zavala Ing. Alejandro Chanab\u00e1 Lic. Mery Barzola Mae. Mar\u00eda del Carmen Figueroa Lic. Angelo Calder\u00f3n Lic. Melissa Sanahuano [&hellip;]\n","protected":false},"author":62,"featured_media":0,"parent":0,"menu_order":2,"comment_status":"closed","ping_status":"closed","template":"","meta":{"footnotes":""},"class_list":["post-226","page","type-page","status-publish","hentry"],"aioseo_notices":[],"_links":{"self":[{"href":"https:\/\/blog.espol.edu.ec\/raui\/wp-json\/wp\/v2\/pages\/226","targetHints":{"allow":["GET"]}}],"collection":[{"href":"https:\/\/blog.espol.edu.ec\/raui\/wp-json\/wp\/v2\/pages"}],"about":[{"href":"https:\/\/blog.espol.edu.ec\/raui\/wp-json\/wp\/v2\/types\/page"}],"author":[{"embeddable":true,"href":"https:\/\/blog.espol.edu.ec\/raui\/wp-json\/wp\/v2\/users\/62"}],"replies":[{"embeddable":true,"href":"https:\/\/blog.espol.edu.ec\/raui\/wp-json\/wp\/v2\/comments?post=226"}],"version-history":[{"count":25,"href":"https:\/\/blog.espol.edu.ec\/raui\/wp-json\/wp\/v2\/pages\/226\/revisions"}],"predecessor-version":[{"id":234,"href":"https:\/\/blog.espol.edu.ec\/raui\/wp-json\/wp\/v2\/pages\/226\/revisions\/234"}],"wp:attachment":[{"href":"https:\/\/blog.espol.edu.ec\/raui\/wp-json\/wp\/v2\/media?parent=226"}],"curies":[{"name":"wp","href":"https:\/\/api.w.org\/{rel}","templated":true}]}}