{"id":272,"date":"2010-06-20T11:16:21","date_gmt":"2010-06-20T15:16:21","guid":{"rendered":"http:\/\/blog.espol.edu.ec\/raui\/?page_id=272"},"modified":"2010-07-19T11:56:03","modified_gmt":"2010-07-19T15:56:03","slug":"%c2%bfdonde-sera","status":"publish","type":"page","link":"https:\/\/blog.espol.edu.ec\/raui\/sede\/%c2%bfdonde-sera\/","title":{"rendered":"\u00bfD\u00f3nde ser\u00e1?"},"content":{"rendered":"<p style=\"text-align: center\">\n<div id=\"attachment_108\" style=\"width: 487px\" class=\"wp-caption aligncenter\"><a href=\"http:\/\/blog.espol.edu.ec\/raui\/files\/2009\/06\/guayaquil.jpg\"><img loading=\"lazy\" decoding=\"async\" aria-describedby=\"caption-attachment-108\" class=\"size-full wp-image-108\" src=\"http:\/\/blog.espol.edu.ec\/raui\/files\/2009\/06\/guayaquil.jpg\" alt=\"Guayaquil, Perla del Pac\u00edfico\" width=\"477\" height=\"290\" srcset=\"https:\/\/blog.espol.edu.ec\/raui\/files\/2009\/06\/guayaquil.jpg 534w, https:\/\/blog.espol.edu.ec\/raui\/files\/2009\/06\/guayaquil-300x182.jpg 300w\" sizes=\"auto, (max-width: 477px) 100vw, 477px\" \/><\/a><p id=\"caption-attachment-108\" class=\"wp-caption-text\">Guayaquil, Perla del Pac\u00edfico<\/p><\/div>\n<p style=\"text-align: justify\">En esta oportunidad, el evento tiene como ciudad sede a <a href=\"http:\/\/es.wikipedia.org\/wiki\/Guayaquil\" target=\"_blank\">Guayaquil<\/a>, Perla del Pac\u00edfico,\u00a0 conocida tambi\u00e9n como la capital econ\u00f3mica del Ecuador,  est\u00e1 ubicada en la regi\u00f3n litoral o costa de <a href=\"http:\/\/es.wikipedia.org\/wiki\/Ecuador\" target=\"_blank\">Ecuador<\/a>, con cercan\u00eda al <strong>Oc\u00e9ano Pac\u00edfico<\/strong> por medio del <strong>Golfo de Guayaquil<\/strong>. Localizada en la margen derecho del r\u00edo Guayas.<\/p>\n<div id=\"attachment_73\" style=\"width: 279px\" class=\"wp-caption aligncenter\"><a href=\"http:\/\/www.espol.edu.ec\/\"><img loading=\"lazy\" decoding=\"async\" aria-describedby=\"caption-attachment-73\" class=\"size-medium wp-image-73\" src=\"http:\/\/blog.espol.edu.ec\/raui\/files\/2009\/06\/3604545781_63b2ab2835-300x225.jpg\" alt=\"ESPOL\" width=\"269\" height=\"208\" \/><\/a><p id=\"caption-attachment-73\" class=\"wp-caption-text\">Campus Gustavo Galindo<\/p><\/div>\n<p style=\"text-align: justify\">El evento tendr\u00e1 lugar en el <strong>Campus Gustavo Galindo<\/strong> de la <a title=\"ESPOL\" href=\"http:\/\/www.espol.edu.ec\" target=\"_blank\">ESPOL<\/a>, m\u00e1s conocido como <em>Campus Prosperina<\/em>, est\u00e1 ubicado al noroeste de la ciudad de Guayaquil, en el centro del <em>Bosque Protector Prosperina<\/em>. La entrada principal se encuentra en el Km. 30,5 de la V\u00eda Perimetral.<\/p>\n<p style=\"text-align: justify\">\n<p style=\"text-align: justify\">Ver <a href=\"http:\/\/blog.espol.edu.ec\/raui\/%C2%BFdonde-sera\/como-llegar\/\">\u00bfC\u00f3mo llegar?<\/a><\/p>\n<p style=\"text-align: center\">\n","protected":false},"excerpt":{"rendered":"En esta oportunidad, el evento tiene como ciudad sede a Guayaquil, Perla del Pac\u00edfico,\u00a0 conocida tambi\u00e9n como la capital econ\u00f3mica del Ecuador, est\u00e1 ubicada en la regi\u00f3n litoral o costa de Ecuador, con cercan\u00eda al Oc\u00e9ano Pac\u00edfico por medio del Golfo de Guayaquil. Localizada en la margen derecho del r\u00edo Guayas. El evento tendr\u00e1 lugar [&hellip;]\n","protected":false},"author":62,"featured_media":0,"parent":80,"menu_order":1,"comment_status":"open","ping_status":"open","template":"","meta":{"footnotes":""},"class_list":["post-272","page","type-page","status-publish","hentry"],"aioseo_notices":[],"_links":{"self":[{"href":"https:\/\/blog.espol.edu.ec\/raui\/wp-json\/wp\/v2\/pages\/272","targetHints":{"allow":["GET"]}}],"collection":[{"href":"https:\/\/blog.espol.edu.ec\/raui\/wp-json\/wp\/v2\/pages"}],"about":[{"href":"https:\/\/blog.espol.edu.ec\/raui\/wp-json\/wp\/v2\/types\/page"}],"author":[{"embeddable":true,"href":"https:\/\/blog.espol.edu.ec\/raui\/wp-json\/wp\/v2\/users\/62"}],"replies":[{"embeddable":true,"href":"https:\/\/blog.espol.edu.ec\/raui\/wp-json\/wp\/v2\/comments?post=272"}],"version-history":[{"count":5,"href":"https:\/\/blog.espol.edu.ec\/raui\/wp-json\/wp\/v2\/pages\/272\/revisions"}],"predecessor-version":[{"id":313,"href":"https:\/\/blog.espol.edu.ec\/raui\/wp-json\/wp\/v2\/pages\/272\/revisions\/313"}],"up":[{"embeddable":true,"href":"https:\/\/blog.espol.edu.ec\/raui\/wp-json\/wp\/v2\/pages\/80"}],"wp:attachment":[{"href":"https:\/\/blog.espol.edu.ec\/raui\/wp-json\/wp\/v2\/media?parent=272"}],"curies":[{"name":"wp","href":"https:\/\/api.w.org\/{rel}","templated":true}]}}