{"id":363,"date":"2010-07-09T11:49:14","date_gmt":"2010-07-09T15:49:14","guid":{"rendered":"http:\/\/blog.espol.edu.ec\/raui\/?page_id=363"},"modified":"2010-07-09T13:42:06","modified_gmt":"2010-07-09T17:42:06","slug":"hotel-ramada","status":"publish","type":"page","link":"https:\/\/blog.espol.edu.ec\/raui\/sede\/hospedaje\/hotel-ramada\/","title":{"rendered":"Hotel Ramada"},"content":{"rendered":"<p style=\"text-align: center\"><a href=\"http:\/\/www.hotelramada.com\/\"><img loading=\"lazy\" decoding=\"async\" class=\"aligncenter size-full wp-image-400\" title=\"hotel-ramada\" src=\"http:\/\/blog.espol.edu.ec\/raui\/files\/2010\/07\/hotel-ramada.gif\" alt=\"\" width=\"340\" height=\"256\" srcset=\"https:\/\/blog.espol.edu.ec\/raui\/files\/2010\/07\/hotel-ramada.gif 425w, https:\/\/blog.espol.edu.ec\/raui\/files\/2010\/07\/hotel-ramada-300x225.gif 300w\" sizes=\"auto, (max-width: 340px) 100vw, 340px\" \/><\/a><\/p>\n<p>El <a href=\"http:\/\/www.hotelramada.com\/\">Hotel Ramada<\/a>, el hotel del malec\u00f3n, informa tambi\u00e9n sobre sus Tarifas especiales, que aplicar\u00e1n a los participantes al congreso <a href=\"http:\/\/blog.espol.edu.ec\/raui\/raui\/acerca\/\" target=\"_self\"><span style=\"color: #000000\">RAUI Ecuador 2010<\/span><\/a>.<\/p>\n<p><strong>Tarifa especial:<\/strong><\/p>\n<p>US$38.00 + 22% Por persona en ocupaci\u00f3n <strong>Doble o Triple<\/strong>.<\/p>\n<p>En el caso de requerir Habitaciones Sencillas el costo es de <strong>US$66 + 22%<\/strong><\/p>\n<p>Las tarifas incluyen los siguientes beneficios:<\/p>\n<ul>\n<li>Cocktail de Bienvenida<\/li>\n<li>Desayuno Buffet, servicio en la Cafeter\u00eda<\/li>\n<li>Acceso a las instalaciones: Piscina, Sauna, Vapor e Hidromasaje<\/li>\n<li>Internet inalambrico en las habitaciones.<\/li>\n<li>Servicio de transportaci\u00f3n\u00a0 Aeropuerto-Hotel.<\/li>\n<\/ul>\n<p><strong>Contactos<\/strong><\/p>\n<ol>\n<li><a href=\"mailto:carandy@porta.blackberry.com\">carandy@porta.blackberry.com<\/a><\/li>\n<li><a href=\"mailto:reservas@hotelramada.com\">reservas@hotelramada.com<\/a><\/li>\n<\/ol>\n<p style=\"text-align: center\"><a href=\"http:\/\/blog.espol.edu.ec\/raui\/sede\/hospedaje\/mas-hoteles\/\"><strong>M\u00e1s Hoteles<\/strong><\/a><\/p>\n","protected":false},"excerpt":{"rendered":"El Hotel Ramada, el hotel del malec\u00f3n, informa tambi\u00e9n sobre sus Tarifas especiales, que aplicar\u00e1n a los participantes al congreso RAUI Ecuador 2010. Tarifa especial: US$38.00 + 22% Por persona en ocupaci\u00f3n Doble o Triple. En el caso de requerir Habitaciones Sencillas el costo es de US$66 + 22% Las tarifas incluyen los siguientes beneficios: [&hellip;]\n","protected":false},"author":62,"featured_media":0,"parent":2,"menu_order":0,"comment_status":"open","ping_status":"open","template":"","meta":{"footnotes":""},"class_list":["post-363","page","type-page","status-publish","hentry"],"aioseo_notices":[],"_links":{"self":[{"href":"https:\/\/blog.espol.edu.ec\/raui\/wp-json\/wp\/v2\/pages\/363","targetHints":{"allow":["GET"]}}],"collection":[{"href":"https:\/\/blog.espol.edu.ec\/raui\/wp-json\/wp\/v2\/pages"}],"about":[{"href":"https:\/\/blog.espol.edu.ec\/raui\/wp-json\/wp\/v2\/types\/page"}],"author":[{"embeddable":true,"href":"https:\/\/blog.espol.edu.ec\/raui\/wp-json\/wp\/v2\/users\/62"}],"replies":[{"embeddable":true,"href":"https:\/\/blog.espol.edu.ec\/raui\/wp-json\/wp\/v2\/comments?post=363"}],"version-history":[{"count":9,"href":"https:\/\/blog.espol.edu.ec\/raui\/wp-json\/wp\/v2\/pages\/363\/revisions"}],"predecessor-version":[{"id":392,"href":"https:\/\/blog.espol.edu.ec\/raui\/wp-json\/wp\/v2\/pages\/363\/revisions\/392"}],"up":[{"embeddable":true,"href":"https:\/\/blog.espol.edu.ec\/raui\/wp-json\/wp\/v2\/pages\/2"}],"wp:attachment":[{"href":"https:\/\/blog.espol.edu.ec\/raui\/wp-json\/wp\/v2\/media?parent=363"}],"curies":[{"name":"wp","href":"https:\/\/api.w.org\/{rel}","templated":true}]}}