{"id":366,"date":"2010-07-09T11:50:37","date_gmt":"2010-07-09T15:50:37","guid":{"rendered":"http:\/\/blog.espol.edu.ec\/raui\/?page_id=366"},"modified":"2010-07-09T13:42:07","modified_gmt":"2010-07-09T17:42:07","slug":"hotel-palace","status":"publish","type":"page","link":"https:\/\/blog.espol.edu.ec\/raui\/sede\/hospedaje\/hotel-palace\/","title":{"rendered":"Hotel Palace"},"content":{"rendered":"<p><a href=\"http:\/\/www.hotelpalaceguayaquil.com.ec\/\"><img loading=\"lazy\" decoding=\"async\" class=\"aligncenter size-full wp-image-398\" title=\"hotel_palace\" src=\"http:\/\/blog.espol.edu.ec\/raui\/files\/2010\/07\/hotel_palace.jpg\" alt=\"\" width=\"327\" height=\"400\" srcset=\"https:\/\/blog.espol.edu.ec\/raui\/files\/2010\/07\/hotel_palace.jpg 327w, https:\/\/blog.espol.edu.ec\/raui\/files\/2010\/07\/hotel_palace-245x300.jpg 245w\" sizes=\"auto, (max-width: 327px) 100vw, 327px\" \/><\/a><\/p>\n<p><span style=\"font-weight: normal;font-size: 13px\">El Hotel Palace est\u00e1 ubicado en pleno centro regenerado comercial y tur\u00edstico de Guayaquil, a tres cuadras de uno de los principales atractivos de nuestra ciudad, El malec\u00f3n 2000<\/span><\/p>\n<table style=\"margin-top: 0pt;margin-right: auto;margin-bottom: 0pt;margin-left: auto;width: 200px;height: 99px;border: 1px solid gray\" border=\"1\" width=\"100\">\n<tbody>\n<tr>\n<td><strong>Habitaci\u00f3n<\/strong><\/td>\n<td><strong>Tarifa Rack<\/strong><\/td>\n<td><strong>Tarifa Corporativa<\/strong><\/td>\n<\/tr>\n<tr>\n<td>Habitaci\u00f3n sencilla<\/td>\n<td>$141.18<\/td>\n<td>$79.30<\/td>\n<\/tr>\n<tr>\n<td><strong>Habitaci\u00f3n doble o matrimonial<\/strong><\/td>\n<td>$181.78<\/td>\n<td>$91.50<\/td>\n<\/tr>\n<tr>\n<td>Torre Suite<\/td>\n<td>$160.00<\/td>\n<td>$100.00<\/td>\n<\/tr>\n<tr>\n<td><strong>Persona adicional<\/strong><\/td>\n<td>$24.40<\/td>\n<td>$24.40<\/td>\n<\/tr>\n<\/tbody>\n<\/table>\n<p style=\"text-align: center\"><em>(Tarifas incluyen 22% de impuestos vigentes)<\/em><\/p>\n<p style=\"text-align: left\"><strong>Beneficios:<\/strong><\/p>\n<ul>\n<li>Desayuno tipo buffet<\/li>\n<li>Internet WIFI en habitaciones y \u00e1reas p\u00fablicas del hotel<\/li>\n<li>Llamadas locales ilimitadas<\/li>\n<li>Agua embotellada diaria<\/li>\n<li>Peri\u00f3dico local disponible<\/li>\n<li>Fuente de frutas permanente en la recepci\u00f3n<\/li>\n<li>C\u00f3ctel de bienvenida<\/li>\n<li>Tabla de planchar y plancha disponible<\/li>\n<li>Caja de seguridad electr\u00f3nica<\/li>\n<li>Servicio \"Viaje sin maletas\"<\/li>\n<li>Servicio de lustrado de calzado<\/li>\n<li>Salida tard\u00eda - late checkout previa solicitud y disponibilidad<\/li>\n<\/ul>\n<p style=\"text-align: center\"><a href=\"http:\/\/blog.espol.edu.ec\/raui\/sede\/hospedaje\/mas-hoteles\/\"><strong>M\u00e1s Hoteles<\/strong><\/a><\/p>\n","protected":false},"excerpt":{"rendered":"El Hotel Palace est\u00e1 ubicado en pleno centro regenerado comercial y tur\u00edstico de Guayaquil, a tres cuadras de uno de los principales atractivos de nuestra ciudad, El malec\u00f3n 2000 Habitaci\u00f3n Tarifa Rack Tarifa Corporativa Habitaci\u00f3n sencilla $141.18 $79.30 Habitaci\u00f3n doble o matrimonial $181.78 $91.50 Torre Suite $160.00 $100.00 Persona adicional $24.40 $24.40 (Tarifas incluyen 22% [&hellip;]\n","protected":false},"author":62,"featured_media":0,"parent":2,"menu_order":0,"comment_status":"open","ping_status":"open","template":"","meta":{"footnotes":""},"class_list":["post-366","page","type-page","status-publish","hentry"],"aioseo_notices":[],"_links":{"self":[{"href":"https:\/\/blog.espol.edu.ec\/raui\/wp-json\/wp\/v2\/pages\/366","targetHints":{"allow":["GET"]}}],"collection":[{"href":"https:\/\/blog.espol.edu.ec\/raui\/wp-json\/wp\/v2\/pages"}],"about":[{"href":"https:\/\/blog.espol.edu.ec\/raui\/wp-json\/wp\/v2\/types\/page"}],"author":[{"embeddable":true,"href":"https:\/\/blog.espol.edu.ec\/raui\/wp-json\/wp\/v2\/users\/62"}],"replies":[{"embeddable":true,"href":"https:\/\/blog.espol.edu.ec\/raui\/wp-json\/wp\/v2\/comments?post=366"}],"version-history":[{"count":18,"href":"https:\/\/blog.espol.edu.ec\/raui\/wp-json\/wp\/v2\/pages\/366\/revisions"}],"predecessor-version":[{"id":377,"href":"https:\/\/blog.espol.edu.ec\/raui\/wp-json\/wp\/v2\/pages\/366\/revisions\/377"}],"up":[{"embeddable":true,"href":"https:\/\/blog.espol.edu.ec\/raui\/wp-json\/wp\/v2\/pages\/2"}],"wp:attachment":[{"href":"https:\/\/blog.espol.edu.ec\/raui\/wp-json\/wp\/v2\/media?parent=366"}],"curies":[{"name":"wp","href":"https:\/\/api.w.org\/{rel}","templated":true}]}}