{"id":482,"date":"2010-08-09T15:31:52","date_gmt":"2010-08-09T20:31:52","guid":{"rendered":"http:\/\/blog.espol.edu.ec\/raui\/?page_id=482"},"modified":"2010-08-09T16:39:15","modified_gmt":"2010-08-09T21:39:15","slug":"descuento-hotel-oro-verde","status":"publish","type":"page","link":"https:\/\/blog.espol.edu.ec\/raui\/sede\/hospedaje\/hotel-oro-verde\/descuento-hotel-oro-verde\/","title":{"rendered":"C\u00f3digo de Descuento"},"content":{"rendered":"<p style=\"text-align: center\"><img loading=\"lazy\" decoding=\"async\" class=\"size-full wp-image-483 aligncenter\" title=\"Oro Verde Lobby\" src=\"http:\/\/blog.espol.edu.ec\/raui\/files\/2010\/08\/Oro-Verde-Lobby.jpg\" alt=\"Oro Verde Lobby\" width=\"392\" height=\"263\" srcset=\"https:\/\/blog.espol.edu.ec\/raui\/files\/2010\/08\/Oro-Verde-Lobby.jpg 640w, https:\/\/blog.espol.edu.ec\/raui\/files\/2010\/08\/Oro-Verde-Lobby-300x201.jpg 300w\" sizes=\"auto, (max-width: 392px) 100vw, 392px\" \/><\/p>\n<p style=\"text-align: left\">Ahora desde la p\u00e1gina web del <a href=\"http:\/\/www.oroverdeguayaquil.com\" target=\"_blank\">Hotel Oro Verde<\/a> en la secci\u00f3n Reservations, Ud. puede hacer sus reservas con descuento por ser asistente al evento Raui Ecuador 2010.<\/p>\n<p style=\"text-align: left\">Revise nuestro Manual de Uso haciendo <a href=\"http:\/\/blog.espol.edu.ec\/raui\/files\/2010\/08\/Manual-de-Uso-Oro-Verde.pdf\" target=\"_blank\">click aqu\u00ed<\/a>.<\/p>\n<p style=\"text-align: center\"><strong>Solicitud de c\u00f3digo de descuento<\/strong><\/p>\n<p>Su solicitud llegar\u00e1 al Comit\u00e9 Organizador Raui 2010.<br \/>\n*<span style=\"color: #ff0000\">Campos Obligatorios<\/span><\/p>\n<p style=\"text-align: left\"><div role=\"form\" class=\"wpcf7\" id=\"wpcf7-f669-o1\" dir=\"ltr\">\n<div class=\"screen-reader-response\"><\/div>\n<form action=\"\/raui\/wp-json\/wp\/v2\/pages\/482#wpcf7-f669-o1\" method=\"post\" class=\"wpcf7-form\" novalidate=\"novalidate\">\n<div style=\"display: none;\">\n<input type=\"hidden\" name=\"_wpcf7\" value=\"669\" \/>\n<input type=\"hidden\" name=\"_wpcf7_version\" value=\"5.0.4\" \/>\n<input type=\"hidden\" name=\"_wpcf7_locale\" value=\"\" \/>\n<input type=\"hidden\" name=\"_wpcf7_unit_tag\" value=\"wpcf7-f669-o1\" \/>\n<input type=\"hidden\" name=\"_wpcf7_container_post\" value=\"0\" \/>\n<\/div>\n<p>*Nombre<br \/>\n    <span class=\"wpcf7-form-control-wrap your-name\"><input type=\"text\" name=\"your-name\" value=\"\" size=\"40\" class=\"wpcf7-form-control wpcf7-text wpcf7-validates-as-required\" aria-required=\"true\" aria-invalid=\"false\" \/><\/span> <\/p>\n<p>*e-mail<br \/>\n    <span class=\"wpcf7-form-control-wrap your-email\"><input type=\"email\" name=\"your-email\" value=\"\" size=\"40\" class=\"wpcf7-form-control wpcf7-text wpcf7-email wpcf7-validates-as-required wpcf7-validates-as-email\" aria-required=\"true\" aria-invalid=\"false\" \/><\/span> <\/p>\n<p>*Ciudad, Pa\u00eds<br \/>\n    <span class=\"wpcf7-form-control-wrap your-country\"><input type=\"text\" name=\"your-country\" value=\"\" size=\"40\" class=\"wpcf7-form-control wpcf7-text wpcf7-validates-as-required\" aria-required=\"true\" aria-invalid=\"false\" \/><\/span> <\/p>\n<p>*Universidad<br \/>\n    <span class=\"wpcf7-form-control-wrap your-university\"><input type=\"text\" name=\"your-university\" value=\"\" size=\"40\" class=\"wpcf7-form-control wpcf7-text wpcf7-validates-as-required\" aria-required=\"true\" aria-invalid=\"false\" \/><\/span> <\/p>\n<p><input type=\"submit\" value=\"Enviar\" class=\"wpcf7-form-control wpcf7-submit\" \/><\/p>\n<p style=\"display: none !important;\" class=\"akismet-fields-container\" data-prefix=\"_wpcf7_ak_\"><label>&#916;<textarea name=\"_wpcf7_ak_hp_textarea\" cols=\"45\" rows=\"8\" maxlength=\"100\"><\/textarea><\/label><input type=\"hidden\" id=\"ak_js_1\" name=\"_wpcf7_ak_js\" value=\"0\"\/><script>document.getElementById( \"ak_js_1\" ).setAttribute( \"value\", ( new Date() ).getTime() );<\/script><\/p><div class=\"wpcf7-response-output wpcf7-display-none\"><\/div><\/form><\/div><\/p>\n","protected":false},"excerpt":{"rendered":"Ahora desde la p\u00e1gina web del Hotel Oro Verde en la secci\u00f3n Reservations, Ud. puede hacer sus reservas con descuento por ser asistente al evento Raui Ecuador 2010. Revise nuestro Manual de Uso haciendo click aqu\u00ed. Solicitud de c\u00f3digo de descuento Su solicitud llegar\u00e1 al Comit\u00e9 Organizador Raui 2010. *Campos Obligatorios\n","protected":false},"author":448,"featured_media":0,"parent":359,"menu_order":0,"comment_status":"open","ping_status":"open","template":"","meta":{"footnotes":""},"class_list":["post-482","page","type-page","status-publish","hentry"],"aioseo_notices":[],"_links":{"self":[{"href":"https:\/\/blog.espol.edu.ec\/raui\/wp-json\/wp\/v2\/pages\/482","targetHints":{"allow":["GET"]}}],"collection":[{"href":"https:\/\/blog.espol.edu.ec\/raui\/wp-json\/wp\/v2\/pages"}],"about":[{"href":"https:\/\/blog.espol.edu.ec\/raui\/wp-json\/wp\/v2\/types\/page"}],"author":[{"embeddable":true,"href":"https:\/\/blog.espol.edu.ec\/raui\/wp-json\/wp\/v2\/users\/448"}],"replies":[{"embeddable":true,"href":"https:\/\/blog.espol.edu.ec\/raui\/wp-json\/wp\/v2\/comments?post=482"}],"version-history":[{"count":24,"href":"https:\/\/blog.espol.edu.ec\/raui\/wp-json\/wp\/v2\/pages\/482\/revisions"}],"predecessor-version":[{"id":517,"href":"https:\/\/blog.espol.edu.ec\/raui\/wp-json\/wp\/v2\/pages\/482\/revisions\/517"}],"up":[{"embeddable":true,"href":"https:\/\/blog.espol.edu.ec\/raui\/wp-json\/wp\/v2\/pages\/359"}],"wp:attachment":[{"href":"https:\/\/blog.espol.edu.ec\/raui\/wp-json\/wp\/v2\/media?parent=482"}],"curies":[{"name":"wp","href":"https:\/\/api.w.org\/{rel}","templated":true}]}}