{"id":6,"date":"2009-06-03T14:22:17","date_gmt":"2009-06-03T18:22:17","guid":{"rendered":"http:\/\/blog.espol.edu.ec\/raui\/?page_id=6"},"modified":"2010-06-20T21:05:39","modified_gmt":"2010-06-21T01:05:39","slug":"como-llegar","status":"publish","type":"page","link":"https:\/\/blog.espol.edu.ec\/raui\/sede\/como-llegar\/","title":{"rendered":"\u00bfC\u00f3mo llegar?"},"content":{"rendered":"<p style=\"text-align: justify\"><a href=\"http:\/\/www.turismo.gov.ec\/\"><img loading=\"lazy\" decoding=\"async\" class=\"size-full wp-image-60 alignleft\" src=\"http:\/\/blog.espol.edu.ec\/raui\/files\/2009\/06\/ecuador-iturismo.jpg\" alt=\"ecuador-turismo\" width=\"242\" height=\"97\" \/><\/a>El <a title=\"Aeropuerto de Guayaquil\" href=\"http:\/\/www.tagsa.aero\/\" target=\"_blank\">Aeropuerto Jos\u00e9 Joaqu\u00edn de Olmedo de Guayaquil<\/a> es el lugar de entrada a la ciudad. En este aeropuerto operan las principales compa\u00f1\u00edas a\u00e9reas conectando la ciudad con las principales urbes del mundo.<\/p>\n<p><object classid=\"clsid:d27cdb6e-ae6d-11cf-96b8-444553540000\" width=\"500\" height=\"300\"><param name=\"data\" value=\"http:\/\/umapper.s3.amazonaws.com\/templates\/swf\/embed.swf\" \/><param name=\"FlashVars\" value=\"kmlPath=http:\/\/umapper.s3.amazonaws.com\/maps\/kml\/36353.kml\" \/><param name=\"allowScriptAccess\" value=\"always\" \/><param name=\"allowFullScreen\" value=\"true\" \/><param name=\"quality\" value=\"high\" \/><param name=\"src\" value=\"http:\/\/umapper.s3.amazonaws.com\/templates\/swf\/embed.swf\" \/><param name=\"name\" value=\"umapper_embed\" \/><param name=\"flashvars\" value=\"kmlPath=http:\/\/umapper.s3.amazonaws.com\/maps\/kml\/36353.kml\" \/><param name=\"allowfullscreen\" value=\"true\" \/><embed id=\"umapper_embed\" type=\"application\/x-shockwave-flash\" width=\"500\" height=\"300\" src=\"http:\/\/umapper.s3.amazonaws.com\/templates\/swf\/embed.swf\" allowfullscreen=\"true\" allowscriptaccess=\"always\" flashvars=\"kmlPath=http:\/\/umapper.s3.amazonaws.com\/maps\/kml\/36353.kml\"><\/embed><\/object><\/p>\n<p style=\"text-align: justify\">El comit\u00e9 organizador ofrece brindar movilizaci\u00f3n a los participantes<strong> desde el aeropuerto<\/strong> hasta el sitio de <a href=\"http:\/\/blog.espol.edu.ec\/raui\/hospedaje\">hospedaje<\/a> que hayan elegido,\u00a0as\u00ed como tambi\u00e9n <strong>desde el sitio de Hospedaje<\/strong> hasta <a href=\"http:\/\/blog.espol.edu.ec\/raui\/%C2%BFdonde-sera\/\">el lugar del evento<\/a> y viceversa.<\/p>\n<p style=\"text-align: justify\">\n<p style=\"text-align: justify\">\n<div id=\"attachment_65\" style=\"width: 310px\" class=\"wp-caption aligncenter\"><a href=\"http:\/\/www.tagsa.aero\/\"><img loading=\"lazy\" decoding=\"async\" aria-describedby=\"caption-attachment-65\" class=\"size-medium wp-image-65\" src=\"http:\/\/blog.espol.edu.ec\/raui\/files\/2009\/06\/jjo-300x225.jpg\" alt=\"Aeropuerto Jos\u00e9 Joaqu\u00edn de Olmedo\" width=\"300\" height=\"225\" srcset=\"https:\/\/blog.espol.edu.ec\/raui\/files\/2009\/06\/jjo-300x225.jpg 300w, https:\/\/blog.espol.edu.ec\/raui\/files\/2009\/06\/jjo-1024x768.jpg 1024w, https:\/\/blog.espol.edu.ec\/raui\/files\/2009\/06\/jjo.jpg 1200w\" sizes=\"auto, (max-width: 300px) 100vw, 300px\" \/><\/a><p id=\"caption-attachment-65\" class=\"wp-caption-text\">Aeropuerto Jos\u00e9 Joaqu\u00edn de Olmedo<\/p><\/div>\n<p style=\"text-align: justify\">\n<p style=\"text-align: justify\">\n","protected":false},"excerpt":{"rendered":"El Aeropuerto Jos\u00e9 Joaqu\u00edn de Olmedo de Guayaquil es el lugar de entrada a la ciudad. En este aeropuerto operan las principales compa\u00f1\u00edas a\u00e9reas conectando la ciudad con las principales urbes del mundo. El comit\u00e9 organizador ofrece brindar movilizaci\u00f3n a los participantes desde el aeropuerto hasta el sitio de hospedaje que hayan elegido,\u00a0as\u00ed como tambi\u00e9n [&hellip;]\n","protected":false},"author":62,"featured_media":0,"parent":80,"menu_order":2,"comment_status":"open","ping_status":"open","template":"","meta":{"footnotes":""},"class_list":["post-6","page","type-page","status-publish","hentry"],"aioseo_notices":[],"_links":{"self":[{"href":"https:\/\/blog.espol.edu.ec\/raui\/wp-json\/wp\/v2\/pages\/6","targetHints":{"allow":["GET"]}}],"collection":[{"href":"https:\/\/blog.espol.edu.ec\/raui\/wp-json\/wp\/v2\/pages"}],"about":[{"href":"https:\/\/blog.espol.edu.ec\/raui\/wp-json\/wp\/v2\/types\/page"}],"author":[{"embeddable":true,"href":"https:\/\/blog.espol.edu.ec\/raui\/wp-json\/wp\/v2\/users\/62"}],"replies":[{"embeddable":true,"href":"https:\/\/blog.espol.edu.ec\/raui\/wp-json\/wp\/v2\/comments?post=6"}],"version-history":[{"count":27,"href":"https:\/\/blog.espol.edu.ec\/raui\/wp-json\/wp\/v2\/pages\/6\/revisions"}],"predecessor-version":[{"id":26,"href":"https:\/\/blog.espol.edu.ec\/raui\/wp-json\/wp\/v2\/pages\/6\/revisions\/26"}],"up":[{"embeddable":true,"href":"https:\/\/blog.espol.edu.ec\/raui\/wp-json\/wp\/v2\/pages\/80"}],"wp:attachment":[{"href":"https:\/\/blog.espol.edu.ec\/raui\/wp-json\/wp\/v2\/media?parent=6"}],"curies":[{"name":"wp","href":"https:\/\/api.w.org\/{rel}","templated":true}]}}