{"id":13,"date":"2009-02-18T15:34:38","date_gmt":"2009-02-18T20:34:38","guid":{"rendered":"http:\/\/blog.espol.edu.ec\/raulito\/?page_id=13"},"modified":"2009-03-04T14:37:52","modified_gmt":"2009-03-04T19:37:52","slug":"ttttttttttttttttttttttqqqqqqqqqqqqqqqmmmmmmmmmmmmm","status":"publish","type":"page","link":"https:\/\/blog.espol.edu.ec\/raulito\/ttttttttttttttttttttttqqqqqqqqqqqqqqqmmmmmmmmmmmmm\/","title":{"rendered":"Barcelona Soy yo"},"content":{"rendered":"<h4><span style=\"color: #008080\"><\/p>\n<div id=\"attachment_78\" style=\"width: 304px\" class=\"wp-caption aligncenter\"><a href=\"http:\/\/www.bsc.ec\"><img loading=\"lazy\" decoding=\"async\" aria-describedby=\"caption-attachment-78\" class=\"size-medium wp-image-78\" src=\"http:\/\/blog.espol.edu.ec\/raulito\/files\/2009\/03\/foto7-294x300.jpg\" alt=\"Barcelona\" width=\"294\" height=\"300\" \/><\/a><p id=\"caption-attachment-78\" class=\"wp-caption-text\">Barcelona<\/p><\/div>\n<p>Holaaaaaaaaaaaaaaaaaaaaaaaaaaa<br \/>\nComo les dije soy un hincha a muerte de Barcelona no hay mejor equipo que el aunque hace mucho tiempo no quedamos campeones no importa mucho porque estoy seguro que este a\u00f1o logramos la estrella numero catorce<br \/>\nMe decidi de hablar de barcelona por dos razones una porque no podria olvidarme de mi querido equipo y otra porque mi profesora de programas utilitarios II la Ing. Eva Maria Mera Intriago en hincha del equipo torero.....................<br \/>\nSi les interesa pueden hacer click en la imagen de Barcelona en la parte superior de arriba y llegaran a la pagina oficial del BSC<\/p>\n<h4><span style=\"color: #008080\">Aqui les pongo un poquito de la historia del mejor equipo del Ecuador de todos los tiempo<\/span><\/h4>\n<p><object width=\"425\" height=\"344\"><param name=\"allowFullScreen\" value=\"true\" \/><param name=\"allowscriptaccess\" value=\"always\" \/><param name=\"src\" value=\"http:\/\/www.youtube.com\/v\/U8hejoe_2zQ&amp;hl=es&amp;fs=1\" \/><embed type=\"application\/x-shockwave-flash\" width=\"425\" height=\"344\" src=\"http:\/\/www.youtube.com\/v\/U8hejoe_2zQ&amp;hl=es&amp;fs=1\"><\/embed><\/object><\/p>\n<h4><span style=\"color: #008080\">\"El Barcelona Sporting Club fue fundado el 1 de Mayo de 1925 en Guayaquil. Su primer Presidente fue el Sr. Carlos<br \/>\nGarc\u00eda R\u00edos, ecuatoriano, y el primer Presidente Honorario el Sr. Onofre Castells, espa\u00f1ol de la regi\u00f3n de<br \/>\nCatalu\u00f1a. El nombre de Barcelona fue puesto por los j\u00f3venes del Barrio del Astillero en agradecimiento al apoyo<br \/>\nque immigrantes catalanes dieron al club en sus comienzos.<\/span><\/h4>\n<h4><span style=\"color: #008080\">Los colores iniciales del Barcelona fueron: camiseta negra con vivos blancos, pantalones blancos y medias negras.<br \/>\nEl equipo gan\u00f3 el ascenso a primera divisi\u00f3n el mismo a\u00f1o de su fundaci\u00f3n. En 1927 se hizo el cambio de colores del uniforme: camiseta amarilla y roja a rayas verticales, pantal\u00f3n y medias rojas. Durante algunos a\u00f1os el club<br \/>\nparticip\u00f3 en b\u00e9isbol, box, atletismo y ciclismo, obteniendo varios t\u00edtulos, pero en f\u00fatbol reci\u00e9n logr\u00f3 su primer<br \/>\ncampeonato de primera divisi\u00f3n en 1960, \u00faltimo a\u00f1o del amateurismo. En esa \u00e9poca su uniforme era de camisa<br \/>\n<span>amarilla con vivos rojos, pantal\u00f3n y medias negras, que con ciertas variantes se mantiene hasta ahora<\/span><br \/>\n<\/span><\/h4>\n<h4><span style=\"color: #008080\">Su primer t\u00edtulo profesional lo obtuvo como campe\u00f3n de la provincia del Guayas en 1955, y en el primer<br \/>\ncampeonato nacional profesional, en 1957, fue vicecampe\u00f3n. En la reanudaci\u00f3n de los campeonatos nacionales en<br \/>\n1960 obtuvo su primer t\u00edtulo de campe\u00f3n y desde entonces hasta la presente, es el equipo que m\u00e1s campeonatos ha<br \/>\nobtenido y el \u00fanico equipo de primera divisi\u00f3n que jam\u00e1s ha descendido de categor\u00eda en los campeonatos<br \/>\nnacionales. Ha sido campe\u00f3n nacional en 1960, 1963, 1966, 1970, 1971, 1980, 1981, 1985, 1987, 1989, 1991 y 1995.<\/span><\/h4>\n<h4><span style=\"color: #008080\">Es el equipo ecuatoriano con m\u00e1s participaciones en la Copa Libertadores de Am\u00e9rica, ha jugado las de 1961, 1964,<br \/>\n1967, 1969, 1971, 1972, 1981, 1982, 1983, 1986, 1987, 1988, 1990, 1991, 1992, 1993, 1994 y est\u00e1 clasificado, como<br \/>\nCampe\u00f3n Nacional, para jugar la de 1996. Se ha clasificado para las semifinales de la Copa Libertadores en 1971,<br \/>\n1972, 1986, 1987, 1992 y fue finalista en 1990, quedando vicecampe\u00f3n.<\/span><\/h4>\n<h4><span style=\"color: #008080\">A trav\u00e9s de la historia de sus figuras se han convertido en verdaderas leyendas del f\u00fatbol ecuatoriano. En la \u00e9poca amateur sus m\u00e1s famosos jugadores fueron Manuel Murillo, centromedio, y Rigoberto Aguirre, arquero. En los comienzos del profesionalismo, Sigifrdo Chuchuca, centrodelantero; Enrique Cantos, interior; Enrique Romo, arquero; Carlos S\u00e1nchez, defensa central; Jos\u00e9 Vargas, interior; y Guido Andrade, puntero. Conesos jugadores en 1949 derrot\u00f3 a Millonarios de Colombia que ten\u00eda a los jugadores de la selecci\u00f3n argentina Alfredo Di St\u00e9fano, Adolfo Pedernera y Nestor Ra\u00fal Rossi, entre otras figuras internacionales, realiz\u00f3 adem\u00e1s una gira por el norte de Colombia, regresando invicto y dando los pasos iniciales para constituirse en el Idolo de la afici\u00f3n, t\u00edtulo con que la prensa<br \/>\ndeportiva lo reconoce desde 1949.<\/span><\/h4>\n<h4><span style=\"color: #008080\">En 1971, en la Copa Libertadores de Am\u00e9rica, en las semifinales, derrot\u00f3 1-0 en Argentina a Estudiantes de La<br \/>\nPlata, entonces tricampe\u00f3n de Am\u00e9rica, rest\u00e1ndole el invicto que ten\u00eda como local en cuatro a\u00f1os consecutivos de la<br \/>\nCopa Libertadores. El gol lo anot\u00f3 el padre Juan Manuel Bazurco, religioso espa\u00f1ol, ante un pase de Alberto<br \/>\nSpencer, el jugador ecuatoriano que ostenta el r\u00e9cord de goles en la Copa Libertadores y que fuera dos veces<br \/>\ncampe\u00f3n intercontinental jugando por el Pe\u00f1arol de Uruguay.<\/span><\/h4>\n<h4><span style=\"color: #008080\">En 1990 Barcelona fue finalista de la Copa Libertadores, siendo superado por el club Olimpia de Paraguay con<br \/>\nmarcador acumulado de 3-1 (2-0 en Asunci\u00f3n y 1-1 en Guayaquil). Antes de llegar a las finales Barcelona elimin\u00f3 a<br \/>\nOriente Petrolero de Bolivia, Progreso de Uruguay, Emelec de Ecuador y River Plate de Argentina. Frente a este<br \/>\n\u00faltimo equipo, tuvo destacada actuaci\u00f3n su arquero Carlos Luis Morales, quien detuvo dos penales, uno en el juego<br \/>\nen Buenos Aires y el otro en la definici\u00f3n de la eliminatoria en Guayaquil.<\/span><\/h4>\n<h4><span style=\"color: #008080\">En 1995, Barcelona ha ganado la primera parte del Campeonato Nacional de F\u00fatbol denominada \"Torneo<br \/>\nApertura\" y est\u00e1 clasificado para la Copa Libertadores de 1996 por d\u00e9cimo octava ocasi\u00f3n.\"<\/span><\/h4>\n<h6 style=\"text-align: center\">E<span style=\"color: #000000\">sta informacion fue tomada de:<br \/>\nyahoo, obtenida: 3 de marzo del 2009, Historia de Barcelona Sporting Club, desde\u00a0<a href=\"http:\/\/www.geocities.com\/Colosseum\/Track\/5532\/historia.html\">h<span style=\"color: #000000\">ttp:\/\/www.geocities.com\/Colosseum\/Track\/5532\/historia.html\u00a0<\/span><\/a><\/span>\u00a0<\/h6>\n<p>\u00a0<\/p>\n<p><\/span><\/h4>\n","protected":false},"excerpt":{"rendered":"<p>Holaaaaaaaaaaaaaaaaaaaaaaaaaaa Como les dije soy un hincha a muerte de Barcelona no hay mejor equipo que el aunque hace mucho tiempo no quedamos campeones no importa mucho porque estoy seguro que este a\u00f1o logramos la estrella numero catorce Me decidi de hablar de barcelona por dos razones una porque no podria olvidarme de mi querido [&hellip;]<\/p>\n","protected":false},"author":1350,"featured_media":0,"parent":0,"menu_order":0,"comment_status":"open","ping_status":"closed","template":"","meta":{"footnotes":""},"class_list":["post-13","page","type-page","status-publish","hentry"],"_links":{"self":[{"href":"https:\/\/blog.espol.edu.ec\/raulito\/wp-json\/wp\/v2\/pages\/13","targetHints":{"allow":["GET"]}}],"collection":[{"href":"https:\/\/blog.espol.edu.ec\/raulito\/wp-json\/wp\/v2\/pages"}],"about":[{"href":"https:\/\/blog.espol.edu.ec\/raulito\/wp-json\/wp\/v2\/types\/page"}],"author":[{"embeddable":true,"href":"https:\/\/blog.espol.edu.ec\/raulito\/wp-json\/wp\/v2\/users\/1350"}],"replies":[{"embeddable":true,"href":"https:\/\/blog.espol.edu.ec\/raulito\/wp-json\/wp\/v2\/comments?post=13"}],"version-history":[{"count":21,"href":"https:\/\/blog.espol.edu.ec\/raulito\/wp-json\/wp\/v2\/pages\/13\/revisions"}],"predecessor-version":[{"id":48,"href":"https:\/\/blog.espol.edu.ec\/raulito\/wp-json\/wp\/v2\/pages\/13\/revisions\/48"}],"wp:attachment":[{"href":"https:\/\/blog.espol.edu.ec\/raulito\/wp-json\/wp\/v2\/media?parent=13"}],"curies":[{"name":"wp","href":"https:\/\/api.w.org\/{rel}","templated":true}]}}