{"id":51,"date":"2009-03-07T18:26:15","date_gmt":"2009-03-07T23:26:15","guid":{"rendered":"http:\/\/blog.espol.edu.ec\/rcguaman\/?page_id=51"},"modified":"2009-03-08T00:03:56","modified_gmt":"2009-03-08T05:03:56","slug":"reflexiones-sobre-la-motivacion","status":"publish","type":"page","link":"https:\/\/blog.espol.edu.ec\/rcguaman\/reflexiones-sobre-la-motivacion\/","title":{"rendered":"REFLEXIONES SOBRE LA MOTIVACI\u00d3N"},"content":{"rendered":"<div><strong><span style=\"color: #ffc000;font-family: &quot;Baskerville Old Face&quot;,&quot;serif&amp;quot\"><span style=\"font-size: small\"><span style=\"color: #000000\"><span style=\"font-family: Calibri\"><\/span><\/span><\/span><\/span><\/strong><\/div>\n<p><strong><span style=\"color: #ffc000;font-family: &quot;Baskerville Old Face&quot;,&quot;serif&amp;quot\"><span style=\"font-size: small\"><span style=\"color: #000000\"><span style=\"font-family: Calibri\"><span style=\"font-size: 14pt;font-family: &quot;Times New Roman&quot;,&quot;serif&amp;quot\"><\/p>\n<p class=\"MsoNormal\" style=\"text-align: center\"><span><span style=\"font-family: Calibri\"><\/span><\/span><\/p>\n<p class=\"MsoNormal\" style=\"text-align: center\"><span><span style=\"font-family: Calibri\"><span style=\"color: #ffcc00\">TREBOL DE LA VIDA DIARIA<\/span><\/span><\/span><\/p>\n<p class=\"MsoNormal\" style=\"text-align: left\"><span style=\"font-family: Calibri\"><span style=\"color: #3a9b3c\"><span style=\"font-size: 14pt;font-family: &quot;&quot;serif&amp;quot&quot;,&quot;serif&quot;Times New Roman&quot;Times New Roman&quot;color\">\u00a0<\/span><\/span><\/span><\/p>\n<p class=\"MsoNormal\" style=\"margin: 0cm 0cm 10pt;text-align: center\" align=\"center\">\n<table class=\"MsoNormalTable\" border=\"0\" cellspacing=\"0\" cellpadding=\"0\" align=\"left\">\n<tbody>\n<tr>\n<td style=\"border: #f0f0f0;padding: 0cm\" valign=\"top\">\u00a0<\/td>\n<\/tr>\n<\/tbody>\n<\/table>\n<p><span style=\"font-family: Calibri\"><span style=\"color: #3a9b3c\"><span style=\"font-size: 14pt;font-family: &quot;&quot;serif&amp;quot&quot;,&quot;serif&quot;Times New Roman&quot;Times New Roman&quot;color\"><font face=\"Calibri\"><font color=\"#3a9b3c\"><font face=\"#33cc33\"><\/p>\n<div style=\"text-align: left\">\n<tbody>\n<tr>\n<td style=\"border: #f0f0f0;padding: 0cm\" align=\"left\" valign=\"top\">\n<p class=\"MsoNormal\" style=\"margin: 0cm 0cm 0pt;vertical-align: baseline\"><span style=\"font-size: 41pt;font-family: &quot;&quot;serif&amp;quot&quot;,&quot;serif&quot;Times New Roman&quot;Times New Roman&quot;color\"><span style=\"font-family: Calibri\"><span style=\"color: #3a9b3c\">T<\/span><\/span><\/span><\/p>\n<\/td>\n<\/tr>\n<p>Tres \u00a0grandes temas motivan e influyen en los comportamientos del hombre moderno: lo laboral, lo social y lo afectivo.<\/tbody>\n<\/div>\n<p><\/font><\/font><\/font><\/span><font face=\"Calibri\"><font color=\"#3a9b3c\"><\/p>\n<div style=\"text-align: left\">\n<tbody><\/tbody>\n<\/div>\n<p><\/font><\/font><\/span><font face=\"Calibri\"><\/p>\n<div style=\"text-align: left\">\n<tbody><\/tbody>\n<\/div>\n<p><\/font><\/span><\/p>\n<div style=\"text-align: left\">\n<tbody><\/tbody>\n<\/div>\n<p class=\"MsoNormal\" style=\"text-align: left\">\u00a0<\/p>\n<p class=\"MsoNormal\" style=\"margin: 0cm 0cm 10pt;text-align: center\" align=\"center\">\n<p class=\"MsoNormal\" style=\"margin: 0cm 0cm 10pt\"><span style=\"font-family: Calibri\"><span style=\"color: #3a9b3c\"><span style=\"font-size: 14pt;font-family: &quot;&quot;serif&amp;quot&quot;,&quot;serif&quot;Times New Roman&quot;Times New Roman&quot;color\">Esta especie de tr\u00e9bol vital compromete las preocupaciones y afanes de todos los d\u00edas. Toda persona afronta y vive cada una de estas tres \u00e1reas de sus vidas con mayor o menor intensidad, de acuerdo con su personalidad y sus circunstancias.<\/span><\/span><\/span><\/p>\n<p class=\"MsoNormal\" style=\"margin: 0cm 0cm 10pt\"><span style=\"font-family: Calibri\"><span style=\"color: #3a9b3c\"><span style=\"font-size: 14pt;font-family: &quot;&quot;serif&amp;quot&quot;,&quot;serif&quot;Times New Roman&quot;Times New Roman&quot;color\">En primer lugar, la preocupaci\u00f3n por la vida laboral tiene que ver con el problema de la insatisfacci\u00f3n en el trabajo y con la frustraci\u00f3n diaria que a menudo proporciona. Se sabe a ciencia cierta que el estr\u00e9s causado por el trabajo es fuente\u00a0 de enfermedades tanto f\u00edsicas como emocionales y, obviamente, la causa de muchos problemas en la familia.<\/span><\/span><\/span><\/p>\n<p class=\"MsoNormal\" style=\"margin: 0cm 0cm 10pt\"><span style=\"font-family: Calibri\"><span style=\"color: #3a9b3c\"><span style=\"font-size: 14pt;font-family: &quot;&quot;serif&amp;quot&quot;,&quot;serif&quot;Times New Roman&quot;Times New Roman&quot;color\">En segundo lugar, la preocupaci\u00f3n por la vida social tiene que ver con el problema de la soledad y con el permanente deseo de comunicaci\u00f3n interpersonal verdaderamente genuina. Contar con un c\u00edrculo de intereses que lo pongan en contacto con personas de distinto tipo se ha convertido en una gran motivaci\u00f3n para mucha gente. No de otra manera se entiende la proliferaci\u00f3n de movimientos religiosos, en todos los estratos sociales, que, adem\u00e1s de crear lazos de amistad, responden a necesidades superiores del ser humano.<\/span><\/span><\/span><\/p>\n<p class=\"MsoNormal\" style=\"margin: 0cm 0cm 10pt\"><span style=\"font-family: Calibri\"><span style=\"color: #3a9b3c\"><span style=\"font-size: 14pt;font-family: &quot;&quot;serif&amp;quot&quot;,&quot;serif&quot;Times New Roman&quot;Times New Roman&quot;color\">En tercer lugar, la preocupaci\u00f3n por la vida afectiva y sexual tiene que ver con el problema de la incapacidad de amar, de darse totalmente al otro y, adem\u00e1s, con la b\u00fasqueda de atenuantes temporales en encuentros con el sexo opuesto. El amor en verdad es una fuente de motivaci\u00f3n enorme para todos los seres humanos, en su b\u00fasqueda se hacen todo tipo de cosas, buenas y malas, a fin de conseguir ese afecto que permite a las persona s sentirse valoradas y necesarias para alguien.<\/span><\/span><\/span><\/p>\n<p class=\"MsoNormal\" style=\"margin: 0cm 0cm 10pt\"><span style=\"font-family: Calibri\"><span style=\"color: #3a9b3c\"><span style=\"font-size: 14pt;font-family: &quot;&quot;serif&amp;quot&quot;,&quot;serif&quot;Times New Roman&quot;Times New Roman&quot;color\">La insatisfacci\u00f3n en el trabajo, la soledad y la incapacidad de amar son, entonces, situaciones vitales que todos estamos resolviendo d\u00eda a d\u00eda. De nuestra respuesta a la vivencia de estas tres situaciones depende no solamente la estabilidad emocional, sino tambi\u00e9n los mejores momentos de la vida social y laboral.<\/span><\/span><\/span><\/p>\n<p><span style=\"font-size: 14pt;font-family: &quot;&quot;serif&amp;quot&quot;,&quot;serif&quot;Times New Roman&quot;Times New Roman&quot;color\"><span style=\"color: #3a9b3c\"><\/p>\n<p class=\"MsoNormal\" style=\"margin: 0cm 0cm 10pt\"><span style=\"font-size: 14pt;color: #33cc33;font-family: &quot;Baskerville Old Face&quot;,&quot;serif&quot\">C<span style=\"color: #339966\">uando se le pregunta a las personas mayores:<span>\u00a0\u00a0 <\/span>\u00bfsi pudiera cambiar algo de su vida,<span>\u00a0 <\/span>qu\u00e9 cambiaria? La mayor\u00eda de las respuestas son: hubiera trabajado menos y hubiera disfrutado mas a mis hijos, a mi familia, a mis amigos; hubiera visto mas puestas de sol, le\u00eddo m\u00e1s libros, cultivado mas pasatiempos para mi vejez.<\/span><\/span><\/p>\n<p><\/span><\/span><\/p>\n<div><\/div>\n<p class=\"MsoNormal\" style=\"margin: 0cm 0cm 10pt;text-align: center\" align=\"center\"><span style=\"color: #000000\"><\/p>\n<p class=\"MsoNormal\" style=\"margin: 0cm 0cm 10pt;text-align: center\" align=\"center\"><span style=\"color: #339966\">\u00a0<\/span><\/p>\n<p>\u00a0<\/p>\n<p><\/span><\/p>\n<p class=\"MsoNormal\" style=\"margin: 0cm 0cm 10pt;text-align: center\" align=\"center\">\u00a0<\/p>\n<p class=\"MsoNormal\" style=\"margin: 0cm 0cm 10pt\"><span style=\"font-size: 14pt;color: #d60093;font-family: Vivaldi\">La pregunta de si uno vive para trabajar o trabaja para vivir, es el fundamento de muchas miradas sobre la vida que se reflejan en las acciones cotidianas<\/span><\/p>\n<p class=\"MsoNormal\" style=\"margin: 0cm 0cm 10pt\"><span><span style=\"font-family: Calibri\">\u00a0<\/span><\/span><\/p>\n<p class=\"MsoNormal\" style=\"margin: 0cm 0cm 0pt\"><span style=\"color: #000000\"><span style=\"font-family: Calibri\"><span style=\"font-size: 12pt\">\u00a0<\/span><\/span><\/span><\/p>\n<p class=\"MsoNormal\" style=\"margin: 0cm 0cm 0pt\"><span><span style=\"color: #000000;font-family: Calibri\">L\u00f3pez, J. &amp; Bernal, M \u00a0(2005) , Y \u00bfDe qui\u00e9n es la culpa?, C\u00edrculo de Lectores S.A. , Bogot\u00e1-Colombia. <\/span><\/span><\/p>\n<div><span style=\"color: #ffc000;font-family: &quot;Baskerville Old Face&quot;,&quot;serif&amp;quot\"><\/span><\/div>\n<p><span style=\"color: #ffc000;font-family: &quot;Baskerville Old Face&quot;,&quot;serif&amp;quot\"><span style=\"font-size: small\"><\/p>\n<p class=\"MsoNormal\" style=\"margin: 0cm 0cm 10pt;text-align: center\" align=\"center\">\u00a0<\/p>\n<div><\/div>\n<p><\/span><\/span><span style=\"color: #ffc000;font-family: &quot;Baskerville Old Face&quot;,&quot;serif&amp;quot\"><\/p>\n<p class=\"MsoNormal\" style=\"margin: 0cm 0cm 10pt;text-align: center\" align=\"center\">\u00a0<\/p>\n<p>\u00a0<\/p>\n<p><\/span><\/p>\n<p class=\"MsoNormal\" style=\"margin: 0cm 0cm 10pt;text-align: center\" align=\"center\">\u00a0<\/p>\n<p>\u00a0<\/p>\n<p class=\"MsoNormal\" style=\"margin: 0cm 0cm 10pt;text-align: center\" align=\"center\">\u00a0<\/p>\n<p class=\"MsoNormal\" style=\"margin: 0cm 0cm 10pt;text-align: center\" align=\"center\">\u00a0<\/p>\n<p><\/span><\/span><\/span><\/span><\/span><\/strong><\/p>\n","protected":false},"excerpt":{"rendered":"<p>TREBOL DE LA VIDA DIARIA \u00a0 \u00a0 T Tres \u00a0grandes temas motivan e influyen en los comportamientos del hombre moderno: lo laboral, lo social y lo afectivo. \u00a0 Esta especie de tr\u00e9bol vital compromete las preocupaciones y afanes de todos los d\u00edas. Toda persona afronta y vive cada una de estas tres \u00e1reas de sus [&hellip;]<\/p>\n","protected":false},"author":1408,"featured_media":0,"parent":0,"menu_order":0,"comment_status":"open","ping_status":"open","template":"","meta":{"footnotes":""},"class_list":["post-51","page","type-page","status-publish","hentry"],"_links":{"self":[{"href":"https:\/\/blog.espol.edu.ec\/rcguaman\/wp-json\/wp\/v2\/pages\/51","targetHints":{"allow":["GET"]}}],"collection":[{"href":"https:\/\/blog.espol.edu.ec\/rcguaman\/wp-json\/wp\/v2\/pages"}],"about":[{"href":"https:\/\/blog.espol.edu.ec\/rcguaman\/wp-json\/wp\/v2\/types\/page"}],"author":[{"embeddable":true,"href":"https:\/\/blog.espol.edu.ec\/rcguaman\/wp-json\/wp\/v2\/users\/1408"}],"replies":[{"embeddable":true,"href":"https:\/\/blog.espol.edu.ec\/rcguaman\/wp-json\/wp\/v2\/comments?post=51"}],"version-history":[{"count":4,"href":"https:\/\/blog.espol.edu.ec\/rcguaman\/wp-json\/wp\/v2\/pages\/51\/revisions"}],"predecessor-version":[{"id":53,"href":"https:\/\/blog.espol.edu.ec\/rcguaman\/wp-json\/wp\/v2\/pages\/51\/revisions\/53"}],"wp:attachment":[{"href":"https:\/\/blog.espol.edu.ec\/rcguaman\/wp-json\/wp\/v2\/media?parent=51"}],"curies":[{"name":"wp","href":"https:\/\/api.w.org\/{rel}","templated":true}]}}