{"id":146,"date":"2009-02-15T00:00:55","date_gmt":"2009-02-15T05:00:55","guid":{"rendered":"http:\/\/blog.espol.edu.ec\/rdcv\/?page_id=146"},"modified":"2009-10-14T13:20:44","modified_gmt":"2009-10-14T18:20:44","slug":"contenido-academico","status":"publish","type":"page","link":"https:\/\/blog.espol.edu.ec\/rdcv\/contenido-academico\/","title":{"rendered":"Contenido acad\u00e9mico"},"content":{"rendered":"<p><span style=\"color: #000000\">En esta secci\u00f3n encontrar\u00e1n material de estudio de las materias de Algebra Lineal y Ecuaciones Diferenciales<\/span><\/p>\n<p><span style=\"color: #000000\"><!--more--><\/span><\/p>\n<h1 style=\"text-align: center\"><span style=\"color: #000000\"><strong><em>Ecuaciones Diferenciales<\/em><\/strong><\/span><\/h1>\n<p><span style=\"color: #000000\"><!--more--><\/span><\/p>\n<h2 style=\"text-align: center\"><span style=\"color: #000000\"><strong>Solucionarios de problemas de Ecuaciones Diferenciales<\/strong><\/span><\/h2>\n<p><!--more--><\/p>\n<p style=\"text-align: justify\">\n<p style=\"text-align: justify\"><span style=\"color: #000000\">Pongo a vuestra disposici\u00f3n un\u00a0 solucionario de Problemas de la materia de Ecuaciones Diferenciales.\u00a0 Espero que les sea de mucha ayuda, puesto que ha sido elaborado con mucha dedicaci\u00f3n y esfuerzo cuando fui ayudante de la materia de Ecuaciones Diferenciales.<\/span><\/p>\n<p style=\"text-align: justify\"><span style=\"color: #000000\">Este es un trabajo que recopila muchos problemas t\u00edpicos de ex\u00e1menes del segundo parcial. Como ver\u00e1n esta es la tercera modificaci\u00f3n que se hace al solucionario , por lo tanto recopila temas de varios a\u00f1os. <\/span><\/p>\n<p><span style=\"color: #000000\">Aqu\u00ed el link para la descarga.<\/span><\/p>\n<p><a href=\"http:\/\/blog.espol.edu.ec\/rdcv\/files\/2009\/02\/ecuaciones_diferenciales_1ra_parte.pdf\">Ecuaciones Diferenciales Primera Parte<\/a><\/p>\n<p><span style=\"color: #000000\"><a href=\"http:\/\/blog.espol.edu.ec\/rdcv\/files\/2009\/02\/ecuacdif1.pdf\">Ecuaciones Diferenciales Segunda Parte<\/a><\/span><\/p>\n<div class=\"mceTemp\">\n<dl><\/dl>\n<\/div>\n<p><span style=\"color: #000000\"><!--more--><\/span><\/p>\n<h1 style=\"text-align: center\"><span style=\"color: #000000\"><strong><em>Algebra Lineal<\/em><\/strong><\/span><\/h1>\n<p><span style=\"color: #000000\"><!--more--><\/span><\/p>\n<h2 style=\"text-align: center\"><span style=\"color: #000000\"><strong>Ejercicios de Algebra Lineal<\/strong><\/span><\/h2>\n<p style=\"text-align: justify\"><span style=\"color: #000000\">Aqu\u00ed adjunto ejercicios de Algebra Lineal del Primer Parcial y Segundo Parcial:<\/span><\/p>\n<p><span style=\"color: #000000\"><a href=\"http:\/\/blog.espol.edu.ec\/rdcv\/files\/2009\/02\/deber_na01.pdf\">Parte 1<\/a><\/span><\/p>\n<p><span style=\"color: #000000\"><a href=\"http:\/\/blog.espol.edu.ec\/rdcv\/files\/2009\/02\/deber_na03.pdf\">Parte 2<\/a><\/span><\/p>\n<p><span style=\"color: #000000\"><a href=\"http:\/\/blog.espol.edu.ec\/rdcv\/files\/2009\/02\/deber_na04.pdf\">Parte 3<\/a><\/span><\/p>\n<p><span style=\"color: #000000\"><a href=\"http:\/\/blog.espol.edu.ec\/rdcv\/files\/2009\/02\/deber_na05.pdf\">Parte 4<\/a><\/span><\/p>\n<p><span style=\"color: #000000\"><a href=\"http:\/\/blog.espol.edu.ec\/rdcv\/files\/2009\/02\/deber_na06.pdf\">Parte 5<\/a><\/span><\/p>\n<p><span style=\"color: #000000\"><a href=\"http:\/\/blog.espol.edu.ec\/rdcv\/files\/2009\/02\/deber_na07.pdf\">Parte 6<\/a><\/span><\/p>\n<p><span style=\"color: #000000\"><a href=\"http:\/\/blog.espol.edu.ec\/rdcv\/files\/2009\/02\/deber_na08.pdf\">Parte 7<\/a><\/span><\/p>\n<p><span style=\"color: #000000\"><a href=\"http:\/\/blog.espol.edu.ec\/rdcv\/files\/2009\/02\/deber_na09.pdf\">Parte 8<\/a><\/span><\/p>\n<p><span style=\"color: #000000\"><a href=\"http:\/\/blog.espol.edu.ec\/rdcv\/files\/2009\/02\/deber_na10.pdf\">Parte 9<\/a><\/span><\/p>\n<p><span style=\"color: #000000\"><a href=\"http:\/\/blog.espol.edu.ec\/rdcv\/files\/2009\/02\/deber_na11.pdf\">Parte 10<\/a><\/span><\/p>\n<p><span style=\"color: #000000\">Alg\u00fan comentario haz click en <a href=\"http:\/\/blog.espol.edu.ec\/rdcv\/ecuacionesdiferenciales\/#comments\" target=\"_self\">link<\/a><\/span><\/p>\n","protected":false},"excerpt":{"rendered":"<p>En esta secci\u00f3n encontrar\u00e1n material de estudio de las materias de Algebra Lineal y Ecuaciones Diferenciales<\/p>\n","protected":false},"author":470,"featured_media":0,"parent":0,"menu_order":0,"comment_status":"open","ping_status":"open","template":"","meta":{"footnotes":""},"class_list":["post-146","page","type-page","status-publish","hentry"],"_links":{"self":[{"href":"https:\/\/blog.espol.edu.ec\/rdcv\/wp-json\/wp\/v2\/pages\/146","targetHints":{"allow":["GET"]}}],"collection":[{"href":"https:\/\/blog.espol.edu.ec\/rdcv\/wp-json\/wp\/v2\/pages"}],"about":[{"href":"https:\/\/blog.espol.edu.ec\/rdcv\/wp-json\/wp\/v2\/types\/page"}],"author":[{"embeddable":true,"href":"https:\/\/blog.espol.edu.ec\/rdcv\/wp-json\/wp\/v2\/users\/470"}],"replies":[{"embeddable":true,"href":"https:\/\/blog.espol.edu.ec\/rdcv\/wp-json\/wp\/v2\/comments?post=146"}],"version-history":[{"count":32,"href":"https:\/\/blog.espol.edu.ec\/rdcv\/wp-json\/wp\/v2\/pages\/146\/revisions"}],"predecessor-version":[{"id":165,"href":"https:\/\/blog.espol.edu.ec\/rdcv\/wp-json\/wp\/v2\/pages\/146\/revisions\/165"}],"wp:attachment":[{"href":"https:\/\/blog.espol.edu.ec\/rdcv\/wp-json\/wp\/v2\/media?parent=146"}],"curies":[{"name":"wp","href":"https:\/\/api.w.org\/{rel}","templated":true}]}}