{"id":269,"date":"2010-02-13T02:51:08","date_gmt":"2010-02-13T07:51:08","guid":{"rendered":"http:\/\/blog.espol.edu.ec\/rdcv\/?page_id=269"},"modified":"2012-06-08T19:29:36","modified_gmt":"2012-06-09T00:29:36","slug":"roberto","status":"publish","type":"page","link":"https:\/\/blog.espol.edu.ec\/rdcv\/roberto\/","title":{"rendered":"\u00bfQui\u00e9n soy?"},"content":{"rendered":"<p><a href=\"http:\/\/blog.espol.edu.ec\/rdcv\/files\/2009\/02\/Foto-431x640-216x320.jpg\"><img loading=\"lazy\" decoding=\"async\" class=\"alignnone  wp-image-313\" src=\"http:\/\/blog.espol.edu.ec\/rdcv\/files\/2009\/02\/Foto-431x640-216x320-202x300.jpg\" alt=\"\" width=\"121\" height=\"180\" srcset=\"https:\/\/blog.espol.edu.ec\/rdcv\/files\/2009\/02\/Foto-431x640-216x320-202x300.jpg 202w, https:\/\/blog.espol.edu.ec\/rdcv\/files\/2009\/02\/Foto-431x640-216x320.jpg 216w\" sizes=\"auto, (max-width: 121px) 100vw, 121px\" \/><\/a><\/p>\n<p><span style=\"color: #008000\"><strong>Saludos compa\u00f1eros, soy Roberto Cabrera graduado de la carrera de Ingenier\u00eda en Electr\u00f3nica y Telecomunicaciones de la FIEC. Este es mi blog de presentaci\u00f3n.<\/strong><\/span><\/p>\n<p>P\u00e1ginas:<\/p>\n<p><a href=\"http:\/\/blog.espol.edu.ec\/rdcv\/ecuaciones-diferenciales-roberto-cabrera\/\" target=\"_blank\">http:\/\/blog.espol.edu.ec\/rdcv\/ecuaciones-diferenciales-roberto-cabrera\/<\/a><\/p>\n<p><strong><br \/>\n<\/strong><\/p>\n","protected":false},"excerpt":{"rendered":"<p>Saludos compa\u00f1eros, soy Roberto Cabrera graduado de la carrera de Ingenier\u00eda en Electr\u00f3nica y Telecomunicaciones de la FIEC. Este es mi blog de presentaci\u00f3n. P\u00e1ginas: http:\/\/blog.espol.edu.ec\/rdcv\/ecuaciones-diferenciales-roberto-cabrera\/<\/p>\n","protected":false},"author":470,"featured_media":0,"parent":0,"menu_order":0,"comment_status":"open","ping_status":"open","template":"","meta":{"footnotes":""},"class_list":["post-269","page","type-page","status-publish","hentry"],"_links":{"self":[{"href":"https:\/\/blog.espol.edu.ec\/rdcv\/wp-json\/wp\/v2\/pages\/269","targetHints":{"allow":["GET"]}}],"collection":[{"href":"https:\/\/blog.espol.edu.ec\/rdcv\/wp-json\/wp\/v2\/pages"}],"about":[{"href":"https:\/\/blog.espol.edu.ec\/rdcv\/wp-json\/wp\/v2\/types\/page"}],"author":[{"embeddable":true,"href":"https:\/\/blog.espol.edu.ec\/rdcv\/wp-json\/wp\/v2\/users\/470"}],"replies":[{"embeddable":true,"href":"https:\/\/blog.espol.edu.ec\/rdcv\/wp-json\/wp\/v2\/comments?post=269"}],"version-history":[{"count":6,"href":"https:\/\/blog.espol.edu.ec\/rdcv\/wp-json\/wp\/v2\/pages\/269\/revisions"}],"predecessor-version":[{"id":271,"href":"https:\/\/blog.espol.edu.ec\/rdcv\/wp-json\/wp\/v2\/pages\/269\/revisions\/271"}],"wp:attachment":[{"href":"https:\/\/blog.espol.edu.ec\/rdcv\/wp-json\/wp\/v2\/media?parent=269"}],"curies":[{"name":"wp","href":"https:\/\/api.w.org\/{rel}","templated":true}]}}