{"id":365,"date":"2013-05-23T12:43:11","date_gmt":"2013-05-23T17:43:11","guid":{"rendered":"http:\/\/blog.espol.edu.ec\/rdcv\/?page_id=365"},"modified":"2013-08-22T16:14:12","modified_gmt":"2013-08-22T21:14:12","slug":"tareas-6to-fima","status":"publish","type":"page","link":"https:\/\/blog.espol.edu.ec\/rdcv\/tareas-6to-fima\/","title":{"rendered":"TAREAS 6TO FIMA"},"content":{"rendered":"<p>GUAYAQUIL 22 de Agosto DE 2013<\/p>\n<h2>TERCER PARCIAL<\/h2>\n<h4>PROYECTO N\u00b0 01: T\u00c9CNICAS DE GRAFICACI\u00d3N:\u00a0<a href=\"http:\/\/blog.espol.edu.ec\/rdcv\/files\/2013\/05\/PROYECTO13ERPARCIAL.docx\">PROYECTO13ERPARCIAL<\/a><\/h4>\n<h4>PROYECTO N\u00b0 02: PLANTEO DE ECUACIONES:\u00a0<a href=\"http:\/\/blog.espol.edu.ec\/rdcv\/files\/2013\/05\/PROYECTO1ALFABRAVO3ERPARCIAL.docx\">PROYECTO1ALFABRAVO3ERPARCIAL<\/a><\/h4>\n<p>SEGUNDO PARCIAL<\/p>\n<h4>PROYECTO N\u00b0 02<\/h4>\n<p><a href=\"http:\/\/blog.espol.edu.ec\/rdcv\/files\/2013\/05\/PROYECTO2ALFABRAVO2.docx\">PROYECTO2ALFABRAVO<\/a><\/p>\n<h5>FECHA DE ENTREGA: LUNES 15 DE JULIO( BRAVO)<\/h5>\n<h5>VIERNES 12 DE JULIO (ALFA)<\/h5>\n<p>&nbsp;<\/p>\n<p>PROYECTO N\u00b0 01<\/p>\n<p>FECHA DE ENTREGA: LA ESTABLECIDA EN CLASE<\/p>\n<p>BRAVO: LUNES 1 DE JULIO<\/p>\n<p>ALFA: MARTES 2 DE JULIO<\/p>\n<p><a href=\"http:\/\/blog.espol.edu.ec\/rdcv\/files\/2013\/05\/PROYECTO1BRAVO.docx\">PROYECTO1ALFABRAVO<\/a><\/p>\n<p>&nbsp;<\/p>\n<p>Estimados cadetes les publico la Tarea que deber\u00e1n entregar el d\u00eda Lunes 27 de mayo, les recuerdo que la lecci\u00f3n quedar\u00e1 para el d\u00eda siguiente dependiendo del horario.<\/p>\n<p><a href=\"http:\/\/blog.espol.edu.ec\/rdcv\/files\/2013\/05\/TAREA4.docx\">TAREA4<\/a><\/p>\n<p>Saludos Cordiales<\/p>\n<p>Roberto.<\/p>\n","protected":false},"excerpt":{"rendered":"<p>GUAYAQUIL 22 de Agosto DE 2013 TERCER PARCIAL PROYECTO N\u00b0 01: T\u00c9CNICAS DE GRAFICACI\u00d3N:\u00a0PROYECTO13ERPARCIAL PROYECTO N\u00b0 02: PLANTEO DE ECUACIONES:\u00a0PROYECTO1ALFABRAVO3ERPARCIAL SEGUNDO PARCIAL PROYECTO N\u00b0 02 PROYECTO2ALFABRAVO FECHA DE ENTREGA: LUNES 15 DE JULIO( BRAVO) VIERNES 12 DE JULIO (ALFA) &nbsp; PROYECTO N\u00b0 01 FECHA DE ENTREGA: LA ESTABLECIDA EN CLASE BRAVO: LUNES 1 DE JULIO [&hellip;]<\/p>\n","protected":false},"author":470,"featured_media":0,"parent":0,"menu_order":0,"comment_status":"open","ping_status":"closed","template":"","meta":{"footnotes":""},"class_list":["post-365","page","type-page","status-publish","hentry"],"_links":{"self":[{"href":"https:\/\/blog.espol.edu.ec\/rdcv\/wp-json\/wp\/v2\/pages\/365","targetHints":{"allow":["GET"]}}],"collection":[{"href":"https:\/\/blog.espol.edu.ec\/rdcv\/wp-json\/wp\/v2\/pages"}],"about":[{"href":"https:\/\/blog.espol.edu.ec\/rdcv\/wp-json\/wp\/v2\/types\/page"}],"author":[{"embeddable":true,"href":"https:\/\/blog.espol.edu.ec\/rdcv\/wp-json\/wp\/v2\/users\/470"}],"replies":[{"embeddable":true,"href":"https:\/\/blog.espol.edu.ec\/rdcv\/wp-json\/wp\/v2\/comments?post=365"}],"version-history":[{"count":12,"href":"https:\/\/blog.espol.edu.ec\/rdcv\/wp-json\/wp\/v2\/pages\/365\/revisions"}],"predecessor-version":[{"id":376,"href":"https:\/\/blog.espol.edu.ec\/rdcv\/wp-json\/wp\/v2\/pages\/365\/revisions\/376"}],"wp:attachment":[{"href":"https:\/\/blog.espol.edu.ec\/rdcv\/wp-json\/wp\/v2\/media?parent=365"}],"curies":[{"name":"wp","href":"https:\/\/api.w.org\/{rel}","templated":true}]}}