{"id":368,"date":"2013-05-23T12:46:23","date_gmt":"2013-05-23T17:46:23","guid":{"rendered":"http:\/\/blog.espol.edu.ec\/rdcv\/?page_id=368"},"modified":"2013-08-28T10:11:42","modified_gmt":"2013-08-28T15:11:42","slug":"6to-echo","status":"publish","type":"page","link":"https:\/\/blog.espol.edu.ec\/rdcv\/6to-echo\/","title":{"rendered":"6to Echo"},"content":{"rendered":"<h2>TERCER PARCIAL<\/h2>\n<p>PROYECTO N\u00b0 02:<a href=\"http:\/\/blog.espol.edu.ec\/rdcv\/files\/2013\/05\/PROYECTO2PARCIAL3.docx\">PROYECTO2PARCIAL3<\/a>\u00a0 (FECHA DE ENTREGA: 30 \u00a0de agosto)<\/p>\n<p>&nbsp;<\/p>\n<p>&nbsp;<\/p>\n<p>&nbsp;<\/p>\n<h2>PROYECTO N\u00b0 01 (TAREA)<\/h2>\n<p>Fecha de entrega: Lunes 15 de julio de 2013<\/p>\n<p><a href=\"http:\/\/blog.espol.edu.ec\/rdcv\/files\/2013\/05\/proyecto1echo.docx\">proyecto1echo<\/a><\/p>\n<p>&nbsp;<\/p>\n<p>Estimados estudiantes aqu\u00ed en esta secci\u00f3n les publicar\u00e9 tareas y clases.<\/p>\n<p>&nbsp;<\/p>\n<p>Saludos Cordiales,<br \/>\nRoberto Cabrera<\/p>\n","protected":false},"excerpt":{"rendered":"<p>TERCER PARCIAL PROYECTO N\u00b0 02:PROYECTO2PARCIAL3\u00a0 (FECHA DE ENTREGA: 30 \u00a0de agosto) &nbsp; &nbsp; &nbsp; PROYECTO N\u00b0 01 (TAREA) Fecha de entrega: Lunes 15 de julio de 2013 proyecto1echo &nbsp; Estimados estudiantes aqu\u00ed en esta secci\u00f3n les publicar\u00e9 tareas y clases. &nbsp; Saludos Cordiales, Roberto Cabrera<\/p>\n","protected":false},"author":470,"featured_media":0,"parent":0,"menu_order":0,"comment_status":"open","ping_status":"closed","template":"","meta":{"footnotes":""},"class_list":["post-368","page","type-page","status-publish","hentry"],"_links":{"self":[{"href":"https:\/\/blog.espol.edu.ec\/rdcv\/wp-json\/wp\/v2\/pages\/368","targetHints":{"allow":["GET"]}}],"collection":[{"href":"https:\/\/blog.espol.edu.ec\/rdcv\/wp-json\/wp\/v2\/pages"}],"about":[{"href":"https:\/\/blog.espol.edu.ec\/rdcv\/wp-json\/wp\/v2\/types\/page"}],"author":[{"embeddable":true,"href":"https:\/\/blog.espol.edu.ec\/rdcv\/wp-json\/wp\/v2\/users\/470"}],"replies":[{"embeddable":true,"href":"https:\/\/blog.espol.edu.ec\/rdcv\/wp-json\/wp\/v2\/comments?post=368"}],"version-history":[{"count":5,"href":"https:\/\/blog.espol.edu.ec\/rdcv\/wp-json\/wp\/v2\/pages\/368\/revisions"}],"predecessor-version":[{"id":407,"href":"https:\/\/blog.espol.edu.ec\/rdcv\/wp-json\/wp\/v2\/pages\/368\/revisions\/407"}],"wp:attachment":[{"href":"https:\/\/blog.espol.edu.ec\/rdcv\/wp-json\/wp\/v2\/media?parent=368"}],"curies":[{"name":"wp","href":"https:\/\/api.w.org\/{rel}","templated":true}]}}