{"id":377,"date":"2013-06-27T13:58:20","date_gmt":"2013-06-27T18:58:20","guid":{"rendered":"http:\/\/blog.espol.edu.ec\/rdcv\/?page_id=377"},"modified":"2013-08-27T08:52:55","modified_gmt":"2013-08-27T13:52:55","slug":"2do-foxtrot","status":"publish","type":"page","link":"https:\/\/blog.espol.edu.ec\/rdcv\/2do-foxtrot\/","title":{"rendered":"2DO FOXTROT"},"content":{"rendered":"<p>Estimados estudiantes, en esta p\u00e1gina les pondr\u00e9 los proyectos, tareas o trabajos que se realicen en clase. Incluso las diapositivas.<\/p>\n<h2><span style=\"text-decoration: underline\"><span style=\"font-size: 1em\">III PARCIAL - I QUIMESTRE<\/span><\/span><\/h2>\n<h2>TAREAS<\/h2>\n<h3>PROYECTO N\u00b0 03: DETERMINACI\u00d3N DEL DOMINIO DE UNA FUNCI\u00d3N DE FORMA ANAL\u00cdTICA<\/h3>\n<p><a href=\"http:\/\/blog.espol.edu.ec\/rdcv\/files\/2013\/06\/PROYECTO3foxtrot3erparcial.docx\">PROYECTO3foxtrot3erparcial<\/a><\/p>\n<p>&nbsp;<\/p>\n<p>PROYECTO N\u00b001: INECUACIONES CUADR\u00c1TICAS:\u00a0<a href=\"http:\/\/blog.espol.edu.ec\/rdcv\/files\/2013\/06\/PROYECTO1foxtrot3erparcial.docx\">PROYECTO1foxtrot3erparcial<\/a><\/p>\n<p>&nbsp;<\/p>\n<p>&nbsp;<\/p>\n<h2>PROYECTOS:<\/h2>\n<h2>PROYECTO 3: \u00a0<a href=\"http:\/\/blog.espol.edu.ec\/rdcv\/files\/2013\/06\/PROYECTO3FOXTROT.docx\">PROYECTO3FOXTROT<\/a>\u00a0FECHA DE ENTREGA: MARTES 23 DE JULIO<\/h2>\n<p>PROYECTO 1 :\u00a0<a href=\"http:\/\/blog.espol.edu.ec\/rdcv\/files\/2013\/06\/PROYECTO1FOXTROT1.docx\">PROYECTO1FOXTROT<\/a>\u00a0 \u00a0FECHA DE ENTREGA: MARTES 2 DE JULIO.<\/p>\n<h4>PROYECTO 4:\u00a0<a href=\"http:\/\/blog.espol.edu.ec\/rdcv\/files\/2013\/06\/PROYECTO4FOXTROT.docx\">PROYECTO4FOXTROT<\/a>\u00a0FECHA DE ENTREGA: MI\u00c9RCOLES 7 DE AGOSTO<\/h4>\n<h2><span style=\"color: #000000\">CLASES:<\/span><\/h2>\n<p>Clases 1:\u00a0<a href=\"http:\/\/blog.espol.edu.ec\/rdcv\/files\/2013\/06\/SEGUNDO-PARCIAL.pptx\">SEGUNDO PARCIAL<\/a><\/p>\n","protected":false},"excerpt":{"rendered":"<p>Estimados estudiantes, en esta p\u00e1gina les pondr\u00e9 los proyectos, tareas o trabajos que se realicen en clase. Incluso las diapositivas. III PARCIAL - I QUIMESTRE TAREAS PROYECTO N\u00b0 03: DETERMINACI\u00d3N DEL DOMINIO DE UNA FUNCI\u00d3N DE FORMA ANAL\u00cdTICA PROYECTO3foxtrot3erparcial &nbsp; PROYECTO N\u00b001: INECUACIONES CUADR\u00c1TICAS:\u00a0PROYECTO1foxtrot3erparcial &nbsp; &nbsp; PROYECTOS: PROYECTO 3: \u00a0PROYECTO3FOXTROT\u00a0FECHA DE ENTREGA: MARTES 23 DE [&hellip;]<\/p>\n","protected":false},"author":470,"featured_media":0,"parent":0,"menu_order":0,"comment_status":"open","ping_status":"closed","template":"","meta":{"footnotes":""},"class_list":["post-377","page","type-page","status-publish","hentry"],"_links":{"self":[{"href":"https:\/\/blog.espol.edu.ec\/rdcv\/wp-json\/wp\/v2\/pages\/377","targetHints":{"allow":["GET"]}}],"collection":[{"href":"https:\/\/blog.espol.edu.ec\/rdcv\/wp-json\/wp\/v2\/pages"}],"about":[{"href":"https:\/\/blog.espol.edu.ec\/rdcv\/wp-json\/wp\/v2\/types\/page"}],"author":[{"embeddable":true,"href":"https:\/\/blog.espol.edu.ec\/rdcv\/wp-json\/wp\/v2\/users\/470"}],"replies":[{"embeddable":true,"href":"https:\/\/blog.espol.edu.ec\/rdcv\/wp-json\/wp\/v2\/comments?post=377"}],"version-history":[{"count":11,"href":"https:\/\/blog.espol.edu.ec\/rdcv\/wp-json\/wp\/v2\/pages\/377\/revisions"}],"predecessor-version":[{"id":429,"href":"https:\/\/blog.espol.edu.ec\/rdcv\/wp-json\/wp\/v2\/pages\/377\/revisions\/429"}],"wp:attachment":[{"href":"https:\/\/blog.espol.edu.ec\/rdcv\/wp-json\/wp\/v2\/media?parent=377"}],"curies":[{"name":"wp","href":"https:\/\/api.w.org\/{rel}","templated":true}]}}