{"id":216,"date":"2022-02-05T22:09:42","date_gmt":"2022-02-05T22:09:42","guid":{"rendered":"http:\/\/blog.espol.edu.ec\/rechever\/?page_id=216"},"modified":"2022-02-05T23:00:00","modified_gmt":"2022-02-05T23:00:00","slug":"media_mtc","status":"publish","type":"page","link":"https:\/\/blog.espol.edu.ec\/rechever\/media_mtc\/","title":{"rendered":"Media"},"content":{"rendered":"<p>Definici\u00f3n<\/p>\n<p>Carater\u00edsticas<\/p>\n<p>Funcionalidad<\/p>\n<p>Aplicaci\u00f3n<\/p>\n<p>&nbsp;<\/p>\n<p><a href=\"https:\/\/es.khanacademy.org\/math\/probability\/data-distributions-a1\/summarizing-center-distributions\/e\/mean_median_and_mode\">Resfuerzo Media<\/a><\/p>\n","protected":false},"excerpt":{"rendered":"<p>Definici\u00f3n Carater\u00edsticas Funcionalidad Aplicaci\u00f3n \u00a0 Resfuerzo Media<\/p>\n","protected":false},"author":5600,"featured_media":0,"parent":0,"menu_order":0,"comment_status":"closed","ping_status":"closed","template":"","meta":{"footnotes":""},"class_list":["post-216","page","type-page","status-publish","hentry"],"_links":{"self":[{"href":"https:\/\/blog.espol.edu.ec\/rechever\/wp-json\/wp\/v2\/pages\/216","targetHints":{"allow":["GET"]}}],"collection":[{"href":"https:\/\/blog.espol.edu.ec\/rechever\/wp-json\/wp\/v2\/pages"}],"about":[{"href":"https:\/\/blog.espol.edu.ec\/rechever\/wp-json\/wp\/v2\/types\/page"}],"author":[{"embeddable":true,"href":"https:\/\/blog.espol.edu.ec\/rechever\/wp-json\/wp\/v2\/users\/5600"}],"replies":[{"embeddable":true,"href":"https:\/\/blog.espol.edu.ec\/rechever\/wp-json\/wp\/v2\/comments?post=216"}],"version-history":[{"count":2,"href":"https:\/\/blog.espol.edu.ec\/rechever\/wp-json\/wp\/v2\/pages\/216\/revisions"}],"predecessor-version":[{"id":250,"href":"https:\/\/blog.espol.edu.ec\/rechever\/wp-json\/wp\/v2\/pages\/216\/revisions\/250"}],"wp:attachment":[{"href":"https:\/\/blog.espol.edu.ec\/rechever\/wp-json\/wp\/v2\/media?parent=216"}],"curies":[{"name":"wp","href":"https:\/\/api.w.org\/{rel}","templated":true}]}}