{"id":218,"date":"2022-02-05T22:11:17","date_gmt":"2022-02-05T22:11:17","guid":{"rendered":"http:\/\/blog.espol.edu.ec\/rechever\/?page_id=218"},"modified":"2022-02-05T23:00:16","modified_gmt":"2022-02-05T23:00:16","slug":"mediana_mtc","status":"publish","type":"page","link":"https:\/\/blog.espol.edu.ec\/rechever\/mediana_mtc\/","title":{"rendered":"Mediana"},"content":{"rendered":"<p>Definici\u00f3n<\/p>\n<p>Carater\u00edsticas<\/p>\n<p>Funcionalidad<\/p>\n<p>Aplicaci\u00f3n<\/p>\n<p>Probemas Conceptuales<\/p>\n<p>Ejercicios pr\u00e1cticos<\/p>\n<p>&nbsp;<\/p>\n<p><a href=\"https:\/\/es.khanacademy.org\/math\/probability\/data-distributions-a1\/summarizing-center-distributions\/e\/mean_median_and_mode\">Resfuerzo Mediana<\/a><\/p>\n<p>&nbsp;<\/p>\n","protected":false},"excerpt":{"rendered":"<p>Definici\u00f3n Carater\u00edsticas Funcionalidad Aplicaci\u00f3n Probemas Conceptuales Ejercicios pr\u00e1cticos \u00a0 Resfuerzo Mediana \u00a0<\/p>\n","protected":false},"author":5600,"featured_media":0,"parent":0,"menu_order":0,"comment_status":"closed","ping_status":"closed","template":"","meta":{"footnotes":""},"class_list":["post-218","page","type-page","status-publish","hentry"],"_links":{"self":[{"href":"https:\/\/blog.espol.edu.ec\/rechever\/wp-json\/wp\/v2\/pages\/218","targetHints":{"allow":["GET"]}}],"collection":[{"href":"https:\/\/blog.espol.edu.ec\/rechever\/wp-json\/wp\/v2\/pages"}],"about":[{"href":"https:\/\/blog.espol.edu.ec\/rechever\/wp-json\/wp\/v2\/types\/page"}],"author":[{"embeddable":true,"href":"https:\/\/blog.espol.edu.ec\/rechever\/wp-json\/wp\/v2\/users\/5600"}],"replies":[{"embeddable":true,"href":"https:\/\/blog.espol.edu.ec\/rechever\/wp-json\/wp\/v2\/comments?post=218"}],"version-history":[{"count":2,"href":"https:\/\/blog.espol.edu.ec\/rechever\/wp-json\/wp\/v2\/pages\/218\/revisions"}],"predecessor-version":[{"id":251,"href":"https:\/\/blog.espol.edu.ec\/rechever\/wp-json\/wp\/v2\/pages\/218\/revisions\/251"}],"wp:attachment":[{"href":"https:\/\/blog.espol.edu.ec\/rechever\/wp-json\/wp\/v2\/media?parent=218"}],"curies":[{"name":"wp","href":"https:\/\/api.w.org\/{rel}","templated":true}]}}