{"id":284,"date":"2022-02-06T00:02:57","date_gmt":"2022-02-06T00:02:57","guid":{"rendered":"http:\/\/blog.espol.edu.ec\/rechever\/?page_id=284"},"modified":"2022-02-06T00:02:57","modified_gmt":"2022-02-06T00:02:57","slug":"conceptos-estadistica-descriptiva","status":"publish","type":"page","link":"https:\/\/blog.espol.edu.ec\/rechever\/conceptos-estadistica-descriptiva\/","title":{"rendered":"T\u00e9rminos y conceptos de la Estad\u00edstica Descriptiva"},"content":{"rendered":"<p>Dispersi\u00f3n<\/p>\n<p>Sesgo<\/p>\n<p>Curtosis<\/p>\n<p><a href=\"https:\/\/www.geogebra.org\/m\/prvswr5e\">Las MTC y sus caracteristicas\u00a0<\/a><\/p>\n<p>&nbsp;<\/p>\n","protected":false},"excerpt":{"rendered":"<p>Dispersi\u00f3n Sesgo Curtosis Las MTC y sus caracteristicas\u00a0 \u00a0<\/p>\n","protected":false},"author":5600,"featured_media":0,"parent":0,"menu_order":0,"comment_status":"closed","ping_status":"closed","template":"","meta":{"footnotes":""},"class_list":["post-284","page","type-page","status-publish","hentry"],"_links":{"self":[{"href":"https:\/\/blog.espol.edu.ec\/rechever\/wp-json\/wp\/v2\/pages\/284","targetHints":{"allow":["GET"]}}],"collection":[{"href":"https:\/\/blog.espol.edu.ec\/rechever\/wp-json\/wp\/v2\/pages"}],"about":[{"href":"https:\/\/blog.espol.edu.ec\/rechever\/wp-json\/wp\/v2\/types\/page"}],"author":[{"embeddable":true,"href":"https:\/\/blog.espol.edu.ec\/rechever\/wp-json\/wp\/v2\/users\/5600"}],"replies":[{"embeddable":true,"href":"https:\/\/blog.espol.edu.ec\/rechever\/wp-json\/wp\/v2\/comments?post=284"}],"version-history":[{"count":1,"href":"https:\/\/blog.espol.edu.ec\/rechever\/wp-json\/wp\/v2\/pages\/284\/revisions"}],"predecessor-version":[{"id":285,"href":"https:\/\/blog.espol.edu.ec\/rechever\/wp-json\/wp\/v2\/pages\/284\/revisions\/285"}],"wp:attachment":[{"href":"https:\/\/blog.espol.edu.ec\/rechever\/wp-json\/wp\/v2\/media?parent=284"}],"curies":[{"name":"wp","href":"https:\/\/api.w.org\/{rel}","templated":true}]}}