{"id":333,"date":"2022-02-15T03:49:21","date_gmt":"2022-02-15T03:49:21","guid":{"rendered":"http:\/\/blog.espol.edu.ec\/rechever\/?page_id=333"},"modified":"2022-03-03T16:22:15","modified_gmt":"2022-03-03T16:22:15","slug":"energia-potencial-gravitatoria","status":"publish","type":"page","link":"https:\/\/blog.espol.edu.ec\/rechever\/energia-potencial-gravitatoria\/","title":{"rendered":"Energia Potencial Gravitatoria"},"content":{"rendered":"<p>Introducci\u00f3n<\/p>\n<p><span class=\"ILfuVd\"><span class=\"hgKElc\">La <b>energia<\/b> se define como la capacidad para hacer trabajo. La <b>energ\u00eda<\/b> se puede encontrar en muchas cosas y puede tomar muchas formas. Por ejemplo, la <b>energ\u00eda<\/b> cin\u00e9tica es la <b>energ\u00eda<\/b> del movimiento, y la <b>energ\u00eda<\/b> potencial se debe a la posici\u00f3n o estructura de un objeto.<\/span><\/span><\/p>\n<p>&nbsp;<\/p>\n<p><img loading=\"lazy\" decoding=\"async\" class=\"aligncenter size-full wp-image-352\" src=\"http:\/\/blog.espol.edu.ec\/rechever\/files\/2022\/02\/E_potencial_en_E_cinetica.gif\" alt=\"\" width=\"480\" height=\"397\" \/><\/p>\n<p>&nbsp;<\/p>\n<div class='dropshadowboxes-container dropshadowboxes-center ' style='width:100%;'>\r\n                            <div class='dropshadowboxes-drop-shadow dropshadowboxes-rounded-corners dropshadowboxes-inside-and-outside-shadow dropshadowboxes-lifted-both dropshadowboxes-effect-default' style='width:auto; border: 1px solid #dddddd; height:; background-color:#ffffff;    '>\r\n                            Estas preparado para validar tus saberes previos\r\n                            <\/div>\r\n                        <\/div>\n<p><a href=\"https:\/\/quizizz.com\/admin\/quiz\/609a7999e17a6a001caa9070\/energia-potencial\">Prueba de entrada (EP)<\/a><\/p>\n<p><a href=\"https:\/\/uvadoc.uva.es\/bitstream\/handle\/10324\/11727\/Tema_Trabajo%20y%20Energ%C3%ADa_Isabel%20Caballero.pdf?sequence=1\">Caracter\u00edsticas de la Energ\u00eda<\/a><\/p>\n<div class='dropshadowboxes-container ' style='width:auto;'>\r\n                            <div class='dropshadowboxes-drop-shadow dropshadowboxes-rounded-corners dropshadowboxes-inside-and-outside-shadow dropshadowboxes-lifted-both dropshadowboxes-effect-default' style=' border: 1px solid #dddddd; height:; background-color:#ffffff;    '>\r\n                            Definici\u00f3n de Energia Potencial \r\n                            <\/div>\r\n                        <\/div>\n<p>Es la energ\u00eda que tiene un cuerpo debido a la <strong>posici\u00f3n<\/strong> que ocupa en el espacio.<\/p>\n<p>&nbsp;<\/p>\n<p><img loading=\"lazy\" decoding=\"async\" class=\"aligncenter wp-image-427\" src=\"http:\/\/blog.espol.edu.ec\/rechever\/files\/2022\/02\/Metamath-ejemplos-energia-potencial.png\" alt=\"\" width=\"718\" height=\"353\" srcset=\"https:\/\/blog.espol.edu.ec\/rechever\/files\/2022\/02\/Metamath-ejemplos-energia-potencial.png 1235w, https:\/\/blog.espol.edu.ec\/rechever\/files\/2022\/02\/Metamath-ejemplos-energia-potencial-300x147.png 300w, https:\/\/blog.espol.edu.ec\/rechever\/files\/2022\/02\/Metamath-ejemplos-energia-potencial-768x377.png 768w, https:\/\/blog.espol.edu.ec\/rechever\/files\/2022\/02\/Metamath-ejemplos-energia-potencial-1024x503.png 1024w, https:\/\/blog.espol.edu.ec\/rechever\/files\/2022\/02\/Metamath-ejemplos-energia-potencial-500x246.png 500w\" sizes=\"auto, (max-width: 718px) 100vw, 718px\" \/><\/p>\n<p>Profundizando:<\/p>\n<p>La energ\u00eda potencial es energ\u00eda almacenada. La energ\u00eda proviene de la posici\u00f3n relativa de un objeto, su carga el\u00e9ctrica, tensiones internas u otros factores. Debido a que la energ\u00eda potencial se presenta en muchas formas, se clasifica adem\u00e1s como energ\u00eda potencial el\u00e1stica, energ\u00eda potencial qu\u00edmica, energ\u00eda potencial nuclear, energ\u00eda potencial el\u00e9ctrica, energ\u00eda potencial gravitacional o energ\u00eda potencial magn\u00e9tica.<\/p>\n<div class='dropshadowboxes-container ' style='width:auto;'>\r\n                            <div class='dropshadowboxes-drop-shadow dropshadowboxes-rounded-corners dropshadowboxes-inside-and-outside-shadow dropshadowboxes-lifted-both dropshadowboxes-effect-default' style=' border: 1px solid #dddddd; height:; background-color:#ffffff;    '>\r\n                            Unidades de la Energ\u00eda Potencial\r\n                            <\/div>\r\n                        <\/div>\n<p>La unidad SI de energ\u00eda potencial es el joule (J). Un julio es un kg\u22c5m^2 \u22c5s^\u22122. La unidad inglesa de energ\u00eda cin\u00e9tica es el pie-libra (ft\u22c5lb). La energ\u00eda potencial es una cantidad escalar, lo que significa que tiene magnitud y unidades, pero no direcci\u00f3n.<\/p>\n<p>&nbsp;<\/p>\n<div class='dropshadowboxes-container ' style='width:auto;'>\r\n                            <div class='dropshadowboxes-drop-shadow dropshadowboxes-rounded-corners dropshadowboxes-inside-and-outside-shadow dropshadowboxes-lifted-both dropshadowboxes-effect-default' style=' border: 1px solid #dddddd; height:; background-color:#ffffff;    '>\r\n                            Ejemplos de situaciones cotidianas donde esta la Energ\u00eda Potencial\r\n                            <\/div>\r\n                        <\/div>\n<p>Hay muchos ejemplos de energ\u00eda potencial en el mundo cotidiano. Recuerde, la energ\u00eda potencial depende de la posici\u00f3n relativa de los objetos, por lo que no puede decir simplemente \u00abuna pelota tiene energ\u00eda potencial\u00bb. Tiene energ\u00eda potencial cuando una fuerza puede actuar sobre ella. Entonces, levantar una pelota le da energ\u00eda debido a la fuerza de la gravedad. Si la bola es un electr\u00f3n, tiene energ\u00eda potencial cuando se aleja de otra carga debido a las fuerzas de atracci\u00f3n y repulsi\u00f3n de los protones y otros electrones.<\/p>\n<p>Un objeto elevado, como un libro, una pesa o una manzana.<br \/>\nUna persona en la parte superior de un trampol\u00edn.<br \/>\nUn objeto en la cima de una colina.<br \/>\nUn resorte estirado o una banda de goma<br \/>\nUn arco estirado<br \/>\nAgua en la cima de una cascada.<br \/>\nAgua detr\u00e1s de una presa<br \/>\nUna bater\u00eda cargada<br \/>\nUn explosivo<br \/>\nUn enlace qu\u00edmico antes de que se rompa.<br \/>\nLe\u00f1a, gasolina y otros combustibles.<br \/>\nAlimentos antes de digerirlos<br \/>\nUna compresa caliente qu\u00edmica o una compresa fr\u00eda antes de activarla<br \/>\nUn aparato enchufado antes de encenderlo<br \/>\nDos imanes separados entre s\u00ed<br \/>\nUn \u00e1tomo inestable antes de que se descomponga o sufra fisi\u00f3n.<\/p>\n<p>&nbsp;<\/p>\n<p><a href=\"https:\/\/dges.uas.edu.mx\/fisica\/escolarizado\/energa_potencial_gravitatoria_energa_cintica_y_disipacin_de_energa.html\">Phet - Energia Potencial Gravitatoria<\/a><\/p>\n<p><a href=\"https:\/\/www.tiktok.com\/@f1s1cafac1l\/video\/7063600570539494662?is_copy_url=1&amp;is_from_webapp=v1\">Video sobre la Energia Potencial Gravitaroria<\/a><\/p>\n<p>&nbsp;<\/p>\n<p><a href=\"http:\/\/blog.espol.edu.ec\/rechever\/fuente-de-energias\/\">Fuentes de Energias<\/a><\/p>\n<p><a href=\"https:\/\/es.khanacademy.org\/science\/physics\/work-and-energy\/work-and-energy-tutorial\/a\/what-is-gravitational-potential-energy\">M\u00e1s contenidos sobre la EP<\/a><\/p>\n<p><a href=\"https:\/\/www.elgencurioso.com\/2021\/10\/15\/que-es-la-energia-potencial-ejemplos-de-energia-potencial\/\">Diferenciando entre EP y EC<\/a><\/p>\n<p><strong><a href=\"http:\/\/blog.espol.edu.ec\/rechever\/tipos-de-fuerzas\/\">Fuerzas conservativas y no conservativas<\/a><\/strong><\/p>\n<p><strong><a href=\"http:\/\/blog.espol.edu.ec\/rechever\/principio-de-la-conservacion-de-la-energia\/\">Principio de Conservaci\u00f3n de Energia<\/a><\/strong><\/p>\n<p>&nbsp;<\/p>\n<p><a href=\"https:\/\/jamboard.google.com\/d\/11nWYSiJqiguRZKg6OAYZpvjCXz8AW0QgBzFQ_aL01oA\/viewer\">Resolucion de Problemas (EP)<\/a><\/p>\n<p><a href=\"https:\/\/docs.google.com\/presentation\/d\/1Q1XHYa15h0pZPjLv9a5wO5MQblZzzwDgD6QnV90tG_s\/edit?usp=sharing\">Resumen sobre la Energia<\/a><\/p>\n<p>&nbsp;<\/p>\n<p><a href=\"https:\/\/drive.google.com\/file\/d\/1EJrv8v5-7DTzrH9k9Tv8TICXlGNLundp\/view?usp=sharing\">Libro Base de F\u00edscia 2BGU del Mineduc<\/a><\/p>\n<p>Investigando (EP)<\/p>\n<p style=\"text-align: left;\"><a href=\"https:\/\/repository.uaeh.edu.mx\/revistas\/index.php\/prepa4\/article\/view\/6136\/7381\">Lectura 1<\/a><\/p>\n<p><a href=\"https:\/\/repositorio.unal.edu.co\/bitstream\/handle\/unal\/57789\/52787471.2016.pdf.pdf?sequence=1&amp;isAllowed=y\">Lectura 2<\/a><\/p>\n<p><a href=\"https:\/\/www.raco.cat\/index.php\/Ensenanza\/article\/download\/21971\/21805\">Lectura 3<\/a><\/p>\n<p>&nbsp;<\/p>\n<p><strong>Resfuerzo acad\u00e9mico.<\/strong><\/p>\n<p><a href=\"https:\/\/youtu.be\/0awR9mQBgMk\">Energia y tipos de energia<\/a><\/p>\n<p><a href=\"https:\/\/es.khanacademy.org\/science\/physics\/work-and-energy\">Khan Academy Energia Potencial<\/a><\/p>\n<p><a href=\"https:\/\/www.geogebra.org\/m\/XDyBevFP\">1 Geogebra EP<\/a><\/p>\n<p><a href=\"https:\/\/www.geogebra.org\/m\/gDMEp9NY\">2 Geogebra EP<\/a><\/p>\n<p><a href=\"https:\/\/youtu.be\/D6dXbtvNUL4\">1 Phet EP<\/a><\/p>\n<p>&nbsp;<\/p>\n<p>&nbsp;<\/p>\n<div class='dropshadowboxes-container dropshadowboxes-center ' style='width:100%;'>\r\n                            <div class='dropshadowboxes-drop-shadow dropshadowboxes-rounded-corners dropshadowboxes-inside-and-outside-shadow dropshadowboxes-lifted-both dropshadowboxes-effect-default' style='width:auto; border: 1px solid #dddddd; height:; background-color:#ffffff;    '>\r\n                            Estas preparado para demstrar tu buen aprendizaje aut\u00f3nomo\r\n                            <\/div>\r\n                        <\/div>\n<p><a href=\"https:\/\/quizizz.com\/admin\/quiz\/609a7999e17a6a001caa9070\/energia-potencial\">Prueba Final<\/a><\/p>\n<p>&nbsp;<\/p>\n<p><strong>Referencia Biliogr\u00e1fica.<\/strong><\/p>\n<p>de Almeida Pacca, J. L., &amp; Henrique, K. F. (2004). Dificultades y estrategias para la ense\u00f1anza del concepto de energ\u00eda. <i>Ense\u00f1anza de las ciencias: revista de investigaci\u00f3n y experiencias did\u00e1cticas<\/i>, 159-166.<\/p>\n<p>Soto-Pedraza, P. J. (2020). Manifestaci\u00f3n de la Energ\u00eda Cin\u00e9tica y Potencial. <i>Vida Cient\u00edfica Bolet\u00edn Cient\u00edfico de la Escuela Preparatoria No. 4<\/i>, <i>8<\/i>(16), 43-44.<\/p>\n<p>De Ercilla, S. B., Garc\u00eda, E. B., &amp; Mu\u00f1oz, C. G. (2006). <i>F\u00edsica general<\/i>. Editorial T\u00e9bar.<\/p>\n<p>Armenta Castro, J. D. S. La energ\u00eda potencial, un concepto b\u00e1sico para la comprensi\u00f3n de distintos fen\u00f3menos naturales: Secuencia did\u00e1ctica para su ense\u00f1anza en la b\u00e1sica secundaria. <i>Maestr\u00eda en Ense\u00f1anza de las Ciencias Exactas y Naturales<\/i>.<\/p>\n<p>Solbes, J., &amp; Tar\u00edn, F. (2004). La conservaci\u00f3n de la energ\u00eda: un principio de toda la f\u00edsica. Una propuesta y unos resultados. <i>Ense\u00f1anza de las ciencias: revista de investigaci\u00f3n y experiencias did\u00e1cticas<\/i>, 185-193.<\/p>\n<p>&nbsp;<\/p>\n<p>&nbsp;<\/p>\n","protected":false},"excerpt":{"rendered":"<p>Introducci\u00f3n La energia se define como la capacidad para hacer trabajo. La energ\u00eda se puede encontrar en muchas cosas y puede tomar muchas formas. Por ejemplo, la energ\u00eda cin\u00e9tica es la energ\u00eda del movimiento, y la energ\u00eda potencial se debe a la posici\u00f3n o estructura de un objeto. \u00a0 \u00a0 Prueba de entrada (EP) Caracter\u00edsticas [\u2026]<\/p>\n","protected":false},"author":5600,"featured_media":0,"parent":0,"menu_order":0,"comment_status":"closed","ping_status":"closed","template":"","meta":{"footnotes":""},"class_list":["post-333","page","type-page","status-publish","hentry"],"_links":{"self":[{"href":"https:\/\/blog.espol.edu.ec\/rechever\/wp-json\/wp\/v2\/pages\/333","targetHints":{"allow":["GET"]}}],"collection":[{"href":"https:\/\/blog.espol.edu.ec\/rechever\/wp-json\/wp\/v2\/pages"}],"about":[{"href":"https:\/\/blog.espol.edu.ec\/rechever\/wp-json\/wp\/v2\/types\/page"}],"author":[{"embeddable":true,"href":"https:\/\/blog.espol.edu.ec\/rechever\/wp-json\/wp\/v2\/users\/5600"}],"replies":[{"embeddable":true,"href":"https:\/\/blog.espol.edu.ec\/rechever\/wp-json\/wp\/v2\/comments?post=333"}],"version-history":[{"count":22,"href":"https:\/\/blog.espol.edu.ec\/rechever\/wp-json\/wp\/v2\/pages\/333\/revisions"}],"predecessor-version":[{"id":601,"href":"https:\/\/blog.espol.edu.ec\/rechever\/wp-json\/wp\/v2\/pages\/333\/revisions\/601"}],"wp:attachment":[{"href":"https:\/\/blog.espol.edu.ec\/rechever\/wp-json\/wp\/v2\/media?parent=333"}],"curies":[{"name":"wp","href":"https:\/\/api.w.org\/{rel}","templated":true}]}}