{"id":340,"date":"2022-02-15T03:55:09","date_gmt":"2022-02-15T03:55:09","guid":{"rendered":"http:\/\/blog.espol.edu.ec\/rechever\/?page_id=340"},"modified":"2022-02-17T21:31:16","modified_gmt":"2022-02-17T21:31:16","slug":"meta-fisica-interactiva","status":"publish","type":"page","link":"https:\/\/blog.espol.edu.ec\/rechever\/meta-fisica-interactiva\/","title":{"rendered":"Meta F\u00edsica Interactiva"},"content":{"rendered":"<p>Sea bienvenidos a una nueva ense\u00f1anza de la F\u00edsica<\/p>\n<p><div class='dropshadowboxes-container ' style='width:auto;'>\r\n                            <div class='dropshadowboxes-drop-shadow dropshadowboxes-rounded-corners dropshadowboxes-inside-and-outside-shadow dropshadowboxes-lifted-both dropshadowboxes-effect-default' style=' border: 1px solid #dddddd; height:; background-color:#ffffff;    '>\r\n                             Hola F\u00edsicos: Tu Gu\u00eda Online e Interactiva en la F\u00edsica \r\n                            <\/div>\r\n                        <\/div>Prof. Segarra Robert<\/p>\n<p>Buenos d\u00edas, mis queridos estudiantes. EL CREADOR les bendiga.<\/p>\n<p><img loading=\"lazy\" decoding=\"async\" class=\"aligncenter size-full wp-image-390\" src=\"http:\/\/blog.espol.edu.ec\/rechever\/files\/2022\/02\/text-2.gif\" alt=\"\" width=\"570\" height=\"52\" \/><\/p>\n<p><img loading=\"lazy\" decoding=\"async\" class=\"aligncenter size-full wp-image-391\" src=\"http:\/\/blog.espol.edu.ec\/rechever\/files\/2022\/02\/text1.gif\" alt=\"\" width=\"589\" height=\"51\" \/><\/p>\n<p><img loading=\"lazy\" decoding=\"async\" class=\"aligncenter size-full wp-image-392\" src=\"http:\/\/blog.espol.edu.ec\/rechever\/files\/2022\/02\/text2-1.gif\" alt=\"\" width=\"587\" height=\"52\" \/><\/p>\n<div class='dropshadowboxes-container dropshadowboxes-center ' style='width:100%;'>\r\n                            <div class='dropshadowboxes-drop-shadow dropshadowboxes-rounded-corners dropshadowboxes-inside-and-outside-shadow dropshadowboxes-lifted-both dropshadowboxes-effect-default' style='width:auto; border: 1px solid #dddddd; height:; background-color:#ffffff;    '>\r\n                            -Paulo Coelho-\r\n                            <\/div>\r\n                        <\/div>\n<p>&nbsp;<\/p>\n<p>Objetivos de Aprendizaje:<\/p>\n<p>1: Comprender el concepto de Energia Potencial<\/p>\n<p>2. Entender como usar la f\u00f3murla de Energia Potencial en la Resoluci\u00f3n de Problemas<\/p>\n<p>3: Diferenciar correctamente el concepto de Energia Potencial entre las energias potenciales<\/p>\n<p>&nbsp;<\/p>\n<p><em><strong>Contenidos:<\/strong><\/em><\/p>\n<p>1. La Energia Potencial<\/p>\n<p>2. Tipos de Energias Potenciales<\/p>\n<p>3. Enegia Potencial Gravitatoria<\/p>\n<p>4. Energia Potencial El\u00e1stica<\/p>\n<p>5. Energia Potencial El\u00e9ctrica<\/p>\n<p>7. Potencial y Difrencia de potencial el\u00e9ctricos<\/p>\n<p>&nbsp;<\/p>\n<p><a href=\"http:\/\/blog.espol.edu.ec\/rechever\/energia-potencial\/\">Las Energias Potenciales<\/a><\/p>\n<p>Energ\u00eda Potencial Gravitatoria<\/p>\n<p><strong><a href=\"http:\/\/blog.espol.edu.ec\/rechever\/?page_id=431&amp;preview=true\">Energ\u00eda Potencial El\u00e1stica<\/a><\/strong><\/p>\n<p><strong><a href=\"http:\/\/blog.espol.edu.ec\/rechever\/formulas-ep\/\">F\u00f3rmulas de las Energias Potenciales<\/a><\/strong><\/p>\n","protected":false},"excerpt":{"rendered":"<p>Sea bienvenidos a una nueva ense\u00f1anza de la F\u00edsica Prof. Segarra Robert Buenos d\u00edas, mis queridos estudiantes. EL CREADOR les bendiga. \u00a0 Objetivos de Aprendizaje: 1: Comprender el concepto de Energia Potencial 2. Entender como usar la f\u00f3murla de Energia Potencial en la Resoluci\u00f3n de Problemas 3: Diferenciar correctamente el concepto de Energia Potencial entre [\u2026]<\/p>\n","protected":false},"author":5600,"featured_media":0,"parent":0,"menu_order":0,"comment_status":"closed","ping_status":"closed","template":"","meta":{"footnotes":""},"class_list":["post-340","page","type-page","status-publish","hentry"],"_links":{"self":[{"href":"https:\/\/blog.espol.edu.ec\/rechever\/wp-json\/wp\/v2\/pages\/340","targetHints":{"allow":["GET"]}}],"collection":[{"href":"https:\/\/blog.espol.edu.ec\/rechever\/wp-json\/wp\/v2\/pages"}],"about":[{"href":"https:\/\/blog.espol.edu.ec\/rechever\/wp-json\/wp\/v2\/types\/page"}],"author":[{"embeddable":true,"href":"https:\/\/blog.espol.edu.ec\/rechever\/wp-json\/wp\/v2\/users\/5600"}],"replies":[{"embeddable":true,"href":"https:\/\/blog.espol.edu.ec\/rechever\/wp-json\/wp\/v2\/comments?post=340"}],"version-history":[{"count":20,"href":"https:\/\/blog.espol.edu.ec\/rechever\/wp-json\/wp\/v2\/pages\/340\/revisions"}],"predecessor-version":[{"id":441,"href":"https:\/\/blog.espol.edu.ec\/rechever\/wp-json\/wp\/v2\/pages\/340\/revisions\/441"}],"wp:attachment":[{"href":"https:\/\/blog.espol.edu.ec\/rechever\/wp-json\/wp\/v2\/media?parent=340"}],"curies":[{"name":"wp","href":"https:\/\/api.w.org\/{rel}","templated":true}]}}