{"id":399,"date":"2022-02-16T13:00:29","date_gmt":"2022-02-16T13:00:29","guid":{"rendered":"http:\/\/blog.espol.edu.ec\/rechever\/?page_id=399"},"modified":"2022-02-16T13:12:46","modified_gmt":"2022-02-16T13:12:46","slug":"fuente-de-energias","status":"publish","type":"page","link":"https:\/\/blog.espol.edu.ec\/rechever\/fuente-de-energias\/","title":{"rendered":"Fuente de Energias"},"content":{"rendered":"<div class='dropshadowboxes-container ' style='width:auto;'>\r\n                            <div class='dropshadowboxes-drop-shadow dropshadowboxes-rounded-corners dropshadowboxes-inside-and-outside-shadow dropshadowboxes-lifted-both dropshadowboxes-effect-default' style=' border: 1px solid #dddddd; height:; background-color:#ffffff;    '>\r\n                            Fuentes de energias renovables y no renovablesdo.\r\n                            <\/div>\r\n                        <\/div>\n<p><strong>Fuente de energia renovable<\/strong><\/p>\n<p>Son energ\u00edas renovables aquellas que se obtienen a partir de fuentes naturales inagotables y generan electricidad sin contribuir al calentamiento global.<\/p>\n<p><strong>Fuente de energia renovable<\/strong><\/p>\n<p>Las energ\u00edas no renovables son los m\u00e9todos de producci\u00f3n de energ\u00eda a partir de una fuente de energ\u00eda agotable. La energ\u00eda no renovable consume alg\u00fan tipo de combustible (petr\u00f3leo, carb\u00f3n, uranio...). Las energ\u00edas renovables utilizan a su vez otros tipos de recursos energ\u00e9ticos (solar, e\u00f3lica, hidr\u00e1ulica, etc.).<\/p>\n<p>&nbsp;<\/p>\n<p><a href=\"https:\/\/remicaserviciosenergeticos.es\/blog\/tipos-de-energia\/\"><strong>M\u00e1s sobre los tipos de Energia<\/strong><\/a><img loading=\"lazy\" decoding=\"async\" class=\"aligncenter wp-image-400\" src=\"http:\/\/blog.espol.edu.ec\/rechever\/files\/2022\/02\/energiarenovable-y-norenovable-cke.jpg\" alt=\"\" width=\"312\" height=\"780\" srcset=\"https:\/\/blog.espol.edu.ec\/rechever\/files\/2022\/02\/energiarenovable-y-norenovable-cke.jpg 630w, https:\/\/blog.espol.edu.ec\/rechever\/files\/2022\/02\/energiarenovable-y-norenovable-cke-120x300.jpg 120w, https:\/\/blog.espol.edu.ec\/rechever\/files\/2022\/02\/energiarenovable-y-norenovable-cke-410x1024.jpg 410w, https:\/\/blog.espol.edu.ec\/rechever\/files\/2022\/02\/energiarenovable-y-norenovable-cke-200x500.jpg 200w\" sizes=\"auto, (max-width: 312px) 100vw, 312px\" \/><\/p>\n","protected":false},"excerpt":{"rendered":"<p>Fuente de energia renovable Son energ\u00edas renovables aquellas que se obtienen a partir de fuentes naturales inagotables y generan electricidad sin contribuir al calentamiento global. Fuente de energia renovable Las energ\u00edas no renovables son los m\u00e9todos de producci\u00f3n de energ\u00eda a partir de una fuente de energ\u00eda agotable. La energ\u00eda no renovable consume alg\u00fan tipo [\u2026]<\/p>\n","protected":false},"author":5600,"featured_media":0,"parent":0,"menu_order":0,"comment_status":"closed","ping_status":"closed","template":"","meta":{"footnotes":""},"class_list":["post-399","page","type-page","status-publish","hentry"],"_links":{"self":[{"href":"https:\/\/blog.espol.edu.ec\/rechever\/wp-json\/wp\/v2\/pages\/399","targetHints":{"allow":["GET"]}}],"collection":[{"href":"https:\/\/blog.espol.edu.ec\/rechever\/wp-json\/wp\/v2\/pages"}],"about":[{"href":"https:\/\/blog.espol.edu.ec\/rechever\/wp-json\/wp\/v2\/types\/page"}],"author":[{"embeddable":true,"href":"https:\/\/blog.espol.edu.ec\/rechever\/wp-json\/wp\/v2\/users\/5600"}],"replies":[{"embeddable":true,"href":"https:\/\/blog.espol.edu.ec\/rechever\/wp-json\/wp\/v2\/comments?post=399"}],"version-history":[{"count":7,"href":"https:\/\/blog.espol.edu.ec\/rechever\/wp-json\/wp\/v2\/pages\/399\/revisions"}],"predecessor-version":[{"id":411,"href":"https:\/\/blog.espol.edu.ec\/rechever\/wp-json\/wp\/v2\/pages\/399\/revisions\/411"}],"wp:attachment":[{"href":"https:\/\/blog.espol.edu.ec\/rechever\/wp-json\/wp\/v2\/media?parent=399"}],"curies":[{"name":"wp","href":"https:\/\/api.w.org\/{rel}","templated":true}]}}