{"id":413,"date":"2022-02-16T13:32:35","date_gmt":"2022-02-16T13:32:35","guid":{"rendered":"http:\/\/blog.espol.edu.ec\/rechever\/?page_id=413"},"modified":"2022-02-16T13:33:21","modified_gmt":"2022-02-16T13:33:21","slug":"tipos-de-fuerzas","status":"publish","type":"page","link":"https:\/\/blog.espol.edu.ec\/rechever\/tipos-de-fuerzas\/","title":{"rendered":"Tipos de Fuerzas"},"content":{"rendered":"<div class='dropshadowboxes-container ' style='width:auto;'>\r\n                            <div class='dropshadowboxes-drop-shadow dropshadowboxes-rounded-corners dropshadowboxes-inside-and-outside-shadow dropshadowboxes-lifted-both dropshadowboxes-effect-default' style=' border: 1px solid #dddddd; height:; background-color:#ffffff;    '>\r\n                            Fuerzas conservativas y no conservativas\r\n                            <\/div>\r\n                        <\/div>\n<p>&nbsp;<\/p>\n<p><strong>Fuerzas Conservativas<\/strong><\/p>\n<p>Decimos que una fuerza es conservativa cuando el trabajo que realiza sobre un cuerpo depende s\u00f3lo de los puntos inicial y final y no del camino seguido para llegar de uno a otro.<\/p>\n<p>La definici\u00f3n anterior tiene varias implicaciones:<\/p>\n<p><img loading=\"lazy\" decoding=\"async\" class=\"aligncenter size-full wp-image-414\" src=\"http:\/\/blog.espol.edu.ec\/rechever\/files\/2022\/02\/fc01.png\" alt=\"\" width=\"335\" height=\"113\" srcset=\"https:\/\/blog.espol.edu.ec\/rechever\/files\/2022\/02\/fc01.png 335w, https:\/\/blog.espol.edu.ec\/rechever\/files\/2022\/02\/fc01-300x101.png 300w\" sizes=\"auto, (max-width: 335px) 100vw, 335px\" \/><\/p>\n<p>S\u00f3lo las fuerzas conservativas dan lugar a la energ\u00eda potencial. El c\u00e1lculo del trabajo realizado por fuerzas conservativas se reduce a una simple resta:<\/p>\n<p>El trabajo realizado por las fuerzas conservativas a lo largo de un camino cerrado es cero<br \/>\nCuando movemos un cuerpo venciendo una fuerza conservativa que se opone, el trabajo realizado aumenta la energ\u00eda potencial del cuerpo<br \/>\nLas fuerzas conservativas conservan la energ\u00eda mec\u00e1nica del sistema (por ejemplo la fuerza gravitatoria)<br \/>\nLas fuerzas no conservativas o disipativas disipan la energ\u00eda mec\u00e1nica del sistema (por ejemplo la fuerza de rozamiento)<\/p>\n<p>Un ejemplo de fuerza conservativa es la fuerza gravitatoria de la mec\u00e1nica newtoniana. Las fuerzas dependientes del tiempo o de la velocidad (por ejemplo, la fricci\u00f3n o rozamiento) son t\u00edpicamente no conservativas. La mayor\u00eda de sistemas f\u00edsicos fuera del equilibrio termodin\u00e1mico son no-conservativos; en ellos la energ\u00eda se disipa por procesos an\u00e1logos al rozamiento.<\/p>\n<p><img loading=\"lazy\" decoding=\"async\" class=\"aligncenter wp-image-415\" src=\"http:\/\/blog.espol.edu.ec\/rechever\/files\/2022\/02\/screenshot_20220216_080506.png\" alt=\"\" width=\"637\" height=\"250\" srcset=\"https:\/\/blog.espol.edu.ec\/rechever\/files\/2022\/02\/screenshot_20220216_080506.png 1081w, https:\/\/blog.espol.edu.ec\/rechever\/files\/2022\/02\/screenshot_20220216_080506-300x118.png 300w, https:\/\/blog.espol.edu.ec\/rechever\/files\/2022\/02\/screenshot_20220216_080506-768x301.png 768w, https:\/\/blog.espol.edu.ec\/rechever\/files\/2022\/02\/screenshot_20220216_080506-1024x402.png 1024w, https:\/\/blog.espol.edu.ec\/rechever\/files\/2022\/02\/screenshot_20220216_080506-500x196.png 500w\" sizes=\"auto, (max-width: 637px) 100vw, 637px\" \/><\/p>\n<p><strong>Fuerzas No Conservativas<\/strong><\/p>\n<p><span class=\"ILfuVd\"><span class=\"hgKElc\">Las <b>fuerzas no conservativas<\/b> son aquellas en las que el trabajo realizado por las mismas es distinto de cero a lo largo de un camino cerrado. El trabajo realizado por las <b>fuerzas no conservativas<\/b> es dependiente del camino tomado. A mayor recorrido, mayor trabajo realizado.<\/span><\/span><\/p>\n<p>&nbsp;<\/p>\n<p><a href=\"https:\/\/www.fisicalab.com\/apartado\/fuerzas-conservativas\"><strong>Mas sobre fuerzas conservativas<\/strong><\/a><\/p>\n<p>&nbsp;<\/p>\n<p>&nbsp;<\/p>\n","protected":false},"excerpt":{"rendered":"<p>\u00a0 Fuerzas Conservativas Decimos que una fuerza es conservativa cuando el trabajo que realiza sobre un cuerpo depende s\u00f3lo de los puntos inicial y final y no del camino seguido para llegar de uno a otro. La definici\u00f3n anterior tiene varias implicaciones: S\u00f3lo las fuerzas conservativas dan lugar a la energ\u00eda potencial. El c\u00e1lculo del [\u2026]<\/p>\n","protected":false},"author":5600,"featured_media":0,"parent":0,"menu_order":0,"comment_status":"closed","ping_status":"closed","template":"","meta":{"footnotes":""},"class_list":["post-413","page","type-page","status-publish","hentry"],"_links":{"self":[{"href":"https:\/\/blog.espol.edu.ec\/rechever\/wp-json\/wp\/v2\/pages\/413","targetHints":{"allow":["GET"]}}],"collection":[{"href":"https:\/\/blog.espol.edu.ec\/rechever\/wp-json\/wp\/v2\/pages"}],"about":[{"href":"https:\/\/blog.espol.edu.ec\/rechever\/wp-json\/wp\/v2\/types\/page"}],"author":[{"embeddable":true,"href":"https:\/\/blog.espol.edu.ec\/rechever\/wp-json\/wp\/v2\/users\/5600"}],"replies":[{"embeddable":true,"href":"https:\/\/blog.espol.edu.ec\/rechever\/wp-json\/wp\/v2\/comments?post=413"}],"version-history":[{"count":2,"href":"https:\/\/blog.espol.edu.ec\/rechever\/wp-json\/wp\/v2\/pages\/413\/revisions"}],"predecessor-version":[{"id":417,"href":"https:\/\/blog.espol.edu.ec\/rechever\/wp-json\/wp\/v2\/pages\/413\/revisions\/417"}],"wp:attachment":[{"href":"https:\/\/blog.espol.edu.ec\/rechever\/wp-json\/wp\/v2\/media?parent=413"}],"curies":[{"name":"wp","href":"https:\/\/api.w.org\/{rel}","templated":true}]}}