{"id":418,"date":"2022-02-16T13:38:09","date_gmt":"2022-02-16T13:38:09","guid":{"rendered":"http:\/\/blog.espol.edu.ec\/rechever\/?page_id=418"},"modified":"2022-02-16T13:43:32","modified_gmt":"2022-02-16T13:43:32","slug":"principio-de-la-conservacion-de-la-energia","status":"publish","type":"page","link":"https:\/\/blog.espol.edu.ec\/rechever\/principio-de-la-conservacion-de-la-energia\/","title":{"rendered":"Principio de la Conservaci\u00f3n de la Energia"},"content":{"rendered":"<div class='dropshadowboxes-container ' style='width:auto;'>\r\n                            <div class='dropshadowboxes-drop-shadow dropshadowboxes-rounded-corners dropshadowboxes-inside-and-outside-shadow dropshadowboxes-lifted-both dropshadowboxes-effect-default' style=' border: 1px solid #dddddd; height:; background-color:#ffffff;    '>\r\n                            La Conservaci\u00f3n de la Energia\r\n                            <\/div>\r\n                        <\/div>\n<p><img loading=\"lazy\" decoding=\"async\" class=\"aligncenter size-full wp-image-419\" src=\"http:\/\/blog.espol.edu.ec\/rechever\/files\/2022\/02\/principio-conservacion-energia-mecanica.jpg\" alt=\"\" width=\"602\" height=\"338\" srcset=\"https:\/\/blog.espol.edu.ec\/rechever\/files\/2022\/02\/principio-conservacion-energia-mecanica.jpg 602w, https:\/\/blog.espol.edu.ec\/rechever\/files\/2022\/02\/principio-conservacion-energia-mecanica-300x168.jpg 300w, https:\/\/blog.espol.edu.ec\/rechever\/files\/2022\/02\/principio-conservacion-energia-mecanica-500x281.jpg 500w\" sizes=\"auto, (max-width: 602px) 100vw, 602px\" \/><\/p>\n<p>&nbsp;<\/p>\n<p>&nbsp;<\/p>\n<p><a href=\"http:\/\/newton.cnice.mec.es\/materiales_didacticos\/energia\/conservacion.htm\"><strong>Contendido<\/strong><\/a><\/p>\n<p><strong><a href=\"https:\/\/youtu.be\/tTgwSLwYjZg\">Demostraci\u00f3n del PCEM 1<\/a><\/strong><\/p>\n<p><strong><a href=\"https:\/\/youtu.be\/tTgwSLwYjZg\">Demostraci\u00f3n del PCEM 2<\/a><\/strong><\/p>\n<p>&nbsp;<\/p>\n<p><a href=\"https:\/\/es.khanacademy.org\/science\/physics\/work-and-energy\/work-and-energy-tutorial\/a\/what-is-conservation-of-energy\"><strong>Explicaci\u00f3n de Khan Academy<\/strong><\/a><\/p>\n<p><a href=\"https:\/\/phet.colorado.edu\/es\/contributions\/view\/3380\"><strong>PCEM con PHET<\/strong><\/a><\/p>\n<p><strong><a href=\"https:\/\/youtu.be\/SDHy5B5rx7E\">Aplicaci\u00f3n del PCEM en Problemas<\/a><\/strong><\/p>\n<p><strong><a href=\"https:\/\/www.mineduc.gob.gt\/DIGECADE\/documents\/Telesecundaria\/Recursos%20Digitales\/2o%20Recursos%20Digitales%20TS%20BY-SA%203.0\/01%20CIENCIAS%20NATURALES\/U7%20pp%20173%20conservaci%C3%B3n%20de%20la%20energ%C3%ADa.pdf\">M\u00e1s sobre la Conservaci\u00f3n de la Energia<\/a><\/strong><\/p>\n<p>&nbsp;<\/p>\n","protected":false},"excerpt":{"rendered":"<p>\u00a0 \u00a0 Contendido Demostraci\u00f3n del PCEM 1 Demostraci\u00f3n del PCEM 2 \u00a0 Explicaci\u00f3n de Khan Academy PCEM con PHET Aplicaci\u00f3n del PCEM en Problemas M\u00e1s sobre la Conservaci\u00f3n de la Energia \u00a0<\/p>\n","protected":false},"author":5600,"featured_media":0,"parent":0,"menu_order":0,"comment_status":"closed","ping_status":"closed","template":"","meta":{"footnotes":""},"class_list":["post-418","page","type-page","status-publish","hentry"],"_links":{"self":[{"href":"https:\/\/blog.espol.edu.ec\/rechever\/wp-json\/wp\/v2\/pages\/418","targetHints":{"allow":["GET"]}}],"collection":[{"href":"https:\/\/blog.espol.edu.ec\/rechever\/wp-json\/wp\/v2\/pages"}],"about":[{"href":"https:\/\/blog.espol.edu.ec\/rechever\/wp-json\/wp\/v2\/types\/page"}],"author":[{"embeddable":true,"href":"https:\/\/blog.espol.edu.ec\/rechever\/wp-json\/wp\/v2\/users\/5600"}],"replies":[{"embeddable":true,"href":"https:\/\/blog.espol.edu.ec\/rechever\/wp-json\/wp\/v2\/comments?post=418"}],"version-history":[{"count":3,"href":"https:\/\/blog.espol.edu.ec\/rechever\/wp-json\/wp\/v2\/pages\/418\/revisions"}],"predecessor-version":[{"id":423,"href":"https:\/\/blog.espol.edu.ec\/rechever\/wp-json\/wp\/v2\/pages\/418\/revisions\/423"}],"wp:attachment":[{"href":"https:\/\/blog.espol.edu.ec\/rechever\/wp-json\/wp\/v2\/media?parent=418"}],"curies":[{"name":"wp","href":"https:\/\/api.w.org\/{rel}","templated":true}]}}