{"id":431,"date":"2022-02-16T19:05:43","date_gmt":"2022-02-16T19:05:43","guid":{"rendered":"http:\/\/blog.espol.edu.ec\/rechever\/?page_id=431"},"modified":"2022-03-03T16:23:45","modified_gmt":"2022-03-03T16:23:45","slug":"enegia-potencial-elastica","status":"publish","type":"page","link":"https:\/\/blog.espol.edu.ec\/rechever\/enegia-potencial-elastica\/","title":{"rendered":"Eneg\u00eda Potencial El\u00e1stica"},"content":{"rendered":"<div class='dropshadowboxes-container ' style='width:auto;'>\r\n                            <div class='dropshadowboxes-drop-shadow dropshadowboxes-rounded-corners dropshadowboxes-inside-and-outside-shadow dropshadowboxes-lifted-both dropshadowboxes-effect-default' style=' border: 1px solid #dddddd; height:; background-color:#ffffff;    '>\r\n                            Reflexionemos juntos\r\n                            <\/div>\r\n                        <\/div>\n<p>&nbsp;<\/p>\n<p>&nbsp;<\/p>\n<p><img loading=\"lazy\" decoding=\"async\" class=\"aligncenter size-full wp-image-390\" src=\"http:\/\/blog.espol.edu.ec\/rechever\/files\/2022\/02\/text-2.gif\" alt=\"\" width=\"570\" height=\"52\" \/><img loading=\"lazy\" decoding=\"async\" class=\"aligncenter size-full wp-image-391\" src=\"http:\/\/blog.espol.edu.ec\/rechever\/files\/2022\/02\/text1.gif\" alt=\"\" width=\"589\" height=\"51\" \/><img loading=\"lazy\" decoding=\"async\" class=\"aligncenter size-full wp-image-392\" src=\"http:\/\/blog.espol.edu.ec\/rechever\/files\/2022\/02\/text2-1.gif\" alt=\"\" width=\"587\" height=\"52\" \/><\/p>\n<p>&nbsp;<\/p>\n<div class='dropshadowboxes-container ' style='width:auto;'>\r\n                            <div class='dropshadowboxes-drop-shadow dropshadowboxes-rounded-corners dropshadowboxes-inside-and-outside-shadow dropshadowboxes-lifted-both dropshadowboxes-effect-default' style=' border: 1px solid #dddddd; height:; background-color:#ffffff;    '>\r\n                            -Paulo Coelho-\r\n                            <\/div>\r\n                        <\/div>\n<blockquote class=\"wp-embedded-content\" data-secret=\"UJ6WfXZWbJ\"><p><a href=\"https:\/\/blog.espol.edu.ec\/rechever\/meta-fisica-interactiva\/\">Meta F\u00edsica Interactiva<\/a><\/p><\/blockquote>\n<p><iframe loading=\"lazy\" class=\"wp-embedded-content\" sandbox=\"allow-scripts\" security=\"restricted\" style=\"position: absolute; visibility: hidden;\" title=\"\u00abMeta F\u00edsica Interactiva\u00bb \u2014 Metamath Segarra\" src=\"https:\/\/blog.espol.edu.ec\/rechever\/meta-fisica-interactiva\/embed\/#?secret=rZo66rMrLV#?secret=UJ6WfXZWbJ\" data-secret=\"UJ6WfXZWbJ\" width=\"500\" height=\"282\" frameborder=\"0\" marginwidth=\"0\" marginheight=\"0\" scrolling=\"no\"><\/iframe><\/p>\n<p>Empecemos!<\/p>\n<p>&nbsp;<\/p>\n<p><img loading=\"lazy\" decoding=\"async\" class=\"aligncenter size-full wp-image-508\" src=\"http:\/\/blog.espol.edu.ec\/rechever\/files\/2022\/02\/enL.gif\" alt=\"\" width=\"480\" height=\"199\" \/><img loading=\"lazy\" decoding=\"async\" class=\"aligncenter wp-image-506\" src=\"http:\/\/blog.espol.edu.ec\/rechever\/files\/2022\/02\/Animaci\u00f3n1.gif\" alt=\"\" width=\"209\" height=\"125\" \/><\/p>\n<p>&nbsp;<\/p>\n<div class='dropshadowboxes-container ' style='width:auto;'>\r\n                            <div class='dropshadowboxes-drop-shadow dropshadowboxes-rounded-corners dropshadowboxes-inside-and-outside-shadow dropshadowboxes-lifted-both dropshadowboxes-effect-default' style=' border: 1px solid #dddddd; height:; background-color:#ffffff;    '>\r\n                            Introducci\u00f3n\r\n                            <\/div>\r\n                        <\/div>\n<p>Un cuerpo se denomina el\u00e1stico si al actuar una fuerza sobre \u00e9l sufre una deformaci\u00f3n (de comprensi\u00f3n o de elongaci\u00f3n) de tal manera que al cesar actuar la fuerza recupera su forma original. El prototipo (microsc\u00f3pico) de un cuerpo el\u00e1stico lo constituye un resorte o muelle en un rango de deformaciones no demasiadas grandes (rango de estabilidad). Si la deformaci\u00f3n supera un cierto umbral (l\u00edmite de elasticidad) el resorte queda perfectamente deformado.<\/p>\n<p>El cuerpo el\u00e1stico en s\u00ed mismo un sistema microsc\u00f3pico bastante complejo. Sin embargo, la fuerza que dicho ejerce sobre un objeto unido a uno de sus extremos resulta satisfactoriamente descrita por la llamada Ley de Hooke; la fuerza que ejerce el resorte sobre el cuerpo es proporcional y tiene el sentido opuesto de la deformaci\u00f3n del resorte, tendiendo a que el resorte recupere su longitud original. (Es decir, tendiendo a devolver al sistema a su estado de equilibrio).<\/p>\n<p>La Constante de Proporcionalidad entre la fuerza y la deformaci\u00f3n se denomina constante de el\u00e1sticidad o recuperaci\u00f3n, y se denota habitualmente por el s\u00edmbolo k.<\/p>\n<p>La fuerza ejercida por un resorte por ejemplo de un tipo m\u00e1s general de fuerzas denominadas fuerzas el\u00e1sticas. En general, todo sistema en las proximidades de un punto equilibrio estable (que se caracteriza porque las fuerzas que act\u00faan sobre el sistema en ese punto son nulas y porque las fuerzas que aparecen cuando se producen peque\u00f1as desplazamientos respecto al equilibrio tienen un sentido tal que tienden a hacer retornar al sistema al punto de equilibrio) obedece en primera aproximaci\u00f3n a una ley de fuerzas de este tipo, que genera un tipo de movimiento llamado Movimiento Arm\u00f3nico Simple.<\/p>\n<p><img loading=\"lazy\" decoding=\"async\" class=\"aligncenter size-full wp-image-513\" src=\"http:\/\/blog.espol.edu.ec\/rechever\/files\/2022\/02\/coupled.gif\" alt=\"\" width=\"288\" height=\"288\" \/><\/p>\n<p><a href=\"http:\/\/www.sc.ehu.es\/sbweb\/fisica3\/oscilaciones\/cte_muelle\/cte_muelle.html\">Muelle El\u00e1stico<\/a><\/p>\n<p>Se conoce como resorte\u200b (o muelle\u200b) a un elemento el\u00e1stico capaz de almacenar energ\u00eda y desprenderse de ella sin sufrir deformaci\u00f3n permanente cuando cesan las fuerzas o la tensi\u00f3n a las que es sometido.<\/p>\n<p><img loading=\"lazy\" decoding=\"async\" class=\"aligncenter wp-image-444\" src=\"http:\/\/blog.espol.edu.ec\/rechever\/files\/2022\/02\/screenshot_20220216_134835.png\" alt=\"\" width=\"204\" height=\"258\" srcset=\"https:\/\/blog.espol.edu.ec\/rechever\/files\/2022\/02\/screenshot_20220216_134835.png 449w, https:\/\/blog.espol.edu.ec\/rechever\/files\/2022\/02\/screenshot_20220216_134835-237x300.png 237w, https:\/\/blog.espol.edu.ec\/rechever\/files\/2022\/02\/screenshot_20220216_134835-395x500.png 395w\" sizes=\"auto, (max-width: 204px) 100vw, 204px\" \/><\/p>\n<div class='dropshadowboxes-container dropshadowboxes-center ' style='width:100%;'>\r\n                            <div class='dropshadowboxes-drop-shadow dropshadowboxes-rounded-corners dropshadowboxes-inside-and-outside-shadow dropshadowboxes-lifted-both dropshadowboxes-effect-default' style='width:auto; border: 1px solid #dddddd; height:; background-color:#ffffff;    '>\r\n                            Estas preparado para validar tus saberes previos\r\n                            <\/div>\r\n                        <\/div>\n<p><a href=\"https:\/\/quizizz.com\/admin\/quiz\/609a7999e17a6a001caa9070\/energia-potencial\">Prueba de entrada (EP)<\/a><\/p>\n<p><strong>Saberes previos<\/strong>: <a href=\"http:\/\/blog.espol.edu.ec\/rechever\/tipos-de-fuerzas\/\">Fuerzas Conservativas<\/a>, <a href=\"http:\/\/blog.espol.edu.ec\/rechever\/energia-y-trabajo\/\">Trabajo<\/a><\/p>\n<p>&nbsp;<\/p>\n<p>&nbsp;<\/p>\n<p>&nbsp;<\/p>\n<p>&nbsp;<\/p>\n<div class='dropshadowboxes-container ' style='width:auto;'>\r\n                            <div class='dropshadowboxes-drop-shadow dropshadowboxes-rounded-corners dropshadowboxes-inside-and-outside-shadow dropshadowboxes-lifted-both dropshadowboxes-effect-default' style=' border: 1px solid #dddddd; height:; background-color:#ffffff;    '>\r\n                            Ley de Hooke\r\n                            <\/div>\r\n                        <\/div>\n<p>Si duplicamos la fuerza aplicada, el alargamiento tambi\u00e9n se duplicar\u00e1. Esto es lo que se conoce como la ley de Hooke. La ley de Hooke establece que el alargamiento de un muelle el\u00e1tico es directamente proporcional al m\u00f3dulo de la fuerza que se le aplique, siempre y cuando no se deforme permanentemente (<strong>deformaci\u00f3n pl\u00e1stica<\/strong>) dicho muelle.<\/p>\n<p><a href=\"http:\/\/blog.espol.edu.ec\/rechever\/ley-dehooke\/\">Ley de Hooke: Demostraci\u00f3n m\u00e1s Ejercicios<\/a><\/p>\n<p><a href=\"https:\/\/es.khanacademy.org\/science\/physics\/work-and-energy\/hookes-law\/a\/what-is-hookes-law\">KA: Ley de HOOKE<\/a><\/p>\n<p>&nbsp;<\/p>\n<div class='dropshadowboxes-container ' style='width:auto;'>\r\n                            <div class='dropshadowboxes-drop-shadow dropshadowboxes-rounded-corners dropshadowboxes-inside-and-outside-shadow dropshadowboxes-lifted-both dropshadowboxes-effect-default' style=' border: 1px solid #dddddd; height:; background-color:#ffffff;    '>\r\n                            Fuerza el\u00e1stica o Recuperadora\r\n                            <\/div>\r\n                        <\/div>\n<p>Si desplazamos un cuerpo unido a un muelle el\u00e1stico desde su posici\u00f3n en equilibrio, este \u00faltimo ejercer\u00e1 una fuerza denominada <strong>Fuerza Restauradora o El\u00e1stica del Muelle<\/strong> que intentar\u00e1 devolverlo a la posicion de equilibrio.<\/p>\n<p>Es decir, cuanto mayor es el alejamiento del cuerpo con respecto a la posici\u00f3n de equilibrio, mayor es la <strong>fuerza restauradora<\/strong>.<\/p>\n<p>&nbsp;<\/p>\n<p>&nbsp;<\/p>\n<p>&nbsp;<\/p>\n<div class='dropshadowboxes-container ' style='width:auto;'>\r\n                            <div class='dropshadowboxes-drop-shadow dropshadowboxes-rounded-corners dropshadowboxes-inside-and-outside-shadow dropshadowboxes-lifted-both dropshadowboxes-effect-default' style=' border: 1px solid #dddddd; height:; background-color:#ffffff;    '>\r\n                            Definici\u00f3n de la Energ\u00eda Potencial El\u00e1stica\r\n                            <\/div>\r\n                        <\/div>\n<p>La energ\u00eda almacenada en el resorte estirado o comprimido o en otro material el\u00e1stico se llama energ\u00eda potencial el\u00e1stica. Se almacena energ\u00eda en el resorte si est\u00e1 comprimido o estirado. La energ\u00eda potencial el\u00e1stica es la que almacena un objeto por el hecho de estar deformado.<\/p>\n<p>La energ\u00eda potencial el\u00e1stica es energ\u00eda almacenada que resulta de aplicar una fuerza para deformar un objeto el\u00e1stico. La energ\u00eda queda almacenada hasta que se quita la fuerza y el objeto el\u00e1stico regresa a su forma original, haciendo un trabajo en el proceso. La deformaci\u00f3n puede implicar comprimir, estirar o retorcer el objeto.<\/p>\n<p>Definimos la energ\u00eda potencial el\u00e1stica como aquella que adquieren los cuerpo sometidos a la acci\u00f3n de fuerzas el\u00e1sticas o recuperadoras. En el caso de un cuerpo unido a un muelle su valor viene dado por:<\/p>\n<p><img loading=\"lazy\" decoding=\"async\" class=\"aligncenter wp-image-532\" src=\"http:\/\/blog.espol.edu.ec\/rechever\/files\/2022\/02\/screenshot_20220217_125257.png\" alt=\"\" width=\"212\" height=\"78\" srcset=\"https:\/\/blog.espol.edu.ec\/rechever\/files\/2022\/02\/screenshot_20220217_125257.png 430w, https:\/\/blog.espol.edu.ec\/rechever\/files\/2022\/02\/screenshot_20220217_125257-300x110.png 300w\" sizes=\"auto, (max-width: 212px) 100vw, 212px\" \/><\/p>\n<p>Donde:<\/p>\n<p>Ep: Es la energ\u00eda potencial del cuerpo. Su unidad de medida en el Sistema Internacional es el Julio (J)<br \/>\nk: Constante el\u00e1stica del muelle. Depende el propio muelle en s\u00ed, cuanto mayor es su valor, m\u00e1s trabajo cuesta estirar el muelle. Su unidad de medida en el Sistema Internacional es Newton por metro (N\/m)<br \/>\nx: Distancia hasta la posici\u00f3n de equilibrio. Su unidad de medida en el Sistema Internacional es el metro (m)<\/p>\n<div class='dropshadowboxes-container ' style='width:auto;'>\r\n                            <div class='dropshadowboxes-drop-shadow dropshadowboxes-rounded-corners dropshadowboxes-inside-and-outside-shadow dropshadowboxes-lifted-both dropshadowboxes-effect-default' style=' border: 1px solid #dddddd; height:; background-color:#ffffff;    '>\r\n                            <strong>Nota:<\/strong> Observa como x es la distancia a la posici\u00f3n de equilibrio. Presta mucha atenci\u00f3n en los problemas a d\u00f3nde se sit\u00faa el origen de coordenadas para distinguir claramente la posici\u00f3n inicial xi del muelle, la posici\u00f3n final xf , su posici\u00f3n de equilibrio x0 y la distancia a la posici\u00f3n de equilibrio x.\r\n                            <\/div>\r\n                        <\/div>\n<p>&nbsp;<\/p>\n<p>&nbsp;<\/p>\n<div class='dropshadowboxes-container ' style='width:auto;'>\r\n                            <div class='dropshadowboxes-drop-shadow dropshadowboxes-rounded-corners dropshadowboxes-inside-and-outside-shadow dropshadowboxes-lifted-both dropshadowboxes-effect-default' style=' border: 1px solid #dddddd; height:; background-color:#ffffff;    '>\r\n                            Trabajo realizado por la Fuerza Restauradora o El\u00e1stica\r\n                            <\/div>\r\n                        <\/div>\n<p>El trabajo de la fuerza el\u00e1stica es igual a la variaci\u00f3n de la energ\u00eda potencial tomada con signo contrario. El trabajo de la fuerza el\u00e1stica no depende de la trayectoria sino de la posici\u00f3n inicial y final. La fuerza el\u00e1stica es una fuerza conservativa.<\/p>\n<p><img loading=\"lazy\" decoding=\"async\" class=\"aligncenter wp-image-455\" src=\"http:\/\/blog.espol.edu.ec\/rechever\/files\/2022\/02\/maxresdefault-1.jpg\" alt=\"\" width=\"584\" height=\"224\" srcset=\"https:\/\/blog.espol.edu.ec\/rechever\/files\/2022\/02\/maxresdefault-1.jpg 1166w, https:\/\/blog.espol.edu.ec\/rechever\/files\/2022\/02\/maxresdefault-1-300x115.jpg 300w, https:\/\/blog.espol.edu.ec\/rechever\/files\/2022\/02\/maxresdefault-1-768x295.jpg 768w, https:\/\/blog.espol.edu.ec\/rechever\/files\/2022\/02\/maxresdefault-1-1024x393.jpg 1024w, https:\/\/blog.espol.edu.ec\/rechever\/files\/2022\/02\/maxresdefault-1-500x192.jpg 500w\" sizes=\"auto, (max-width: 584px) 100vw, 584px\" \/><\/p>\n<p>&nbsp;<\/p>\n<p>&nbsp;<\/p>\n<p><a href=\"https:\/\/uvadoc.uva.es\/bitstream\/handle\/10324\/11727\/Tema_Trabajo%20y%20Energ%C3%ADa_Isabel%20Caballero.pdf?sequence=1\"><div class='dropshadowboxes-container ' style='width:auto;'>\r\n                            <div class='dropshadowboxes-drop-shadow dropshadowboxes-rounded-corners dropshadowboxes-inside-and-outside-shadow dropshadowboxes-lifted-both dropshadowboxes-effect-default' style=' border: 1px solid #dddddd; height:; background-color:#ffffff;    '>\r\n                            Caracteristicas de la Energia Potencial El\u00e1stica\r\n                            <\/div>\r\n                        <\/div><\/a><\/p>\n<p><img loading=\"lazy\" decoding=\"async\" class=\"aligncenter wp-image-515\" src=\"http:\/\/blog.espol.edu.ec\/rechever\/files\/2022\/02\/Sin-t\u00edtulo.png\" alt=\"\" width=\"553\" height=\"266\" srcset=\"https:\/\/blog.espol.edu.ec\/rechever\/files\/2022\/02\/Sin-t\u00edtulo.png 1689w, https:\/\/blog.espol.edu.ec\/rechever\/files\/2022\/02\/Sin-t\u00edtulo-300x144.png 300w, https:\/\/blog.espol.edu.ec\/rechever\/files\/2022\/02\/Sin-t\u00edtulo-768x370.png 768w, https:\/\/blog.espol.edu.ec\/rechever\/files\/2022\/02\/Sin-t\u00edtulo-1024x493.png 1024w, https:\/\/blog.espol.edu.ec\/rechever\/files\/2022\/02\/Sin-t\u00edtulo-500x241.png 500w\" sizes=\"auto, (max-width: 553px) 100vw, 553px\" \/><\/p>\n<ul>\n<li>Energ\u00eda en reposo<\/li>\n<li>Energ\u00eda que est\u00e1 guardada<\/li>\n<li>Energ\u00eda transforma a energ\u00eda cin\u00e9tica<\/li>\n<li>Energ\u00eda de deformaci\u00f3n<\/li>\n<li>Aumento de energ\u00eda interna acumulado<\/li>\n<\/ul>\n<p>&nbsp;<\/p>\n<div class='dropshadowboxes-container ' style='width:auto;'>\r\n                            <div class='dropshadowboxes-drop-shadow dropshadowboxes-rounded-corners dropshadowboxes-inside-and-outside-shadow dropshadowboxes-lifted-both dropshadowboxes-effect-default' style=' border: 1px solid #dddddd; height:; background-color:#ffffff;    '>\r\n                            Profundizando el concepto de Energia Potencial \r\n                            <\/div>\r\n                        <\/div>\n<p><a href=\"https:\/\/es.khanacademy.org\/science\/physics\/work-and-energy\/hookes-law\/a\/what-is-elastic-potential-energy\">Profundizando sobre la EPE<\/a><\/p>\n<div class='dropshadowboxes-container ' style='width:auto;'>\r\n                            <div class='dropshadowboxes-drop-shadow dropshadowboxes-rounded-corners dropshadowboxes-inside-and-outside-shadow dropshadowboxes-lifted-both dropshadowboxes-effect-default' style=' border: 1px solid #dddddd; height:; background-color:#ffffff;    '>\r\n                            Ejemplos de la vida cotidiana sobre la energ\u00eda potencial el\u00e1stica\r\n                            <\/div>\r\n                        <\/div>\n<p>El muelle de un reloj de cuerda.<br \/>\nUn arquero que estira su arco.<br \/>\nUn trampol\u00edn doblado justo antes de que el clavadista brinque.<br \/>\nLa liga de hule de una resortera.<br \/>\nUna pelota de goma, comprimida en el momento en el que choca con una pared de ladrillos.<\/p>\n<p>&nbsp;<\/p>\n<p><a href=\"https:\/\/phet.colorado.edu\/sims\/html\/hookes-law\/latest\/hookes-law_es.html\">Phet - Energia Potencial El\u00e1stica<\/a><\/p>\n<p><a href=\"https:\/\/phet.colorado.edu\/es\/contributions\/view\/5018\">Phet<\/a><\/p>\n<p><a href=\"https:\/\/youtu.be\/8H-U5fLrj8s\">Video Phet sobre la Energia Potencial El\u00e1stica<\/a><\/p>\n<p>&nbsp;<\/p>\n<div class='dropshadowboxes-container ' style='width:auto;'>\r\n                            <div class='dropshadowboxes-drop-shadow dropshadowboxes-rounded-corners dropshadowboxes-inside-and-outside-shadow dropshadowboxes-lifted-both dropshadowboxes-effect-default' style=' border: 1px solid #dddddd; height:; background-color:#ffffff;    '>\r\n                            Resoluci\u00f3n de Problema aplicando la f\u00f3rmula de Energ\u00eda Potencial El\u00e1stica\r\n                            <\/div>\r\n                        <\/div>\n<p>&nbsp;<\/p>\n<p><a href=\"http:\/\/blog.espol.edu.ec\/rechever\/pizarra-online\/\">Ejercicos EPE part.1<\/a><\/p>\n<p>&nbsp;<\/p>\n<div class='dropshadowboxes-container ' style='width:auto;'>\r\n                            <div class='dropshadowboxes-drop-shadow dropshadowboxes-rounded-corners dropshadowboxes-inside-and-outside-shadow dropshadowboxes-lifted-both dropshadowboxes-effect-default' style=' border: 1px solid #dddddd; height:; background-color:#ffffff;    '>\r\n                            Problemas conceptuales sobre la energ\u00eda Potencial El\u00e1stica\r\n                            <\/div>\r\n                        <\/div>\n<p>&nbsp;<\/p>\n<p><a href=\"http:\/\/blog.espol.edu.ec\/rechever\/ejercicios-conceptuales-epe\/\">Ejercicios EPE part.2<\/a><\/p>\n<p>&nbsp;<\/p>\n<div class='dropshadowboxes-container ' style='width:auto;'>\r\n                            <div class='dropshadowboxes-drop-shadow dropshadowboxes-rounded-corners dropshadowboxes-inside-and-outside-shadow dropshadowboxes-lifted-both dropshadowboxes-effect-default' style=' border: 1px solid #dddddd; height:; background-color:#ffffff;    '>\r\n                            M\u00e1s temas\r\n                            <\/div>\r\n                        <\/div>\n<p>&nbsp;<\/p>\n<p><strong><a href=\"http:\/\/blog.espol.edu.ec\/rechever\/tipos-de-fuerzas\/\">Fuerzas conservativas y no conservativas<\/a><\/strong><\/p>\n<p><strong><a href=\"http:\/\/blog.espol.edu.ec\/rechever\/principio-de-la-conservacion-de-la-energia\/\">Principio de Conservaci\u00f3n de Energia<\/a><\/strong><\/p>\n<p><a href=\"http:\/\/www.sc.ehu.es\/sbweb\/fisica3\/oscilaciones\/cte_muelle\/cte_muelle.html\">Pr\u00e1ctica para el c\u00e1lculo de la constante El\u00e1stica<\/a><\/p>\n<p><a href=\"https:\/\/jamboard.google.com\/d\/11nWYSiJqiguRZKg6OAYZpvjCXz8AW0QgBzFQ_aL01oA\/viewer\">Resolucion de Problemas (EP)<\/a><\/p>\n<p><a href=\"https:\/\/docs.google.com\/presentation\/d\/1Q1XHYa15h0pZPjLv9a5wO5MQblZzzwDgD6QnV90tG_s\/edit?usp=sharing\">Resumen sobre la Energia<\/a><\/p>\n<p>&nbsp;<\/p>\n<p><a href=\"https:\/\/drive.google.com\/file\/d\/1EJrv8v5-7DTzrH9k9Tv8TICXlGNLundp\/view?usp=sharing\">Libro Base de F\u00edscia 2BGU del Mineduc<\/a><\/p>\n<p>Investigando (EP)<\/p>\n<p><a href=\"https:\/\/repository.uaeh.edu.mx\/revistas\/index.php\/prepa4\/article\/view\/6136\/7381\">Lectura 1<\/a><\/p>\n<p>&nbsp;<\/p>\n<p><strong><div class='dropshadowboxes-container ' style='width:auto;'>\r\n                            <div class='dropshadowboxes-drop-shadow dropshadowboxes-rounded-corners dropshadowboxes-inside-and-outside-shadow dropshadowboxes-lifted-both dropshadowboxes-effect-default' style=' border: 1px solid #dddddd; height:; background-color:#ffffff;    '>\r\n                            Resfuerzo acad\u00e9mico\r\n                            <\/div>\r\n                        <\/div><\/strong><\/p>\n<p><a href=\"https:\/\/youtu.be\/0awR9mQBgMk\">Energia y tipos de energia<\/a><\/p>\n<p><a href=\"https:\/\/es.khanacademy.org\/science\/physics\/work-and-energy\">Khan Academy Energia Potencial<\/a><\/p>\n<p><a href=\"https:\/\/www.geogebra.org\/m\/XDyBevFP\">1 Geogebra EP<\/a><\/p>\n<p><a href=\"https:\/\/www.geogebra.org\/m\/gDMEp9NY\">2 Geogebra EP<\/a><\/p>\n<p><a href=\"https:\/\/youtu.be\/D6dXbtvNUL4\">1 Phet EP<\/a><\/p>\n<p>&nbsp;<\/p>\n<div class='dropshadowboxes-container dropshadowboxes-center ' style='width:100%;'>\r\n                            <div class='dropshadowboxes-drop-shadow dropshadowboxes-rounded-corners dropshadowboxes-inside-and-outside-shadow dropshadowboxes-lifted-both dropshadowboxes-effect-default' style='width:auto; border: 1px solid #dddddd; height:; background-color:#ffffff;    '>\r\n                            Estas preparado para demostrar tu buen aprendizaje aut\u00f3nomo\r\n                            <\/div>\r\n                        <\/div>\n<p><a href=\"https:\/\/quizizz.com\/admin\/quiz\/609a7999e17a6a001caa9070\/energia-potencial\">Prueba Final<\/a><\/p>\n<p>&nbsp;<\/p>\n<p><strong>Referencia Biliogr\u00e1fica.<\/strong><\/p>\n<p>Solbes, J., &amp; Tar\u00edn, F. (2004). La conservaci\u00f3n de la energ\u00eda: un principio de toda la f\u00edsica. Una propuesta y unos resultados. <i>Ense\u00f1anza de las ciencias: revista de investigaci\u00f3n y experiencias did\u00e1cticas<\/i>, 185-193.<\/p>\n<p>Lozano, O., Garcia-Molina, R., &amp; Solbes, J. (2007). Cuatro juegos que ilustran la conservaci\u00f3n de la energ\u00eda. <i>Alambique. Did\u00e1ctica de las Ciencias Experimentales<\/i>, (54), 115-118.<\/p>\n<p>Colombo, L., &amp; Giordano, S. (2007). Energia elastica. In <i>Introduzione alla Teoria della elasticit\u00e0<\/i> (pp. 71-96). Springer, Milano.<\/p>\n","protected":false},"excerpt":{"rendered":"<p>\u00a0 \u00a0 \u00a0 Meta F\u00edsica Interactiva Empecemos! \u00a0 \u00a0 Un cuerpo se denomina el\u00e1stico si al actuar una fuerza sobre \u00e9l sufre una deformaci\u00f3n (de comprensi\u00f3n o de elongaci\u00f3n) de tal manera que al cesar actuar la fuerza recupera su forma original. El prototipo (microsc\u00f3pico) de un cuerpo el\u00e1stico lo constituye un resorte o muelle [\u2026]<\/p>\n","protected":false},"author":5600,"featured_media":0,"parent":0,"menu_order":0,"comment_status":"closed","ping_status":"closed","template":"","meta":{"footnotes":""},"class_list":["post-431","page","type-page","status-publish","hentry"],"_links":{"self":[{"href":"https:\/\/blog.espol.edu.ec\/rechever\/wp-json\/wp\/v2\/pages\/431","targetHints":{"allow":["GET"]}}],"collection":[{"href":"https:\/\/blog.espol.edu.ec\/rechever\/wp-json\/wp\/v2\/pages"}],"about":[{"href":"https:\/\/blog.espol.edu.ec\/rechever\/wp-json\/wp\/v2\/types\/page"}],"author":[{"embeddable":true,"href":"https:\/\/blog.espol.edu.ec\/rechever\/wp-json\/wp\/v2\/users\/5600"}],"replies":[{"embeddable":true,"href":"https:\/\/blog.espol.edu.ec\/rechever\/wp-json\/wp\/v2\/comments?post=431"}],"version-history":[{"count":57,"href":"https:\/\/blog.espol.edu.ec\/rechever\/wp-json\/wp\/v2\/pages\/431\/revisions"}],"predecessor-version":[{"id":546,"href":"https:\/\/blog.espol.edu.ec\/rechever\/wp-json\/wp\/v2\/pages\/431\/revisions\/546"}],"wp:attachment":[{"href":"https:\/\/blog.espol.edu.ec\/rechever\/wp-json\/wp\/v2\/media?parent=431"}],"curies":[{"name":"wp","href":"https:\/\/api.w.org\/{rel}","templated":true}]}}