{"id":464,"date":"2022-02-17T02:15:00","date_gmt":"2022-02-17T02:15:00","guid":{"rendered":"http:\/\/blog.espol.edu.ec\/rechever\/?page_id=464"},"modified":"2022-02-17T23:29:49","modified_gmt":"2022-02-17T23:29:49","slug":"pizarra-online","status":"publish","type":"page","link":"https:\/\/blog.espol.edu.ec\/rechever\/pizarra-online\/","title":{"rendered":"Ejercicios EPE"},"content":{"rendered":"<div class='dropshadowboxes-container ' style='width:auto;'>\r\n                            <div class='dropshadowboxes-drop-shadow dropshadowboxes-rounded-corners dropshadowboxes-inside-and-outside-shadow dropshadowboxes-lifted-both dropshadowboxes-effect-default' style=' border: 1px solid #dddddd; height:; background-color:#ffffff;    '>\r\n                            Ejercicios b\u00e1sicos sobre la Energ\u00eda Potencial El\u00e1stica\r\n                            <\/div>\r\n                        <\/div>\n<p>&nbsp;<\/p>\n<p>Ejercicio 1<\/p>\n<p>Un resorte de k=100 N\/m se estira 0.2 m cuando act\u00faa una fuerza externa sobre \u00e9l.<\/p>\n<p>Determine la magnitud de la fuerza.<\/p>\n<div class=\"content max-h-full max-h-full p-0.5\" data-v-38abb9f9=\"\">\n<div class=\"relative z-0\">\n<div class=\"flex flex-col\">\n<div class=\"p-4 shadow-sm\">\n<div class=\"flex flex-wrap\">\n<div class=\"mb-2 flex items-start w-1\/2\">\n<p>a: 20 N<\/p>\n<\/div>\n<div class=\"mb-2 flex items-start w-1\/2\">\n<p>b: 200 N<\/p>\n<\/div>\n<div class=\"mb-2 flex items-start w-1\/2\">\n<p>c: 2000 N<\/p>\n<\/div>\n<div class=\"mb-2 flex items-start w-1\/2\">\n<p>d: 2 N<\/p>\n<\/div>\n<div class=\"mb-2 flex items-start w-1\/2\">\n<p>e: 40 N<\/p>\n<\/div>\n<\/div>\n<\/div>\n<\/div>\n<\/div>\n<\/div>\n<p>&nbsp;<\/p>\n<p>&nbsp;<\/p>\n<div class=\"content max-h-full max-h-full p-0.5\" data-v-38abb9f9=\"\">\n<div class=\"relative z-0\">\n<div class=\"flex flex-col\">\n<div class=\"p-4 shadow-sm\">\n<p>&nbsp;<\/p>\n<p>&nbsp;<\/p>\n<p>&nbsp;<\/p>\n<p>Ejercicio 2<\/p>\n<p>Una fuerza de 30 N comprime un resorte una distancia de 10 cm.<\/p>\n<p>Determine la constante el\u00e1stica del resorte.<\/p>\n<p>a: 30 N\/m<\/p>\n<p>b: 300 N\/m<\/p>\n<p>c: 600 N\/m<\/p>\n<p>d: 3 N\/m<\/p>\n<p>e: 150 N\/m<\/p>\n<\/div>\n<\/div>\n<div class=\"absolute cursor-pointer -right-20 top-0 flex items-center text-light hover:bg-dark-50% h-full px-2 rounded-lg\"><\/div>\n<\/div>\n<\/div>\n<div data-v-38abb9f9=\"\"><\/div>\n<div data-v-38abb9f9=\"\"><\/div>\n<div data-v-38abb9f9=\"\"><\/div>\n<div data-v-38abb9f9=\"\"><\/div>\n<div data-v-38abb9f9=\"\"><\/div>\n<div data-v-38abb9f9=\"\"><\/div>\n<div data-v-38abb9f9=\"\"><\/div>\n<div class=\"footer flex justify-end mt-4\" data-v-38abb9f9=\"\">Ejercicio 3<\/div>\n<div class=\"flex items-center mb-4\">\n<div class=\"text-sm flex overflow-hidden text-dark-2\">\n<p>Una fuerza de 80 N act\u00faa sobre un resorte de constante el\u00e1stica k=160 N\/m.<\/p>\n<p>Determina el alargamiento que sufre el resorte bajo la acci\u00f3n de esta fuerza.<\/p>\n<\/div>\n<\/div>\n<div class=\"relative bg-light-1 mb-4 h-px\"><span class=\"absolute px-2 text-tn left-4 -translate-y-1\/2 transform text-dark-4 bg-light-2\">\u00a0<\/span><\/div>\n<div class=\"flex flex-wrap\">\n<div class=\"mb-2 flex items-start w-1\/2\">\n<p>a: 5 m<\/p>\n<\/div>\n<div class=\"mb-2 flex items-start w-1\/2\">\n<p>b: 50 cm<\/p>\n<\/div>\n<div class=\"mb-2 flex items-start w-1\/2\">\n<p>c: 100 cm<\/p>\n<\/div>\n<div class=\"mb-2 flex items-start w-1\/2\">\n<p>d: 2 m<\/p>\n<\/div>\n<div class=\"mb-2 flex items-start w-1\/2\">\n<p>e: 200 cm<\/p>\n<\/div>\n<\/div>\n<p>&nbsp;<\/p>\n<p>&nbsp;<\/p>\n<p>&nbsp;<\/p>\n<div class='dropshadowboxes-container ' style='width:auto;'>\r\n                            <div class='dropshadowboxes-drop-shadow dropshadowboxes-rounded-corners dropshadowboxes-inside-and-outside-shadow dropshadowboxes-lifted-both dropshadowboxes-effect-default' style=' border: 1px solid #dddddd; height:; background-color:#ffffff;    '>\r\n                            Pizarras Online Interactiva\r\n                            <\/div>\r\n                        <\/div>\n<p>&nbsp;<\/p>\n<p><a href=\"https:\/\/idroo.com\/board-xQN4eDvrt0\">Idroo<\/a><\/p>\n<p><a href=\"https:\/\/jamboard.google.com\/d\/11nWYSiJqiguRZKg6OAYZpvjCXz8AW0QgBzFQ_aL01oA\/edit?usp=sharing\"><strong>Pizarra Jamboard<\/strong><\/a><\/p>\n<p><a href=\"https:\/\/graspablemath.com\/canvas\">Graspable Math<\/a><\/p>\n<p><a href=\"https:\/\/graspablemath.com\/canvas\">Math Canvas<\/a><\/p>\n<p><a href=\"https:\/\/openboard.ch\/download.en.html\">Openboard<\/a><\/p>\n<p>&nbsp;<\/p>\n<p>&nbsp;<\/p>\n<p><strong><a href=\"https:\/\/phet.colorado.edu\/sims\/html\/hookes-law\/latest\/hookes-law_es.html\">Phet - EPE<\/a><\/strong><\/p>\n<p>&nbsp;<\/p>\n<p>&nbsp;<\/p>\n<p>&nbsp;<\/p>\n<p>&nbsp;<\/p>\n<p>&nbsp;<\/p>\n","protected":false},"excerpt":{"rendered":"<p>\u00a0 Ejercicio 1 Un resorte de k=100 N\/m se estira 0.2 m cuando act\u00faa una fuerza externa sobre \u00e9l. Determine la magnitud de la fuerza. a: 20 N b: 200 N c: 2000 N d: 2 N e: 40 N \u00a0 \u00a0 \u00a0 \u00a0 \u00a0 Ejercicio 2 Una fuerza de 30 N comprime un resorte [\u2026]<\/p>\n","protected":false},"author":5600,"featured_media":0,"parent":0,"menu_order":0,"comment_status":"closed","ping_status":"closed","template":"","meta":{"footnotes":""},"class_list":["post-464","page","type-page","status-publish","hentry"],"_links":{"self":[{"href":"https:\/\/blog.espol.edu.ec\/rechever\/wp-json\/wp\/v2\/pages\/464","targetHints":{"allow":["GET"]}}],"collection":[{"href":"https:\/\/blog.espol.edu.ec\/rechever\/wp-json\/wp\/v2\/pages"}],"about":[{"href":"https:\/\/blog.espol.edu.ec\/rechever\/wp-json\/wp\/v2\/types\/page"}],"author":[{"embeddable":true,"href":"https:\/\/blog.espol.edu.ec\/rechever\/wp-json\/wp\/v2\/users\/5600"}],"replies":[{"embeddable":true,"href":"https:\/\/blog.espol.edu.ec\/rechever\/wp-json\/wp\/v2\/comments?post=464"}],"version-history":[{"count":9,"href":"https:\/\/blog.espol.edu.ec\/rechever\/wp-json\/wp\/v2\/pages\/464\/revisions"}],"predecessor-version":[{"id":554,"href":"https:\/\/blog.espol.edu.ec\/rechever\/wp-json\/wp\/v2\/pages\/464\/revisions\/554"}],"wp:attachment":[{"href":"https:\/\/blog.espol.edu.ec\/rechever\/wp-json\/wp\/v2\/media?parent=464"}],"curies":[{"name":"wp","href":"https:\/\/api.w.org\/{rel}","templated":true}]}}