{"id":474,"date":"2022-02-17T02:46:36","date_gmt":"2022-02-17T02:46:36","guid":{"rendered":"http:\/\/blog.espol.edu.ec\/rechever\/?page_id=474"},"modified":"2022-02-17T21:42:11","modified_gmt":"2022-02-17T21:42:11","slug":"ejercicios-conceptuales-epe","status":"publish","type":"page","link":"https:\/\/blog.espol.edu.ec\/rechever\/ejercicios-conceptuales-epe\/","title":{"rendered":"EPE Conceptualizando"},"content":{"rendered":"<div class='dropshadowboxes-container ' style='width:auto;'>\r\n                            <div class='dropshadowboxes-drop-shadow dropshadowboxes-rounded-corners dropshadowboxes-inside-and-outside-shadow dropshadowboxes-lifted-both dropshadowboxes-effect-default' style=' border: 1px solid #dddddd; height:; background-color:#ffffff;    '>\r\n                            Ejercicios Conceptuales sobre la Energ\u00eda Potencial El\u00e1stica\r\n                            <\/div>\r\n                        <\/div>\n<p>&nbsp;<\/p>\n<div class='dropshadowboxes-container ' style='width:auto;'>\r\n                            <div class='dropshadowboxes-drop-shadow dropshadowboxes-rounded-corners dropshadowboxes-inside-and-outside-shadow dropshadowboxes-lifted-both dropshadowboxes-effect-default' style=' border: 1px solid #dddddd; height:; background-color:#ffffff;    '>\r\n                            Ejercicio 1 EPE\r\n                            <\/div>\r\n                        <\/div>\n<p>&nbsp;<\/p>\n<p><strong>Cuanto m\u00e1s se comprime o se estira un objeto __________<\/strong><\/p>\n<p>&nbsp;<\/p>\n<div class=\"mb-2 flex items-start w-full\">\n<p>a: se aumenta el trabajo<\/p>\n<p>b: se aumenta la energ\u00eda<\/p>\n<\/div>\n<div class=\"mb-2 flex items-start w-full\">\n<p>b: se almacena m\u00e1s energ\u00eda<\/p>\n<\/div>\n<div class=\"mb-2 flex items-start w-full\">\n<p>d: se comprime\u00a0 o se alarga tambi\u00e9n sus dimensiones<\/p>\n<\/div>\n<p>&nbsp;<\/p>\n<p>&nbsp;<\/p>\n<p>&nbsp;<\/p>\n<p>&nbsp;<\/p>\n<p>&nbsp;<\/p>\n<p>&nbsp;<\/p>\n<p>&nbsp;<\/p>\n<p>&nbsp;<\/p>\n<p>&nbsp;<\/p>\n<div class='dropshadowboxes-container ' style='width:auto;'>\r\n                            <div class='dropshadowboxes-drop-shadow dropshadowboxes-rounded-corners dropshadowboxes-inside-and-outside-shadow dropshadowboxes-lifted-both dropshadowboxes-effect-default' style=' border: 1px solid #dddddd; height:; background-color:#ffffff;    '>\r\n                            Ejercicio 2 EPE\r\n                            <\/div>\r\n                        <\/div>\n<p>&nbsp;<\/p>\n<p><strong>\u00bfCu\u00e1l es la formula de la energ\u00eda potencial el\u00e1stica?<\/strong><\/p>\n<p>&nbsp;<\/p>\n<p><strong>a:\u00a0\u00a0 m\u22c5g\u22c5h <\/strong><\/p>\n<p><strong>b:\u00a0\u00a0 - 1\/2 k\u22c5x^2<br \/>\n<\/strong><\/p>\n<p><strong>c:\u00a0\u00a0 1\/2 m\u22c5v^2<\/strong><\/p>\n<p><strong>d:\u00a0\u00a0 1\/2 k\u22c5x^2<\/strong><\/p>\n<p><strong>e:\u00a0 - k\u22c5x<\/strong><\/p>\n<p>&nbsp;<\/p>\n<p>&nbsp;<\/p>\n<p>&nbsp;<\/p>\n<p>&nbsp;<\/p>\n<p>&nbsp;<\/p>\n<p>&nbsp;<\/p>\n<p>&nbsp;<\/p>\n<p>&nbsp;<\/p>\n<p>&nbsp;<\/p>\n<p>&nbsp;<\/p>\n<div class='dropshadowboxes-container ' style='width:auto;'>\r\n                            <div class='dropshadowboxes-drop-shadow dropshadowboxes-rounded-corners dropshadowboxes-inside-and-outside-shadow dropshadowboxes-lifted-both dropshadowboxes-effect-default' style=' border: 1px solid #dddddd; height:; background-color:#ffffff;    '>\r\n                            Ejercicio 3 EPE\r\n                            <\/div>\r\n                        <\/div>\n<p>&nbsp;<\/p>\n<div class=\"flex items-center mb-4\">\n<div class=\"text-sm flex overflow-hidden text-dark-2\">\n<p><strong>La diferencia entre la energ\u00eda potencial gravitacional y la energ\u00eda potencial el\u00e1stica es:<\/strong><\/p>\n<p>&nbsp;<\/p>\n<\/div>\n<\/div>\n<div class=\"flex flex-wrap\">\n<div class=\"mb-2 flex items-start w-full\">\n<p>a: En la energ\u00eda potencial el\u00e1stica la ecuaci\u00f3n del trabajo es el producto de la fuerza por el desplazamiento, mientras que en la energ\u00eda potencial gravitatoria la ecuaci\u00f3n es el producto de la masa por la gravedad.<\/p>\n<\/div>\n<div class=\"mb-2 flex items-start w-full\">\n<p>b: En el caso de la energ\u00eda potencial el\u00e1stica no hay libertad de elegir la posici\u00f3n como en el caso gravitacional.<\/p>\n<\/div>\n<div class=\"mb-2 flex items-start w-full\">\n<p>c: En el caso de la energ\u00eda potencial el\u00e1stica el trabajo es positivo cuando la energ\u00eda es positiva, mientras en el gravitacional el trabajo es negativo cuando la energ\u00eda es positiva.<\/p>\n<p>&nbsp;<\/p>\n<\/div>\n<\/div>\n<p><a href=\"https:\/\/quizizz.com\/admin\/quiz\/5ebf586b841552001d5ac754\/energia-potencial-gravitatoria-y-elastica\">M\u00e1s Ejercicios...<\/a><\/p>\n<p>&nbsp;<\/p>\n","protected":false},"excerpt":{"rendered":"<p>\u00a0 \u00a0 Cuanto m\u00e1s se comprime o se estira un objeto __________ \u00a0 a: se aumenta el trabajo b: se aumenta la energ\u00eda b: se almacena m\u00e1s energ\u00eda d: se comprime\u00a0 o se alarga tambi\u00e9n sus dimensiones \u00a0 \u00a0 \u00a0 \u00a0 \u00a0 \u00a0 \u00a0 \u00a0 \u00a0 \u00a0 \u00bfCu\u00e1l es la formula de la energ\u00eda potencial [\u2026]<\/p>\n","protected":false},"author":5600,"featured_media":0,"parent":0,"menu_order":0,"comment_status":"closed","ping_status":"closed","template":"","meta":{"footnotes":""},"class_list":["post-474","page","type-page","status-publish","hentry"],"_links":{"self":[{"href":"https:\/\/blog.espol.edu.ec\/rechever\/wp-json\/wp\/v2\/pages\/474","targetHints":{"allow":["GET"]}}],"collection":[{"href":"https:\/\/blog.espol.edu.ec\/rechever\/wp-json\/wp\/v2\/pages"}],"about":[{"href":"https:\/\/blog.espol.edu.ec\/rechever\/wp-json\/wp\/v2\/types\/page"}],"author":[{"embeddable":true,"href":"https:\/\/blog.espol.edu.ec\/rechever\/wp-json\/wp\/v2\/users\/5600"}],"replies":[{"embeddable":true,"href":"https:\/\/blog.espol.edu.ec\/rechever\/wp-json\/wp\/v2\/comments?post=474"}],"version-history":[{"count":9,"href":"https:\/\/blog.espol.edu.ec\/rechever\/wp-json\/wp\/v2\/pages\/474\/revisions"}],"predecessor-version":[{"id":549,"href":"https:\/\/blog.espol.edu.ec\/rechever\/wp-json\/wp\/v2\/pages\/474\/revisions\/549"}],"wp:attachment":[{"href":"https:\/\/blog.espol.edu.ec\/rechever\/wp-json\/wp\/v2\/media?parent=474"}],"curies":[{"name":"wp","href":"https:\/\/api.w.org\/{rel}","templated":true}]}}