{"id":489,"date":"2022-02-17T03:12:51","date_gmt":"2022-02-17T03:12:51","guid":{"rendered":"http:\/\/blog.espol.edu.ec\/rechever\/?page_id=489"},"modified":"2022-02-17T16:13:32","modified_gmt":"2022-02-17T16:13:32","slug":"ley-dehooke","status":"publish","type":"page","link":"https:\/\/blog.espol.edu.ec\/rechever\/ley-dehooke\/","title":{"rendered":"Ley deHooke"},"content":{"rendered":"<div class='dropshadowboxes-container ' style='width:auto;'>\r\n                            <div class='dropshadowboxes-drop-shadow dropshadowboxes-rounded-corners dropshadowboxes-inside-and-outside-shadow dropshadowboxes-lifted-both dropshadowboxes-effect-default' style=' border: 1px solid #dddddd; height:; background-color:#ffffff;    '>\r\n                            Ley de Hooke\r\n                            <\/div>\r\n                        <\/div>\n<p>La ley de Hooke establece que la fuerza aplicada a un muelle es directamente proporcional a la deformaci\u00f3n que se le produce.<\/p>\n<p><img loading=\"lazy\" decoding=\"async\" class=\"aligncenter wp-image-517\" src=\"http:\/\/blog.espol.edu.ec\/rechever\/files\/2022\/02\/F\u00f3rmula-ley-de-elasticidad-de-Hooke-de-los-muelles.jpg\" alt=\"\" width=\"435\" height=\"176\" srcset=\"https:\/\/blog.espol.edu.ec\/rechever\/files\/2022\/02\/F\u00f3rmula-ley-de-elasticidad-de-Hooke-de-los-muelles.jpg 800w, https:\/\/blog.espol.edu.ec\/rechever\/files\/2022\/02\/F\u00f3rmula-ley-de-elasticidad-de-Hooke-de-los-muelles-300x122.jpg 300w, https:\/\/blog.espol.edu.ec\/rechever\/files\/2022\/02\/F\u00f3rmula-ley-de-elasticidad-de-Hooke-de-los-muelles-768x311.jpg 768w, https:\/\/blog.espol.edu.ec\/rechever\/files\/2022\/02\/F\u00f3rmula-ley-de-elasticidad-de-Hooke-de-los-muelles-500x203.jpg 500w\" sizes=\"auto, (max-width: 435px) 100vw, 435px\" \/><\/p>\n<p>donde:<\/p>\n<p><strong>F<\/strong> es la fuerza que se aplica al muelle.<br \/>\n<strong>k<\/strong> es la constante el\u00e1stica o recuperadora del muelle, que relaciona fuerza y deformaci\u00f3n. Cuanto mayor es su valor m\u00e1s trabajo costar\u00e1 estirar o comprimir el muelle. Depende del muelle, de tal forma que cada uno tendr\u00e1 la suya propia. En el S.I. se mide en Newton\/metro (N\/m).<br \/>\n<strong>x<\/strong> es un vector que indica la variaci\u00f3n de longitud que experimenta el muelle.<\/p>\n<p>&nbsp;<\/p>\n<p><strong>Caracter\u00edsticas de la fuerza aplicada a un muelle<\/strong><\/p>\n<ul>\n<li>Su direcci\u00f3n sigue el eje longitudinal del muelle.<br \/>\nSu sentido es el mismo que la deformaci\u00f3n que sufre el muelle.<br \/>\nSu m\u00f3dulo se puede obtener por medio de la siguiente expresi\u00f3n: <img loading=\"lazy\" decoding=\"async\" class=\"aligncenter  wp-image-522\" src=\"http:\/\/blog.espol.edu.ec\/rechever\/files\/2022\/02\/furestaurad.png\" alt=\"\" width=\"144\" height=\"46\" \/><\/li>\n<\/ul>\n<div class='dropshadowboxes-container ' style='width:auto;'>\r\n                            <div class='dropshadowboxes-drop-shadow dropshadowboxes-rounded-corners dropshadowboxes-inside-and-outside-shadow dropshadowboxes-lifted-both dropshadowboxes-effect-default' style=' border: 1px solid #dddddd; height:; background-color:#ffffff;    '>\r\n                            La fuerza restauradora y ley de Hooke \r\n                            <\/div>\r\n                        <\/div>\n<p><img loading=\"lazy\" decoding=\"async\" class=\"aligncenter size-full wp-image-523\" src=\"http:\/\/blog.espol.edu.ec\/rechever\/files\/2022\/02\/ley-de-hooke-elasticidad.jpg\" alt=\"\" width=\"298\" height=\"173\" \/><\/p>\n<p>&nbsp;<\/p>\n<p><a href=\"https:\/\/youtu.be\/YQCM7ayoOr4\">Video sobre la demostraci\u00f3n<\/a><\/p>\n<p>&nbsp;<\/p>\n<p><a href=\"https:\/\/youtu.be\/C2FSP1yrO9o\">Video sobre ejercicio aplicando la ley de Hooke 1<\/a><\/p>\n<p><a href=\"https:\/\/youtu.be\/jZGAvNAn5Kc\">Videos de ejercicios sobre la ley de Hooke 2<\/a><\/p>\n<p><a href=\"https:\/\/youtu.be\/I0A5_-JpAQ8\">Videos de ejercicios sobre la ley de Hooke 3<\/a><\/p>\n<p><a href=\"https:\/\/youtu.be\/QM1yPbgjbfM\">Mas Ejercicios<\/a><\/p>\n","protected":false},"excerpt":{"rendered":"<p>La ley de Hooke establece que la fuerza aplicada a un muelle es directamente proporcional a la deformaci\u00f3n que se le produce. donde: F es la fuerza que se aplica al muelle. k es la constante el\u00e1stica o recuperadora del muelle, que relaciona fuerza y deformaci\u00f3n. Cuanto mayor es su valor m\u00e1s trabajo costar\u00e1 estirar [\u2026]<\/p>\n","protected":false},"author":5600,"featured_media":0,"parent":0,"menu_order":0,"comment_status":"closed","ping_status":"closed","template":"","meta":{"footnotes":""},"class_list":["post-489","page","type-page","status-publish","hentry"],"_links":{"self":[{"href":"https:\/\/blog.espol.edu.ec\/rechever\/wp-json\/wp\/v2\/pages\/489","targetHints":{"allow":["GET"]}}],"collection":[{"href":"https:\/\/blog.espol.edu.ec\/rechever\/wp-json\/wp\/v2\/pages"}],"about":[{"href":"https:\/\/blog.espol.edu.ec\/rechever\/wp-json\/wp\/v2\/types\/page"}],"author":[{"embeddable":true,"href":"https:\/\/blog.espol.edu.ec\/rechever\/wp-json\/wp\/v2\/users\/5600"}],"replies":[{"embeddable":true,"href":"https:\/\/blog.espol.edu.ec\/rechever\/wp-json\/wp\/v2\/comments?post=489"}],"version-history":[{"count":6,"href":"https:\/\/blog.espol.edu.ec\/rechever\/wp-json\/wp\/v2\/pages\/489\/revisions"}],"predecessor-version":[{"id":524,"href":"https:\/\/blog.espol.edu.ec\/rechever\/wp-json\/wp\/v2\/pages\/489\/revisions\/524"}],"wp:attachment":[{"href":"https:\/\/blog.espol.edu.ec\/rechever\/wp-json\/wp\/v2\/media?parent=489"}],"curies":[{"name":"wp","href":"https:\/\/api.w.org\/{rel}","templated":true}]}}