{"id":550,"date":"2022-02-17T22:38:37","date_gmt":"2022-02-17T22:38:37","guid":{"rendered":"http:\/\/blog.espol.edu.ec\/rechever\/?page_id=550"},"modified":"2022-02-23T03:15:12","modified_gmt":"2022-02-23T03:15:12","slug":"efecto-doppler-cuantico","status":"publish","type":"page","link":"https:\/\/blog.espol.edu.ec\/rechever\/efecto-doppler-cuantico\/","title":{"rendered":"Efecto Doppler Cu\u00e1ntico"},"content":{"rendered":"<div class='dropshadowboxes-container ' style='width:auto;'>\r\n                            <div class='dropshadowboxes-drop-shadow dropshadowboxes-rounded-corners dropshadowboxes-inside-and-outside-shadow dropshadowboxes-lifted-both dropshadowboxes-effect-default' style=' border: 1px solid #dddddd; height:; background-color:#ffffff;    '>\r\n                            Reflexionemos juntos\r\n                            <\/div>\r\n                        <\/div>\n<p>&nbsp;<\/p>\n<p>&nbsp;<\/p>\n<p><img loading=\"lazy\" decoding=\"async\" class=\"aligncenter size-full wp-image-390\" src=\"http:\/\/blog.espol.edu.ec\/rechever\/files\/2022\/02\/text-2.gif\" alt=\"\" width=\"570\" height=\"52\" \/><img loading=\"lazy\" decoding=\"async\" class=\"aligncenter size-full wp-image-391\" src=\"http:\/\/blog.espol.edu.ec\/rechever\/files\/2022\/02\/text1.gif\" alt=\"\" width=\"589\" height=\"51\" \/><img loading=\"lazy\" decoding=\"async\" class=\"aligncenter size-full wp-image-392\" src=\"http:\/\/blog.espol.edu.ec\/rechever\/files\/2022\/02\/text2-1.gif\" alt=\"\" width=\"587\" height=\"52\" \/><\/p>\n<p>&nbsp;<\/p>\n<div class='dropshadowboxes-container ' style='width:auto;'>\r\n                            <div class='dropshadowboxes-drop-shadow dropshadowboxes-rounded-corners dropshadowboxes-inside-and-outside-shadow dropshadowboxes-lifted-both dropshadowboxes-effect-default' style=' border: 1px solid #dddddd; height:; background-color:#ffffff;    '>\r\n                            -Paulo Coelho-\r\n                            <\/div>\r\n                        <\/div>\n<blockquote class=\"wp-embedded-content\" data-secret=\"SWgLAzLMEm\"><p><a href=\"https:\/\/blog.espol.edu.ec\/rechever\/meta-fisica-interactiva\/\">Meta F\u00edsica Interactiva<\/a><\/p><\/blockquote>\n<p><iframe loading=\"lazy\" class=\"wp-embedded-content\" sandbox=\"allow-scripts\" security=\"restricted\" style=\"position: absolute; visibility: hidden;\" title=\"\u00abMeta F\u00edsica Interactiva\u00bb \u2014 Metamath Segarra\" src=\"https:\/\/blog.espol.edu.ec\/rechever\/meta-fisica-interactiva\/embed\/#?secret=qRJVgA52SX#?secret=SWgLAzLMEm\" data-secret=\"SWgLAzLMEm\" width=\"500\" height=\"282\" frameborder=\"0\" marginwidth=\"0\" marginheight=\"0\" scrolling=\"no\"><\/iframe><\/p>\n<p>Empecemos!<\/p>\n<p>&nbsp;<\/p>\n<p><img loading=\"lazy\" decoding=\"async\" class=\"aligncenter wp-image-506\" src=\"http:\/\/blog.espol.edu.ec\/rechever\/files\/2022\/02\/Animaci\u00f3n1.gif\" alt=\"\" width=\"209\" height=\"125\" \/><\/p>\n<p>&nbsp;<\/p>\n<div class='dropshadowboxes-container ' style='width:auto;'>\r\n                            <div class='dropshadowboxes-drop-shadow dropshadowboxes-rounded-corners dropshadowboxes-inside-and-outside-shadow dropshadowboxes-lifted-both dropshadowboxes-effect-default' style=' border: 1px solid #dddddd; height:; background-color:#ffffff;    '>\r\n                            Introducci\u00f3n\r\n                            <\/div>\r\n                        <\/div>\n<p>Un cuerpo se denomina el\u00e1stico si al actuar una fuerza sobre \u00e9l sufre una deformaci\u00f3n (de comprensi\u00f3n o de elongaci\u00f3n) de tal manera que al cesar actuar la fuerza recupera su forma original. El prototipo (microsc\u00f3pico) de un cuerpo el\u00e1stico lo constituye un resorte o muelle en un rango de deformaciones no demasiadas grandes (rango de estabilidad). Si la deformaci\u00f3n supera un cierto umbral (l\u00edmite de elasticidad) el resorte queda perfectamente deformado.<\/p>\n<p><img loading=\"lazy\" decoding=\"async\" class=\"aligncenter size-full wp-image-513\" src=\"http:\/\/blog.espol.edu.ec\/rechever\/files\/2022\/02\/coupled.gif\" alt=\"\" width=\"288\" height=\"288\" \/><\/p>\n<p><a href=\"http:\/\/www.sc.ehu.es\/sbweb\/fisica3\/oscilaciones\/cte_muelle\/cte_muelle.html\">Velocidades Relativistas<\/a><\/p>\n<p>Se conoce como resorte\u200b (o muelle\u200b) a un elemento el\u00e1stico capaz de almacenar energ\u00eda y desprenderse de ella sin sufrir deformaci\u00f3n permanente cuando cesan las fuerzas o la tensi\u00f3n a las que es sometido.<\/p>\n<p>&nbsp;<\/p>\n<div class='dropshadowboxes-container dropshadowboxes-center ' style='width:100%;'>\r\n                            <div class='dropshadowboxes-drop-shadow dropshadowboxes-rounded-corners dropshadowboxes-inside-and-outside-shadow dropshadowboxes-lifted-both dropshadowboxes-effect-default' style='width:auto; border: 1px solid #dddddd; height:; background-color:#ffffff;    '>\r\n                            Estas preparado para validar tus saberes previos\r\n                            <\/div>\r\n                        <\/div>\n<p><a href=\"https:\/\/quizizz.com\/admin\/quiz\/609a7999e17a6a001caa9070\/energia-potencial\">Prueba de entrada (EP)<\/a><\/p>\n<p><strong>Saberes previos<\/strong>: <a href=\"http:\/\/blog.espol.edu.ec\/rechever\/tipos-de-fuerzas\/\">Fuerzas Conservativas<\/a>, <a href=\"http:\/\/blog.espol.edu.ec\/rechever\/energia-y-trabajo\/\">Trabajo<\/a><\/p>\n<p>&nbsp;<\/p>\n<p>&nbsp;<\/p>\n<p>&nbsp;<\/p>\n<p>&nbsp;<\/p>\n<div class='dropshadowboxes-container ' style='width:auto;'>\r\n                            <div class='dropshadowboxes-drop-shadow dropshadowboxes-rounded-corners dropshadowboxes-inside-and-outside-shadow dropshadowboxes-lifted-both dropshadowboxes-effect-default' style=' border: 1px solid #dddddd; height:; background-color:#ffffff;    '>\r\n                            Ley de Doppler\r\n                            <\/div>\r\n                        <\/div>\n<p>Si duplicamos la fuerza aplicada, el alargamiento tambi\u00e9n se duplicar\u00e1. Esto es lo que se conoce como la ley de Hooke. La ley de Hooke establece que el alargamiento de un muelle el\u00e1tico es directamente proporcional al m\u00f3dulo de la fuerza que se le aplique, siempre y cuando no se deforme permanentemente (<strong>deformaci\u00f3n pl\u00e1stica<\/strong>) dicho muelle.<\/p>\n<p><a href=\"http:\/\/blog.espol.edu.ec\/rechever\/ley-dehooke\/\">Ley de Hooke: Demostraci\u00f3n m\u00e1s Ejercicios<\/a><\/p>\n<p><a href=\"https:\/\/es.khanacademy.org\/science\/physics\/work-and-energy\/hookes-law\/a\/what-is-hookes-law\">KA: Ley de HOOKE<\/a><\/p>\n<p>&nbsp;<\/p>\n<div class='dropshadowboxes-container ' style='width:auto;'>\r\n                            <div class='dropshadowboxes-drop-shadow dropshadowboxes-rounded-corners dropshadowboxes-inside-and-outside-shadow dropshadowboxes-lifted-both dropshadowboxes-effect-default' style=' border: 1px solid #dddddd; height:; background-color:#ffffff;    '>\r\n                            Frecuencias Doppler\r\n                            <\/div>\r\n                        <\/div>\n<p>Si desplazamos un cuerpo unido a un muelle el\u00e1stico desde su posici\u00f3n en equilibrio, este \u00faltimo ejercer\u00e1 una fuerza denominada <strong>Fuerza Restauradora o El\u00e1stica del Muelle<\/strong> que intentar\u00e1 devolverlo a la posicion de equilibrio.<\/p>\n<p>Es decir, cuanto mayor es el alejamiento del cuerpo con respecto a la posici\u00f3n de equilibrio, mayor es la <strong>fuerza restauradora<\/strong>.<\/p>\n<p>&nbsp;<\/p>\n<p>&nbsp;<\/p>\n<p>&nbsp;<\/p>\n<div class='dropshadowboxes-container ' style='width:auto;'>\r\n                            <div class='dropshadowboxes-drop-shadow dropshadowboxes-rounded-corners dropshadowboxes-inside-and-outside-shadow dropshadowboxes-lifted-both dropshadowboxes-effect-default' style=' border: 1px solid #dddddd; height:; background-color:#ffffff;    '>\r\n                            Longitud Doppler\r\n                            <\/div>\r\n                        <\/div>\n<p>Definimos la energ\u00eda potencial el\u00e1stica como aquella que adquieren los cuerpo sometidos a la acci\u00f3n de fuerzas el\u00e1sticas o recuperadoras. En el caso de un cuerpo unido a un muelle su valor viene dado por:<\/p>\n<p><img loading=\"lazy\" decoding=\"async\" class=\"aligncenter wp-image-532\" src=\"http:\/\/blog.espol.edu.ec\/rechever\/files\/2022\/02\/screenshot_20220217_125257.png\" alt=\"\" width=\"212\" height=\"78\" srcset=\"https:\/\/blog.espol.edu.ec\/rechever\/files\/2022\/02\/screenshot_20220217_125257.png 430w, https:\/\/blog.espol.edu.ec\/rechever\/files\/2022\/02\/screenshot_20220217_125257-300x110.png 300w\" sizes=\"auto, (max-width: 212px) 100vw, 212px\" \/><\/p>\n<p>Donde:<\/p>\n<p>Ep: Es la energ\u00eda potencial del cuerpo. Su unidad de medida en el Sistema Internacional es el Julio (J)<br \/>\nk: Constante el\u00e1stica del muelle. Depende el propio muelle en s\u00ed, cuanto mayor es su valor, m\u00e1s trabajo cuesta estirar el muelle. Su unidad de medida en el Sistema Internacional es Newton por metro (N\/m)<br \/>\nx: Distancia hasta la posici\u00f3n de equilibrio. Su unidad de medida en el Sistema Internacional es el metro (m)<\/p>\n<div class='dropshadowboxes-container ' style='width:auto;'>\r\n                            <div class='dropshadowboxes-drop-shadow dropshadowboxes-rounded-corners dropshadowboxes-inside-and-outside-shadow dropshadowboxes-lifted-both dropshadowboxes-effect-default' style=' border: 1px solid #dddddd; height:; background-color:#ffffff;    '>\r\n                            <strong>Nota:<\/strong> Observa.........<\/p>\n<p>&nbsp;<\/p>\n<p>&nbsp;<\/p>\n<p><div class='dropshadowboxes-container ' style='width:auto;'>\r\n                            <div class='dropshadowboxes-drop-shadow dropshadowboxes-rounded-corners dropshadowboxes-inside-and-outside-shadow dropshadowboxes-lifted-both dropshadowboxes-effect-default' style=' border: 1px solid #dddddd; height:; background-color:#ffffff;    '>\r\n                            \r\n                            <\/div>\r\n                        <\/div>Tiempo relativista\r\n                            <\/div>\r\n                        <\/div>\n<p>El trabajo de la fuerza el\u00e1stica es igual a la variaci\u00f3n de la energ\u00eda potencial tomada con signo contrario. El trabajo de la fuerza el\u00e1stica no depende de la trayectoria sino de la posici\u00f3n inicial y final. La fuerza el\u00e1stica es una fuerza conservativa.<\/p>\n<p><img loading=\"lazy\" decoding=\"async\" class=\"aligncenter wp-image-455\" src=\"http:\/\/blog.espol.edu.ec\/rechever\/files\/2022\/02\/maxresdefault-1.jpg\" alt=\"\" width=\"584\" height=\"224\" srcset=\"https:\/\/blog.espol.edu.ec\/rechever\/files\/2022\/02\/maxresdefault-1.jpg 1166w, https:\/\/blog.espol.edu.ec\/rechever\/files\/2022\/02\/maxresdefault-1-300x115.jpg 300w, https:\/\/blog.espol.edu.ec\/rechever\/files\/2022\/02\/maxresdefault-1-768x295.jpg 768w, https:\/\/blog.espol.edu.ec\/rechever\/files\/2022\/02\/maxresdefault-1-1024x393.jpg 1024w, https:\/\/blog.espol.edu.ec\/rechever\/files\/2022\/02\/maxresdefault-1-500x192.jpg 500w\" sizes=\"auto, (max-width: 584px) 100vw, 584px\" \/><\/p>\n<p>&nbsp;<\/p>\n<p>&nbsp;<\/p>\n<p><a href=\"https:\/\/uvadoc.uva.es\/bitstream\/handle\/10324\/11727\/Tema_Trabajo%20y%20Energ%C3%ADa_Isabel%20Caballero.pdf?sequence=1\"><div class='dropshadowboxes-container ' style='width:auto;'>\r\n                            <div class='dropshadowboxes-drop-shadow dropshadowboxes-rounded-corners dropshadowboxes-inside-and-outside-shadow dropshadowboxes-lifted-both dropshadowboxes-effect-default' style=' border: 1px solid #dddddd; height:; background-color:#ffffff;    '>\r\n                            Caracteristicas del Efecto Doppler\/dropshadowbox]<\/a><\/p>\n<p>&nbsp;<\/p>\n<ul>\n<li>Energ\u00eda en reposo<\/li>\n<li>Energ\u00eda que est\u00e1 guardada<\/li>\n<li>Energ\u00eda transforma a energ\u00eda cin\u00e9tica<\/li>\n<li>Energ\u00eda de deformaci\u00f3n<\/li>\n<li>Aumento de energ\u00eda interna acumulado<\/li>\n<\/ul>\n<p>&nbsp;<\/p>\n<div class='dropshadowboxes-container ' style='width:auto;'>\r\n                            <div class='dropshadowboxes-drop-shadow dropshadowboxes-rounded-corners dropshadowboxes-inside-and-outside-shadow dropshadowboxes-lifted-both dropshadowboxes-effect-default' style=' border: 1px solid #dddddd; height:; background-color:#ffffff;    '>\r\n                            \r\n                            <\/div>\r\n                        <\/div>Profundizando el concepto de Energia Potencial \r\n                            <\/div>\r\n                        <\/div>\n<p><a href=\"https:\/\/es.khanacademy.org\/science\/physics\/work-and-energy\/hookes-law\/a\/what-is-elastic-potential-energy\">Profundizando sobre la EPE<\/a><\/p>\n<div class='dropshadowboxes-container ' style='width:auto;'>\r\n                            <div class='dropshadowboxes-drop-shadow dropshadowboxes-rounded-corners dropshadowboxes-inside-and-outside-shadow dropshadowboxes-lifted-both dropshadowboxes-effect-default' style=' border: 1px solid #dddddd; height:; background-color:#ffffff;    '>\r\n                            Ejemplos de la vida cotidiana sobre la energ\u00eda potencial el\u00e1stica\r\n                            <\/div>\r\n                        <\/div>\n<p>El muelle de un reloj de cuerda.<br \/>\nUn arquero que estira su arco.<br \/>\nUn trampol\u00edn doblado justo antes de que el clavadista brinque.<br \/>\nLa liga de hule de una resortera.<br \/>\nUna pelota de goma, comprimida en el momento en el que choca con una pared de ladrillos.<\/p>\n<p>&nbsp;<\/p>\n<p><a href=\"https:\/\/phet.colorado.edu\/es\/contributions\/view\/5018\">Phet<\/a><\/p>\n<p><a href=\"https:\/\/youtu.be\/8H-U5fLrj8s\">Video Phet sobre la Energia Potencial El\u00e1stica<\/a><\/p>\n<p>&nbsp;<\/p>\n<div class='dropshadowboxes-container ' style='width:auto;'>\r\n                            <div class='dropshadowboxes-drop-shadow dropshadowboxes-rounded-corners dropshadowboxes-inside-and-outside-shadow dropshadowboxes-lifted-both dropshadowboxes-effect-default' style=' border: 1px solid #dddddd; height:; background-color:#ffffff;    '>\r\n                            Resoluci\u00f3n de Problema aplicando la f\u00f3rmula de Energ\u00eda Potencial El\u00e1stica\r\n                            <\/div>\r\n                        <\/div>\n<p>&nbsp;<\/p>\n<p><a href=\"http:\/\/blog.espol.edu.ec\/rechever\/pizarra-online\/\">Ejercicos EPE part.1<\/a><\/p>\n<p>&nbsp;<\/p>\n<div class='dropshadowboxes-container ' style='width:auto;'>\r\n                            <div class='dropshadowboxes-drop-shadow dropshadowboxes-rounded-corners dropshadowboxes-inside-and-outside-shadow dropshadowboxes-lifted-both dropshadowboxes-effect-default' style=' border: 1px solid #dddddd; height:; background-color:#ffffff;    '>\r\n                            Problemas conceptuales sobre la energ\u00eda Potencial El\u00e1stica\r\n                            <\/div>\r\n                        <\/div>\n<p>&nbsp;<\/p>\n<p><a href=\"http:\/\/blog.espol.edu.ec\/rechever\/ejercicios-conceptuales-epe\/\">Ejercicios EPE part.2<\/a><\/p>\n<p>&nbsp;<\/p>\n<div class='dropshadowboxes-container ' style='width:auto;'>\r\n                            <div class='dropshadowboxes-drop-shadow dropshadowboxes-rounded-corners dropshadowboxes-inside-and-outside-shadow dropshadowboxes-lifted-both dropshadowboxes-effect-default' style=' border: 1px solid #dddddd; height:; background-color:#ffffff;    '>\r\n                            M\u00e1s temas\r\n                            <\/div>\r\n                        <\/div>\n<p>&nbsp;<\/p>\n<p><a href=\"https:\/\/docs.google.com\/presentation\/d\/1Q1XHYa15h0pZPjLv9a5wO5MQblZzzwDgD6QnV90tG_s\/edit?usp=sharing\">Resumen sobre la Energia<\/a><\/p>\n<p><a href=\"https:\/\/drive.google.com\/file\/d\/1EJrv8v5-7DTzrH9k9Tv8TICXlGNLundp\/view?usp=sharing\">Libro Base de F\u00edscia 2BGU del Mineduc<\/a><\/p>\n<p>Investigando (EP)<\/p>\n<p><a href=\"https:\/\/repository.uaeh.edu.mx\/revistas\/index.php\/prepa4\/article\/view\/6136\/7381\">Lectura 1<\/a><\/p>\n<p>&nbsp;<\/p>\n<p><strong><div class='dropshadowboxes-container ' style='width:auto;'>\r\n                            <div class='dropshadowboxes-drop-shadow dropshadowboxes-rounded-corners dropshadowboxes-inside-and-outside-shadow dropshadowboxes-lifted-both dropshadowboxes-effect-default' style=' border: 1px solid #dddddd; height:; background-color:#ffffff;    '>\r\n                            Resfuerzo acad\u00e9mico\r\n                            <\/div>\r\n                        <\/div><\/strong><\/p>\n<p><a href=\"https:\/\/youtu.be\/0awR9mQBgMk\">Energia y tipos de energia<\/a><\/p>\n<p><a href=\"https:\/\/es.khanacademy.org\/science\/physics\/work-and-energy\">Khan Academy Energia Potencial<\/a><\/p>\n<p><a href=\"https:\/\/www.geogebra.org\/m\/XDyBevFP\">1 Geogebra EP<\/a><\/p>\n<p><a href=\"https:\/\/www.geogebra.org\/m\/gDMEp9NY\">2 Geogebra EP<\/a><\/p>\n<p><a href=\"https:\/\/youtu.be\/D6dXbtvNUL4\">1 Phet EP<\/a><\/p>\n<p>&nbsp;<\/p>\n<div class='dropshadowboxes-container dropshadowboxes-center ' style='width:100%;'>\r\n                            <div class='dropshadowboxes-drop-shadow dropshadowboxes-rounded-corners dropshadowboxes-inside-and-outside-shadow dropshadowboxes-lifted-both dropshadowboxes-effect-default' style='width:auto; border: 1px solid #dddddd; height:; background-color:#ffffff;    '>\r\n                            Estas preparado para demostrar tu buen aprendizaje aut\u00f3nomo\r\n                            <\/div>\r\n                        <\/div>\n<p><a href=\"https:\/\/quizizz.com\/admin\/quiz\/609a7999e17a6a001caa9070\/energia-potencial\">Prueba Final<\/a><\/p>\n<p>&nbsp;<\/p>\n<p><strong>Fuentes:<\/strong><\/p>\n<p>Solbes, J., &amp; Tar\u00edn, F. (2004). La conservaci\u00f3n de la energ\u00eda: un principio de toda la f\u00edsica. Una propuesta y unos resultados. <i>Ense\u00f1anza de las ciencias: revista de investigaci\u00f3n y experiencias did\u00e1cticas<\/i>, 185-193.<\/p>\n","protected":false},"excerpt":{"rendered":"<p>\u00a0 \u00a0 \u00a0 Meta F\u00edsica Interactiva Empecemos! \u00a0 \u00a0 Un cuerpo se denomina el\u00e1stico si al actuar una fuerza sobre \u00e9l sufre una deformaci\u00f3n (de comprensi\u00f3n o de elongaci\u00f3n) de tal manera que al cesar actuar la fuerza recupera su forma original. El prototipo (microsc\u00f3pico) de un cuerpo el\u00e1stico lo constituye un resorte o muelle [\u2026]<\/p>\n","protected":false},"author":5600,"featured_media":0,"parent":0,"menu_order":0,"comment_status":"closed","ping_status":"closed","template":"","meta":{"footnotes":""},"class_list":["post-550","page","type-page","status-publish","hentry"],"_links":{"self":[{"href":"https:\/\/blog.espol.edu.ec\/rechever\/wp-json\/wp\/v2\/pages\/550","targetHints":{"allow":["GET"]}}],"collection":[{"href":"https:\/\/blog.espol.edu.ec\/rechever\/wp-json\/wp\/v2\/pages"}],"about":[{"href":"https:\/\/blog.espol.edu.ec\/rechever\/wp-json\/wp\/v2\/types\/page"}],"author":[{"embeddable":true,"href":"https:\/\/blog.espol.edu.ec\/rechever\/wp-json\/wp\/v2\/users\/5600"}],"replies":[{"embeddable":true,"href":"https:\/\/blog.espol.edu.ec\/rechever\/wp-json\/wp\/v2\/comments?post=550"}],"version-history":[{"count":2,"href":"https:\/\/blog.espol.edu.ec\/rechever\/wp-json\/wp\/v2\/pages\/550\/revisions"}],"predecessor-version":[{"id":591,"href":"https:\/\/blog.espol.edu.ec\/rechever\/wp-json\/wp\/v2\/pages\/550\/revisions\/591"}],"wp:attachment":[{"href":"https:\/\/blog.espol.edu.ec\/rechever\/wp-json\/wp\/v2\/media?parent=550"}],"curies":[{"name":"wp","href":"https:\/\/api.w.org\/{rel}","templated":true}]}}