{"id":597,"date":"2022-03-03T16:20:23","date_gmt":"2022-03-03T16:20:23","guid":{"rendered":"http:\/\/blog.espol.edu.ec\/rechever\/?page_id=597"},"modified":"2022-03-04T15:50:36","modified_gmt":"2022-03-04T15:50:36","slug":"energia-potencial-eletrica","status":"publish","type":"page","link":"https:\/\/blog.espol.edu.ec\/rechever\/energia-potencial-eletrica\/","title":{"rendered":"Energia Potencial Eletrica"},"content":{"rendered":"<div class='dropshadowboxes-container ' style='width:auto;'>\r\n                            <div class='dropshadowboxes-drop-shadow dropshadowboxes-rounded-corners dropshadowboxes-inside-and-outside-shadow dropshadowboxes-lifted-both dropshadowboxes-effect-default' style=' border: 1px solid #dddddd; height:; background-color:#ffffff;    '>\r\n                            Bienvenidos a una clase m\u00e1s sobre las Energias Potenciales\r\n                            <\/div>\r\n                        <\/div>\n<p>Energia Potencial Gravitatoria<\/p>\n<p>Energia El\u00e1stica<\/p>\n<p><strong>Energia Potencial El\u00e9ctrica<\/strong><\/p>\n<div class='dropshadowboxes-container ' style='width:auto;'>\r\n                            <div class='dropshadowboxes-drop-shadow dropshadowboxes-rounded-corners dropshadowboxes-inside-and-outside-shadow dropshadowboxes-lifted-both dropshadowboxes-effect-default' style=' border: 1px solid #dddddd; height:; background-color:#ffffff;    '>\r\n                            Reflexionemos juntos\r\n                            <\/div>\r\n                        <\/div>\n<p><img loading=\"lazy\" decoding=\"async\" class=\"aligncenter wp-image-619\" src=\"http:\/\/blog.espol.edu.ec\/rechever\/files\/2022\/03\/screenshot_20220303_110612.png\" alt=\"\" width=\"531\" height=\"193\" srcset=\"https:\/\/blog.espol.edu.ec\/rechever\/files\/2022\/03\/screenshot_20220303_110612.png 1004w, https:\/\/blog.espol.edu.ec\/rechever\/files\/2022\/03\/screenshot_20220303_110612-300x109.png 300w, https:\/\/blog.espol.edu.ec\/rechever\/files\/2022\/03\/screenshot_20220303_110612-768x279.png 768w, https:\/\/blog.espol.edu.ec\/rechever\/files\/2022\/03\/screenshot_20220303_110612-500x182.png 500w\" sizes=\"auto, (max-width: 531px) 100vw, 531px\" \/><\/p>\n<div class='dropshadowboxes-container ' style='width:auto;'>\r\n                            <div class='dropshadowboxes-drop-shadow dropshadowboxes-rounded-corners dropshadowboxes-inside-and-outside-shadow dropshadowboxes-lifted-both dropshadowboxes-effect-default' style=' border: 1px solid #dddddd; height:; background-color:#ffffff;    '>\r\n                            -Paulo Freire-\r\n                            <\/div>\r\n                        <\/div>\n<blockquote class=\"wp-embedded-content\" data-secret=\"NsPh8vXfpd\"><p><a href=\"https:\/\/blog.espol.edu.ec\/rechever\/meta-fisica-interactiva\/\">Meta F\u00edsica Interactiva<\/a><\/p><\/blockquote>\n<p><iframe loading=\"lazy\" class=\"wp-embedded-content\" sandbox=\"allow-scripts\" security=\"restricted\" style=\"position: absolute; visibility: hidden;\" title=\"\u00abMeta F\u00edsica Interactiva\u00bb \u2014 Metamath Segarra\" src=\"https:\/\/blog.espol.edu.ec\/rechever\/meta-fisica-interactiva\/embed\/#?secret=IZv1w8cKOM#?secret=NsPh8vXfpd\" data-secret=\"NsPh8vXfpd\" width=\"500\" height=\"282\" frameborder=\"0\" marginwidth=\"0\" marginheight=\"0\" scrolling=\"no\"><\/iframe><\/p>\n<p>Empecemos!<\/p>\n<p><img loading=\"lazy\" decoding=\"async\" class=\"aligncenter wp-image-624\" src=\"http:\/\/blog.espol.edu.ec\/rechever\/files\/2022\/03\/screenshot_20220303_112240.png\" alt=\"\" width=\"400\" height=\"248\" srcset=\"https:\/\/blog.espol.edu.ec\/rechever\/files\/2022\/03\/screenshot_20220303_112240.png 736w, https:\/\/blog.espol.edu.ec\/rechever\/files\/2022\/03\/screenshot_20220303_112240-300x186.png 300w, https:\/\/blog.espol.edu.ec\/rechever\/files\/2022\/03\/screenshot_20220303_112240-500x310.png 500w\" sizes=\"auto, (max-width: 400px) 100vw, 400px\" \/><\/p>\n<p>&nbsp;<\/p>\n<div class='dropshadowboxes-container ' style='width:auto;'>\r\n                            <div class='dropshadowboxes-drop-shadow dropshadowboxes-rounded-corners dropshadowboxes-inside-and-outside-shadow dropshadowboxes-lifted-both dropshadowboxes-effect-default' style=' border: 1px solid #dddddd; height:; background-color:#ffffff;    '>\r\n                            Energ\u00eda Potencial El\u00e9ctrica\r\n                            <\/div>\r\n                        <\/div>\n<p>&nbsp;<\/p>\n<p>La fuerza electrost\u00e1tica tambi\u00e9n es conservativa. Esto significa que el trabajo que esta fuerza realiza sobre una carga solo depende de su posici\u00f3n inicial y final.<\/p>\n<p><strong>Energ\u00eda Potencial El\u00e9ctrica:<\/strong> Es la energ\u00eda de una carga por el hecho de estar situada en una regi\u00f3n del espacio donde act\u00faan fuerzas el\u00e9ctricas debido a la existencia de un campo el\u00e9ctrico.<\/p>\n<p>Entonces, la diferencia de energ\u00eda potencial el\u00e9ctrica entre dos puntos A y B se expresa como el trabajo cambiado de signo que realiza la fuerza el\u00e9ctrica sobre la carga cuando esta se desplaza de A a B:<\/p>\n<p><img loading=\"lazy\" decoding=\"async\" class=\"aligncenter wp-image-622\" src=\"http:\/\/blog.espol.edu.ec\/rechever\/files\/2022\/03\/screenshot_20220303_112012.png\" alt=\"\" width=\"210\" height=\"62\" srcset=\"https:\/\/blog.espol.edu.ec\/rechever\/files\/2022\/03\/screenshot_20220303_112012.png 349w, https:\/\/blog.espol.edu.ec\/rechever\/files\/2022\/03\/screenshot_20220303_112012-300x89.png 300w\" sizes=\"auto, (max-width: 210px) 100vw, 210px\" \/><\/p>\n<p><img loading=\"lazy\" decoding=\"async\" class=\"aligncenter wp-image-692\" src=\"http:\/\/blog.espol.edu.ec\/rechever\/files\/2022\/03\/123.png\" alt=\"\" width=\"454\" height=\"206\" srcset=\"https:\/\/blog.espol.edu.ec\/rechever\/files\/2022\/03\/123.png 578w, https:\/\/blog.espol.edu.ec\/rechever\/files\/2022\/03\/123-300x136.png 300w, https:\/\/blog.espol.edu.ec\/rechever\/files\/2022\/03\/123-500x227.png 500w\" sizes=\"auto, (max-width: 454px) 100vw, 454px\" \/><\/p>\n<p>En el caso de una carga <strong>q<\/strong> que se mueve en un campo el\u00e9ctrico creado por una \u00fanica carga Q, del c\u00e1lculo del trabajo de la fuerza el\u00e9ctrica sobre q se obtiene:<\/p>\n<p><img loading=\"lazy\" decoding=\"async\" class=\"aligncenter wp-image-682\" src=\"http:\/\/blog.espol.edu.ec\/rechever\/files\/2022\/03\/screenshot_20220303_225556.png\" alt=\"\" width=\"330\" height=\"91\" srcset=\"https:\/\/blog.espol.edu.ec\/rechever\/files\/2022\/03\/screenshot_20220303_225556.png 533w, https:\/\/blog.espol.edu.ec\/rechever\/files\/2022\/03\/screenshot_20220303_225556-300x83.png 300w, https:\/\/blog.espol.edu.ec\/rechever\/files\/2022\/03\/screenshot_20220303_225556-500x138.png 500w\" sizes=\"auto, (max-width: 330px) 100vw, 330px\" \/><br \/>\nSi fijamos arbitrariamente el origen de la energ\u00eda potencial el\u00e9ctrica, Ep = 0, en el infinito (r \u2192 \u221e), obtenemos la expresi\u00f3n de la energ\u00eda potencial el\u00e9ctrica de una carga <strong>q<\/strong> situada a una distancia r de la carga Q<\/p>\n<p><img loading=\"lazy\" decoding=\"async\" class=\"aligncenter wp-image-623\" src=\"http:\/\/blog.espol.edu.ec\/rechever\/files\/2022\/03\/screenshot_20220303_112036.png\" alt=\"\" width=\"173\" height=\"93\" \/><\/p>\n<p><img loading=\"lazy\" decoding=\"async\" class=\"aligncenter wp-image-630\" src=\"http:\/\/blog.espol.edu.ec\/rechever\/files\/2022\/03\/screenshot_20220303_114003.png\" alt=\"\" width=\"471\" height=\"253\" srcset=\"https:\/\/blog.espol.edu.ec\/rechever\/files\/2022\/03\/screenshot_20220303_114003.png 651w, https:\/\/blog.espol.edu.ec\/rechever\/files\/2022\/03\/screenshot_20220303_114003-300x161.png 300w, https:\/\/blog.espol.edu.ec\/rechever\/files\/2022\/03\/screenshot_20220303_114003-500x269.png 500w\" sizes=\"auto, (max-width: 471px) 100vw, 471px\" \/><\/p>\n<p>Y est\u00e1 basada en la Ley de Coulomb:<\/p>\n<p>La Fuerza que afecta a una carga el\u00e9ctrica puntual como consecuencia de la presencia de una segunda carga puntual, est\u00e1 definida por:<\/p>\n<p><img loading=\"lazy\" decoding=\"async\" class=\"aligncenter wp-image-631\" src=\"http:\/\/blog.espol.edu.ec\/rechever\/files\/2022\/03\/screenshot_20220303_114128.png\" alt=\"\" width=\"307\" height=\"104\" srcset=\"https:\/\/blog.espol.edu.ec\/rechever\/files\/2022\/03\/screenshot_20220303_114128.png 360w, https:\/\/blog.espol.edu.ec\/rechever\/files\/2022\/03\/screenshot_20220303_114128-300x102.png 300w\" sizes=\"auto, (max-width: 307px) 100vw, 307px\" \/><\/p>\n<p><strong>L\u00edneas de Campo<\/strong><\/p>\n<p>&nbsp;<\/p>\n<p><img loading=\"lazy\" decoding=\"async\" class=\"aligncenter wp-image-627\" src=\"http:\/\/blog.espol.edu.ec\/rechever\/files\/2022\/03\/campo-electrico-lineas-cke.jpg\" alt=\"\" width=\"281\" height=\"210\" srcset=\"https:\/\/blog.espol.edu.ec\/rechever\/files\/2022\/03\/campo-electrico-lineas-cke.jpg 685w, https:\/\/blog.espol.edu.ec\/rechever\/files\/2022\/03\/campo-electrico-lineas-cke-300x225.jpg 300w, https:\/\/blog.espol.edu.ec\/rechever\/files\/2022\/03\/campo-electrico-lineas-cke-500x374.jpg 500w\" sizes=\"auto, (max-width: 281px) 100vw, 281px\" \/><\/p>\n<p><a href=\"https:\/\/youtu.be\/QAU1hMOZBYQ\">EPE Video<\/a><\/p>\n<p>&nbsp;<\/p>\n<p><img loading=\"lazy\" decoding=\"async\" class=\"wp-image-626 aligncenter\" src=\"http:\/\/blog.espol.edu.ec\/rechever\/files\/2022\/03\/campo-electrico-3-cke.jpg\" alt=\"\" width=\"499\" height=\"374\" srcset=\"https:\/\/blog.espol.edu.ec\/rechever\/files\/2022\/03\/campo-electrico-3-cke.jpg 685w, https:\/\/blog.espol.edu.ec\/rechever\/files\/2022\/03\/campo-electrico-3-cke-300x225.jpg 300w, https:\/\/blog.espol.edu.ec\/rechever\/files\/2022\/03\/campo-electrico-3-cke-500x374.jpg 500w\" sizes=\"auto, (max-width: 499px) 100vw, 499px\" \/><\/p>\n<p><a href=\"http:\/\/www.sc.ehu.es\/sbweb\/fisica3\/oscilaciones\/cte_muelle\/cte_muelle.html\">Campo El\u00e9ctrico <\/a><\/p>\n<p>Es una magnitud vectorial que existe en todo punto del espacio. El campo el\u00e9ctrico en una posici\u00f3n determinada indica la fuerza el\u00e9ctrica que actuar\u00eda sobre una carga puntual <strong>q(+) <\/strong>unitaria si estuviera en esa posici\u00f3n.<\/p>\n<p>El Campo el\u00e9ctrico se relaciona con la fuerza el\u00e9trica que act\u00faa sobre una carga arbitraria <strong>q <\/strong> con las f\u00f3rmula siguiente:<\/p>\n<p><img loading=\"lazy\" decoding=\"async\" class=\"aligncenter wp-image-693\" src=\"http:\/\/blog.espol.edu.ec\/rechever\/files\/2022\/03\/screenshot_20220303_232017.png\" alt=\"\" width=\"106\" height=\"78\" \/><\/p>\n<p>La unidad de esta magnitud vectorial esta dad en Newtons sobre coulomb [ N\/C]<\/p>\n<p>&nbsp;<\/p>\n<p><a href=\"https:\/\/docplayer.es\/112779513-Campo-electrico-energia-potencial-electrica-potencial-electrico.html\">Campo El\u00e9ctrico<\/a><\/p>\n<p><strong>El Campo El\u00e9ctrico y la Ley de Coulomb<\/strong><\/p>\n<p><img loading=\"lazy\" decoding=\"async\" class=\"aligncenter wp-image-633\" src=\"http:\/\/blog.espol.edu.ec\/rechever\/files\/2022\/03\/screenshot_20220303_114258.png\" alt=\"\" width=\"427\" height=\"256\" srcset=\"https:\/\/blog.espol.edu.ec\/rechever\/files\/2022\/03\/screenshot_20220303_114258.png 682w, https:\/\/blog.espol.edu.ec\/rechever\/files\/2022\/03\/screenshot_20220303_114258-300x180.png 300w, https:\/\/blog.espol.edu.ec\/rechever\/files\/2022\/03\/screenshot_20220303_114258-500x300.png 500w\" sizes=\"auto, (max-width: 427px) 100vw, 427px\" \/><\/p>\n<p><a href=\"https:\/\/www.geogebra.org\/m\/bZcA35JW\">2 Geogebra CE<\/a><\/p>\n<p><a href=\"https:\/\/www.geogebra.org\/m\/ZgYFY5Pa\">1 Geogebra Campo El\u00e9ctrico<\/a><\/p>\n<div class='dropshadowboxes-container ' style='width:auto;'>\r\n                            <div class='dropshadowboxes-drop-shadow dropshadowboxes-rounded-corners dropshadowboxes-inside-and-outside-shadow dropshadowboxes-lifted-both dropshadowboxes-effect-default' style=' border: 1px solid #dddddd; height:; background-color:#ffffff;    '>\r\n                            <strong>1 Conceptualizando:<\/strong> \u00bfDe qu\u00e9 depende la magnitud de la energ\u00eda potencial el\u00e9ctrica de una part\u00edcula carga?\r\n                            <\/div>\r\n                        <\/div>\n<div class='dropshadowboxes-container ' style='width:auto;'>\r\n                            <div class='dropshadowboxes-drop-shadow dropshadowboxes-rounded-corners dropshadowboxes-inside-and-outside-shadow dropshadowboxes-lifted-both dropshadowboxes-effect-default' style=' border: 1px solid #dddddd; height:; background-color:#ffffff;    '>\r\n                            <strong>2 Conceptualizando:<\/strong> \u00bfQu\u00e9 se requiere para exite energia potencial en un lugar del espacio?\r\n                            <\/div>\r\n                        <\/div>\n<div class='dropshadowboxes-container ' style='width:auto;'>\r\n                            <div class='dropshadowboxes-drop-shadow dropshadowboxes-rounded-corners dropshadowboxes-inside-and-outside-shadow dropshadowboxes-lifted-both dropshadowboxes-effect-default' style=' border: 1px solid #dddddd; height:; background-color:#ffffff;    '>\r\n                            Problema de resoluci\u00f3n EPE\r\n                            <\/div>\r\n                        <\/div>\n<p><img loading=\"lazy\" decoding=\"async\" class=\"aligncenter wp-image-648\" src=\"http:\/\/blog.espol.edu.ec\/rechever\/files\/2022\/03\/screenshot_20220303_123822.png\" alt=\"\" width=\"568\" height=\"122\" srcset=\"https:\/\/blog.espol.edu.ec\/rechever\/files\/2022\/03\/screenshot_20220303_123822.png 950w, https:\/\/blog.espol.edu.ec\/rechever\/files\/2022\/03\/screenshot_20220303_123822-300x64.png 300w, https:\/\/blog.espol.edu.ec\/rechever\/files\/2022\/03\/screenshot_20220303_123822-768x165.png 768w, https:\/\/blog.espol.edu.ec\/rechever\/files\/2022\/03\/screenshot_20220303_123822-500x107.png 500w\" sizes=\"auto, (max-width: 568px) 100vw, 568px\" \/><\/p>\n<p><img loading=\"lazy\" decoding=\"async\" class=\"aligncenter wp-image-663\" src=\"http:\/\/blog.espol.edu.ec\/rechever\/files\/2022\/03\/screenshot_20220303_125139.png\" alt=\"\" width=\"562\" height=\"168\" srcset=\"https:\/\/blog.espol.edu.ec\/rechever\/files\/2022\/03\/screenshot_20220303_125139.png 1122w, https:\/\/blog.espol.edu.ec\/rechever\/files\/2022\/03\/screenshot_20220303_125139-300x90.png 300w, https:\/\/blog.espol.edu.ec\/rechever\/files\/2022\/03\/screenshot_20220303_125139-768x230.png 768w, https:\/\/blog.espol.edu.ec\/rechever\/files\/2022\/03\/screenshot_20220303_125139-1024x307.png 1024w, https:\/\/blog.espol.edu.ec\/rechever\/files\/2022\/03\/screenshot_20220303_125139-500x150.png 500w\" sizes=\"auto, (max-width: 562px) 100vw, 562px\" \/><\/p>\n<p><img loading=\"lazy\" decoding=\"async\" class=\"aligncenter wp-image-696\" src=\"http:\/\/blog.espol.edu.ec\/rechever\/files\/2022\/03\/Sin-t\u00edtulo.png\" alt=\"\" width=\"422\" height=\"178\" srcset=\"https:\/\/blog.espol.edu.ec\/rechever\/files\/2022\/03\/Sin-t\u00edtulo.png 543w, https:\/\/blog.espol.edu.ec\/rechever\/files\/2022\/03\/Sin-t\u00edtulo-300x127.png 300w, https:\/\/blog.espol.edu.ec\/rechever\/files\/2022\/03\/Sin-t\u00edtulo-500x211.png 500w\" sizes=\"auto, (max-width: 422px) 100vw, 422px\" \/><\/p>\n<p>P<a href=\"https:\/\/es.slideshare.net\/GONZALOREVELOPABON\/energia-potencial-electrica-problemas-resueltosgonzalo-revelo-pabon\">roblemas propuestos de EPE<\/a><\/p>\n<p>&nbsp;<\/p>\n<div class='dropshadowboxes-container ' style='width:auto;'>\r\n                            <div class='dropshadowboxes-drop-shadow dropshadowboxes-rounded-corners dropshadowboxes-inside-and-outside-shadow dropshadowboxes-lifted-both dropshadowboxes-effect-default' style=' border: 1px solid #dddddd; height:; background-color:#ffffff;    '>\r\n                            Resumen EPE\r\n                            <\/div>\r\n                        <\/div>\n<p><img loading=\"lazy\" decoding=\"async\" class=\"wp-image-659 aligncenter\" src=\"http:\/\/blog.espol.edu.ec\/rechever\/files\/2022\/03\/WhatsApp-Image-2022-03-03-at-12.41.59-1.jpeg\" alt=\"\" width=\"501\" height=\"342\" \/> <img loading=\"lazy\" decoding=\"async\" class=\"wp-image-660 aligncenter\" src=\"http:\/\/blog.espol.edu.ec\/rechever\/files\/2022\/03\/WhatsApp-Image-2022-03-03-at-12.42.28-1.jpeg\" alt=\"\" width=\"501\" height=\"404\" \/><\/p>\n<p>&nbsp;<\/p>\n<div class='dropshadowboxes-container ' style='width:auto;'>\r\n                            <div class='dropshadowboxes-drop-shadow dropshadowboxes-rounded-corners dropshadowboxes-inside-and-outside-shadow dropshadowboxes-lifted-both dropshadowboxes-effect-default' style=' border: 1px solid #dddddd; height:; background-color:#ffffff;    '>\r\n                            Profundizando el concepto de Energia Potencial El\u00e9ctrica \r\n                            <\/div>\r\n                        <\/div>\n<p><a href=\"https:\/\/www.nebrija.es\/~cmalagon\/Fisica_II\/transparencias\/01-Electricidad\/04-Potencial_electrico.pdf\">Lectura 1<\/a><\/p>\n<p><a href=\"https:\/\/repositoriotec.tec.ac.cr\/bitstream\/handle\/2238\/7378\/Potencial%20el%C3%A9ctrico.pdf?sequence=1\">Potencial El\u00e9ctrico<\/a><\/p>\n<p><a href=\"https:\/\/youtu.be\/7iKFyfPxlMc\">Video PE<\/a><\/p>\n<p><a href=\"https:\/\/mistersolucion.blogspot.com\/2017\/01\/guia-de-ejercicios-potencial-electrico.html\">1 Problemas Resueltos sobre Campo y Potencial El\u00e9trico<\/a><\/p>\n<p><a href=\"https:\/\/www.fisimat.com.mx\/potencial-electrico-ejercicios-resueltos\/\">2 Problemas Resuelto Potencial El\u00e9ctrico<\/a><\/p>\n<p><a href=\"https:\/\/phet.colorado.edu\/sims\/html\/charges-and-fields\/latest\/charges-and-fields_es.html\">Phet - Energia Potencial El\u00e9ctrica<\/a><\/p>\n<p><a href=\"https:\/\/es.khanacademy.org\/science\/physics\/electric-charge-electric-force-and-voltage\/electric-potential-voltage\/v\/electric-potential-energy\">Khan Academy EPE<\/a><\/p>\n<div class='dropshadowboxes-container ' style='width:auto;'>\r\n                            <div class='dropshadowboxes-drop-shadow dropshadowboxes-rounded-corners dropshadowboxes-inside-and-outside-shadow dropshadowboxes-lifted-both dropshadowboxes-effect-default' style=' border: 1px solid #dddddd; height:; background-color:#ffffff;    '>\r\n                            Resoluci\u00f3n de Problema aplicando la f\u00f3rmula de Energ\u00eda Potencial El\u00e1stica\r\n                            <\/div>\r\n                        <\/div>\n<p>&nbsp;<\/p>\n<p><a href=\"https:\/\/drive.google.com\/file\/d\/1EJrv8v5-7DTzrH9k9Tv8TICXlGNLundp\/view?usp=sharing\">Libro Base de F\u00edscia 2BGU del Mineduc<\/a><\/p>\n<p>&nbsp;<\/p>\n<div class='dropshadowboxes-container ' style='width:auto;'>\r\n                            <div class='dropshadowboxes-drop-shadow dropshadowboxes-rounded-corners dropshadowboxes-inside-and-outside-shadow dropshadowboxes-lifted-both dropshadowboxes-effect-default' style=' border: 1px solid #dddddd; height:; background-color:#ffffff;    '>\r\n                            <strong>Resfuerzo acad\u00e9mico<\/strong>\r\n                            <\/div>\r\n                        <\/div>\n<p><a href=\"https:\/\/youtu.be\/0awR9mQBgMk\">Energia y tipos de energia<\/a><\/p>\n<p><a href=\"https:\/\/www.geogebra.org\/m\/dVwub2Dm\">1 Geogebra EPE<\/a><\/p>\n<p><a href=\"https:\/\/www.geogebra.org\/m\/pnEWPseX\">2 Geogebra Campo El\u00e9ctrico<\/a><\/p>\n<p>&nbsp;<\/p>\n<div class='dropshadowboxes-container dropshadowboxes-center ' style='width:100%;'>\r\n                            <div class='dropshadowboxes-drop-shadow dropshadowboxes-rounded-corners dropshadowboxes-inside-and-outside-shadow dropshadowboxes-lifted-both dropshadowboxes-effect-default' style='width:auto; border: 1px solid #dddddd; height:; background-color:#ffffff;    '>\r\n                            Estas preparado para demostrar tu buen aprendizaje aut\u00f3nomo\r\n                            <\/div>\r\n                        <\/div>\n<p><a href=\"https:\/\/quizizz.com\/admin\/quiz\/609a7999e17a6a001caa9070\/energia-potencial\">Prueba Final<\/a><\/p>\n<p>&nbsp;<\/p>\n<p><strong>Referencia Biliogr\u00e1fica.<\/strong><\/p>\n<p>Del Moral, M. &amp; Rodriguez, J. (s.f.). Ejemplo de Energ\u00eda Potencial.Ejemplo de. Recuperado el 4 de Enero de 2022 de https:\/\/www.ejemplode.com\/37-fisica\/4587-ejemplo_de_energia_potencial.html<\/p>\n<p>Guti\u00e9rrez-Fallas, D. (2017). Resumen sobre potencial el\u00e9ctrico.<\/p>\n<p>Roncancio, J. D. R., &amp; Mart\u00ednez, C. A. (2013). Conocimiento did\u00e1ctico del contenido en la ense\u00f1anza del campo el\u00e9ctrico. <i>Tecn\u00e9, Episteme y Didaxis: TED<\/i>, (33)<\/p>\n<p>Sanga Tito, D. A. (2019). Energ\u00eda del campo el\u00e9ctrico y de un conductor.<\/p>\n<p>Furi\u00f3-Mas, C., &amp; Aranzabal, J. G. (2001). La ense\u00f1anza del concepto de campo el\u00e9ctrico basada en un modelo de aprendizaje como investigaci\u00f3n orientada. <i>Ense\u00f1anza de las ciencias: revista de investigaci\u00f3n y experiencias did\u00e1cticas<\/i>, 319-334.<\/p>\n<p>https:\/\/blog.santillana.com.ec\/fisica-stem-3-bgu-unidad-1-tic-energia-potencial-electrica\/<\/p>\n<p>https:\/\/matefisicamonteria.blogspot.com\/2017\/02\/potencial-electrico.html<\/p>\n<p>https:\/\/energia-nuclear.net\/energia\/energia-potencial\/energia-potencial-electrica<\/p>\n<p>&nbsp;<\/p>\n<p>https:\/\/www.blogdefisica.com\/energia-potencial-electrica.html<\/p>\n<p>https:\/\/www.fisimat.com.mx\/potencial-electrico-ejercicios-resueltos\/<\/p>\n<blockquote class=\"wp-embedded-content\" data-secret=\"WYhSHyFEpI\"><p><a href=\"https:\/\/blogdidactico.com\/energia-potencial-electrica\">Energ\u00eda potencial el\u00e9ctrica<\/a><\/p><\/blockquote>\n<p><iframe loading=\"lazy\" class=\"wp-embedded-content\" sandbox=\"allow-scripts\" security=\"restricted\" style=\"position: absolute; visibility: hidden;\" title=\"\u00abEnerg\u00eda potencial el\u00e9ctrica\u00bb \u2014 Blog did\u00e1ctico\" src=\"https:\/\/blogdidactico.com\/energia-potencial-electrica\/embed#?secret=a4wc8aoFuD#?secret=WYhSHyFEpI\" data-secret=\"WYhSHyFEpI\" width=\"500\" height=\"282\" frameborder=\"0\" marginwidth=\"0\" marginheight=\"0\" scrolling=\"no\"><\/iframe><\/p>\n<p>https:\/\/mistersolucion.blogspot.com\/2017\/01\/guia-de-ejercicios-potencial-electrico.html<\/p>\n<p>&nbsp;<\/p>\n<p>&nbsp;<\/p>\n","protected":false},"excerpt":{"rendered":"<p>Energia Potencial Gravitatoria Energia El\u00e1stica Energia Potencial El\u00e9ctrica Meta F\u00edsica Interactiva Empecemos! \u00a0 \u00a0 La fuerza electrost\u00e1tica tambi\u00e9n es conservativa. Esto significa que el trabajo que esta fuerza realiza sobre una carga solo depende de su posici\u00f3n inicial y final. Energ\u00eda Potencial El\u00e9ctrica: Es la energ\u00eda de una carga por el hecho de estar situada [\u2026]<\/p>\n","protected":false},"author":5600,"featured_media":0,"parent":0,"menu_order":0,"comment_status":"closed","ping_status":"closed","template":"","meta":{"footnotes":""},"class_list":["post-597","page","type-page","status-publish","hentry"],"_links":{"self":[{"href":"https:\/\/blog.espol.edu.ec\/rechever\/wp-json\/wp\/v2\/pages\/597","targetHints":{"allow":["GET"]}}],"collection":[{"href":"https:\/\/blog.espol.edu.ec\/rechever\/wp-json\/wp\/v2\/pages"}],"about":[{"href":"https:\/\/blog.espol.edu.ec\/rechever\/wp-json\/wp\/v2\/types\/page"}],"author":[{"embeddable":true,"href":"https:\/\/blog.espol.edu.ec\/rechever\/wp-json\/wp\/v2\/users\/5600"}],"replies":[{"embeddable":true,"href":"https:\/\/blog.espol.edu.ec\/rechever\/wp-json\/wp\/v2\/comments?post=597"}],"version-history":[{"count":24,"href":"https:\/\/blog.espol.edu.ec\/rechever\/wp-json\/wp\/v2\/pages\/597\/revisions"}],"predecessor-version":[{"id":698,"href":"https:\/\/blog.espol.edu.ec\/rechever\/wp-json\/wp\/v2\/pages\/597\/revisions\/698"}],"wp:attachment":[{"href":"https:\/\/blog.espol.edu.ec\/rechever\/wp-json\/wp\/v2\/media?parent=597"}],"curies":[{"name":"wp","href":"https:\/\/api.w.org\/{rel}","templated":true}]}}