{"id":68,"date":"2011-01-28T01:33:49","date_gmt":"2011-01-28T01:33:49","guid":{"rendered":"http:\/\/blog.espol.edu.ec\/rechever\/?page_id=68"},"modified":"2022-02-15T03:39:07","modified_gmt":"2022-02-15T03:39:07","slug":"my-scribd","status":"publish","type":"page","link":"https:\/\/blog.espol.edu.ec\/rechever\/my-scribd\/","title":{"rendered":"Seguridad Ciudadana"},"content":{"rendered":"<h2 style=\"text-align: center;\"><strong>SEGURIDAD CIUDADANA<br \/>\n<\/strong><\/h2>\n<p><strong><a href=\"http:\/\/seguridadgquilenpaz.blogspot.com\/2011\/02\/bienvenidos-mi-blogenpaz.html\">Visitanos en Blog@enPaz<\/a><\/strong><\/p>\n<pre style=\"text-align: justify;\"><span style=\"color: #0000ff;\">Desde hace mas de una d\u00e9cada el concepto de la seguridad ciudadana domina el debate sobre la lucha contra violencia y delincuencia en Am\u00e9rica. La expresi\u00f3n est\u00e1 conectada con un enfoque preventivo y, hasta cierto grado, liberal a los problemas de violencia y delincuencia. Y pone \u00e9nfasis en la protecci\u00f3n de los ciudadanos y contrasta con el concepto de la seguridad nacional.\r\n<\/span>\r\n<span style=\"color: #0000ff;\">Existen m\u00faltiples conceptos y nociones del t\u00e9rmino \"seguridad ciudadana\" y su contenido concreto puede referirse a riesgos o amenazas de tipo no intencional (accidentes de tr\u00e1nsito, desastres naturales) o de tipo econ\u00f3mico y social. Por lo que este t\u00e9rmino referenia a dos niveles de la realidad:<\/span>\r\n\r\n<span style=\"color: #0000ff;\">Primero, se refiere a una condici\u00f3n o un estado de un conjunto de seres humanos: a la ausencia de amenazas que ponen en peligro la seguridad de un conjunto de individuos. En ese sentido, el t\u00e9rmino tiene un significado normativo. Describe una situaci\u00f3n ideal que probablemente es inexistente en cualquier lugar del mundo pero que funciona \u201ccomo un objetivo a perseguir\u201d (Gonz\u00e1lez 2003: 17). El PNUD (2006: 35), por ejemplo, define la seguridad ciudadana como \u201cla condici\u00f3n personal, objetiva y subjetiva, de encontrarse libre de violencia o amenaza de violencia o despojo intencional por parte de otros.\u201d<\/span>\r\n\r\n<span style=\"color: #0000ff;\">Segundo, se refiere a pol\u00edticas p\u00fablicas encaminadas a acercar la situaci\u00f3n real a la situaci\u00f3n ideal, es decir, se refiere a pol\u00edticas que apuntan hacia la eliminaci\u00f3n de las amenazas de seguridad o hacia la protecci\u00f3n de la poblaci\u00f3n ante esas amenazas. En ese sentido, el t\u00e9rmino se refiere a pr\u00e1cticas sociales emp\u00edricamente existentes.<\/span>\r\n\r\n<span style=\"color: #0000ff;\">Este art\u00edculo o secci\u00f3n necesita referencias que aparezcan en una publicaci\u00f3n acreditada, como revistas especializadas, monograf\u00edas, prensa diaria o p\u00e1ginas de Internet fidedignas.\r\nPuedes a\u00f1adirlas as\u00ed o avisar al autor principal del art\u00edculo en su p\u00e1gina de discusi\u00f3n pegando<\/span>\r\n\r\n<span style=\"color: #0000ff;\">El cambio terminol\u00f3gico (de \"seguridad nacional\" a \"seguridad ciudadana\") sugiere que los Estados ahora protegieran la integridad f\u00edsica, el patrimonio entre otros derechos individuales de todos los ciudadanos. Pero, desde un punto de vista emp\u00edrico, las pol\u00edticas gubernamentales de seguridad ciudadana en la mayor\u00eda de los pa\u00edses simplemente consisten en pol\u00edticas m\u00e1s represivas - en vez de m\u00e1s enfocadas en los ciudadanos. Adem\u00e1s, tienden a crear una diferencia entre los ciudadanos \u2013 que merecen protecci\u00f3n \u2013 y grupos sociales de los cuales esos ciudadanos tienen que ser protegidos. Dependiendo de cada pa\u00eds, los grupos definidos como peligrosos para los ciudadanos pueden ser, por ejemplo, j\u00f3venes de barrios populares, drogadictos, grupos \u00e9tnicos o inmigrantes.\r\n\r\n<\/span><\/pre>\n<p>Referencia: <a href=\"http:\/\/es.wikipedia.org\/wiki\/Seguridad_ciudadana\">http:\/\/es.wikipedia.org\/wiki\/Seguridad_ciudadana<\/a><\/p>\n<p>Auspiciado por: <a href=\"http:\/\/ecuablogs.com\">http:\/\/ecuablogs.com<\/a>, <a href=\"http:\/\/www.ccd.espol.edu.ec\/\">http:\/\/www.ccd.espol.edu.ec\/<\/a><\/p>\n","protected":false},"excerpt":{"rendered":"<p>SEGURIDAD CIUDADANA Visitanos en Blog@enPaz Desde hace mas de una d\u00e9cada el concepto de la seguridad ciudadana domina el debate sobre la lucha contra violencia y delincuencia en Am\u00e9rica. La expresi\u00f3n est\u00e1 conectada con un enfoque preventivo y, hasta cierto grado, liberal a los problemas de violencia y delincuencia. Y pone \u00e9nfasis en la protecci\u00f3n [\u2026]<\/p>\n","protected":false},"author":5600,"featured_media":0,"parent":0,"menu_order":0,"comment_status":"open","ping_status":"open","template":"","meta":{"footnotes":""},"class_list":["post-68","page","type-page","status-publish","hentry"],"_links":{"self":[{"href":"https:\/\/blog.espol.edu.ec\/rechever\/wp-json\/wp\/v2\/pages\/68","targetHints":{"allow":["GET"]}}],"collection":[{"href":"https:\/\/blog.espol.edu.ec\/rechever\/wp-json\/wp\/v2\/pages"}],"about":[{"href":"https:\/\/blog.espol.edu.ec\/rechever\/wp-json\/wp\/v2\/types\/page"}],"author":[{"embeddable":true,"href":"https:\/\/blog.espol.edu.ec\/rechever\/wp-json\/wp\/v2\/users\/5600"}],"replies":[{"embeddable":true,"href":"https:\/\/blog.espol.edu.ec\/rechever\/wp-json\/wp\/v2\/comments?post=68"}],"version-history":[{"count":36,"href":"https:\/\/blog.espol.edu.ec\/rechever\/wp-json\/wp\/v2\/pages\/68\/revisions"}],"predecessor-version":[{"id":332,"href":"https:\/\/blog.espol.edu.ec\/rechever\/wp-json\/wp\/v2\/pages\/68\/revisions\/332"}],"wp:attachment":[{"href":"https:\/\/blog.espol.edu.ec\/rechever\/wp-json\/wp\/v2\/media?parent=68"}],"curies":[{"name":"wp","href":"https:\/\/api.w.org\/{rel}","templated":true}]}}