{"id":70,"date":"2011-01-28T01:34:46","date_gmt":"2011-01-28T01:34:46","guid":{"rendered":"http:\/\/blog.espol.edu.ec\/rechever\/?page_id=70"},"modified":"2022-03-18T20:47:48","modified_gmt":"2022-03-18T20:47:48","slug":"cuidado-medio-ambiente","status":"publish","type":"page","link":"https:\/\/blog.espol.edu.ec\/rechever\/cuidado-medio-ambiente\/","title":{"rendered":"SlideShare"},"content":{"rendered":"<p><strong>EL MEDIO AMBIENTE<\/strong><\/p>\n<div id=\"__ss_6856373\" style=\"width: 425px;\">\n<p><strong><a title=\"Medio ambiental\" href=\"http:\/\/www.slideshare.net\/Rsegarra\/medio-ambiental\">Medio ambiental<\/a><\/strong><\/p>\n<div><div class='dropshadowboxes-container ' style='width:auto;'>\r\n                            <div class='dropshadowboxes-drop-shadow dropshadowboxes-rounded-corners dropshadowboxes-inside-and-outside-shadow dropshadowboxes-lifted-both dropshadowboxes-effect-default' style=' border: 1px solid #dddddd; height:; background-color:#ffffff;    '>\r\n                            \"Amarte es cuidar donde caminas, vives, y te sustentas\"\r\n                            <\/div>\r\n                        <\/div><\/div>\n<div><\/div>\n<div style=\"padding: 5px 0 12px;\">View more <a href=\"http:\/\/www.slideshare.net\/\">presentations<\/a> from <a href=\"http:\/\/www.slideshare.net\/Rsegarra\">Robert Segarra<\/a>.<\/div>\n<\/div>\n<div><div class='dropshadowboxes-container ' style='width:auto;'>\r\n                            <div class='dropshadowboxes-drop-shadow dropshadowboxes-rounded-corners dropshadowboxes-inside-and-outside-shadow dropshadowboxes-lifted-both dropshadowboxes-effect-default' style=' border: 1px solid #dddddd; height:; background-color:#ffffff;    '>\r\n                            El cuidado integral del medio ambiente\r\n                            <\/div>\r\n                        <\/div><\/div>\n<div><img loading=\"lazy\" decoding=\"async\" class=\"aligncenter wp-image-747\" src=\"http:\/\/blog.espol.edu.ec\/rechever\/files\/2022\/03\/123-1.png\" alt=\"\" width=\"311\" height=\"304\" srcset=\"https:\/\/blog.espol.edu.ec\/rechever\/files\/2022\/03\/123-1.png 674w, https:\/\/blog.espol.edu.ec\/rechever\/files\/2022\/03\/123-1-300x293.png 300w, https:\/\/blog.espol.edu.ec\/rechever\/files\/2022\/03\/123-1-500x489.png 500w\" sizes=\"auto, (max-width: 311px) 100vw, 311px\" \/><\/div>\n<div>\n<p>El medio ambiente es un sistema formado por elementos naturales y artificiales que esta interrelacionados y que son modificados por la acci\u00f3n humana. Este es un entorno que es el sustento y hogar de todos los seres vivos que habitan el ecosistema global, como biosfera.<\/p>\n<p><img loading=\"lazy\" decoding=\"async\" class=\"wp-image-748 alignleft\" src=\"http:\/\/blog.espol.edu.ec\/rechever\/files\/2022\/03\/345.png\" alt=\"\" width=\"157\" height=\"157\" srcset=\"https:\/\/blog.espol.edu.ec\/rechever\/files\/2022\/03\/345.png 338w, https:\/\/blog.espol.edu.ec\/rechever\/files\/2022\/03\/345-150x150.png 150w, https:\/\/blog.espol.edu.ec\/rechever\/files\/2022\/03\/345-300x300.png 300w\" sizes=\"auto, (max-width: 157px) 100vw, 157px\" \/><\/p>\n<p><img loading=\"lazy\" decoding=\"async\" class=\"wp-image-753 aligncenter\" src=\"http:\/\/blog.espol.edu.ec\/rechever\/files\/2022\/03\/ppepe.png\" alt=\"\" width=\"225\" height=\"180\" srcset=\"https:\/\/blog.espol.edu.ec\/rechever\/files\/2022\/03\/ppepe.png 626w, https:\/\/blog.espol.edu.ec\/rechever\/files\/2022\/03\/ppepe-300x241.png 300w, https:\/\/blog.espol.edu.ec\/rechever\/files\/2022\/03\/ppepe-100x79.png 100w, https:\/\/blog.espol.edu.ec\/rechever\/files\/2022\/03\/ppepe-500x401.png 500w\" sizes=\"auto, (max-width: 225px) 100vw, 225px\" \/><\/p>\n<p>La importancia de cuidar nuestro media ambiente:<\/p>\n<ul>\n<li>Para preservar la salud de la comunidad y sus miembros.<\/li>\n<li>Para preservar los recursos comunitarios.<\/li>\n<li>Para crear una m\u00e1s placentera y mejor calidad de vida.<\/li>\n<li>Para mejorar el car\u00e1cter est\u00e9tico de la comunidad.<\/li>\n<li>Para atraer negocios nuevos y medioambientalmente amigables y salud econ\u00f3mica sostenible.<\/li>\n<\/ul>\n<p>La calidad medioambiental es una medida de la salud del medio ambiente en s\u00ed (incluyendo las plantas y animales a los cuales les da sost\u00e9n), y de los efectos que tiene sobre la salud, comodidad, y estado psicol\u00f3gico de la gente que lo habitan.<\/p>\n<p>Una \u00e9tica ecol\u00f3gica es una \u00e9tica global, que concibe al ser humano como integrado en un medio en el que comparte su vida con otras especies y con un sustrato f\u00edsico que soporta y hace posible esa misma vida.<\/p>\n<p>El concepto desarrollo sustentable es el resultado de una acci\u00f3n concertada de las naciones para impulsar un modelo de desarrollo econ\u00f3mico mundial compatible con la conservaci\u00f3n del medio ambiente y con la equidad social.<\/p>\n<p><img loading=\"lazy\" decoding=\"async\" class=\"aligncenter wp-image-749\" src=\"http:\/\/blog.espol.edu.ec\/rechever\/files\/2022\/03\/sisuten.png\" alt=\"\" width=\"404\" height=\"219\" srcset=\"https:\/\/blog.espol.edu.ec\/rechever\/files\/2022\/03\/sisuten.png 626w, https:\/\/blog.espol.edu.ec\/rechever\/files\/2022\/03\/sisuten-300x162.png 300w, https:\/\/blog.espol.edu.ec\/rechever\/files\/2022\/03\/sisuten-500x271.png 500w\" sizes=\"auto, (max-width: 404px) 100vw, 404px\" \/><\/p>\n<p>Durante estos a\u00f1os de pandemia, se ha visto un aumento positivo en la conciencia social sobre el cuidado del medio ambiente y la posibilidad de sobrevivir en un entorno que se preocupe de la sustentabilidad.<\/p>\n<p>A pesar de esto, pareciera que resolver los problemas que la contaminaci\u00f3n y explotaci\u00f3n excesiva del entorno generan, y esto es un trabajo destinado a los cient\u00edficos y grandes organizaciones ambientalistas. Sin embargo, hay peque\u00f1as acciones de conciencia ambientalista que todos los seres humanos podemos empezar a realizar en nuestra vida cotidiana.<\/p>\n<p><img loading=\"lazy\" decoding=\"async\" class=\"aligncenter wp-image-750\" src=\"http:\/\/blog.espol.edu.ec\/rechever\/files\/2022\/03\/recom.png\" alt=\"\" width=\"210\" height=\"140\" srcset=\"https:\/\/blog.espol.edu.ec\/rechever\/files\/2022\/03\/recom.png 626w, https:\/\/blog.espol.edu.ec\/rechever\/files\/2022\/03\/recom-300x200.png 300w, https:\/\/blog.espol.edu.ec\/rechever\/files\/2022\/03\/recom-500x333.png 500w, https:\/\/blog.espol.edu.ec\/rechever\/files\/2022\/03\/recom-272x182.png 272w\" sizes=\"auto, (max-width: 210px) 100vw, 210px\" \/><\/p>\n<ul>\n<li>Cuando hagas las compras para tu hogar, elige bolsas de papel o tela.<\/li>\n<li>Desconecta los aparatos electr\u00f3nicos que no est\u00e1s usando.<\/li>\n<li>Ahorra agua.<\/li>\n<li>Separar los residuos que se generan en tu hogar.<\/li>\n<li>Opta por la luz natural, o en su defecto, por luces LED<\/li>\n<\/ul>\n<p>El cuidado del medio ambiente es m\u00e1s sencillo de lo que parece cuando a conciencia ecol\u00f3gica. Acciones peque\u00f1as de parte de cada uno de nosotros pueden logran grandes cambios y es cuesti\u00f3n de mejorando nuestros h\u00e1bitos para contribuir y de construir y no de consumir y destruir.<\/p>\n<\/div>\n<div><img loading=\"lazy\" decoding=\"async\" class=\"aligncenter wp-image-752\" src=\"http:\/\/blog.espol.edu.ec\/rechever\/files\/2022\/03\/5666.png\" alt=\"\" width=\"602\" height=\"401\" srcset=\"https:\/\/blog.espol.edu.ec\/rechever\/files\/2022\/03\/5666.png 996w, https:\/\/blog.espol.edu.ec\/rechever\/files\/2022\/03\/5666-300x200.png 300w, https:\/\/blog.espol.edu.ec\/rechever\/files\/2022\/03\/5666-768x511.png 768w, https:\/\/blog.espol.edu.ec\/rechever\/files\/2022\/03\/5666-500x333.png 500w, https:\/\/blog.espol.edu.ec\/rechever\/files\/2022\/03\/5666-272x182.png 272w\" sizes=\"auto, (max-width: 602px) 100vw, 602px\" \/><\/div>\n<div><\/div>\n<div><div class='dropshadowboxes-container ' style='width:auto;'>\r\n                            <div class='dropshadowboxes-drop-shadow dropshadowboxes-rounded-corners dropshadowboxes-inside-and-outside-shadow dropshadowboxes-lifted-both dropshadowboxes-effect-default' style=' border: 1px solid #dddddd; height:; background-color:#ffffff;    '>\r\n                            Temas Relacionados\r\n                            <\/div>\r\n                        <\/div><\/div>\n<div><\/div>\n<div id=\"__ss_6835113\" style=\"width: 425px;\">\n<ul>\n<li><a title=\"Medio ambiente\" href=\"http:\/\/www.slideshare.net\/Rsegarra\/medio-ambiente-6835113\">Medio ambiente <\/a><\/li>\n<li><a title=\"Medio ambiente\" href=\"http:\/\/www.slideshare.net\/Rsegarra\/medio-ambiente-6835113\">El mundo en crisis ambiental <\/a><\/li>\n<li><a title=\"Calentamiento Global\" href=\"http:\/\/www.slideshare.net\/mrr_math\/calentamiento-global-29307\">Calentamiento Global<\/a><\/li>\n<\/ul>\n<\/div>\n<div><\/div>\n<div><div class='dropshadowboxes-container ' style='width:auto;'>\r\n                            <div class='dropshadowboxes-drop-shadow dropshadowboxes-rounded-corners dropshadowboxes-inside-and-outside-shadow dropshadowboxes-lifted-both dropshadowboxes-effect-default' style=' border: 1px solid #dddddd; height:; background-color:#ffffff;    '>\r\n                            Referencias Bibliogr\u00e1ficas\r\n                            <\/div>\r\n                        <\/div><\/div>\n<div>\n<ul>\n<li>L\u00f3pez-Feldman, A., Ch\u00e1vez, C., V\u00e9lez, M. A., Bejarano, H., Chimeli, A. B., F\u00e9res, J., ... &amp; Viteri, C. (2020). COVID-19: impactos en el medio ambiente y en el cumplimiento de los ODS en Am\u00e9rica Latina. <em>Desarrollo y Sociedad<\/em>, (86), 104-132.<\/li>\n<li>Bergel, S. D. (2020). Desarrollo sustentable y medio ambiente: la perspectiva latinoamericana. <em>Alegatos<\/em>, <em>1<\/em>(24), 196-221.<\/li>\n<li>Ecol\u00f3gico, L. G. D. E. (1997). la Protecci\u00f3n al Ambiente. <em>Delitos Ambientales<\/em>.<\/li>\n<li><a href=\"https:\/\/es.slideshare.net\/Rsegarra\/medio-ambiental\">https:\/\/es.slideshare.net\/Rsegarra\/medio-ambiental<\/a><\/li>\n<\/ul>\n<\/div>\n<div><\/div>\n<div><div class='dropshadowboxes-container ' style='width:auto;'>\r\n                            <div class='dropshadowboxes-drop-shadow dropshadowboxes-rounded-corners dropshadowboxes-inside-and-outside-shadow dropshadowboxes-lifted-both dropshadowboxes-effect-default' style=' border: 1px solid #dddddd; height:; background-color:#ffffff;    '>\r\n                            Paginas Sociales\r\n                            <\/div>\r\n                        <\/div><\/div>\n<div><\/div>\n<ul>\n<li><a href=\"https:\/\/www.linkedin.com\/in\/robert-segarra-a4582b36\/?originalSubdomain=ec\"><strong>Linkedin<\/strong><\/a><\/li>\n<li><a href=\"http:\/\/blog.espol.edu.ec\/xguayaquil7\/wp-admin\/customize.php?url=http%3A%2F%2Fblog.espol.edu.ec%2Fxguayaquil7%2F\">Seguridad Ciudadana<\/a><\/li>\n<li><a href=\"http:\/\/blog.espol.edu.ec\/xguayaquil7\/metamath\">Metamath<\/a><\/li>\n<\/ul>\n","protected":false},"excerpt":{"rendered":"<p>EL MEDIO AMBIENTE Medio ambiental View more presentations from Robert Segarra. El medio ambiente es un sistema formado por elementos naturales y artificiales que esta interrelacionados y que son modificados por la acci\u00f3n humana. Este es un entorno que es el sustento y hogar de todos los seres vivos que habitan el ecosistema global, como [\u2026]<\/p>\n","protected":false},"author":5600,"featured_media":0,"parent":0,"menu_order":0,"comment_status":"open","ping_status":"open","template":"","meta":{"footnotes":""},"class_list":["post-70","page","type-page","status-publish","hentry"],"_links":{"self":[{"href":"https:\/\/blog.espol.edu.ec\/rechever\/wp-json\/wp\/v2\/pages\/70","targetHints":{"allow":["GET"]}}],"collection":[{"href":"https:\/\/blog.espol.edu.ec\/rechever\/wp-json\/wp\/v2\/pages"}],"about":[{"href":"https:\/\/blog.espol.edu.ec\/rechever\/wp-json\/wp\/v2\/types\/page"}],"author":[{"embeddable":true,"href":"https:\/\/blog.espol.edu.ec\/rechever\/wp-json\/wp\/v2\/users\/5600"}],"replies":[{"embeddable":true,"href":"https:\/\/blog.espol.edu.ec\/rechever\/wp-json\/wp\/v2\/comments?post=70"}],"version-history":[{"count":17,"href":"https:\/\/blog.espol.edu.ec\/rechever\/wp-json\/wp\/v2\/pages\/70\/revisions"}],"predecessor-version":[{"id":757,"href":"https:\/\/blog.espol.edu.ec\/rechever\/wp-json\/wp\/v2\/pages\/70\/revisions\/757"}],"wp:attachment":[{"href":"https:\/\/blog.espol.edu.ec\/rechever\/wp-json\/wp\/v2\/media?parent=70"}],"curies":[{"name":"wp","href":"https:\/\/api.w.org\/{rel}","templated":true}]}}