{"id":700,"date":"2022-03-14T04:42:29","date_gmt":"2022-03-14T04:42:29","guid":{"rendered":"http:\/\/blog.espol.edu.ec\/rechever\/?page_id=700"},"modified":"2022-03-17T17:29:30","modified_gmt":"2022-03-17T17:29:30","slug":"movimiento-rectilineo-uniforme","status":"publish","type":"page","link":"https:\/\/blog.espol.edu.ec\/rechever\/movimiento-rectilineo-uniforme\/","title":{"rendered":"Recuperacion de F\u00cdSICA"},"content":{"rendered":"<div class='dropshadowboxes-container ' style='width:auto;'>\r\n                            <div class='dropshadowboxes-drop-shadow dropshadowboxes-rounded-corners dropshadowboxes-inside-and-outside-shadow dropshadowboxes-lifted-both dropshadowboxes-effect-default' style=' border: 1px solid #dddddd; height:; background-color:#ffffff;    '>\r\n                            <strong>Bienvenidos a una clase m\u00e1s de F\u00edsica<\/strong>\r\n                            <\/div>\r\n                        <\/div>\n<div class='dropshadowboxes-container ' style='width:auto;'>\r\n                            <div class='dropshadowboxes-drop-shadow dropshadowboxes-rounded-corners dropshadowboxes-inside-and-outside-shadow dropshadowboxes-lifted-both dropshadowboxes-effect-default' style=' border: 1px solid #dddddd; height:; background-color:#ffffff;    '>\r\n                            <strong>Juntos reflexionemos<\/strong>\r\n                            <\/div>\r\n                        <\/div>\n<p><img loading=\"lazy\" decoding=\"async\" class=\"aligncenter wp-image-706\" src=\"http:\/\/blog.espol.edu.ec\/rechever\/files\/2022\/03\/111.gif\" alt=\"\" width=\"562\" height=\"35\" \/> <img loading=\"lazy\" decoding=\"async\" class=\"aligncenter wp-image-707\" src=\"http:\/\/blog.espol.edu.ec\/rechever\/files\/2022\/03\/222.gif\" alt=\"\" width=\"506\" height=\"40\" \/><\/p>\n<div class='dropshadowboxes-container ' style='width:auto;'>\r\n                            <div class='dropshadowboxes-drop-shadow dropshadowboxes-rounded-corners dropshadowboxes-inside-and-outside-shadow dropshadowboxes-lifted-both dropshadowboxes-effect-default' style=' border: 1px solid #dddddd; height:; background-color:#ffffff;    '>\r\n                            Anonimos\r\n                            <\/div>\r\n                        <\/div>\n<div class='dropshadowboxes-container ' style='width:auto;'>\r\n                            <div class='dropshadowboxes-drop-shadow dropshadowboxes-rounded-corners dropshadowboxes-inside-and-outside-shadow dropshadowboxes-lifted-both dropshadowboxes-effect-default' style=' border: 1px solid #dddddd; height:; background-color:#ffffff;    '>\r\n                            <strong>Contenido de Recuperaci\u00f3n de F\u00edsica<\/strong>\r\n                            <\/div>\r\n                        <\/div>\n<ol>\n<li>MRU y MRUV<\/li>\n<li>Movimiento Compuesto (Mov 2 Dimensiones (TiroParab\u00f3lico)<\/li>\n<li>Momento de una Fuerza<\/li>\n<li>Leyes de la Dinamica<\/li>\n<li>Trabajo y Enegia Mec\u00e1nica<\/li>\n<\/ol>\n<div class='dropshadowboxes-container ' style='width:auto;'>\r\n                            <div class='dropshadowboxes-drop-shadow dropshadowboxes-rounded-corners dropshadowboxes-inside-and-outside-shadow dropshadowboxes-lifted-both dropshadowboxes-effect-default' style=' border: 1px solid #dddddd; height:; background-color:#ffffff;    '>\r\n                            <strong>Movimiento Rectilineo<\/strong>\r\n                            <\/div>\r\n                        <\/div>\n<ul>\n<li>Movimiento, Rectilineidad y Unifomidad<\/li>\n<li>Vector: Magnitud Vectorial y Escalar<\/li>\n<li>Desplazamiento y Distancia<\/li>\n<li>Aceleraci\u00f3n, Velocidad y Rapidez<\/li>\n<li>velocidad y Aceleraci\u00f3n instant\u00e1nea<\/li>\n<\/ul>\n<div class='dropshadowboxes-container ' style='width:auto;'>\r\n                            <div class='dropshadowboxes-drop-shadow dropshadowboxes-rounded-corners dropshadowboxes-inside-and-outside-shadow dropshadowboxes-lifted-both dropshadowboxes-effect-default' style=' border: 1px solid #dddddd; height:; background-color:#ffffff;    '>\r\n                            Condiciones y Caracter\u00edsiticas de MRU\r\n                            <\/div>\r\n                        <\/div>\n<p><img loading=\"lazy\" decoding=\"async\" class=\"aligncenter wp-image-717\" src=\"http:\/\/blog.espol.edu.ec\/rechever\/files\/2022\/03\/screenshot_20220316_102232.png\" alt=\"\" width=\"501\" height=\"276\" srcset=\"https:\/\/blog.espol.edu.ec\/rechever\/files\/2022\/03\/screenshot_20220316_102232.png 668w, https:\/\/blog.espol.edu.ec\/rechever\/files\/2022\/03\/screenshot_20220316_102232-300x165.png 300w, https:\/\/blog.espol.edu.ec\/rechever\/files\/2022\/03\/screenshot_20220316_102232-500x275.png 500w\" sizes=\"auto, (max-width: 501px) 100vw, 501px\" \/> <img loading=\"lazy\" decoding=\"async\" class=\"aligncenter wp-image-718\" src=\"http:\/\/blog.espol.edu.ec\/rechever\/files\/2022\/03\/screenshot_20220316_102558.png\" alt=\"\" width=\"478\" height=\"549\" srcset=\"https:\/\/blog.espol.edu.ec\/rechever\/files\/2022\/03\/screenshot_20220316_102558.png 572w, https:\/\/blog.espol.edu.ec\/rechever\/files\/2022\/03\/screenshot_20220316_102558-261x300.png 261w, https:\/\/blog.espol.edu.ec\/rechever\/files\/2022\/03\/screenshot_20220316_102558-435x500.png 435w\" sizes=\"auto, (max-width: 478px) 100vw, 478px\" \/><\/p>\n<div class='dropshadowboxes-container ' style='width:auto;'>\r\n                            <div class='dropshadowboxes-drop-shadow dropshadowboxes-rounded-corners dropshadowboxes-inside-and-outside-shadow dropshadowboxes-lifted-both dropshadowboxes-effect-default' style=' border: 1px solid #dddddd; height:; background-color:#ffffff;    '>\r\n                            <strong>Resolucion de Problema MRU<\/strong>\r\n                            <\/div>\r\n                        <\/div>\n<p><img loading=\"lazy\" decoding=\"async\" class=\"aligncenter wp-image-711\" src=\"http:\/\/blog.espol.edu.ec\/rechever\/files\/2022\/03\/122.png\" alt=\"\" width=\"620\" height=\"259\" srcset=\"https:\/\/blog.espol.edu.ec\/rechever\/files\/2022\/03\/122.png 1152w, https:\/\/blog.espol.edu.ec\/rechever\/files\/2022\/03\/122-300x125.png 300w, https:\/\/blog.espol.edu.ec\/rechever\/files\/2022\/03\/122-768x321.png 768w, https:\/\/blog.espol.edu.ec\/rechever\/files\/2022\/03\/122-1024x428.png 1024w, https:\/\/blog.espol.edu.ec\/rechever\/files\/2022\/03\/122-500x209.png 500w\" sizes=\"auto, (max-width: 620px) 100vw, 620px\" \/><\/p>\n<div class='dropshadowboxes-container ' style='width:auto;'>\r\n                            <div class='dropshadowboxes-drop-shadow dropshadowboxes-rounded-corners dropshadowboxes-inside-and-outside-shadow dropshadowboxes-lifted-both dropshadowboxes-effect-default' style=' border: 1px solid #dddddd; height:; background-color:#ffffff;    '>\r\n                            Condiciones y Caracter\u00edsiticas de MRUV\r\n                            <\/div>\r\n                        <\/div>\n<p><img loading=\"lazy\" decoding=\"async\" class=\"aligncenter wp-image-730\" src=\"http:\/\/blog.espol.edu.ec\/rechever\/files\/2022\/03\/sin.png\" alt=\"\" width=\"325\" height=\"238\" srcset=\"https:\/\/blog.espol.edu.ec\/rechever\/files\/2022\/03\/sin.png 669w, https:\/\/blog.espol.edu.ec\/rechever\/files\/2022\/03\/sin-300x220.png 300w, https:\/\/blog.espol.edu.ec\/rechever\/files\/2022\/03\/sin-500x367.png 500w\" sizes=\"auto, (max-width: 325px) 100vw, 325px\" \/><\/p>\n<p><img loading=\"lazy\" decoding=\"async\" class=\"aligncenter wp-image-731\" src=\"http:\/\/blog.espol.edu.ec\/rechever\/files\/2022\/03\/maxresdefault.jpg\" alt=\"\" width=\"391\" height=\"220\" srcset=\"https:\/\/blog.espol.edu.ec\/rechever\/files\/2022\/03\/maxresdefault.jpg 1280w, https:\/\/blog.espol.edu.ec\/rechever\/files\/2022\/03\/maxresdefault-300x169.jpg 300w, https:\/\/blog.espol.edu.ec\/rechever\/files\/2022\/03\/maxresdefault-768x432.jpg 768w, https:\/\/blog.espol.edu.ec\/rechever\/files\/2022\/03\/maxresdefault-1024x576.jpg 1024w, https:\/\/blog.espol.edu.ec\/rechever\/files\/2022\/03\/maxresdefault-500x281.jpg 500w\" sizes=\"auto, (max-width: 391px) 100vw, 391px\" \/> <img loading=\"lazy\" decoding=\"async\" class=\"aligncenter wp-image-732\" src=\"http:\/\/blog.espol.edu.ec\/rechever\/files\/2022\/03\/mruv.png\" alt=\"\" width=\"381\" height=\"182\" srcset=\"https:\/\/blog.espol.edu.ec\/rechever\/files\/2022\/03\/mruv.png 669w, https:\/\/blog.espol.edu.ec\/rechever\/files\/2022\/03\/mruv-300x143.png 300w, https:\/\/blog.espol.edu.ec\/rechever\/files\/2022\/03\/mruv-500x239.png 500w\" sizes=\"auto, (max-width: 381px) 100vw, 381px\" \/><\/p>\n<div class='dropshadowboxes-container ' style='width:auto;'>\r\n                            <div class='dropshadowboxes-drop-shadow dropshadowboxes-rounded-corners dropshadowboxes-inside-and-outside-shadow dropshadowboxes-lifted-both dropshadowboxes-effect-default' style=' border: 1px solid #dddddd; height:; background-color:#ffffff;    '>\r\n                            <strong>Resoluci\u00f3n de Problema MRUV<\/strong>\r\n                            <\/div>\r\n                        <\/div>\n<p><img loading=\"lazy\" decoding=\"async\" class=\"aligncenter wp-image-712\" src=\"http:\/\/blog.espol.edu.ec\/rechever\/files\/2022\/03\/Sin-t\u00edtulo-1.png\" alt=\"\" width=\"626\" height=\"362\" srcset=\"https:\/\/blog.espol.edu.ec\/rechever\/files\/2022\/03\/Sin-t\u00edtulo-1.png 1280w, https:\/\/blog.espol.edu.ec\/rechever\/files\/2022\/03\/Sin-t\u00edtulo-1-300x173.png 300w, https:\/\/blog.espol.edu.ec\/rechever\/files\/2022\/03\/Sin-t\u00edtulo-1-768x444.png 768w, https:\/\/blog.espol.edu.ec\/rechever\/files\/2022\/03\/Sin-t\u00edtulo-1-1024x592.png 1024w, https:\/\/blog.espol.edu.ec\/rechever\/files\/2022\/03\/Sin-t\u00edtulo-1-500x289.png 500w\" sizes=\"auto, (max-width: 626px) 100vw, 626px\" \/><\/p>\n<div class='dropshadowboxes-container ' style='width:auto;'>\r\n                            <div class='dropshadowboxes-drop-shadow dropshadowboxes-rounded-corners dropshadowboxes-inside-and-outside-shadow dropshadowboxes-lifted-both dropshadowboxes-effect-default' style=' border: 1px solid #dddddd; height:; background-color:#ffffff;    '>\r\n                            <strong>Movimiento Parab\u00f3lico<\/strong>\r\n                            <\/div>\r\n                        <\/div>\n<ul>\n<li>Aceleraci\u00f3n de la Gravedad<\/li>\n<li>Ecuaci\u00f3n de la Trayectoria del Movimiento Parab\u00f3lico<\/li>\n<li>Alcance y altura m\u00e1xima<\/li>\n<li>Tiempo de subia y de bajada<\/li>\n<li>Tiempo de vuelo<\/li>\n<\/ul>\n<div class='dropshadowboxes-container ' style='width:auto;'>\r\n                            <div class='dropshadowboxes-drop-shadow dropshadowboxes-rounded-corners dropshadowboxes-inside-and-outside-shadow dropshadowboxes-lifted-both dropshadowboxes-effect-default' style=' border: 1px solid #dddddd; height:; background-color:#ffffff;    '>\r\n                            C<strong>ondiciones de un Movimiento Compuesto (2D)<\/strong>\r\n                            <\/div>\r\n                        <\/div>\n<p><img loading=\"lazy\" decoding=\"async\" class=\"wp-image-714 alignnone\" src=\"http:\/\/blog.espol.edu.ec\/rechever\/files\/2022\/03\/movimiento-parabolico-1024x576.jpg\" alt=\"\" width=\"348\" height=\"196\" srcset=\"https:\/\/blog.espol.edu.ec\/rechever\/files\/2022\/03\/movimiento-parabolico-1024x576.jpg 1024w, https:\/\/blog.espol.edu.ec\/rechever\/files\/2022\/03\/movimiento-parabolico-1024x576-300x169.jpg 300w, https:\/\/blog.espol.edu.ec\/rechever\/files\/2022\/03\/movimiento-parabolico-1024x576-768x432.jpg 768w, https:\/\/blog.espol.edu.ec\/rechever\/files\/2022\/03\/movimiento-parabolico-1024x576-500x281.jpg 500w\" sizes=\"auto, (max-width: 348px) 100vw, 348px\" \/><img loading=\"lazy\" decoding=\"async\" class=\"wp-image-733 alignleft\" src=\"http:\/\/blog.espol.edu.ec\/rechever\/files\/2022\/03\/screenshot_20220316_103853.png\" alt=\"\" width=\"483\" height=\"208\" srcset=\"https:\/\/blog.espol.edu.ec\/rechever\/files\/2022\/03\/screenshot_20220316_103853.png 1010w, https:\/\/blog.espol.edu.ec\/rechever\/files\/2022\/03\/screenshot_20220316_103853-300x129.png 300w, https:\/\/blog.espol.edu.ec\/rechever\/files\/2022\/03\/screenshot_20220316_103853-768x331.png 768w, https:\/\/blog.espol.edu.ec\/rechever\/files\/2022\/03\/screenshot_20220316_103853-500x215.png 500w\" sizes=\"auto, (max-width: 483px) 100vw, 483px\" \/> <img loading=\"lazy\" decoding=\"async\" class=\"aligncenter wp-image-715\" src=\"http:\/\/blog.espol.edu.ec\/rechever\/files\/2022\/03\/Resumen-de-Formulas-del-Movimiento-Parabolico.jpg\" alt=\"\" width=\"425\" height=\"134\" srcset=\"https:\/\/blog.espol.edu.ec\/rechever\/files\/2022\/03\/Resumen-de-Formulas-del-Movimiento-Parabolico.jpg 613w, https:\/\/blog.espol.edu.ec\/rechever\/files\/2022\/03\/Resumen-de-Formulas-del-Movimiento-Parabolico-300x94.jpg 300w, https:\/\/blog.espol.edu.ec\/rechever\/files\/2022\/03\/Resumen-de-Formulas-del-Movimiento-Parabolico-500x157.jpg 500w\" sizes=\"auto, (max-width: 425px) 100vw, 425px\" \/><\/p>\n<p><img loading=\"lazy\" decoding=\"async\" class=\"aligncenter wp-image-729\" src=\"http:\/\/blog.espol.edu.ec\/rechever\/files\/2022\/03\/tiroparabolico1.jpg\" alt=\"\" width=\"522\" height=\"353\" srcset=\"https:\/\/blog.espol.edu.ec\/rechever\/files\/2022\/03\/tiroparabolico1.jpg 730w, https:\/\/blog.espol.edu.ec\/rechever\/files\/2022\/03\/tiroparabolico1-300x203.jpg 300w, https:\/\/blog.espol.edu.ec\/rechever\/files\/2022\/03\/tiroparabolico1-500x338.jpg 500w\" sizes=\"auto, (max-width: 522px) 100vw, 522px\" \/><\/p>\n<p><img loading=\"lazy\" decoding=\"async\" class=\"aligncenter size-full wp-image-742\" src=\"http:\/\/blog.espol.edu.ec\/rechever\/files\/2022\/03\/screenshot_20220317_120124.png\" alt=\"\" width=\"516\" height=\"86\" srcset=\"https:\/\/blog.espol.edu.ec\/rechever\/files\/2022\/03\/screenshot_20220317_120124.png 516w, https:\/\/blog.espol.edu.ec\/rechever\/files\/2022\/03\/screenshot_20220317_120124-300x50.png 300w, https:\/\/blog.espol.edu.ec\/rechever\/files\/2022\/03\/screenshot_20220317_120124-500x83.png 500w\" sizes=\"auto, (max-width: 516px) 100vw, 516px\" \/><\/p>\n<div class='dropshadowboxes-container ' style='width:auto;'>\r\n                            <div class='dropshadowboxes-drop-shadow dropshadowboxes-rounded-corners dropshadowboxes-inside-and-outside-shadow dropshadowboxes-lifted-both dropshadowboxes-effect-default' style=' border: 1px solid #dddddd; height:; background-color:#ffffff;    '>\r\n                            Resoluci\u00f3n de Problema: Tiro Parab\u00f3lico\r\n                            <\/div>\r\n                        <\/div>\n<p><img loading=\"lazy\" decoding=\"async\" class=\"aligncenter wp-image-735\" src=\"http:\/\/blog.espol.edu.ec\/rechever\/files\/2022\/03\/2222.png\" alt=\"\" width=\"638\" height=\"324\" srcset=\"https:\/\/blog.espol.edu.ec\/rechever\/files\/2022\/03\/2222.png 923w, https:\/\/blog.espol.edu.ec\/rechever\/files\/2022\/03\/2222-300x152.png 300w, https:\/\/blog.espol.edu.ec\/rechever\/files\/2022\/03\/2222-768x390.png 768w, https:\/\/blog.espol.edu.ec\/rechever\/files\/2022\/03\/2222-500x254.png 500w\" sizes=\"auto, (max-width: 638px) 100vw, 638px\" \/><\/p>\n<div class='dropshadowboxes-container ' style='width:auto;'>\r\n                            <div class='dropshadowboxes-drop-shadow dropshadowboxes-rounded-corners dropshadowboxes-inside-and-outside-shadow dropshadowboxes-lifted-both dropshadowboxes-effect-default' style=' border: 1px solid #dddddd; height:; background-color:#ffffff;    '>\r\n                            <strong>Conceptualizando con las herramientas tecnol\u00f3gicas<\/strong>\r\n                            <\/div>\r\n                        <\/div>\n<ol>\n<li><a href=\"https:\/\/www.geogebra.org\/m\/kgrNSG2m\">Geogebra: MRU y MRUV<\/a><\/li>\n<li><a href=\"https:\/\/phet.colorado.edu\/sims\/html\/projectile-motion\/latest\/projectile-motion_es.html\">PHET.: Movimiento Compuesto<\/a><\/li>\n<li><a href=\"https:\/\/www.geogebra.org\/m\/mcNKdKVy\">Geogebra: MRU<\/a><\/li>\n<\/ol>\n<p><strong><div class='dropshadowboxes-container ' style='width:auto;'>\r\n                            <div class='dropshadowboxes-drop-shadow dropshadowboxes-rounded-corners dropshadowboxes-inside-and-outside-shadow dropshadowboxes-lifted-both dropshadowboxes-effect-default' style=' border: 1px solid #dddddd; height:; background-color:#ffffff;    '>\r\n                            Referencias Bibliogr\u00e1ficas\r\n                            <\/div>\r\n                        <\/div><\/strong><\/p>\n<ul>\n<li><a href=\"https:\/\/es.khanacademy.org\/science\/fisica-pe-pre-u\/x4594717deeb98bd3:cinematica-de-una-particula-en-una-y-dos-dimensiones\">Khan Academy: Cinem\u00e1tica<\/a><\/li>\n<li><a href=\"https:\/\/slideplayer.es\/slide\/12061944\/\">Slideplayer: Resfuerzo 1 de Movimiento<\/a><\/li>\n<li>Sliderplayer: Resfuerzo 2 de MRU<\/li>\n<li><a href=\"https:\/\/fq.iespm.es\/documentos\/rafael_artacho\/4_ESO\/07.%20El%20movimiento.pdf\">FQ-IESPM: Resfuerzo 2: MRU y MRUV<\/a><\/li>\n<li><a href=\"https:\/\/matematicasfisicaquimica.com\/composicion-movimientos-parabolico-cinematica\/\">MathQuimiFisica: Resfuerzo Cinem\u00e1tica<\/a><\/li>\n<li><a href=\"https:\/\/steemit.com\/stem-espanol\/@rbalzan79\/geometria-analitica-y-cinematica-parte-ii\">Tiro Parab\u00f3lico<\/a><\/li>\n<li><a href=\"https:\/\/sites.google.com\/site\/elpasadodelafisica\/5-cinematica-graficas-de-velocidad-contra-tiempo-v-vs-t\">Blog Math: Cinem\u00e1tica<\/a><\/li>\n<li><a href=\"https:\/\/youtu.be\/7PHLOFylz_I\">Video 1: Tiro Parab\u00f3lico<\/a><\/li>\n<li><a href=\"https:\/\/ecuaciondiferencialejerciciosresueltos.com\/teorema-de-existencia-y-unicidad\">Teorema de Existencialidad y unicidad de las ED<\/a><\/li>\n<li><a href=\"https:\/\/youtu.be\/vFMHr1Jg8IA\">Video2: Tiro Parab\u00f3lico<\/a><\/li>\n<li><a href=\"https:\/\/youtu.be\/M4AOMK3efJM\">Video 3 Tito Parab\u00f3lico<\/a><\/li>\n<li><a href=\"https:\/\/youtu.be\/yNwSGIHNEq4\">Video 4: Tiro Parab\u00f3lico<\/a><\/li>\n<li><a href=\"https:\/\/youtu.be\/tecuaUWS7IU\">Video 5: Movimiento Compuesto Actividad de Resfuerzo<\/a><\/li>\n<\/ul>\n","protected":false},"excerpt":{"rendered":"<p>MRU y MRUV Movimiento Compuesto (Mov 2 Dimensiones (TiroParab\u00f3lico) Momento de una Fuerza Leyes de la Dinamica Trabajo y Enegia Mec\u00e1nica Movimiento, Rectilineidad y Unifomidad Vector: Magnitud Vectorial y Escalar Desplazamiento y Distancia Aceleraci\u00f3n, Velocidad y Rapidez velocidad y Aceleraci\u00f3n instant\u00e1nea Aceleraci\u00f3n de la Gravedad Ecuaci\u00f3n de la Trayectoria del Movimiento Parab\u00f3lico Alcance y altura [\u2026]<\/p>\n","protected":false},"author":5600,"featured_media":0,"parent":0,"menu_order":0,"comment_status":"closed","ping_status":"closed","template":"","meta":{"footnotes":""},"class_list":["post-700","page","type-page","status-publish","hentry"],"_links":{"self":[{"href":"https:\/\/blog.espol.edu.ec\/rechever\/wp-json\/wp\/v2\/pages\/700","targetHints":{"allow":["GET"]}}],"collection":[{"href":"https:\/\/blog.espol.edu.ec\/rechever\/wp-json\/wp\/v2\/pages"}],"about":[{"href":"https:\/\/blog.espol.edu.ec\/rechever\/wp-json\/wp\/v2\/types\/page"}],"author":[{"embeddable":true,"href":"https:\/\/blog.espol.edu.ec\/rechever\/wp-json\/wp\/v2\/users\/5600"}],"replies":[{"embeddable":true,"href":"https:\/\/blog.espol.edu.ec\/rechever\/wp-json\/wp\/v2\/comments?post=700"}],"version-history":[{"count":21,"href":"https:\/\/blog.espol.edu.ec\/rechever\/wp-json\/wp\/v2\/pages\/700\/revisions"}],"predecessor-version":[{"id":743,"href":"https:\/\/blog.espol.edu.ec\/rechever\/wp-json\/wp\/v2\/pages\/700\/revisions\/743"}],"wp:attachment":[{"href":"https:\/\/blog.espol.edu.ec\/rechever\/wp-json\/wp\/v2\/media?parent=700"}],"curies":[{"name":"wp","href":"https:\/\/api.w.org\/{rel}","templated":true}]}}