{"id":22,"date":"2015-08-04T19:08:37","date_gmt":"2015-08-04T19:08:37","guid":{"rendered":"http:\/\/blog.espol.edu.ec\/render\/?page_id=22"},"modified":"2015-08-05T23:18:08","modified_gmt":"2015-08-05T23:18:08","slug":"grupo-de-investigacion","status":"publish","type":"page","link":"https:\/\/blog.espol.edu.ec\/render\/grupo-de-investigacion\/","title":{"rendered":"Grupo de Investigaci\u00f3n"},"content":{"rendered":"<p>Los integrantes del grupo de Investigaci\u00f3n de Arte y Tecnolog\u00eda son:<\/p>\n<ul>\n<li><a href=\"http:\/\/diegocarrera.info\/\">MSc. Diego Carrera<\/a><\/li>\n<li>MSc. Ariana Garc\u00eda<\/li>\n<li>MSc. David Jurado<\/li>\n<\/ul>\n","protected":false},"excerpt":{"rendered":"<p>Los integrantes del grupo de Investigaci\u00f3n de Arte y Tecnolog\u00eda son: MSc. Diego Carrera MSc. Ariana Garc\u00eda MSc. David Jurado<\/p>\n","protected":false},"author":527,"featured_media":0,"parent":0,"menu_order":0,"comment_status":"open","ping_status":"open","template":"","meta":{"footnotes":""},"class_list":["post-22","page","type-page","status-publish","hentry"],"_links":{"self":[{"href":"https:\/\/blog.espol.edu.ec\/render\/wp-json\/wp\/v2\/pages\/22","targetHints":{"allow":["GET"]}}],"collection":[{"href":"https:\/\/blog.espol.edu.ec\/render\/wp-json\/wp\/v2\/pages"}],"about":[{"href":"https:\/\/blog.espol.edu.ec\/render\/wp-json\/wp\/v2\/types\/page"}],"author":[{"embeddable":true,"href":"https:\/\/blog.espol.edu.ec\/render\/wp-json\/wp\/v2\/users\/527"}],"replies":[{"embeddable":true,"href":"https:\/\/blog.espol.edu.ec\/render\/wp-json\/wp\/v2\/comments?post=22"}],"version-history":[{"count":2,"href":"https:\/\/blog.espol.edu.ec\/render\/wp-json\/wp\/v2\/pages\/22\/revisions"}],"predecessor-version":[{"id":121,"href":"https:\/\/blog.espol.edu.ec\/render\/wp-json\/wp\/v2\/pages\/22\/revisions\/121"}],"wp:attachment":[{"href":"https:\/\/blog.espol.edu.ec\/render\/wp-json\/wp\/v2\/media?parent=22"}],"curies":[{"name":"wp","href":"https:\/\/api.w.org\/{rel}","templated":true}]}}