{"id":24,"date":"2015-08-04T19:08:47","date_gmt":"2015-08-04T19:08:47","guid":{"rendered":"http:\/\/blog.espol.edu.ec\/render\/?page_id=24"},"modified":"2015-08-06T17:40:07","modified_gmt":"2015-08-06T17:40:07","slug":"colaboradores","status":"publish","type":"page","link":"https:\/\/blog.espol.edu.ec\/render\/colaboradores\/","title":{"rendered":"Colaboradores"},"content":{"rendered":"<p>El servicio de renderizaci\u00f3n se realiza gracias a la infraestructura que provee:<\/p>\n<ul>\n<li>El <a href=\"http:\/\/www.cti.espol.edu.ec\/\">Centro de Tecnolog\u00edas de la Informaci\u00f3n<\/a> y<\/li>\n<li>El <a href=\"http:\/\/www.serviciosti.espol.edu.ec\/\">Centro de Tecnolog\u00edas y Sistemas de Informaci\u00f3n\u00a0<\/a><\/li>\n<\/ul>\n<p>&nbsp;<\/p>\n","protected":false},"excerpt":{"rendered":"<p>El servicio de renderizaci\u00f3n se realiza gracias a la infraestructura que provee: El Centro de Tecnolog\u00edas de la Informaci\u00f3n y El Centro de Tecnolog\u00edas y Sistemas de Informaci\u00f3n\u00a0 &nbsp;<\/p>\n","protected":false},"author":527,"featured_media":0,"parent":0,"menu_order":0,"comment_status":"open","ping_status":"open","template":"","meta":{"footnotes":""},"class_list":["post-24","page","type-page","status-publish","hentry"],"_links":{"self":[{"href":"https:\/\/blog.espol.edu.ec\/render\/wp-json\/wp\/v2\/pages\/24","targetHints":{"allow":["GET"]}}],"collection":[{"href":"https:\/\/blog.espol.edu.ec\/render\/wp-json\/wp\/v2\/pages"}],"about":[{"href":"https:\/\/blog.espol.edu.ec\/render\/wp-json\/wp\/v2\/types\/page"}],"author":[{"embeddable":true,"href":"https:\/\/blog.espol.edu.ec\/render\/wp-json\/wp\/v2\/users\/527"}],"replies":[{"embeddable":true,"href":"https:\/\/blog.espol.edu.ec\/render\/wp-json\/wp\/v2\/comments?post=24"}],"version-history":[{"count":3,"href":"https:\/\/blog.espol.edu.ec\/render\/wp-json\/wp\/v2\/pages\/24\/revisions"}],"predecessor-version":[{"id":127,"href":"https:\/\/blog.espol.edu.ec\/render\/wp-json\/wp\/v2\/pages\/24\/revisions\/127"}],"wp:attachment":[{"href":"https:\/\/blog.espol.edu.ec\/render\/wp-json\/wp\/v2\/media?parent=24"}],"curies":[{"name":"wp","href":"https:\/\/api.w.org\/{rel}","templated":true}]}}