{"id":75,"date":"2015-08-05T15:37:02","date_gmt":"2015-08-05T15:37:02","guid":{"rendered":"http:\/\/blog.espol.edu.ec\/render\/?page_id=75"},"modified":"2016-01-09T13:36:06","modified_gmt":"2016-01-09T13:36:06","slug":"requisitos-de-conexion","status":"publish","type":"page","link":"https:\/\/blog.espol.edu.ec\/render\/requisitos-de-conexion\/","title":{"rendered":"Requisitos de conexi\u00f3n"},"content":{"rendered":"<p>En esta publicaci\u00f3n se explicar\u00e1 cuales son los requisitos de conexi\u00f3n que debe considerar para utilizar el servicio de renderizaci\u00f3n de la nube de multimedia de <a href=\"http:\/\/www.edcom.espol.edu.ec\/\" target=\"_blank\">EDCOM<\/a> - <a href=\"http:\/\/www.espol.edu.ec\/\" target=\"_blank\">ESPOL<\/a>.<\/p>\n<p>Existen dos requisitos principales que son:<\/p>\n<ol>\n<li>Utilizar 3D Studio Max 2016 y<\/li>\n<li>Utilizar una\u00a0red cableada (recomendable)<\/li>\n<\/ol>\n<p>&nbsp;<\/p>\n<p><strong>Enlaces de Inter\u00e9s:<\/strong><\/p>\n<ul>\n<li><a href=\"http:\/\/blog.espol.edu.ec\/render\/2016\/01\/09\/donde-descargar-3d-studio-max-gratuito-para-educacion\/\">Donde descargar de forma gratuita 3D Studio Max 2016 para educaci\u00f3n<\/a><\/li>\n<\/ul>\n<p>&nbsp;<\/p>\n","protected":false},"excerpt":{"rendered":"<p>En esta publicaci\u00f3n se explicar\u00e1 cuales son los requisitos de conexi\u00f3n que debe considerar para utilizar el servicio de renderizaci\u00f3n de la nube de multimedia de EDCOM - ESPOL. Existen dos requisitos principales que son: Utilizar 3D Studio Max 2016 y Utilizar una\u00a0red cableada (recomendable) &nbsp; Enlaces de Inter\u00e9s: Donde descargar de forma gratuita 3D [&hellip;]<\/p>\n","protected":false},"author":527,"featured_media":0,"parent":0,"menu_order":0,"comment_status":"open","ping_status":"open","template":"","meta":{"footnotes":""},"class_list":["post-75","page","type-page","status-publish","hentry"],"_links":{"self":[{"href":"https:\/\/blog.espol.edu.ec\/render\/wp-json\/wp\/v2\/pages\/75","targetHints":{"allow":["GET"]}}],"collection":[{"href":"https:\/\/blog.espol.edu.ec\/render\/wp-json\/wp\/v2\/pages"}],"about":[{"href":"https:\/\/blog.espol.edu.ec\/render\/wp-json\/wp\/v2\/types\/page"}],"author":[{"embeddable":true,"href":"https:\/\/blog.espol.edu.ec\/render\/wp-json\/wp\/v2\/users\/527"}],"replies":[{"embeddable":true,"href":"https:\/\/blog.espol.edu.ec\/render\/wp-json\/wp\/v2\/comments?post=75"}],"version-history":[{"count":7,"href":"https:\/\/blog.espol.edu.ec\/render\/wp-json\/wp\/v2\/pages\/75\/revisions"}],"predecessor-version":[{"id":166,"href":"https:\/\/blog.espol.edu.ec\/render\/wp-json\/wp\/v2\/pages\/75\/revisions\/166"}],"wp:attachment":[{"href":"https:\/\/blog.espol.edu.ec\/render\/wp-json\/wp\/v2\/media?parent=75"}],"curies":[{"name":"wp","href":"https:\/\/api.w.org\/{rel}","templated":true}]}}