{"id":15,"date":"2011-03-30T16:07:22","date_gmt":"2011-03-30T16:07:22","guid":{"rendered":"http:\/\/blog.espol.edu.ec\/revismat\/?page_id=15"},"modified":"2013-11-14T14:47:43","modified_gmt":"2013-11-14T14:47:43","slug":"instrucciones-para-autores","status":"publish","type":"page","link":"https:\/\/blog.espol.edu.ec\/revismat\/instrucciones-para-autores\/","title":{"rendered":"Instrucciones para autores"},"content":{"rendered":"<h1>FORMATO DE ART\u00cdCULOS<\/h1>\n<p style=\"text-align: justify\"><strong>1. <\/strong><strong>ACERCA DE LA REVISTA Y SU CONTENIDO<\/strong><\/p>\n<p style=\"text-align: justify\">\n<p style=\"text-align: justify\">La revista tendr\u00e1 como nombre <strong><em>\u201c<\/em><\/strong><strong><em>matem\u00e1tica<\/em><\/strong><strong><em>\u201d<\/em><\/strong><strong><em>:<\/em><\/strong><strong> <\/strong><strong>una publicaci\u00f3n de la FCNM-ESPOL<\/strong>\u201d, la cual se publicar\u00e1 en forma semestral.\u00a0 Su finalidad esencial ser\u00e1 comunicar los resultados obtenidos por investigadores, profesores, profesores invitados y estudiantes, en trabajos de investigaci\u00f3n, res\u00famenes de\u00a0 tesis de grado, trabajos de difusi\u00f3n, art\u00edculos de inter\u00e9s cient\u00edfico y novedades matem\u00e1ticas.<\/p>\n<p style=\"text-align: justify\"><strong>2. <\/strong><strong>ACERCA DEL FORMATO DE LOS ART\u00cdCULOS<\/strong><\/p>\n<p style=\"text-align: justify\">\n<p style=\"text-align: justify\">Quienes presenten trabajos para publicaci\u00f3n en la revista deber\u00e1n regirse por las siguientes disposiciones:<\/p>\n<p style=\"text-align: justify\">\u00a7\u00a0\u00a0 El trabajo ser\u00e1 escrito en castellano.<\/p>\n<p style=\"text-align: justify\">\u00a7\u00a0\u00a0 Contendr\u00e1 un <strong>RESUMEN<\/strong> que se presentar\u00e1 al comienzo del mismo, con no m\u00e1s de 100 palabras.\u00a0 Este resumen ser\u00e1 conciso, impersonal e incluir\u00e1 de manera sucinta los resultados y conclusiones de la investigaci\u00f3n, luego de lo cual se presentar\u00e1 una lista de no m\u00e1s de cinco <strong>PALABRAS CLAVES<\/strong> utilizadas en el art\u00edculo, facilitando de esta manera la indexaci\u00f3n.<\/p>\n<p style=\"text-align: justify\">\u00a7\u00a0\u00a0 A continuaci\u00f3n, ir\u00e1 la primera secci\u00f3n del trabajo denominada <strong>INTRODUCCI\u00d3N<\/strong>, las restantes secciones las titular\u00e1 el autor de acuerdo a las caracter\u00edsticas del trabajo.<\/p>\n<p style=\"text-align: justify\">\u00a7\u00a0\u00a0 La secci\u00f3n final se denominar\u00e1 <strong>CONCLUSIONES<\/strong> y en la misma se discutir\u00e1n los resultados a los que\u00a0 haya llegado el autor.<\/p>\n<p style=\"text-align: justify\">\u00a7\u00a0\u00a0 La secci\u00f3n <strong>REFERENCIAS BIBLIOGR\u00c1FICAS Y ELECTR\u00d3NICAS<\/strong> ser\u00e1 numerada y contendr\u00e1 a m\u00e1s del nombre del autor(es) del art\u00edculo o texto, la fecha y lugar de publicaci\u00f3n.\u00a0 Se exhorta incluir como referencias las publicaciones esenciales, esto es, las que realmente sirven de sustento al investigador en su trabajo.<\/p>\n<p style=\"text-align: justify\"><strong><br \/>\n<\/strong><\/p>\n<p style=\"text-align: justify\"><strong>3. <\/strong><strong>GENERALIDADES<\/strong><\/p>\n<p style=\"text-align: justify\">\n<p style=\"text-align: justify\">Los manuscritos para publicaci\u00f3n en la revista ser\u00e1n enviados al editor de la revista en un <strong>CD <\/strong>o por<strong> CORREO ELECTR\u00d3NICO<\/strong>,\u00a0 escritos en el procesador de palabras <strong>WORD.<\/strong> Se entregar\u00e1n adem\u00e1s cuatro copias en papel A4; la longitud del art\u00edculo no exceder\u00e1 las diez p\u00e1ginas, ser\u00e1 escrito a espacio simple, en doble columna, letra Times New Roman, tama\u00f1o 10 para el texto principal y tama\u00f1o 8 para el resumen, las palabras claves y las referencias bibliogr\u00e1ficas.\u00a0 Los gr\u00e1ficos,\u00a0 tablas y fotos ser\u00e1n numerados de manera consecutiva en su parte superior, utilizando n\u00fameros ar\u00e1bigos y respectivamente rotulados.\u00a0 Los m\u00e1rgenes superiores, inferiores, derecho e izquierdo ser\u00e1n de 2.5 cm, 2.5 cm, 2 y 3.5 cm respectivamente.<\/p>\n<p style=\"text-align: justify\">Las secciones y subsecciones ser\u00e1n debidamente numeradas en forma consecutiva.\u00a0 Las secciones se rotular\u00e1n centradas en may\u00fasculas, mientras que las subsecciones estar\u00e1n alineadas\u00a0 a la derecha.<\/p>\n<p style=\"text-align: justify\">No habr\u00e1 espacios entre p\u00e1rrafos, cada uno iniciar\u00e1 con una sangr\u00eda de 2 espacios.<\/p>\n<p style=\"text-align: justify\">Las copias enviadas al editor no ser\u00e1n devueltas pero s\u00ed cinco separatas luego de publicado el art\u00edculo.\u00a0 Si el trabajo es publicado en la revista, el mismo no podr\u00e1 ser reproducido total o parcialmente sin el consentimiento de la FCNM.<\/p>\n<p>Recepci\u00f3n de manuscritos e Informaci\u00f3n:<\/p>\n<p>FCNM-ESPOL, Campus Gustavo Galindo<\/p>\n<p>Tel\u00e9fono: (593) 2269-525<\/p>\n<p>Mat. Eduardo Rivadeneira<\/p>\n<p>Director de Publicaciones del DM-FCNM<\/p>\n<p>(e_mail: erivaden@espol.edu.ec)<\/p>\n","protected":false},"excerpt":{"rendered":"<p>FORMATO DE ART\u00cdCULOS 1. ACERCA DE LA REVISTA Y SU CONTENIDO La revista tendr\u00e1 como nombre \u201cmatem\u00e1tica\u201d: una publicaci\u00f3n de la FCNM-ESPOL\u201d, la cual se publicar\u00e1 en forma semestral.\u00a0 Su finalidad esencial ser\u00e1 comunicar los resultados obtenidos por investigadores, profesores, profesores invitados y estudiantes, en trabajos de investigaci\u00f3n, res\u00famenes de\u00a0 tesis de grado, trabajos de [&hellip;]<\/p>\n","protected":false},"author":5672,"featured_media":0,"parent":0,"menu_order":0,"comment_status":"closed","ping_status":"closed","template":"","meta":{"footnotes":""},"class_list":["post-15","page","type-page","status-publish","hentry"],"_links":{"self":[{"href":"https:\/\/blog.espol.edu.ec\/revismat\/wp-json\/wp\/v2\/pages\/15","targetHints":{"allow":["GET"]}}],"collection":[{"href":"https:\/\/blog.espol.edu.ec\/revismat\/wp-json\/wp\/v2\/pages"}],"about":[{"href":"https:\/\/blog.espol.edu.ec\/revismat\/wp-json\/wp\/v2\/types\/page"}],"author":[{"embeddable":true,"href":"https:\/\/blog.espol.edu.ec\/revismat\/wp-json\/wp\/v2\/users\/5672"}],"replies":[{"embeddable":true,"href":"https:\/\/blog.espol.edu.ec\/revismat\/wp-json\/wp\/v2\/comments?post=15"}],"version-history":[{"count":7,"href":"https:\/\/blog.espol.edu.ec\/revismat\/wp-json\/wp\/v2\/pages\/15\/revisions"}],"predecessor-version":[{"id":140,"href":"https:\/\/blog.espol.edu.ec\/revismat\/wp-json\/wp\/v2\/pages\/15\/revisions\/140"}],"wp:attachment":[{"href":"https:\/\/blog.espol.edu.ec\/revismat\/wp-json\/wp\/v2\/media?parent=15"}],"curies":[{"name":"wp","href":"https:\/\/api.w.org\/{rel}","templated":true}]}}