{"id":18,"date":"2011-03-30T16:11:11","date_gmt":"2011-03-30T16:11:11","guid":{"rendered":"http:\/\/blog.espol.edu.ec\/revismat\/?page_id=18"},"modified":"2013-11-14T14:41:58","modified_gmt":"2013-11-14T14:41:58","slug":"acerca-del-icm","status":"publish","type":"page","link":"https:\/\/blog.espol.edu.ec\/revismat\/acerca-del-icm\/","title":{"rendered":"Acerca del Departamento de Matem\u00e1ticas"},"content":{"rendered":"<h1 style=\"text-align: center\">De<\/h1>\n<p style=\"text-align: center\"><a href=\"http:\/\/blog.espol.edu.ec\/revismat\/files\/2011\/03\/Nueva-imagen1.png\"><a href=\"http:\/\/blog.espol.edu.ec\/revismat\/files\/2011\/03\/Nueva-imagen2.png\"><img loading=\"lazy\" decoding=\"async\" class=\"aligncenter size-medium wp-image-135\" alt=\"Nueva imagen\" src=\"http:\/\/blog.espol.edu.ec\/revismat\/files\/2011\/03\/Nueva-imagen2-300x109.png\" width=\"300\" height=\"109\" srcset=\"https:\/\/blog.espol.edu.ec\/revismat\/files\/2011\/03\/Nueva-imagen2-300x109.png 300w, https:\/\/blog.espol.edu.ec\/revismat\/files\/2011\/03\/Nueva-imagen2.png 313w\" sizes=\"auto, (max-width: 300px) 100vw, 300px\" \/><\/a><\/a><\/p>\n<p style=\"text-align: justify\">El Departamento de Matem\u00e1ticas (DM) es una unidad acad\u00e9mica de la ESPOL. Desde el inicio la funci\u00f3n del DM ha sido la docencia en Matem\u00e1ticas, Ciencias Gr\u00e1ficas e Inform\u00e1tica, para la formaci\u00f3n de profesionales en ingenier\u00eda, tecnolog\u00eda y ciencias, habiendo tenido a su cargo en los albores de la ESPOL, el dictado de 10 materias. Con el transcurso del tiempo y acorde con la era de la informaci\u00f3n, el Departamento de Matem\u00e1ticas cre\u00f3 en mayo de 1995 la carrera de \u201cIngenier\u00eda en Estad\u00edstica Inform\u00e1tica\u201d, como alternativa en ingenier\u00eda en informaci\u00f3n y servicios. Posteriormente, con el fin de garantizar la eficiencia en el control y gesti\u00f3n empresarial con profesionales capacitados y de excelencia se cre\u00f3 la carrera de \u201cAuditor\u00eda y Control de Gesti\u00f3n\u201d en mayo de 2000. Tambi\u00e9n el Instituto ha incursionado en una de las m\u00e1s importantes ramas de la matem\u00e1tica aplicada\u00a0 que tiene grandes aplicaciones en el mundo moderno, esto es la Investigaci\u00f3n de Operaciones, la Teor\u00eda de Optimizaci\u00f3n, y particularmente las aplicaciones log\u00edsticas, a trav\u00e9s del ofrecimiento de programas de pre-grado y post-grado en estas \u00e1reas.\u00a0 As\u00ed es como desde el a\u00f1o 2005 se viene ofreciendo la maestr\u00eda en Control de Operaciones y Gesti\u00f3n Log\u00edstica y desde el a\u00f1o 2006 la carrera de Ingenier\u00eda en Log\u00edstica y Transporte.<\/p>\n<p style=\"text-align: justify\">\u00a0El DM tambi\u00e9n cuenta con el CENTRO DE INVESTIGACIONES ESTAD\u00cdSTICAS, a trav\u00e9s del cual, se realizan: estudios de predicci\u00f3n, estudios actuariales, estudios de mercado, dise\u00f1os de experimentos,\u00a0 planificaci\u00f3n y direcci\u00f3n de censos, an\u00e1lisis financieros, bases de datos estad\u00edsticos, formulaci\u00f3n de proyectos, ingenier\u00eda de la calidad, etc.<\/p>\n<p style=\"text-align: justify\">\u00a0Entre otras actividades que desarrolla el DM anualmente est\u00e1n: las JORNADAS EN ESTAD\u00cdSTICA E INFORM\u00c1TICA que actualmente est\u00e1 en su decimos\u00e9ptima versi\u00f3n, el CONCURSO INTERCOLEGIAL DE MATEM\u00c1TICAS que se viene realizando en forma cont\u00ednua desde 1988.<\/p>\n<table style=\"height: 1px;text-align: justify\" width=\"8\" cellspacing=\"0\" cellpadding=\"0\">\n<tbody>\n<tr>\n<td width=\"120\" height=\"8\"><\/td>\n<\/tr>\n<tr>\n<td><\/td>\n<td><\/td>\n<\/tr>\n<\/tbody>\n<\/table>\n<p style=\"text-align: center\">M\u00e1s informaci\u00f3n: <span style=\"text-decoration: underline\"><span style=\"color: #000000\"><a href=\"http:\/\/www.icm.espol.edu.ec\/\">www.icm.espol.edu.ec<\/a><\/span><\/span> o escribirnos al e-mail: revismat@espol.edu.ec,\u00a0\u00a0erivaden@espol.edu.ec,\u00a0icm@espol.edu.ec<\/p>\n<p style=\"text-align: center\">30 \u00bd v\u00eda Perimetral: Edificios 25 \u2013 B Planta alta (\u00c1rea de Institutos)<\/p>\n<p style=\"text-align: center\">Telfs.: (593-4) 2269525 \u2013 2269526, fax: (593\u20134) 853138.<\/p>\n<p style=\"text-align: center\">Guayaquil \u2013 Ecuador<\/p>\n","protected":false},"excerpt":{"rendered":"<p>De El Departamento de Matem\u00e1ticas (DM) es una unidad acad\u00e9mica de la ESPOL. Desde el inicio la funci\u00f3n del DM ha sido la docencia en Matem\u00e1ticas, Ciencias Gr\u00e1ficas e Inform\u00e1tica, para la formaci\u00f3n de profesionales en ingenier\u00eda, tecnolog\u00eda y ciencias, habiendo tenido a su cargo en los albores de la ESPOL, el dictado de 10 [&hellip;]<\/p>\n","protected":false},"author":5672,"featured_media":0,"parent":0,"menu_order":0,"comment_status":"closed","ping_status":"closed","template":"","meta":{"footnotes":""},"class_list":["post-18","page","type-page","status-publish","hentry"],"_links":{"self":[{"href":"https:\/\/blog.espol.edu.ec\/revismat\/wp-json\/wp\/v2\/pages\/18","targetHints":{"allow":["GET"]}}],"collection":[{"href":"https:\/\/blog.espol.edu.ec\/revismat\/wp-json\/wp\/v2\/pages"}],"about":[{"href":"https:\/\/blog.espol.edu.ec\/revismat\/wp-json\/wp\/v2\/types\/page"}],"author":[{"embeddable":true,"href":"https:\/\/blog.espol.edu.ec\/revismat\/wp-json\/wp\/v2\/users\/5672"}],"replies":[{"embeddable":true,"href":"https:\/\/blog.espol.edu.ec\/revismat\/wp-json\/wp\/v2\/comments?post=18"}],"version-history":[{"count":18,"href":"https:\/\/blog.espol.edu.ec\/revismat\/wp-json\/wp\/v2\/pages\/18\/revisions"}],"predecessor-version":[{"id":21,"href":"https:\/\/blog.espol.edu.ec\/revismat\/wp-json\/wp\/v2\/pages\/18\/revisions\/21"}],"wp:attachment":[{"href":"https:\/\/blog.espol.edu.ec\/revismat\/wp-json\/wp\/v2\/media?parent=18"}],"curies":[{"name":"wp","href":"https:\/\/api.w.org\/{rel}","templated":true}]}}