{"id":32,"date":"2015-05-31T00:52:04","date_gmt":"2015-05-31T00:52:04","guid":{"rendered":"http:\/\/blog.espol.edu.ec\/rguachis\/?page_id=32"},"modified":"2015-05-31T00:52:04","modified_gmt":"2015-05-31T00:52:04","slug":"reglamentos-del-box","status":"publish","type":"page","link":"https:\/\/blog.espol.edu.ec\/rguachis\/reglamentos-del-box\/","title":{"rendered":"Reglamentos del Box"},"content":{"rendered":"<p>En encuentros entre p\u00fagiles, es ideal que una pelea sea considerada \u201climpia\u201d, o sea que el car\u00e1cter atl\u00e9tico se mantiene con la calidad de competencia cabal que provee un espect\u00e1culo deportivo practicado mundialmente, aunque en muchos combates esto no sea lo realmente demostrado; por lo que el observar el reglamento de boxeo es de crucial importancia al deporte.<\/p>\n<p>El reglamento actual especifica de forma concisa los puntos prohibidos y ha de detallar los escenarios penados en el deporte.<br \/>\nEn general se pueden enlistar algunas de las acciones que en una pelea de boxeo no son permitidas:<\/p>\n<p>    Golpear la nuca o detr\u00e1s de la cabeza.<br \/>\n    Patear al oponente.<br \/>\n    Darle la espalda al contrincante.<br \/>\n    Tropezar al rival.<br \/>\n    Golpear bajo el nivel del cintur\u00f3n (golpe bajo).<br \/>\n    Dar cabezazos intencionales.<br \/>\n    Hacer uso de objetos otros que no sean los guantes reglamentarios<\/p>\n","protected":false},"excerpt":{"rendered":"<p>En encuentros entre p\u00fagiles, es ideal que una pelea sea considerada \u201climpia\u201d, o sea que el car\u00e1cter atl\u00e9tico se mantiene con la calidad de competencia cabal que provee un espect\u00e1culo deportivo practicado mundialmente, aunque en muchos combates esto no sea &hellip; <a href=\"https:\/\/blog.espol.edu.ec\/rguachis\/reglamentos-del-box\/\">Sigue leyendo <span class=\"meta-nav\">&rarr;<\/span><\/a><\/p>\n","protected":false},"author":9603,"featured_media":0,"parent":0,"menu_order":0,"comment_status":"open","ping_status":"open","template":"","meta":{"footnotes":""},"class_list":["post-32","page","type-page","status-publish","hentry"],"_links":{"self":[{"href":"https:\/\/blog.espol.edu.ec\/rguachis\/wp-json\/wp\/v2\/pages\/32","targetHints":{"allow":["GET"]}}],"collection":[{"href":"https:\/\/blog.espol.edu.ec\/rguachis\/wp-json\/wp\/v2\/pages"}],"about":[{"href":"https:\/\/blog.espol.edu.ec\/rguachis\/wp-json\/wp\/v2\/types\/page"}],"author":[{"embeddable":true,"href":"https:\/\/blog.espol.edu.ec\/rguachis\/wp-json\/wp\/v2\/users\/9603"}],"replies":[{"embeddable":true,"href":"https:\/\/blog.espol.edu.ec\/rguachis\/wp-json\/wp\/v2\/comments?post=32"}],"version-history":[{"count":1,"href":"https:\/\/blog.espol.edu.ec\/rguachis\/wp-json\/wp\/v2\/pages\/32\/revisions"}],"predecessor-version":[{"id":33,"href":"https:\/\/blog.espol.edu.ec\/rguachis\/wp-json\/wp\/v2\/pages\/32\/revisions\/33"}],"wp:attachment":[{"href":"https:\/\/blog.espol.edu.ec\/rguachis\/wp-json\/wp\/v2\/media?parent=32"}],"curies":[{"name":"wp","href":"https:\/\/api.w.org\/{rel}","templated":true}]}}