{"id":34,"date":"2015-05-31T00:53:08","date_gmt":"2015-05-31T00:53:08","guid":{"rendered":"http:\/\/blog.espol.edu.ec\/rguachis\/?page_id=34"},"modified":"2015-06-02T03:41:48","modified_gmt":"2015-06-02T03:41:48","slug":"indumentaria-y-proteccion-personal","status":"publish","type":"page","link":"https:\/\/blog.espol.edu.ec\/rguachis\/indumentaria-y-proteccion-personal\/","title":{"rendered":"Los mejores Boxeadores"},"content":{"rendered":"<p><strong>1. Floyd Mayweather Jr.<\/strong><\/p>\n<p><img loading=\"lazy\" decoding=\"async\" class=\"photo vertical alignleft\" src=\"http:\/\/p2.trrsf.com.br\/image\/fget\/cf\/fit-in\/940\/627\/images.terra.com\/2012\/04\/12\/mayweather-619-getty20120412101234.jpg\" alt=\"En medio de una 'manada' de p\u00fagiles de todos los rincones del planeta, cinco talentos se destacan en el ring, permitiendo que esta disciplina se mantenga vigente entre los fan\u00e1ticos. Foto: Fotomontaje Terra\" width=\"213\" height=\"309\" \/><\/p>\n<p>Tiene una carrera llena de \u00e9xitos, que incluye t\u00edtulos en cinco categor\u00edas: s\u00faper pluma, ligero, s\u00faper ligero, welter y s\u00faper welter, ganado todos sus combates, obteniendo 42 victorias, 26 de ellas por nocaut.<\/p>\n<p>&nbsp;<\/p>\n<p>&nbsp;<\/p>\n<p>&nbsp;<\/p>\n<p>&nbsp;<\/p>\n<p><strong>2. Manny Pacquiao.<\/strong><\/p>\n<p><img loading=\"lazy\" decoding=\"async\" class=\"photo horizontal alignleft\" src=\"http:\/\/p2.trrsf.com.br\/image\/fget\/cf\/fit-in\/940\/627\/images.terra.com\/2012\/04\/12\/pacquiao-619-getty20120412101222.jpg\" alt=\"En medio de una 'manada' de p\u00fagiles de todos los rincones del planeta, cinco talentos se destacan en el ring, permitiendo que esta disciplina se mantenga vigente entre los fan\u00e1ticos. Foto: Fotomontaje Terra\" width=\"285\" height=\"214\" \/><\/p>\n<p>Actual campe\u00f3n welter de la Organizaci\u00f3n Mundial de Boxeo, es considerado como mejor boxeador del mundo libra por libra, lo que se demuestra con sus 54 victorias, 38 de ellas por nocaut, mientras que s\u00f3lo tiene 2 empates y 3 derrotas.<\/p>\n<p><strong>3. Juan Manuel Marquez.<\/strong><\/p>\n<p><img loading=\"lazy\" decoding=\"async\" class=\"photo vertical alignleft\" src=\"http:\/\/p2.trrsf.com.br\/image\/fget\/cf\/fit-in\/940\/627\/images.terra.com\/2012\/04\/12\/marquez_getty20120412101312.jpg\" alt=\"En medio de una 'manada' de p\u00fagiles de todos los rincones del planeta, cinco talentos se destacan en el ring, permitiendo que esta disciplina se mantenga vigente entre los fan\u00e1ticos. Foto: Fotomontaje Terra\" width=\"187\" height=\"275\" \/><\/p>\n<p>En la actualidad ostenta los t\u00edtulos de los pesos ligeros de la Asociaci\u00f3n Mundial de Boxeo (AMB) y la Organizaci\u00f3n Mundial de Boxeo (OMB), ha acumulado 53 victorias, 36 por nocaut, un empate y 6 derrotas, es el cuarto mexicano que ha sido campe\u00f3n del mundo en tres categor\u00edas.<\/p>\n<p>&nbsp;<\/p>\n<p>&nbsp;<\/p>\n<p><strong>4. Sergio 'Maravilla' Mart\u00ednez.<\/strong><\/p>\n<p><img loading=\"lazy\" decoding=\"async\" class=\"photo vertical alignleft\" src=\"http:\/\/p2.trrsf.com.br\/image\/fget\/cf\/fit-in\/940\/627\/images.terra.com\/2012\/04\/12\/martinez_ap20120412101344.jpg\" alt=\"En medio de una 'manada' de p\u00fagiles de todos los rincones del planeta, cinco talentos se destacan en el ring, permitiendo que esta disciplina se mantenga vigente entre los fan\u00e1ticos. Foto: Fotomontaje Terra\" width=\"176\" height=\"268\" \/><\/p>\n<p>Ha sido tres veces campe\u00f3n de peso medio, es el tercer mejor boxeador del mundo libra por libra. De los 53 combates en los que ha participado, 'Maravilla' ha conseguido 49 triunfos, 28 por nocaut, mientras que s\u00f3lo acumula 2 empates y 2 derrotas.<\/p>\n<p><strong>\u00a0<\/strong><\/p>\n<p>&nbsp;<\/p>\n<p>&nbsp;<\/p>\n<p><strong>5. Miguel Cotto.<\/strong><\/p>\n<p><img loading=\"lazy\" decoding=\"async\" class=\"photo vertical alignleft\" src=\"http:\/\/p2.trrsf.com.br\/image\/fget\/cf\/fit-in\/940\/627\/images.terra.com\/2012\/04\/12\/cotto_getty20120412101421.jpg\" alt=\"En medio de una 'manada' de p\u00fagiles de todos los rincones del planeta, cinco talentos se destacan en el ring, permitiendo que esta disciplina se mantenga vigente entre los fan\u00e1ticos. Foto: Fotomontaje Terra\" width=\"159\" height=\"239\" \/><\/p>\n<p>Es el sexto p\u00fagil de su pa\u00eds en ser campe\u00f3n mundial en tres categor\u00edas diferentes, en su caso, welter, s\u00faper welter y s\u00faper ligero. tiene una carrera bastante exitosa, con 37 victorias, 30 por nocaut, y apenas 2 derrota.<\/p>\n","protected":false},"excerpt":{"rendered":"<p>1. Floyd Mayweather Jr. Tiene una carrera llena de \u00e9xitos, que incluye t\u00edtulos en cinco categor\u00edas: s\u00faper pluma, ligero, s\u00faper ligero, welter y s\u00faper welter, ganado todos sus combates, obteniendo 42 victorias, 26 de ellas por nocaut. &nbsp; &nbsp; &nbsp; &hellip; <a href=\"https:\/\/blog.espol.edu.ec\/rguachis\/indumentaria-y-proteccion-personal\/\">Sigue leyendo <span class=\"meta-nav\">&rarr;<\/span><\/a><\/p>\n","protected":false},"author":9603,"featured_media":0,"parent":0,"menu_order":0,"comment_status":"open","ping_status":"open","template":"","meta":{"footnotes":""},"class_list":["post-34","page","type-page","status-publish","hentry"],"_links":{"self":[{"href":"https:\/\/blog.espol.edu.ec\/rguachis\/wp-json\/wp\/v2\/pages\/34","targetHints":{"allow":["GET"]}}],"collection":[{"href":"https:\/\/blog.espol.edu.ec\/rguachis\/wp-json\/wp\/v2\/pages"}],"about":[{"href":"https:\/\/blog.espol.edu.ec\/rguachis\/wp-json\/wp\/v2\/types\/page"}],"author":[{"embeddable":true,"href":"https:\/\/blog.espol.edu.ec\/rguachis\/wp-json\/wp\/v2\/users\/9603"}],"replies":[{"embeddable":true,"href":"https:\/\/blog.espol.edu.ec\/rguachis\/wp-json\/wp\/v2\/comments?post=34"}],"version-history":[{"count":8,"href":"https:\/\/blog.espol.edu.ec\/rguachis\/wp-json\/wp\/v2\/pages\/34\/revisions"}],"predecessor-version":[{"id":69,"href":"https:\/\/blog.espol.edu.ec\/rguachis\/wp-json\/wp\/v2\/pages\/34\/revisions\/69"}],"wp:attachment":[{"href":"https:\/\/blog.espol.edu.ec\/rguachis\/wp-json\/wp\/v2\/media?parent=34"}],"curies":[{"name":"wp","href":"https:\/\/api.w.org\/{rel}","templated":true}]}}