{"id":8,"date":"2015-05-19T15:26:29","date_gmt":"2015-05-19T15:26:29","guid":{"rendered":"http:\/\/blog.espol.edu.ec\/rguachis\/?page_id=8"},"modified":"2015-05-31T20:24:32","modified_gmt":"2015-05-31T20:24:32","slug":"mi-primera-pagina","status":"publish","type":"page","link":"https:\/\/blog.espol.edu.ec\/rguachis\/mi-primera-pagina\/","title":{"rendered":"La historia del box"},"content":{"rendered":"<p><strong>Historia del Box.<\/strong><\/p>\n<p>&nbsp;<\/p>\n<p><img loading=\"lazy\" decoding=\"async\" id=\"irc_mi\" class=\"\" src=\"http:\/\/campeonesenelring.com.ar\/wp-content\/uploads\/2013\/11\/boxeo.jpg\" alt=\"\" width=\"491\" height=\"276\" \/><\/p>\n<p>&nbsp;<\/p>\n<p>Luchar con los pu\u00f1os como competici\u00f3n y espect\u00e1culo es tan antiguo como el mismo deporte. Los concursos de boxeo se han practicado desde la antig\u00fcedad. Los p\u00fagiles griegos llevaban guantes (no acolchados) y protecciones bajo los codos como \u00fanico atuendo, ya que compet\u00edan desnudos. <strong>Existe la evidencia de que el boxeo predominaba en \u00c1frica del norte durante hacia 4.000 aC.<\/strong> Hacia el 688 aC fue aceptado como deporte Ol\u00edmpico (los griegos antiguos le llamaron Pygmachia), los participantes en estos juegos eran entrenados con sacos de arena (llamados korykos),\u00a0 los p\u00fagiles manten\u00edan los dedos libres, llevando correas de cuero (llamadas himantes) en las manos, mu\u00f1ecas y, a veces en los antebrazos, para protegerlos de lesiones.<\/p>\n<p>La palabra \u201cboxeo\u201d comenz\u00f3 a usarse en la Inglaterra del siglo XVIII para distinguir entre la lucha para resolver disputas y la lucha bajo reglas establecidas como deporte. Ahora se utiliza para describir un deporte en el que dos contrincantes (p\u00fagiles) llevan guantes acolchados, se enfrentan en un cuadril\u00e1tero y pelean un n\u00famero acordado de asaltos siguiendo unas reglas. Aunque los hombres siempre hayan sido los participantes m\u00e1s numerosos, existen referencias a peleas entre mujeres durante el siglo XVIII, y a finales del siglo XX se organizaron de nuevo luchas femeninas.<\/p>\n<p>El Boxeo es considerado un deporte en el que dos luchadores se enfrentan golpe\u00e1ndose, de acuerdo a un preciso reglamento, con los pu\u00f1os recubiertos por unos guantes especiales y torso desnudo por los profesionales. La primera codificaci\u00f3n de las normas que regulan los encuentros de boxeo se remonta a 1743, mientras que las reglas todav\u00eda vigentes fueron establecidas en 1889 por el marqu\u00e9s de Queensberry, quien entre otras cosas introdujo el uso de los guantes.<\/p>\n<p>Los encuentros de boxeo comenzaron realiz\u00e1ndose sin limitaci\u00f3n de asaltos, a continuaci\u00f3n a 20 asaltos y luego a 15, actualmente los campeonatos del mundo y continentales se realizan a 12 asaltos, los campeonatos con t\u00edtulo nacional en juego a 10 asaltos y los combates sin t\u00edtulo en juego o con alg\u00fan t\u00edtulo de menor importancia se realizan a 4,6,8 o 10 asaltos seg\u00fan se pacte, los combates en el campo amateur se realizan a 4 asaltos de 2 minutos (los asaltos en combates profesionales son a 3 minutos).<\/p>\n<p>Durante el siglo XVIII y principios del XIX, el pugilismo sin guantes fue un precursor importante del boxeo en Gran Breta\u00f1a. Sin embargo, con toda seguridad se extendi\u00f3 m\u00e1s all\u00e1 de los espect\u00e1culos celebrados en campos de front\u00f3n y canchas de tenis en el Londres de principios del siglo XIX. Estos preliminares tuvieron varias caracter\u00edsticas que anticiparon el futuro deporte del boxeo. Los p\u00fagiles llevaron los \u201camortiguadores\u201d (guantes acolchados), se predetermin\u00f3 la duraci\u00f3n de la lucha y se llam\u00f3 \u201ctiempo\u201d a un per\u00edodo establecido. Se prohibi\u00f3 la lucha cuerpo a cuerpo y el golpear a un contrincante en el suelo. Ninguna de estas caracter\u00edsticas estaba presente en el pugilismo a pu\u00f1o descubierto. La primera persona en codificar tales reglas fue Jack Broughton, un destacado pugilista de la d\u00e9cada de 1730, que abri\u00f3 su propio estadio en 1743. Ide\u00f3 las reglas para dar a sus luchadores cierta protecci\u00f3n (\u00e9l mismo hab\u00eda matado a un adversario dos a\u00f1os antes).<\/p>\n<p><img loading=\"lazy\" decoding=\"async\" class=\" wp-image-38987  no-display appear alignleft\" src=\"http:\/\/www.soloboxeo.com\/wp-content\/uploads\/2009\/03\/boxeo-historia.jpg\" alt=\"boxeo-historia\" width=\"155\" height=\"257\" \/> Durante la siguiente generaci\u00f3n se impuls\u00f3 la creaci\u00f3n de las Reglas de Queensberry y las peleas con guantes. Las peleas a pu\u00f1o descubierto se celebraron generalmente bajo las \u201cReglas Nuevas\u201d sancionadas por la <strong>Pugilistic Benevolent Society <\/strong>en 1866, que hab\u00eda desbancado a la <strong>\u201cPugilistic Asociation\u2019s Revised Rules\u201d<\/strong> de 1853. Con frecuencia se las llamaba popularmente como <strong>\u201clas Reglas del London Prize Ring\u201d<\/strong>.<\/p>\n<p>El \u00e9xito de los boxeadores siempre ha estado asociado a su tama\u00f1o. En los primeros a\u00f1os del pugilismo, sin embargo, hab\u00eda s\u00f3lo un \u201cCampe\u00f3n\u201d, que siempre sol\u00eda ser uno de los m\u00e1s pesados. El t\u00e9rmino \u201cpeso ligero\u201d se utilizaba desde principios del siglo XIX y a veces se organizaban combates entre los hombres m\u00e1s ligeros, pero no hab\u00eda un campeonato espec\u00edfico para ellos. Los t\u00e9rminos peso ligero, peso w\u00e9lter, peso medio y peso pesado llegaron a ser comunes a finales del siglo XIX, pero no hab\u00eda definiciones universalmente reconocidas de cada categor\u00eda de peso.\u00a0 Durante todo el siglo XX se agregaron nuevas categor\u00edas, extendiendo el rango desde la m\u00e1s baja el \u201cstrawweight\u201d (peso paja) hasta \u201csuperheavyweight\u201d (peso superpesado) pero sin consenso sobre sus definiciones.<\/p>\n<p>En los primeros tiempos del pugilismo, todos los luchadores eran \u201cprofesionales\u201d en el sentido que pocos luchaban por \u201cplacer\u201d m\u00e1s que por dinero.<\/p>\n<p>Para entonces, los viejos profesionales a pu\u00f1o descubierto del \u201cPrize-Ring\u201d estaban en evidente declive. Ese deporte siempre hab\u00eda sido ilegal, pero hab\u00eda sobrevivido hasta principios de siglo porque hab\u00eda tenido un gran apoyo popular y porque lo hab\u00edan apoyado muchos hombres influyentes. Hacia 1867, sin embargo, los desenlaces de las peleas eran cada vez m\u00e1s sospechosos e, incluso, a veces los p\u00fagiles no se presentaban a las peleas, por lo que se obten\u00eda menos dinero y el pugilismo desapareci\u00f3 lentamente.<\/p>\n<p>El 7 de febrero de 1882, en la ciudad de Mississippi (EEUU),\u00a0 se celebr\u00f3 el \u00faltimo campeonato de boxeo a pu\u00f1o descubierto entre pesos pesados.<\/p>\n<div id=\"attachment_4\" style=\"width: 310px\" class=\"wp-caption alignleft\"><a href=\"http:\/\/blog.espol.edu.ec\/rguachis\/files\/2015\/05\/Muhammad-Ali.png\"><img loading=\"lazy\" decoding=\"async\" aria-describedby=\"caption-attachment-4\" class=\"size-medium wp-image-4\" src=\"http:\/\/blog.espol.edu.ec\/rguachis\/files\/2015\/05\/Muhammad-Ali-300x300.png\" alt=\"La vida es una constante pelea \" width=\"300\" height=\"300\" srcset=\"https:\/\/blog.espol.edu.ec\/rguachis\/files\/2015\/05\/Muhammad-Ali-300x300.png 300w, https:\/\/blog.espol.edu.ec\/rguachis\/files\/2015\/05\/Muhammad-Ali-150x150.png 150w, https:\/\/blog.espol.edu.ec\/rguachis\/files\/2015\/05\/Muhammad-Ali.png 333w\" sizes=\"auto, (max-width: 300px) 100vw, 300px\" \/><\/a><p id=\"caption-attachment-4\" class=\"wp-caption-text\">La vida es una constante pelea<\/p><\/div>\n<p>&nbsp;<\/p>\n<p>&nbsp;<\/p>\n","protected":false},"excerpt":{"rendered":"<p>Historia del Box. &nbsp; &nbsp; Luchar con los pu\u00f1os como competici\u00f3n y espect\u00e1culo es tan antiguo como el mismo deporte. Los concursos de boxeo se han practicado desde la antig\u00fcedad. Los p\u00fagiles griegos llevaban guantes (no acolchados) y protecciones bajo &hellip; <a href=\"https:\/\/blog.espol.edu.ec\/rguachis\/mi-primera-pagina\/\">Sigue leyendo <span class=\"meta-nav\">&rarr;<\/span><\/a><\/p>\n","protected":false},"author":9603,"featured_media":0,"parent":0,"menu_order":0,"comment_status":"open","ping_status":"open","template":"","meta":{"footnotes":""},"class_list":["post-8","page","type-page","status-publish","hentry"],"_links":{"self":[{"href":"https:\/\/blog.espol.edu.ec\/rguachis\/wp-json\/wp\/v2\/pages\/8","targetHints":{"allow":["GET"]}}],"collection":[{"href":"https:\/\/blog.espol.edu.ec\/rguachis\/wp-json\/wp\/v2\/pages"}],"about":[{"href":"https:\/\/blog.espol.edu.ec\/rguachis\/wp-json\/wp\/v2\/types\/page"}],"author":[{"embeddable":true,"href":"https:\/\/blog.espol.edu.ec\/rguachis\/wp-json\/wp\/v2\/users\/9603"}],"replies":[{"embeddable":true,"href":"https:\/\/blog.espol.edu.ec\/rguachis\/wp-json\/wp\/v2\/comments?post=8"}],"version-history":[{"count":7,"href":"https:\/\/blog.espol.edu.ec\/rguachis\/wp-json\/wp\/v2\/pages\/8\/revisions"}],"predecessor-version":[{"id":53,"href":"https:\/\/blog.espol.edu.ec\/rguachis\/wp-json\/wp\/v2\/pages\/8\/revisions\/53"}],"wp:attachment":[{"href":"https:\/\/blog.espol.edu.ec\/rguachis\/wp-json\/wp\/v2\/media?parent=8"}],"curies":[{"name":"wp","href":"https:\/\/api.w.org\/{rel}","templated":true}]}}