{"id":41,"date":"2009-07-01T00:14:34","date_gmt":"2009-07-01T04:14:34","guid":{"rendered":"http:\/\/blog.espol.edu.ec\/rianhung\/?page_id=41"},"modified":"2009-07-02T22:02:14","modified_gmt":"2009-07-03T02:02:14","slug":"naruto%c2%b4s-corner","status":"publish","type":"page","link":"https:\/\/blog.espol.edu.ec\/rianhung\/naruto%c2%b4s-corner\/","title":{"rendered":"Naruto\u00b4s Corner"},"content":{"rendered":"<p>\u00a0<\/p>\n<p>\u00a0<br \/>\n<img loading=\"lazy\" decoding=\"async\" src=\"http:\/\/blog.espol.edu.ec\/rianhung\/files\/2009\/07\/naruto_narutovssasushippu1.jpg\" alt=\"naruto_narutovssasushippu1\" width=\"426\" height=\"500\" class=\"alignnone size-full wp-image-44\" srcset=\"https:\/\/blog.espol.edu.ec\/rianhung\/files\/2009\/07\/naruto_narutovssasushippu1.jpg 426w, https:\/\/blog.espol.edu.ec\/rianhung\/files\/2009\/07\/naruto_narutovssasushippu1-255x300.jpg 255w\" sizes=\"auto, (max-width: 426px) 100vw, 426px\" \/><br \/>\n\u00a0<\/p>\n<div style=\"width:477px;text-align:left\" id=\"__ss_1645197\"><a href=\"http:\/\/www.slideshare.net\/housaki\/naruto-453\" title=\"Naruto 453\">Naruto 453<\/a><object style=\"margin:0px\" width=\"477\" height=\"510\"><param name=\"movie\" value=\"http:\/\/static.slidesharecdn.com\/swf\/ssplayerd.swf?doc=naruto453-090626113011-phpapp02&amp;stripped_title=naruto-453\" \/><param name=\"allowFullScreen\"><param name=\"allowScriptAccess\"><embed src=\"http:\/\/static.slidesharecdn.com\/swf\/ssplayerd.swf?doc=naruto453-090626113011-phpapp02&amp;stripped_title=naruto-453\" type=\"application\/x-shockwave-flash\" width=\"477\" height=\"510\"><\/embed><\/object><\/p>\n<div style=\"font-size:11px;font-family:tahoma,arial;height:26px;padding-top:2px\">View more <a href=\"http:\/\/www.slideshare.net\/\">documents<\/a> from <a href=\"http:\/\/www.slideshare.net\/housaki\">housaki<\/a>.<\/div>\n<\/div>\n<p><a title=\"Naruto Uzumaki\" href=\"http:\/\/blog.espol.edu.ec\/wiki\/Naruto_Uzumaki\">Naruto Uzumaki<\/a> es un ninja adolescente que tiene encerrado en su interior al \u00ab<a title=\"Bij\u016b\" href=\"http:\/\/blog.espol.edu.ec\/wiki\/Bij%C5%AB#Bij.C5.AB_de_nueve_colas\">Zorro Demonio de Nueve Colas<\/a>\u00bb (Ky\u016bbi). Doce a\u00f1os antes del inicio de la serie, este demonio atac\u00f3 a la Aldea Oculta de la Hoja,matando a muchas personas. Como consecuencia, el l\u00edder de la aldea (el <a title=\"Cuarto Hokage\" href=\"http:\/\/blog.espol.edu.ec\/wiki\/Cuarto_Hokage\">Cuarto Hokage<\/a>) sacrific\u00f3 su vida para sellarlo dentro de Naruto cuando era un reci\u00e9n nacido, con lo que esperaba detener la masacre. Por ello, Naruto fue v\u00edctima de maltratos por quienes lo consideraban como el propio Ky\u016bbi. A manera de soluci\u00f3n, el Tercer Hokague(quien tuvo que reasumir el mando luego del sacrificio del Cuarto Hokage) public\u00f3 un decreto donde prohib\u00eda a cualquiera la menci\u00f3n sobre el ataque del Ky\u016bbi, y quien lo hiciera ser\u00eda severamente castigado.Doce a\u00f1os m\u00e1s tarde, Naruto se grad\u00faa de la Academia Ninja usando su t\u00e9cnica clones de sombra <span style=\"font-weight: normal\">(<span class=\"t_nihongo_kanji\" lang=\"ja\">\u5f71\u5206\u8eab\u306e\u8853<\/span><span class=\"t_nihongo_comma\">,<\/span> <span class=\"t_nihongo_romaji\"><em>Kage Bunshin no Jutsu<\/em><\/span><span class=\"t_nihongo_help\"><sup><a title=\"Ayuda:Idioma japon\u00e9s\" href=\"http:\/\/blog.espol.edu.ec\/wiki\/Ayuda:Idioma_japon%C3%A9s\"><span class=\"t_nihongo_icon\" style=\"padding-right: 0.1em;padding-left: 0.1em;padding-bottom: 0px;font: bold 80% sans-serif;color: darkblue;padding-top: 0px;text-decoration: none\"><span style=\"font-size: x-small\">?<\/span><\/span><\/a><\/sup><\/span>)<\/span>, proveniente del pergamino prohibido de la aldea, el cual hab\u00eda robado tras ser enga\u00f1ado por el ninja renegado Mizuki, con el supuesto fin de salvar a su maestro Iruka Umino. Este encuentro le permiti\u00f3 a Naruto percatarse de que \u00e9l era el recipiente contenedor del Ky\u016bbi, y que hab\u00eda alguien que lo estimaba y lo reconoc\u00eda moralmente como una persona.<\/p>\n<p>http:\/\/www.youtube.com\/watch?v=Ewggo1TtWcs<\/p>\n","protected":false},"excerpt":{"rendered":"<p>\u00a0 \u00a0 \u00a0 Naruto 453 View more documents from housaki. Naruto Uzumaki es un ninja adolescente que tiene encerrado en su interior al \u00abZorro Demonio de Nueve Colas\u00bb (Ky\u016bbi). Doce a\u00f1os antes del inicio de la serie, este demonio atac\u00f3 a la Aldea Oculta de la Hoja,matando a muchas personas. Como consecuencia, el l\u00edder de [&hellip;]<\/p>\n","protected":false},"author":1753,"featured_media":0,"parent":0,"menu_order":0,"comment_status":"open","ping_status":"open","template":"","meta":{"_monsterinsights_skip_tracking":false,"_monsterinsights_sitenote_active":false,"_monsterinsights_sitenote_note":"","_monsterinsights_sitenote_category":0,"footnotes":""},"class_list":["post-41","page","type-page","status-publish","hentry"],"_links":{"self":[{"href":"https:\/\/blog.espol.edu.ec\/rianhung\/wp-json\/wp\/v2\/pages\/41","targetHints":{"allow":["GET"]}}],"collection":[{"href":"https:\/\/blog.espol.edu.ec\/rianhung\/wp-json\/wp\/v2\/pages"}],"about":[{"href":"https:\/\/blog.espol.edu.ec\/rianhung\/wp-json\/wp\/v2\/types\/page"}],"author":[{"embeddable":true,"href":"https:\/\/blog.espol.edu.ec\/rianhung\/wp-json\/wp\/v2\/users\/1753"}],"replies":[{"embeddable":true,"href":"https:\/\/blog.espol.edu.ec\/rianhung\/wp-json\/wp\/v2\/comments?post=41"}],"version-history":[{"count":7,"href":"https:\/\/blog.espol.edu.ec\/rianhung\/wp-json\/wp\/v2\/pages\/41\/revisions"}],"predecessor-version":[{"id":48,"href":"https:\/\/blog.espol.edu.ec\/rianhung\/wp-json\/wp\/v2\/pages\/41\/revisions\/48"}],"wp:attachment":[{"href":"https:\/\/blog.espol.edu.ec\/rianhung\/wp-json\/wp\/v2\/media?parent=41"}],"curies":[{"name":"wp","href":"https:\/\/api.w.org\/{rel}","templated":true}]}}