{"id":1,"date":"2009-02-19T17:02:04","date_gmt":"2009-02-19T22:02:04","guid":{"rendered":""},"modified":"2011-07-16T12:00:13","modified_gmt":"2011-07-16T17:00:13","slug":"about","status":"publish","type":"page","link":"https:\/\/blog.espol.edu.ec\/ricardomedina\/about\/","title":{"rendered":"AB.RICARDO MEDINA ORTEGA   - rmedina@espol.edu.ec -"},"content":{"rendered":"<p style=\"text-align: justify\"><a href=\"http:\/\/blog.espol.edu.ec\/ricardomedina\/files\/2009\/03\/rmo1.jpg\"><img loading=\"lazy\" decoding=\"async\" class=\"alignright size-thumbnail wp-image-82\" src=\"http:\/\/blog.espol.edu.ec\/ricardomedina\/files\/2009\/03\/rmo1-150x150.jpg\" alt=\"\" width=\"150\" height=\"150\" \/><\/a><\/p>\n<p style=\"text-align: justify\">Ricardo Medina Ortega,\u00a0 guayaquile\u00f1o, de profesi\u00f3n Abogado y con un ejercicio profesional en la actividad del turismo y del transporte aerocomercial, superando\u00a0ya los 40 a\u00f1os.<\/p>\n<p style=\"text-align: justify\">Con una vasta preparaci\u00f3n profesional, he ejercido cargos de Direcci\u00f3n\u00a0en muchas empresas a\u00e9reas, comerciales privadas internacionales\u00a0y nacionales p\u00fablicas (Air Panama, Aerol\u00edneas Argentinas, Ladeco, Viasa y TAME), as\u00ed como tambi\u00e9n he participado en\u00a0la administraci\u00f3n p\u00fablica, en calidad de Director\u00a0Regional de Turismo (Cetur). Miembro Fundador de la C\u00e1mara Provincial de Turismo del Guayas y Director de Turismo del Gobierno Provincial del Guayas.<\/p>\n<p style=\"text-align: justify\">Dentro de mis actividades\u00a0profesionales y gremiales,\u00a0he sido Presidente de: Club Alas (Agencias, L\u00edneas A\u00e9reas y Servicios), del\u00a0Skal Club Guayaquil, del Nacional del Ecuador y 2do.Vicepresidente del CAN (Comit\u00e9 de \u00c1rea Norte, Latinoam\u00e9rica), del Comit\u00e9 AOC del Aeropuerto de Guayaquil\u00a0y de ARLAE (Asociaci\u00f3n de Representantes de L\u00edneas A\u00e9reas del Ecuador). Por mucho tiempo, he realizado inspecciones a las Agencias de Viaje IATA de nuestra ciudad.<\/p>\n<p style=\"text-align: justify\">He ejercido las c\u00e1tedras de Legislaci\u00f3n Tur\u00edstica y Ambiental, de \u00c9tica y Liderazgo y de Geograf\u00eda Tur\u00edstica Nacional e Internacional en la<strong> ESPOL ( <a href=\"http:\/\/www.blog.espol.edu.ec\/ricardomedina\">www.blog.espol.edu.ec\/ricardomedina<\/a> ).\u00a0<\/strong>En \u00a0la <strong>Universidad del Pac\u00edfico <\/strong>con Legislaci\u00f3n Tur\u00edstica.\u00a0 Fui tambi\u00e9n \u00a0Instructor de Legislaci\u00f3n Tur\u00edstica de los Cursos de Entrenamiento\u00a0a los Gu\u00edas Nativos, que organiza el <strong>Ministerio de Turismo<\/strong> y en la <strong>UTEG\u00a0<\/strong>para su Maestr\u00eda de Turismo, atendiendo al m\u00f3dulo \u00a0de\u00a0Comunicaci\u00f3n Promocional de Empresas Tur\u00edsticas (Marketing Tur\u00edstico). Dicto la materia de Marketing Tur\u00edstico en la prestigiosa y reconocida <strong>Universidad ECOTEC <\/strong>de Guayaquil<strong>, <\/strong>y Legislaci\u00f3n Tur\u00edstica en la de Samborond\u00f3n, durante el presente a\u00f1o<strong>. <\/strong>\u00a0He participado como disertante en\u00a0Conferencias o\u00a0Seminarios diversos.<\/p>\n<p style=\"text-align: justify\">En calidad de Asesor de la Alcald\u00eda de Salinas, tambi\u00e9n trabaj\u00e9 en los Proyectos del Nuevo Aeropuerto Internacional de Salinas, de los Puertos Pesqueros de Santa Rosa Chico\u00a0y Anconcito, y en un Proyecto de un Parque Lineal Tur\u00edstico, mismo que ser\u00e1 ubicado frente al ingreso del Terminal Aeroportuario. Aprovechando mi estad\u00eda en este Cant\u00f3n, decid\u00ed la ejecuci\u00f3n de un blog <a href=\"http:\/\/www.salinasparaisoazul.wordpress.com\/\"><strong>www.salinasparaisoazul.wordpress.com<\/strong><\/a>, que se ha convertido en referente del destino.<\/p>\n<p style=\"text-align: justify\">Hemos coordinado un proyecto de\u00a0ejecuci\u00f3n de\u00a0blog que ofrece informaci\u00f3n a los turistas\u00a0con\u00a0los Atractivos Tur\u00edsticos de nuestro pa\u00eds, mismo que est\u00e1 siendo efectuado por los\u00a0alumnos de Geograf\u00eda Tur\u00edstica de Lictur \u2013 ESPOL y que ha sido asumido para beneficio de todos. <strong>ECUADOR\u2026a la Carta! <\/strong>se denomina<strong>\u00a0( <\/strong><a href=\"http:\/\/www.blog.espol.edu.ec\/lictur\"><strong>www.blog.espol.edu.ec\/lictur<\/strong><\/a><strong> )<\/strong>\u00a0 y su\u00a0lanzamiento es ya una realidad.<\/p>\n<p style=\"text-align: justify\">Mantengo gran inter\u00e9s sobre los problemas pol\u00edticos de nuestro pa\u00eds y del mundo\u00a0y me actualizo constantemente, me agrada adem\u00e1s la inform\u00e1tica,\u00a0desarrollo de aplicaciones y web's, apreciando los viajes, disfrutando\u00a0de la cultura del mundo y\u00a0en particular de su m\u00fasica y folclore.<\/p>\n<p style=\"text-align: justify\">Finalmente, mantengo en el Internet, dos blogs: <a href=\"http:\/\/www.ricardomedinao.com\/\"><strong>www.ricardomedinao.com<\/strong><\/a>\u00a0 y <a href=\"http:\/\/www.ricardomedinao.wordpress.com\/\"><strong>www.ricardomedinao.wordpress.com<\/strong><\/a> para facilidad de mis estudiantes de turismo y miembros de esta gran actividad en el Ecuador.<\/p>\n","protected":false},"excerpt":{"rendered":"<p>Ricardo Medina Ortega,\u00a0 guayaquile\u00f1o, de profesi\u00f3n Abogado y con un ejercicio profesional en la actividad del turismo y del transporte aerocomercial, superando\u00a0ya los 40 a\u00f1os. Con una vasta preparaci\u00f3n profesional, he ejercido cargos de Direcci\u00f3n\u00a0en muchas empresas a\u00e9reas, comerciales privadas internacionales\u00a0y nacionales p\u00fablicas (Air Panama, Aerol\u00edneas Argentinas, Ladeco, Viasa y TAME), as\u00ed como tambi\u00e9n he [&hellip;]<\/p>\n","protected":false},"author":1437,"featured_media":0,"parent":0,"menu_order":8,"comment_status":"open","ping_status":"open","template":"","meta":{"_monsterinsights_skip_tracking":false,"_monsterinsights_sitenote_active":false,"_monsterinsights_sitenote_note":"","_monsterinsights_sitenote_category":0,"footnotes":""},"class_list":["post-1","page","type-page","status-publish","hentry"],"_links":{"self":[{"href":"https:\/\/blog.espol.edu.ec\/ricardomedina\/wp-json\/wp\/v2\/pages\/1","targetHints":{"allow":["GET"]}}],"collection":[{"href":"https:\/\/blog.espol.edu.ec\/ricardomedina\/wp-json\/wp\/v2\/pages"}],"about":[{"href":"https:\/\/blog.espol.edu.ec\/ricardomedina\/wp-json\/wp\/v2\/types\/page"}],"author":[{"embeddable":true,"href":"https:\/\/blog.espol.edu.ec\/ricardomedina\/wp-json\/wp\/v2\/users\/1437"}],"replies":[{"embeddable":true,"href":"https:\/\/blog.espol.edu.ec\/ricardomedina\/wp-json\/wp\/v2\/comments?post=1"}],"version-history":[{"count":47,"href":"https:\/\/blog.espol.edu.ec\/ricardomedina\/wp-json\/wp\/v2\/pages\/1\/revisions"}],"predecessor-version":[{"id":2058,"href":"https:\/\/blog.espol.edu.ec\/ricardomedina\/wp-json\/wp\/v2\/pages\/1\/revisions\/2058"}],"wp:attachment":[{"href":"https:\/\/blog.espol.edu.ec\/ricardomedina\/wp-json\/wp\/v2\/media?parent=1"}],"curies":[{"name":"wp","href":"https:\/\/api.w.org\/{rel}","templated":true}]}}