{"id":143,"date":"2009-03-17T22:59:14","date_gmt":"2009-03-18T03:59:14","guid":{"rendered":"http:\/\/blog.espol.edu.ec\/ricardomedina\/?page_id=143"},"modified":"2009-07-27T15:04:46","modified_gmt":"2009-07-27T20:04:46","slug":"asistencia-de-legislacion-ambiental-ecuatoriana","status":"publish","type":"page","link":"https:\/\/blog.espol.edu.ec\/ricardomedina\/asistencia-de-legislacion-ambiental-ecuatoriana\/","title":{"rendered":"Legislaci\u00f3n Ambiental Ecuatoriana."},"content":{"rendered":"<p><span style=\"font-family: &quot;Georgia&quot;,&quot;serif&quot;color: black;font-size: 10pt\">En estas p\u00e1ginas incorporaremos\u00a0los documentos legales necesarios para una investigaci\u00f3n inmediata.<\/span><\/p>\n<p><span style=\"font-family: &quot;Georgia&quot;,&quot;serif&quot;color: black;font-size: 10pt\"><a href=\"http:\/\/blog.espol.edu.ec\/ricardomedina\/files\/2009\/03\/leyde-gestion-ambiental.pdf\"><span style=\"color: #0000ff\">LEY DE GESTION AMBIENTAL<\/span><\/a><\/span><\/p>\n<p><span style=\"font-family: &quot;Georgia&quot;,&quot;serif&quot;color: black;font-size: 10pt\"><a href=\"http:\/\/blog.espol.edu.ec\/ricardomedina\/files\/2009\/03\/ley_forestal.pdf\"><span style=\"color: #0000ff\">LEY FORESTAL<\/span><\/a><\/span><\/p>\n<p><span style=\"font-family: &quot;Georgia&quot;,&quot;serif&quot;color: black;font-size: 10pt\"><a href=\"http:\/\/blog.espol.edu.ec\/ricardomedina\/files\/2009\/03\/leydeprevencionycontroldecontaminacion-ambiental.pdf\"><span style=\"color: #0000ff\">LEY DE PREVENCION Y CONTROL DE CONTAMINACION AMBIENTAL<\/span><\/a><\/span><\/p>\n<p><span style=\"font-family: &quot;Georgia&quot;,&quot;serif&quot;color: black;font-size: 10pt\"><a href=\"http:\/\/blog.espol.edu.ec\/ricardomedina\/files\/2009\/03\/37-portada20general20ultimas20pags.pdf\">GUIA DEL PATRIMONIO DE AREAS NATURALES PROTEGIDAS DEL ECUADOR<\/a><\/span><\/p>\n<p><span style=\"font-family: &quot;Georgia&quot;,&quot;serif&quot;color: black;font-size: 10pt\"><a href=\"http:\/\/blog.espol.edu.ec\/ricardomedina\/files\/2009\/03\/leyespecialprovinciagalapagos1.pdf\">LEY ESPECIAL PARA LA PROVINCIA DE GALAPAGOS<\/a><\/span><\/p>\n<p><span style=\"font-family: &quot;Georgia&quot;,&quot;serif&quot;color: black;font-size: 10pt\"><a href=\"http:\/\/blog.espol.edu.ec\/ricardomedina\/files\/2009\/03\/informeanual2007_fundcharlesdarwin.pdf\">FUNDACION CHARLES DARWIN Informe Anual 2007<\/a><\/span><\/p>\n<p><span style=\"font-family: &quot;Georgia&quot;,&quot;serif&quot;color: black;font-size: 10pt\"><a href=\"http:\/\/blog.espol.edu.ec\/ricardomedina\/files\/2009\/03\/asogalinfo_turistica_2007.pdf\">ASOGAL Informaci\u00f3n Tur\u00edstica Gal\u00e1pagos 2007<\/a><\/span><\/p>\n<p><span style=\"font-family: &quot;Georgia&quot;,&quot;serif&quot;color: black;font-size: 10pt\">PLAN TIBURONES ECUADOR<\/span><\/p>\n<p>\u00a0<object width=\"100\" height=\"100\" data=\"http:\/\/static.issuu.com\/webembed\/viewers\/style1\/v1\/IssuuViewer.swf?mode=embed&amp;layout=http%3A%2F%2Fskin.issuu.com%2Fv%2Flight%2Flayout.xml&amp;showFlipBtn=true&amp;documentId=081021003032-2a0d567ff5234f8ba2a1afbe0f1caf91&amp;docName=plan_tiburones_ecuador&amp;username=pesca&amp;loadingInfoText=Plan%20Tiburones%20Ecuador&amp;et=1248724935765&amp;er=9\" type=\"application\/x-shockwave-flash\"><param name=\"allowfullscreen\" value=\"true\" \/><param name=\"menu\" value=\"false\" \/><param name=\"src\" value=\"http:\/\/static.issuu.com\/webembed\/viewers\/style1\/v1\/IssuuViewer.swf?mode=embed&amp;layout=http%3A%2F%2Fskin.issuu.com%2Fv%2Flight%2Flayout.xml&amp;showFlipBtn=true&amp;documentId=081021003032-2a0d567ff5234f8ba2a1afbe0f1caf91&amp;docName=plan_tiburones_ecuador&amp;username=pesca&amp;loadingInfoText=Plan%20Tiburones%20Ecuador&amp;et=1248724935765&amp;er=9\" \/><param name=\"flashvars\" value=\"mode=embed&amp;layout=http%3A%2F%2Fskin.issuu.com%2Fv%2Flight%2Flayout.xml&amp;showFlipBtn=true&amp;documentId=081021003032-2a0d567ff5234f8ba2a1afbe0f1caf91&amp;docName=plan_tiburones_ecuador&amp;username=pesca&amp;loadingInfoText=Plan%20Tiburones%20Ecuador&amp;et=1248724935765&amp;er=9\" \/><\/object><\/p>\n<div style=\"text-align: left;width: 420px\"><a href=\"http:\/\/issuu.com\/pesca\/docs\/plan_tiburones_ecuador?mode=embed&amp;layout=http%3A%2F%2Fskin.issuu.com%2Fv%2Flight%2Flayout.xml&amp;showFlipBtn=true\" target=\"_blank\">Open publication<\/a> - Free <a href=\"http:\/\/issuu.com\" target=\"_blank\">publishing<\/a> - <a href=\"http:\/\/issuu.com\/search?q=tiburones\" target=\"_blank\">More tiburones<\/a><\/div>\n<p>\u00a0<\/p>\n<p><span style=\"font-family: &quot;Georgia&quot;,&quot;serif&quot;color: black;font-size: 10pt\">\u00a0<\/span><\/p>\n<p><span style=\"font-family: &quot;Georgia&quot;,&quot;serif&quot;color: black;font-size: 10pt\"><a href=\"http:\/\/blog.espol.edu.ec\/ricardomedina\/files\/2009\/03\/protocolo-de-kyoto.pdf\"><span style=\"color: #0000ff\">CONTAMINACION AMBIENTAL _ PROTOCOLO DE KYOTO<\/span><\/a><\/span><\/p>\n<p><span style=\"font-family: &quot;Georgia&quot;,&quot;serif&quot;color: black;font-size: 10pt\"><a href=\"http:\/\/blog.espol.edu.ec\/ricardomedina\/files\/2009\/03\/tourism_practices_guide_spanish.pdf\">BUENAS PRACTICAS PARA TURISMO SOSTENIBLE<\/a>\u00a0<\/span><\/p>\n<p>\u00a0<\/p>\n<p>\u00a0<\/p>\n<p style=\"text-align: center\"><a href=\"http:\/\/blog.espol.edu.ec\/ricardomedina\/files\/2009\/03\/j0438862.jpg\"><img loading=\"lazy\" decoding=\"async\" class=\"aligncenter size-medium wp-image-590\" src=\"http:\/\/blog.espol.edu.ec\/ricardomedina\/files\/2009\/03\/j0438862-300x199.jpg\" alt=\"j0438862\" width=\"789\" height=\"199\" \/><\/a><\/p>\n","protected":false},"excerpt":{"rendered":"<p>En estas p\u00e1ginas incorporaremos\u00a0los documentos legales necesarios para una investigaci\u00f3n inmediata. LEY DE GESTION AMBIENTAL LEY FORESTAL LEY DE PREVENCION Y CONTROL DE CONTAMINACION AMBIENTAL GUIA DEL PATRIMONIO DE AREAS NATURALES PROTEGIDAS DEL ECUADOR LEY ESPECIAL PARA LA PROVINCIA DE GALAPAGOS FUNDACION CHARLES DARWIN Informe Anual 2007 ASOGAL Informaci\u00f3n Tur\u00edstica Gal\u00e1pagos 2007 PLAN TIBURONES ECUADOR [&hellip;]<\/p>\n","protected":false},"author":1437,"featured_media":0,"parent":0,"menu_order":0,"comment_status":"open","ping_status":"open","template":"","meta":{"_monsterinsights_skip_tracking":false,"_monsterinsights_sitenote_active":false,"_monsterinsights_sitenote_note":"","_monsterinsights_sitenote_category":0,"footnotes":""},"class_list":["post-143","page","type-page","status-publish","hentry"],"_links":{"self":[{"href":"https:\/\/blog.espol.edu.ec\/ricardomedina\/wp-json\/wp\/v2\/pages\/143","targetHints":{"allow":["GET"]}}],"collection":[{"href":"https:\/\/blog.espol.edu.ec\/ricardomedina\/wp-json\/wp\/v2\/pages"}],"about":[{"href":"https:\/\/blog.espol.edu.ec\/ricardomedina\/wp-json\/wp\/v2\/types\/page"}],"author":[{"embeddable":true,"href":"https:\/\/blog.espol.edu.ec\/ricardomedina\/wp-json\/wp\/v2\/users\/1437"}],"replies":[{"embeddable":true,"href":"https:\/\/blog.espol.edu.ec\/ricardomedina\/wp-json\/wp\/v2\/comments?post=143"}],"version-history":[{"count":23,"href":"https:\/\/blog.espol.edu.ec\/ricardomedina\/wp-json\/wp\/v2\/pages\/143\/revisions"}],"predecessor-version":[{"id":330,"href":"https:\/\/blog.espol.edu.ec\/ricardomedina\/wp-json\/wp\/v2\/pages\/143\/revisions\/330"}],"wp:attachment":[{"href":"https:\/\/blog.espol.edu.ec\/ricardomedina\/wp-json\/wp\/v2\/media?parent=143"}],"curies":[{"name":"wp","href":"https:\/\/api.w.org\/{rel}","templated":true}]}}